{"id":802,"date":"2024-11-06T13:42:14","date_gmt":"2024-11-06T13:42:14","guid":{"rendered":"https:\/\/anmir.com.cn\/about\/"},"modified":"2025-03-11T21:16:42","modified_gmt":"2025-03-11T13:16:42","slug":"anmir-home-2-2-2","status":"publish","type":"page","link":"https:\/\/anmir.com.cn\/de\/anmir-home-2-2-2\/","title":{"rendered":"\u00dcber Zhongshan Anmir Electrical Appliance Industrial Co., Ltd."},"content":{"rendered":"<div data-elementor-type=\"wp-page\" data-elementor-id=\"802\" class=\"elementor elementor-802\" data-elementor-post-type=\"page\">\n\t\t\t\t<div class=\"elementor-element elementor-element-1849320 e-flex e-con-boxed e-con e-parent\" data-id=\"1849320\" data-element_type=\"container\" data-e-type=\"container\" data-settings=\"{&quot;background_background&quot;:&quot;classic&quot;}\">\n\t\t\t\t\t<div class=\"e-con-inner\">\n\t\t\t\t<div class=\"elementor-element elementor-element-aaf15f5 elementor-widget elementor-widget-heading\" data-id=\"aaf15f5\" data-element_type=\"widget\" data-e-type=\"widget\" data-widget_type=\"heading.default\">\n\t\t\t\t<div class=\"elementor-widget-container\">\n\t\t\t\t\t<h2 class=\"elementor-heading-title elementor-size-default\">\u00dcber anmir<\/h2>\t\t\t\t<\/div>\n\t\t\t\t<\/div>\n\t\t\t\t\t<\/div>\n\t\t\t\t<\/div>\n\t\t<div class=\"elementor-element elementor-element-839ac0c e-flex e-con-boxed e-con e-parent\" data-id=\"839ac0c\" data-element_type=\"container\" data-e-type=\"container\" data-settings=\"{&quot;background_background&quot;:&quot;classic&quot;}\">\n\t\t\t\t\t<div class=\"e-con-inner\">\n\t\t\t\t\t<\/div>\n\t\t\t\t<\/div>\n\t\t<div class=\"elementor-element elementor-element-93bf593 e-flex e-con-boxed e-con e-parent\" data-id=\"93bf593\" data-element_type=\"container\" data-e-type=\"container\" data-settings=\"{&quot;background_background&quot;:&quot;classic&quot;}\">\n\t\t\t\t\t<div class=\"e-con-inner\">\n\t\t\t\t<div class=\"elementor-element elementor-element-3bdfd5b elementor-widget__width-initial elementor-widget elementor-widget-heading\" data-id=\"3bdfd5b\" data-element_type=\"widget\" data-e-type=\"widget\" data-widget_type=\"heading.default\">\n\t\t\t\t<div class=\"elementor-widget-container\">\n\t\t\t\t\t<h1 class=\"elementor-heading-title elementor-size-default\">22+ Jahre Erfahrung<\/h1>\t\t\t\t<\/div>\n\t\t\t\t<\/div>\n\t\t\t\t<div class=\"elementor-element elementor-element-e61216e elementor-widget__width-initial elementor-widget elementor-widget-heading\" data-id=\"e61216e\" data-element_type=\"widget\" data-e-type=\"widget\" data-widget_type=\"heading.default\">\n\t\t\t\t<div class=\"elementor-widget-container\">\n\t\t\t\t\t<h1 class=\"elementor-heading-title elementor-size-default\">\u00dcber 35.000 Quadratmeter \u00fcberdachte Fl\u00e4che<\/h1>\t\t\t\t<\/div>\n\t\t\t\t<\/div>\n\t\t\t\t<div class=\"elementor-element elementor-element-52ff3da elementor-widget__width-initial elementor-widget elementor-widget-heading\" data-id=\"52ff3da\" data-element_type=\"widget\" data-e-type=\"widget\" data-widget_type=\"heading.default\">\n\t\t\t\t<div class=\"elementor-widget-container\">\n\t\t\t\t\t<h1 class=\"elementor-heading-title elementor-size-default\">600+ Mitarbeiter<\/h1>\t\t\t\t<\/div>\n\t\t\t\t<\/div>\n\t\t\t\t<div class=\"elementor-element elementor-element-3276fbc elementor-widget__width-initial elementor-widget elementor-widget-heading\" data-id=\"3276fbc\" data-element_type=\"widget\" data-e-type=\"widget\" data-widget_type=\"heading.default\">\n\t\t\t\t<div class=\"elementor-widget-container\">\n\t\t\t\t\t<h1 class=\"elementor-heading-title elementor-size-default\">\u00dcber 50 F&amp;E-Mitarbeiter<\/h1>\t\t\t\t<\/div>\n\t\t\t\t<\/div>\n\t\t\t\t<div class=\"elementor-element elementor-element-6e4cd28 elementor-widget__width-initial elementor-widget elementor-widget-heading\" data-id=\"6e4cd28\" data-element_type=\"widget\" data-e-type=\"widget\" data-widget_type=\"heading.default\">\n\t\t\t\t<div class=\"elementor-widget-container\">\n\t\t\t\t\t<h1 class=\"elementor-heading-title elementor-size-default\"> Fortschrittliche Automatisierungsausr\u00fcstung<\/h1>\t\t\t\t<\/div>\n\t\t\t\t<\/div>\n\t\t\t\t<div class=\"elementor-element elementor-element-208fa7d elementor-widget__width-initial elementor-widget elementor-widget-heading\" data-id=\"208fa7d\" data-element_type=\"widget\" data-e-type=\"widget\" data-widget_type=\"heading.default\">\n\t\t\t\t<div class=\"elementor-widget-container\">\n\t\t\t\t\t<p class=\"elementor-heading-title elementor-size-default\">  OEM\/ODM KUNDENSPEZIFISCH<\/p>\t\t\t\t<\/div>\n\t\t\t\t<\/div>\n\t\t\t\t<div class=\"elementor-element elementor-element-ac53bc2 elementor-widget__width-initial elementor-widget elementor-widget-heading\" data-id=\"ac53bc2\" data-element_type=\"widget\" data-e-type=\"widget\" data-widget_type=\"heading.default\">\n\t\t\t\t<div class=\"elementor-widget-container\">\n\t\t\t\t\t<h1 class=\"elementor-heading-title elementor-size-default\">Staubfreie Werkstatt<\/h1>\t\t\t\t<\/div>\n\t\t\t\t<\/div>\n\t\t\t\t\t<\/div>\n\t\t\t\t<\/div>\n\t\t<div class=\"elementor-element elementor-element-f39b48d e-flex e-con-boxed e-con e-parent\" data-id=\"f39b48d\" data-element_type=\"container\" data-e-type=\"container\" data-settings=\"{&quot;background_background&quot;:&quot;classic&quot;}\">\n\t\t\t\t\t<div class=\"e-con-inner\">\n\t\t\t\t<div class=\"elementor-element elementor-element-187ffb6 elementor-widget elementor-widget-heading\" data-id=\"187ffb6\" data-element_type=\"widget\" data-e-type=\"widget\" data-widget_type=\"heading.default\">\n\t\t\t\t<div class=\"elementor-widget-container\">\n\t\t\t\t\t<h2 class=\"elementor-heading-title elementor-size-default\"><a href=\"https:\/\/anmir.com.cn\/de\/\">\u00dcber Zhongshan Anmir Electrical Appliance Industrial Co., Ltd.<\/a><\/h2>\t\t\t\t<\/div>\n\t\t\t\t<\/div>\n\t\t\t\t<div class=\"elementor-element elementor-element-4912ca1 elementor-widget__width-initial elementor-widget elementor-widget-heading\" data-id=\"4912ca1\" data-element_type=\"widget\" data-e-type=\"widget\" data-widget_type=\"heading.default\">\n\t\t\t\t<div class=\"elementor-widget-container\">\n\t\t\t\t\t<h3 class=\"elementor-heading-title elementor-size-default\">Anmir wurde im Jahr 2002 gegr\u00fcndet. Nach jahrelanger Pionierarbeit hat das Unternehmen den internationalen Marktentwicklungstrend und das nachhaltige schnelle Wachstum fest im Griff. Anmir verf\u00fcgt \u00fcber langj\u00e4hrige Erfahrung mit K\u00fcchenger\u00e4teprodukten und ist zu einem Gro\u00dfunternehmen herangewachsen. Derzeit bietet das Unternehmen seinen Kunden integriertes Produktdesign, Formenentwicklung, Spritzguss und Metallstanzen sowie Produktlebensdauertests usw. und verschiedene Arten von Dienstleistungen. Das Unternehmen besitzt die wichtigsten Produktlinien, darunter Hochgeschwindigkeitsmixer, Tischmixer, Slow Juicer, Zentrifugen-Entsafter, Kaffeemaschinen, K\u00fcchenmaschinen, Spiralschneider, Reiskocher usw. Derzeit verf\u00fcgt das Unternehmen \u00fcber gro\u00dfe Produktionsgeb\u00e4ude mit einer Grundst\u00fccksfl\u00e4che von mehr als 35.000 Quadratmetern und mehr als 600 Produktionsmitarbeiter sowie eine Gruppe hochrangiger Talente in der industriellen Forschung und Entwicklung, was eine solide Grundlage f\u00fcr das Wachstum und die Entwicklung von Anmir Electric Appliance gelegt hat.<\/h3>\t\t\t\t<\/div>\n\t\t\t\t<\/div>\n\t\t\t\t\t<\/div>\n\t\t\t\t<\/div>\n\t\t<div class=\"elementor-element elementor-element-782ce43 e-flex e-con-boxed e-con e-parent\" data-id=\"782ce43\" data-element_type=\"container\" data-e-type=\"container\" data-settings=\"{&quot;background_background&quot;:&quot;classic&quot;}\">\n\t\t\t\t\t<div class=\"e-con-inner\">\n\t\t\t\t<div class=\"elementor-element elementor-element-53619bb elementor-widget elementor-widget-spacer\" data-id=\"53619bb\" data-element_type=\"widget\" data-e-type=\"widget\" data-widget_type=\"spacer.default\">\n\t\t\t\t<div class=\"elementor-widget-container\">\n\t\t\t\t\t\t\t<div class=\"elementor-spacer\">\n\t\t\t<div class=\"elementor-spacer-inner\"><\/div>\n\t\t<\/div>\n\t\t\t\t\t\t<\/div>\n\t\t\t\t<\/div>\n\t\t\t\t<div class=\"elementor-element elementor-element-7bdd9d5 elementor-widget__width-initial elementor-widget elementor-widget-heading\" data-id=\"7bdd9d5\" data-element_type=\"widget\" data-e-type=\"widget\" data-widget_type=\"heading.default\">\n\t\t\t\t<div class=\"elementor-widget-container\">\n\t\t\t\t\t<h2 class=\"elementor-heading-title elementor-size-default\">12+ Produktionslinien<\/h2>\t\t\t\t<\/div>\n\t\t\t\t<\/div>\n\t\t\t\t<div class=\"elementor-element elementor-element-b66ae18 elementor-widget__width-initial elementor-widget elementor-widget-heading\" data-id=\"b66ae18\" data-element_type=\"widget\" data-e-type=\"widget\" data-widget_type=\"heading.default\">\n\t\t\t\t<div class=\"elementor-widget-container\">\n\t\t\t\t\t<h2 class=\"elementor-heading-title elementor-size-default\">70+ Spritzgussmaschinen<\/h2>\t\t\t\t<\/div>\n\t\t\t\t<\/div>\n\t\t\t\t<div class=\"elementor-element elementor-element-bb8b98a elementor-widget__width-initial elementor-widget elementor-widget-heading\" data-id=\"bb8b98a\" data-element_type=\"widget\" data-e-type=\"widget\" data-widget_type=\"heading.default\">\n\t\t\t\t<div class=\"elementor-widget-container\">\n\t\t\t\t\t<h2 class=\"elementor-heading-title elementor-size-default\">600+ Produktionsmitarbeiter<\/h2>\t\t\t\t<\/div>\n\t\t\t\t<\/div>\n\t\t\t\t<div class=\"elementor-element elementor-element-7861b0e elementor-widget__width-initial elementor-widget elementor-widget-heading\" data-id=\"7861b0e\" data-element_type=\"widget\" data-e-type=\"widget\" data-widget_type=\"heading.default\">\n\t\t\t\t<div class=\"elementor-widget-container\">\n\t\t\t\t\t<h4 class=\"elementor-heading-title elementor-size-default\">Das Unternehmen besitzt die wichtigsten Produktlinien, darunter Hochgeschwindigkeitsmixer, Tischmixer, Slow Juicer, Zentrifugal-Entsafter, Kaffeemaschinen, K\u00fcchenmaschinen, Spiralschneider, Reiskocher usw. Es verf\u00fcgt derzeit \u00fcber ein gro\u00dfes Produktionsgeb\u00e4ude mit einer Grundst\u00fccksfl\u00e4che von mehr als 35.000 Quadratmetern und mehr als 600 Produktionsmitarbeitern sowie einer Gruppe hochrangiger Talente in der industriellen Forschung und Entwicklung, was eine solide Grundlage f\u00fcr das Wachstum und die Entwicklung von Anmir Electric Appliance gelegt hat.<\/h4>\t\t\t\t<\/div>\n\t\t\t\t<\/div>\n\t\t\t\t\t<\/div>\n\t\t\t\t<\/div>\n\t\t<div class=\"elementor-element elementor-element-882c6d8 e-flex e-con-boxed e-con e-parent\" data-id=\"882c6d8\" data-element_type=\"container\" data-e-type=\"container\" data-settings=\"{&quot;background_background&quot;:&quot;classic&quot;}\">\n\t\t\t\t\t<div class=\"e-con-inner\">\n\t\t\t\t<div class=\"elementor-element elementor-element-1142a18 elementor-widget__width-initial elementor-widget elementor-widget-heading\" data-id=\"1142a18\" data-element_type=\"widget\" data-e-type=\"widget\" data-widget_type=\"heading.default\">\n\t\t\t\t<div class=\"elementor-widget-container\">\n\t\t\t\t\t<h5 class=\"elementor-heading-title elementor-size-default\">Anmir bietet seinen Kunden derzeit verschiedene Arten von Dienstleistungen in den Bereichen integriertes Produktdesign, Formenentwicklung, Spritzguss und Metallpr\u00e4gen sowie Produktlebensdauertests usw. an.<\/h5>\t\t\t\t<\/div>\n\t\t\t\t<\/div>\n\t\t\t\t\t<\/div>\n\t\t\t\t<\/div>\n\t\t<div class=\"elementor-element elementor-element-941d0a9 e-flex e-con-boxed e-con e-parent\" data-id=\"941d0a9\" data-element_type=\"container\" data-e-type=\"container\" data-settings=\"{&quot;background_background&quot;:&quot;classic&quot;}\">\n\t\t\t\t\t<div class=\"e-con-inner\">\n\t\t\t\t\t<\/div>\n\t\t\t\t<\/div>\n\t\t<div class=\"elementor-element elementor-element-486edda e-con-full e-flex e-con e-parent\" data-id=\"486edda\" data-element_type=\"container\" data-e-type=\"container\" data-settings=\"{&quot;background_background&quot;:&quot;classic&quot;}\">\n\t\t\t\t<div class=\"elementor-element elementor-element-e9bf5c3 elementor-widget__width-initial elementor-widget elementor-widget-heading\" data-id=\"e9bf5c3\" data-element_type=\"widget\" data-e-type=\"widget\" data-widget_type=\"heading.default\">\n\t\t\t\t<div class=\"elementor-widget-container\">\n\t\t\t\t\t<h2 class=\"elementor-heading-title elementor-size-default\">Die Ausstellung<\/h2>\t\t\t\t<\/div>\n\t\t\t\t<\/div>\n\t\t\t\t<div class=\"elementor-element elementor-element-f52321d elementor-widget__width-initial elementor-widget elementor-widget-heading\" data-id=\"f52321d\" data-element_type=\"widget\" data-e-type=\"widget\" data-widget_type=\"heading.default\">\n\t\t\t\t<div class=\"elementor-widget-container\">\n\t\t\t\t\t<h5 class=\"elementor-heading-title elementor-size-default\">Anmir ist eine von der chinesischen Handelskammer f\u00fcr den Import und Export von Maschinen und Elektronik empfohlene Exportmarke und eines der ersten Unternehmen der chinesischen Haushaltsger\u00e4teindustrie, das den internationalen Markt betritt.<\/h5>\t\t\t\t<\/div>\n\t\t\t\t<\/div>\n\t\t\t\t<\/div>\n\t\t<div class=\"elementor-element elementor-element-5b29a11 e-flex e-con-boxed e-con e-parent\" data-id=\"5b29a11\" data-element_type=\"container\" data-e-type=\"container\">\n\t\t\t\t\t<div class=\"e-con-inner\">\n\t\t\t\t<div class=\"elementor-element elementor-element-1e289ea elementor-widget elementor-widget-image\" data-id=\"1e289ea\" data-element_type=\"widget\" data-e-type=\"widget\" data-widget_type=\"image.default\">\n\t\t\t\t<div class=\"elementor-widget-container\">\n\t\t\t\t\t\t\t\t\t\t\t\t\t\t\t<img decoding=\"async\" width=\"300\" height=\"100\" src=\"https:\/\/anmir.com.cn\/wp-content\/uploads\/2025\/01\/logo-1.png\" class=\"attachment-large size-large wp-image-3068\" alt=\"About Zhongshan Anmir Electrical Appliance Industrial Co\" title=\"\">\t\t\t\t\t\t\t\t\t\t\t\t\t\t\t<\/div>\n\t\t\t\t<\/div>\n\t\t\t\t<div class=\"elementor-element elementor-element-b9661bd elementor-widget elementor-widget-heading\" data-id=\"b9661bd\" data-element_type=\"widget\" data-e-type=\"widget\" data-widget_type=\"heading.default\">\n\t\t\t\t<div class=\"elementor-widget-container\">\n\t\t\t\t\t<div class=\"elementor-heading-title elementor-size-default\">\nZertifiziert durch<a href=\"http:\/\/cnca.gov.cn\" target=\"_blank\" rel=\"noopener\"> ISO9001<\/a> <a href=\"http:\/\/cnca.gov.cn\" target=\"_blank\" rel=\"noopener\">ISO14001<\/a> <a href=\"https:\/\/platform.amfori.org\/\" target=\"_blank\" rel=\"noopener\">BSCI <\/a>\n<\/div>\t\t\t\t<\/div>\n\t\t\t\t<\/div>\n\t\t\t\t\t<\/div>\n\t\t\t\t<\/div>\n\t\t\t\t<\/div>","protected":false},"excerpt":{"rendered":"<p>About anmir 22+ Years Experience 35K+ Square meters area covered 600+ Employee 50+ R&amp;D Staff Advanced Automation Equipment OEM\/ODM CUSTOMIZED Dust-free Workshop About Zhongshan Anmir Electrical Appliance Industrial Co.,Ltd Anmir,which was established in 2002,through yearsof pioneering hardwork and firmly grasped the International market development trend andsustainable rapid growth,Anmir experienced with many years in kitchen appliances [&hellip;]<\/p>\n","protected":false},"author":1,"featured_media":0,"parent":0,"menu_order":0,"comment_status":"closed","ping_status":"closed","template":"","meta":{"_uag_custom_page_level_css":"","site-sidebar-layout":"no-sidebar","site-content-layout":"page-builder","ast-site-content-layout":"full-width-container","site-content-style":"unboxed","site-sidebar-style":"unboxed","ast-global-header-display":"","ast-banner-title-visibility":"","ast-main-header-display":"","ast-hfb-above-header-display":"","ast-hfb-below-header-display":"","ast-hfb-mobile-header-display":"","site-post-title":"disabled","ast-breadcrumbs-content":"disabled","ast-featured-img":"disabled","footer-sml-layout":"","ast-disable-related-posts":"","theme-transparent-header-meta":"enabled","adv-header-id-meta":"","stick-header-meta":"","header-above-stick-meta":"","header-main-stick-meta":"","header-below-stick-meta":"","astra-migrate-meta-layouts":"set","ast-page-background-enabled":"default","ast-page-background-meta":{"desktop":{"background-color":"","background-image":"","background-repeat":"repeat","background-position":"center center","background-size":"auto","background-attachment":"scroll","background-type":"","background-media":"","overlay-type":"","overlay-color":"","overlay-opacity":"","overlay-gradient":""},"tablet":{"background-color":"","background-image":"","background-repeat":"repeat","background-position":"center center","background-size":"auto","background-attachment":"scroll","background-type":"","background-media":"","overlay-type":"","overlay-color":"","overlay-opacity":"","overlay-gradient":""},"mobile":{"background-color":"","background-image":"","background-repeat":"repeat","background-position":"center center","background-size":"auto","background-attachment":"scroll","background-type":"","background-media":"","overlay-type":"","overlay-color":"","overlay-opacity":"","overlay-gradient":""}},"ast-content-background-meta":{"desktop":{"background-color":"var(--ast-global-color-5)","background-image":"","background-repeat":"repeat","background-position":"center center","background-size":"auto","background-attachment":"scroll","background-type":"","background-media":"","overlay-type":"","overlay-color":"","overlay-opacity":"","overlay-gradient":""},"tablet":{"background-color":"var(--ast-global-color-5)","background-image":"","background-repeat":"repeat","background-position":"center center","background-size":"auto","background-attachment":"scroll","background-type":"","background-media":"","overlay-type":"","overlay-color":"","overlay-opacity":"","overlay-gradient":""},"mobile":{"background-color":"var(--ast-global-color-5)","background-image":"","background-repeat":"repeat","background-position":"center center","background-size":"auto","background-attachment":"scroll","background-type":"","background-media":"","overlay-type":"","overlay-color":"","overlay-opacity":"","overlay-gradient":""}},"footnotes":""},"class_list":["post-802","page","type-page","status-publish","hentry"],"uagb_featured_image_src":{"full":false,"thumbnail":false,"medium":false,"medium_large":false,"large":false,"1536x1536":false,"2048x2048":false,"trp-custom-language-flag":false,"woocommerce_thumbnail":false,"woocommerce_single":false,"woocommerce_gallery_thumbnail":false},"uagb_author_info":{"display_name":"daniel@anmir.com.cn","author_link":"https:\/\/anmir.com.cn\/de\/author\/makeup5988gmail-com\/"},"uagb_comment_info":0,"uagb_excerpt":"About anmir 22+ Years Experience 35K+ Square meters area covered 600+ Employee 50+ R&amp;D Staff Advanced Automation Equipment OEM\/ODM CUSTOMIZED Dust-free Workshop About Zhongshan Anmir Electrical Appliance Industrial Co.,Ltd Anmir,which was established in 2002,through yearsof pioneering hardwork and firmly grasped the International market development trend andsustainable rapid growth,Anmir experienced with many years in kitchen appliances&hellip;","_links":{"self":[{"href":"https:\/\/anmir.com.cn\/de\/wp-json\/wp\/v2\/pages\/802","targetHints":{"allow":["GET"]}}],"collection":[{"href":"https:\/\/anmir.com.cn\/de\/wp-json\/wp\/v2\/pages"}],"about":[{"href":"https:\/\/anmir.com.cn\/de\/wp-json\/wp\/v2\/types\/page"}],"author":[{"embeddable":true,"href":"https:\/\/anmir.com.cn\/de\/wp-json\/wp\/v2\/users\/1"}],"replies":[{"embeddable":true,"href":"https:\/\/anmir.com.cn\/de\/wp-json\/wp\/v2\/comments?post=802"}],"version-history":[{"count":0,"href":"https:\/\/anmir.com.cn\/de\/wp-json\/wp\/v2\/pages\/802\/revisions"}],"wp:attachment":[{"href":"https:\/\/anmir.com.cn\/de\/wp-json\/wp\/v2\/media?parent=802"}],"curies":[{"name":"wp","href":"https:\/\/api.w.org\/{rel}","templated":true}]}}