{"id":1801,"date":"2024-11-08T16:41:07","date_gmt":"2024-11-08T16:41:07","guid":{"rendered":"https:\/\/anmir.com.cn\/?post_type=product&#038;p=1801"},"modified":"2025-08-23T17:26:09","modified_gmt":"2025-08-23T09:26:09","slug":"kc201","status":"publish","type":"product","link":"https:\/\/anmir.com.cn\/de\/products\/01-coffee-maker-coffee-bean-grinder\/kc201\/","title":{"rendered":"KC201-k Tassenmaschine"},"content":{"rendered":"<table style=\"border-collapse: collapse; width: 573.02pt;\" border=\"0\" width=\"764\" cellspacing=\"0\" cellpadding=\"0\">\n<tbody>\n<tr style=\"height: 150.00pt;\">\n<td class=\"et3\" style=\"height: 150.00pt; width: 573.00pt;\" width=\"764\" height=\"200\">\n<h6>Modellnummer: KC201-k Tassenmaschine<\/h6>\n<h6>120 V ~ 60 Hz, 1000 W<\/h6>\n<p>\u00b7 Passend f\u00fcr amerikanische K-Cup-Kapseln (Kapselbox herausnehmbar, leicht zu reinigen und sp\u00fclmaschinengeeignet), mit Kaffeepulverbox zum direkten Austausch der Kapsel.<br \/>\n\u00b7 Sichtbares Wasserfenster -MAX- Fassungsverm\u00f6gen 12 oz;<br \/>\n\u00b7 Die Reaktionszeit der NTC-Temperaturregelung betr\u00e4gt weniger als 2 s, die Kaffeetemperatur betr\u00e4gt 80 \u00b0C \u00b1 5 \u00b0C, geeignet f\u00fcr eine Wassertemperatur von \u2265 18 \u00b0C.<br \/>\n\u00b7Die geeignete Tassenh\u00f6he betr\u00e4gt \u2264 145 mm.<br \/>\n\u00b7 U-f\u00f6rmige Aluminium-Heizung regelt die W\u00e4rme.<br \/>\n\u00b7 Kaffeezubereitungsger\u00e4usche unter 60\u00a0dB.<br \/>\n\u00b7 Mit automatischer Wassermangelerkennung und Erinnerung bei anormalem Trockenbrandschutz. Die maximale Pulvermenge betr\u00e4gt 20 g.<\/td>\n<\/tr>\n<\/tbody>\n<\/table>\n<div id=\"ag-1755941097973\"><\/div>","protected":false},"excerpt":{"rendered":"<p data-start=\"153\" data-end=\"659\">Der <strong data-start=\"157\" data-end=\"178\">KC201-K Tassenmaschine<\/strong> ist eine kompakte und vielseitige Kaffeemaschine f\u00fcr Kaffeeliebhaber, die gerne <strong data-start=\"263\" data-end=\"290\">Amerikanische K-Cup-Kapseln<\/strong> sowie gemahlenen Kaffee. Die Maschine verf\u00fcgt \u00fcber ein herausnehmbares Kapselfach, das sp\u00fclmaschinenfest und leicht zu reinigen ist, sowie ein Kaffeepulverfach f\u00fcr die direkte Zubereitung ohne Kapsel. Das sichtbare Wasserfenster mit einem maximalen Fassungsverm\u00f6gen von 350 ml macht das Nachf\u00fcllen einfach und bequem. Die Maschine bietet Platz f\u00fcr Tassen mit einer H\u00f6he von bis zu 145 mm \u2013 ideal f\u00fcr kleine bis mittelgro\u00dfe Tassen.<\/p>\n<p data-start=\"661\" data-end=\"1209\">Ausgestattet mit einem schnell reagierenden NTC-Temperaturkontrollsystem br\u00fcht die KC201 Kaffee innerhalb von Sekunden mit der optimalen Temperatur von 80 \u00b0C \u00b1 5 \u00b0C, geeignet f\u00fcr Wassertemperaturen \u00fcber 18 \u00b0C. Das U-f\u00f6rmige Aluminium-Heizelement sorgt f\u00fcr gleichm\u00e4\u00dfiges und effizientes Erhitzen, w\u00e4hrend die Maschine mit einem Ger\u00e4uschpegel von unter 60 dB leise arbeitet. Sicherheit und Komfort stehen im Vordergrund, mit Funktionen wie der automatischen Wassermangelerkennung, dem Trockenbrandschutz und einer maximalen Kaffeepulverkapazit\u00e4t von 20 g, die jederzeit gleichbleibend hochwertigen Kaffee gew\u00e4hrleisten.<\/p>\n<p data-start=\"1211\" data-end=\"1542\">Kompakt, zuverl\u00e4ssig und einfach zu bedienen: Der KC201-K Cup Maker vereint Effizienz, Sicherheit und \u00fcberlegene Leistung. Ob K-Cup-Kapseln oder frisches Kaffeepulver \u2013 er liefert jedes Mal reichhaltige, aromatische Getr\u00e4nke und ist damit ein Muss f\u00fcr jeden <strong data-start=\"1459\" data-end=\"1474\">K-Cup-Hersteller<\/strong> Enthusiast. Perfekt f\u00fcr Zuhause, das B\u00fcro oder die pers\u00f6nliche Kaffeeecke.<\/p>","protected":false},"featured_media":1802,"template":"","meta":{"_uag_custom_page_level_css":"","site-sidebar-layout":"default","site-content-layout":"","ast-site-content-layout":"default","site-content-style":"default","site-sidebar-style":"default","ast-global-header-display":"","ast-banner-title-visibility":"","ast-main-header-display":"","ast-hfb-above-header-display":"","ast-hfb-below-header-display":"","ast-hfb-mobile-header-display":"","site-post-title":"","ast-breadcrumbs-content":"","ast-featured-img":"","footer-sml-layout":"","ast-disable-related-posts":"","theme-transparent-header-meta":"default","adv-header-id-meta":"","stick-header-meta":"default","header-above-stick-meta":"","header-main-stick-meta":"","header-below-stick-meta":"","astra-migrate-meta-layouts":"set","ast-page-background-enabled":"default","ast-page-background-meta":{"desktop":{"background-color":"","background-image":"","background-repeat":"repeat","background-position":"center center","background-size":"auto","background-attachment":"scroll","background-type":"","background-media":"","overlay-type":"","overlay-color":"","overlay-opacity":"","overlay-gradient":""},"tablet":{"background-color":"","background-image":"","background-repeat":"repeat","background-position":"center center","background-size":"auto","background-attachment":"scroll","background-type":"","background-media":"","overlay-type":"","overlay-color":"","overlay-opacity":"","overlay-gradient":""},"mobile":{"background-color":"","background-image":"","background-repeat":"repeat","background-position":"center center","background-size":"auto","background-attachment":"scroll","background-type":"","background-media":"","overlay-type":"","overlay-color":"","overlay-opacity":"","overlay-gradient":""}},"ast-content-background-meta":{"desktop":{"background-color":"var(--ast-global-color-5)","background-image":"","background-repeat":"repeat","background-position":"center center","background-size":"auto","background-attachment":"scroll","background-type":"","background-media":"","overlay-type":"","overlay-color":"","overlay-opacity":"","overlay-gradient":""},"tablet":{"background-color":"var(--ast-global-color-5)","background-image":"","background-repeat":"repeat","background-position":"center center","background-size":"auto","background-attachment":"scroll","background-type":"","background-media":"","overlay-type":"","overlay-color":"","overlay-opacity":"","overlay-gradient":""},"mobile":{"background-color":"var(--ast-global-color-5)","background-image":"","background-repeat":"repeat","background-position":"center center","background-size":"auto","background-attachment":"scroll","background-type":"","background-media":"","overlay-type":"","overlay-color":"","overlay-opacity":"","overlay-gradient":""}}},"product_brand":[],"product_cat":[29],"product_tag":[178],"class_list":{"0":"post-1801","1":"product","2":"type-product","3":"status-publish","4":"has-post-thumbnail","6":"product_cat-01-coffee-maker-coffee-bean-grinder","7":"product_tag-anmir-kc201-k-cup-coffee-maker","8":"desktop-align-left","9":"tablet-align-left","10":"mobile-align-left","11":"ast-product-gallery-layout-horizontal-slider","12":"ast-product-gallery-with-no-image","13":"ast-product-tabs-layout-vertical","14":"ast-qv-on-image","16":"first","17":"instock","18":"shipping-taxable","19":"product-type-simple"},"uagb_featured_image_src":{"full":["https:\/\/anmir.com.cn\/wp-content\/uploads\/2024\/11\/KC201.jpg",800,800,false],"thumbnail":["https:\/\/anmir.com.cn\/wp-content\/uploads\/2024\/11\/KC201-150x150.jpg",150,150,true],"medium":["https:\/\/anmir.com.cn\/wp-content\/uploads\/2024\/11\/KC201-300x300.jpg",300,300,true],"medium_large":["https:\/\/anmir.com.cn\/wp-content\/uploads\/2024\/11\/KC201-768x768.jpg",768,768,true],"large":["https:\/\/anmir.com.cn\/wp-content\/uploads\/2024\/11\/KC201.jpg",800,800,false],"1536x1536":["https:\/\/anmir.com.cn\/wp-content\/uploads\/2024\/11\/KC201.jpg",800,800,false],"2048x2048":["https:\/\/anmir.com.cn\/wp-content\/uploads\/2024\/11\/KC201.jpg",800,800,false],"trp-custom-language-flag":["https:\/\/anmir.com.cn\/wp-content\/uploads\/2024\/11\/KC201.jpg",12,12,false],"woocommerce_thumbnail":["https:\/\/anmir.com.cn\/wp-content\/uploads\/2024\/11\/KC201-300x300.jpg",300,300,true],"woocommerce_single":["https:\/\/anmir.com.cn\/wp-content\/uploads\/2024\/11\/KC201-600x600.jpg",600,600,true],"woocommerce_gallery_thumbnail":["https:\/\/anmir.com.cn\/wp-content\/uploads\/2024\/11\/KC201-100x100.jpg",100,100,true]},"uagb_author_info":{"display_name":"daniel@anmir.com.cn","author_link":"https:\/\/anmir.com.cn\/de\/author\/"},"uagb_comment_info":0,"uagb_excerpt":"The KC201-K Cup Maker is a compact and versatile coffee machine designed for coffee enthusiasts who enjoy American K-Cup capsules as well as ground coffee. Featuring a removable capsule box that is dishwasher-safe and easy to clean, it also comes with a coffee powder box for direct brewing without a capsule. The visible water window&hellip;","_links":{"self":[{"href":"https:\/\/anmir.com.cn\/de\/wp-json\/wp\/v2\/product\/1801","targetHints":{"allow":["GET"]}}],"collection":[{"href":"https:\/\/anmir.com.cn\/de\/wp-json\/wp\/v2\/product"}],"about":[{"href":"https:\/\/anmir.com.cn\/de\/wp-json\/wp\/v2\/types\/product"}],"wp:featuredmedia":[{"embeddable":true,"href":"https:\/\/anmir.com.cn\/de\/wp-json\/wp\/v2\/media\/1802"}],"wp:attachment":[{"href":"https:\/\/anmir.com.cn\/de\/wp-json\/wp\/v2\/media?parent=1801"}],"wp:term":[{"taxonomy":"product_brand","embeddable":true,"href":"https:\/\/anmir.com.cn\/de\/wp-json\/wp\/v2\/product_brand?post=1801"},{"taxonomy":"product_cat","embeddable":true,"href":"https:\/\/anmir.com.cn\/de\/wp-json\/wp\/v2\/product_cat?post=1801"},{"taxonomy":"product_tag","embeddable":true,"href":"https:\/\/anmir.com.cn\/de\/wp-json\/wp\/v2\/product_tag?post=1801"}],"curies":[{"name":"wp","href":"https:\/\/api.w.org\/{rel}","templated":true}]}}