{"id":1803,"date":"2024-11-08T16:41:28","date_gmt":"2024-11-08T16:41:28","guid":{"rendered":"https:\/\/anmir.com.cn\/?post_type=product&#038;p=1803"},"modified":"2025-08-23T17:24:22","modified_gmt":"2025-08-23T09:24:22","slug":"kc101-mini","status":"publish","type":"product","link":"https:\/\/anmir.com.cn\/de\/products\/01-coffee-maker-coffee-bean-grinder\/kc101-mini\/","title":{"rendered":"KC101-Mini-K-Cup-Kaffee"},"content":{"rendered":"<table style=\"border-collapse: collapse; width: 573.02pt;\" border=\"0\" width=\"764\" cellspacing=\"0\" cellpadding=\"0\">\n<tbody>\n<tr style=\"height: 150.00pt;\">\n<td class=\"et3\" style=\"height: 150.00pt; width: 573.00pt;\" width=\"764\" height=\"200\">\n<h6>Modellnummer: KC101 Mini-K-Cup-Kaffee<\/h6>\n<h6>120 V ~ 60 Hz, 1000 W<\/h6>\n<p>\u00b7 Passend f\u00fcr amerikanische K-Cup-Kapseln (Kapselbox herausnehmbar, leicht zu reinigen und sp\u00fclmaschinengeeignet), mit Kaffeepulverbox zum direkten Austausch der Kapsel.<br \/>\n\u00b7 Sichtbares Wasserfenster -MAX- Fassungsverm\u00f6gen 12 oz.<br \/>\n\u00b7 Die Reaktionszeit der NTC-Temperaturregelung betr\u00e4gt weniger als 2\u00a0s, die Kaffeetemperatur betr\u00e4gt 80\u00a0\u00b0C \u00b1 5\u00a0\u00b0C.<br \/>\n\u00b7 Geeignet f\u00fcr Wassertemperaturen \u2265 18 \u00b0C. Geeignete Tassenh\u00f6he ist \u2264 160 mm.<br \/>\n\u00b7 U-f\u00f6rmige Aluminium-Heizung regelt die W\u00e4rme.<br \/>\n\u00b7 Kaffeezubereitungsger\u00e4usche unter 60\u00a0dB.<br \/>\n\u00b7 Mit automatischer Wassermangelerkennung und Erinnerung an den Trockenbrandschutz. Die maximale Pulvermenge betr\u00e4gt 20 g.<\/td>\n<\/tr>\n<\/tbody>\n<\/table>\n<div id=\"ag-1755940918679\"><\/div>","protected":false},"excerpt":{"rendered":"<p data-start=\"165\" data-end=\"667\">Der <strong data-start=\"169\" data-end=\"202\">KC101 Mini-K-Cup-Kaffeemaschine<\/strong> ist eine kompakte und vielseitige Kaffeemaschine f\u00fcr Liebhaber, die genie\u00dfen <strong data-start=\"280\" data-end=\"307\">Amerikanische K-Cup-Kapseln<\/strong> sowie gemahlenen Kaffee. Sie verf\u00fcgt \u00fcber ein herausnehmbares Kapselfach, das leicht zu reinigen und sp\u00fclmaschinenfest ist, sowie ein Kaffeepulverfach f\u00fcr die direkte Zubereitung ohne Kapsel. Das sichtbare Wasserfenster mit einem maximalen Fassungsverm\u00f6gen von 350 ml erleichtert das Nachf\u00fcllen, w\u00e4hrend die Maschine Tassen mit einer H\u00f6he von bis zu 160 mm fasst \u2013 perfekt f\u00fcr kleine bis mittelgro\u00dfe Tassen.<\/p>\n<p data-start=\"669\" data-end=\"1177\">Ausgestattet mit einem schnell reagierenden NTC-Temperaturkontrollsystem br\u00fcht die KC101 Mini Kaffee in Sekundenschnelle mit der idealen Temperatur von 80 \u00b0C \u00b1 5 \u00b0C, geeignet f\u00fcr Wassertemperaturen \u00fcber 18 \u00b0C. Das U-f\u00f6rmige Aluminium-Heizelement sorgt f\u00fcr gleichm\u00e4\u00dfiges und effizientes Erhitzen und h\u00e4lt den Ger\u00e4uschpegel unter 60 dB f\u00fcr ein ruhiges Br\u00fcherlebnis. Zu den Sicherheitsfunktionen geh\u00f6ren eine automatische Wassermangelerkennung, ein Trockenbrandschutz und eine maximale Kaffeepulverkapazit\u00e4t von 20 g \u2013 f\u00fcr Komfort und Sicherheit.<\/p>\n<p data-start=\"1179\" data-end=\"1580\">Kompakt, effizient und benutzerfreundlich: Die KC101 Mini-K-Cup-Kaffeemaschine vereint Sicherheit, hochwertige Leistung und einfache Bedienung. Ob K-Cup-Kapseln oder frisches Kaffeepulver \u2013 sie liefert jedes Mal vollen, aromatischen Kaffee und ist damit die ideale Wahl f\u00fcr Zuhause, das B\u00fcro oder die private Kaffeeecke. Perfekt f\u00fcr jeden <strong data-start=\"1502\" data-end=\"1518\">K-Cup-Kaffee<\/strong> Liebhaber, die eine zuverl\u00e4ssige und platzsparende Br\u00fchl\u00f6sung suchen.<\/p>","protected":false},"featured_media":1804,"template":"","meta":{"_uag_custom_page_level_css":"","site-sidebar-layout":"default","site-content-layout":"","ast-site-content-layout":"default","site-content-style":"default","site-sidebar-style":"default","ast-global-header-display":"","ast-banner-title-visibility":"","ast-main-header-display":"","ast-hfb-above-header-display":"","ast-hfb-below-header-display":"","ast-hfb-mobile-header-display":"","site-post-title":"","ast-breadcrumbs-content":"","ast-featured-img":"","footer-sml-layout":"","ast-disable-related-posts":"","theme-transparent-header-meta":"default","adv-header-id-meta":"","stick-header-meta":"default","header-above-stick-meta":"","header-main-stick-meta":"","header-below-stick-meta":"","astra-migrate-meta-layouts":"set","ast-page-background-enabled":"default","ast-page-background-meta":{"desktop":{"background-color":"","background-image":"","background-repeat":"repeat","background-position":"center center","background-size":"auto","background-attachment":"scroll","background-type":"","background-media":"","overlay-type":"","overlay-color":"","overlay-opacity":"","overlay-gradient":""},"tablet":{"background-color":"","background-image":"","background-repeat":"repeat","background-position":"center center","background-size":"auto","background-attachment":"scroll","background-type":"","background-media":"","overlay-type":"","overlay-color":"","overlay-opacity":"","overlay-gradient":""},"mobile":{"background-color":"","background-image":"","background-repeat":"repeat","background-position":"center center","background-size":"auto","background-attachment":"scroll","background-type":"","background-media":"","overlay-type":"","overlay-color":"","overlay-opacity":"","overlay-gradient":""}},"ast-content-background-meta":{"desktop":{"background-color":"var(--ast-global-color-5)","background-image":"","background-repeat":"repeat","background-position":"center center","background-size":"auto","background-attachment":"scroll","background-type":"","background-media":"","overlay-type":"","overlay-color":"","overlay-opacity":"","overlay-gradient":""},"tablet":{"background-color":"var(--ast-global-color-5)","background-image":"","background-repeat":"repeat","background-position":"center center","background-size":"auto","background-attachment":"scroll","background-type":"","background-media":"","overlay-type":"","overlay-color":"","overlay-opacity":"","overlay-gradient":""},"mobile":{"background-color":"var(--ast-global-color-5)","background-image":"","background-repeat":"repeat","background-position":"center center","background-size":"auto","background-attachment":"scroll","background-type":"","background-media":"","overlay-type":"","overlay-color":"","overlay-opacity":"","overlay-gradient":""}}},"product_brand":[],"product_cat":[29],"product_tag":[177],"class_list":{"0":"post-1803","1":"product","2":"type-product","3":"status-publish","4":"has-post-thumbnail","6":"product_cat-01-coffee-maker-coffee-bean-grinder","7":"product_tag-anmir-kc101-mini-k-cup-coffee-maker","8":"desktop-align-left","9":"tablet-align-left","10":"mobile-align-left","11":"ast-product-gallery-layout-horizontal-slider","12":"ast-product-gallery-with-no-image","13":"ast-product-tabs-layout-vertical","14":"ast-qv-on-image","16":"first","17":"instock","18":"shipping-taxable","19":"product-type-simple"},"uagb_featured_image_src":{"full":["https:\/\/anmir.com.cn\/wp-content\/uploads\/2024\/11\/KC101-mini.jpg",800,800,false],"thumbnail":["https:\/\/anmir.com.cn\/wp-content\/uploads\/2024\/11\/KC101-mini-150x150.jpg",150,150,true],"medium":["https:\/\/anmir.com.cn\/wp-content\/uploads\/2024\/11\/KC101-mini-300x300.jpg",300,300,true],"medium_large":["https:\/\/anmir.com.cn\/wp-content\/uploads\/2024\/11\/KC101-mini-768x768.jpg",768,768,true],"large":["https:\/\/anmir.com.cn\/wp-content\/uploads\/2024\/11\/KC101-mini.jpg",800,800,false],"1536x1536":["https:\/\/anmir.com.cn\/wp-content\/uploads\/2024\/11\/KC101-mini.jpg",800,800,false],"2048x2048":["https:\/\/anmir.com.cn\/wp-content\/uploads\/2024\/11\/KC101-mini.jpg",800,800,false],"trp-custom-language-flag":["https:\/\/anmir.com.cn\/wp-content\/uploads\/2024\/11\/KC101-mini.jpg",12,12,false],"woocommerce_thumbnail":["https:\/\/anmir.com.cn\/wp-content\/uploads\/2024\/11\/KC101-mini-300x300.jpg",300,300,true],"woocommerce_single":["https:\/\/anmir.com.cn\/wp-content\/uploads\/2024\/11\/KC101-mini-600x600.jpg",600,600,true],"woocommerce_gallery_thumbnail":["https:\/\/anmir.com.cn\/wp-content\/uploads\/2024\/11\/KC101-mini-100x100.jpg",100,100,true]},"uagb_author_info":{"display_name":"daniel@anmir.com.cn","author_link":"https:\/\/anmir.com.cn\/de\/author\/"},"uagb_comment_info":0,"uagb_excerpt":"The KC101 Mini-K Cup Coffee Maker is a compact and versatile coffee machine designed for enthusiasts who enjoy American K-Cup capsules as well as ground coffee. It features a removable capsule box that is easy to clean and dishwasher-safe, along with a coffee powder box for direct brewing without a capsule. The visible water window&hellip;","_links":{"self":[{"href":"https:\/\/anmir.com.cn\/de\/wp-json\/wp\/v2\/product\/1803","targetHints":{"allow":["GET"]}}],"collection":[{"href":"https:\/\/anmir.com.cn\/de\/wp-json\/wp\/v2\/product"}],"about":[{"href":"https:\/\/anmir.com.cn\/de\/wp-json\/wp\/v2\/types\/product"}],"wp:featuredmedia":[{"embeddable":true,"href":"https:\/\/anmir.com.cn\/de\/wp-json\/wp\/v2\/media\/1804"}],"wp:attachment":[{"href":"https:\/\/anmir.com.cn\/de\/wp-json\/wp\/v2\/media?parent=1803"}],"wp:term":[{"taxonomy":"product_brand","embeddable":true,"href":"https:\/\/anmir.com.cn\/de\/wp-json\/wp\/v2\/product_brand?post=1803"},{"taxonomy":"product_cat","embeddable":true,"href":"https:\/\/anmir.com.cn\/de\/wp-json\/wp\/v2\/product_cat?post=1803"},{"taxonomy":"product_tag","embeddable":true,"href":"https:\/\/anmir.com.cn\/de\/wp-json\/wp\/v2\/product_tag?post=1803"}],"curies":[{"name":"wp","href":"https:\/\/api.w.org\/{rel}","templated":true}]}}