{"id":1811,"date":"2024-11-08T16:42:58","date_gmt":"2024-11-08T16:42:58","guid":{"rendered":"https:\/\/anmir.com.cn\/?post_type=product&#038;p=1811"},"modified":"2025-08-23T17:10:36","modified_gmt":"2025-08-23T09:10:36","slug":"hpm601","status":"publish","type":"product","link":"https:\/\/anmir.com.cn\/de\/products\/01-coffee-maker-coffee-bean-grinder\/hpm601\/","title":{"rendered":"HPM601 \u2013 beste Kaffeemaschine"},"content":{"rendered":"<table style=\"border-collapse: collapse; width: 573.02pt;\" border=\"0\" width=\"764\" cellspacing=\"0\" cellpadding=\"0\">\n<tbody>\n<tr style=\"height: 150.00pt;\">\n<td class=\"et3\" style=\"height: 150.00pt; width: 573.00pt;\" width=\"764\" height=\"200\">\n<h3>Modellnummer: HPM601 \u2013 beste Kaffeemaschine<\/h3>\n<h6>120 V ~ 60 Hz, 1200 W<\/h6>\n<h6>220 V~50 Hz 1400 W<\/h6>\n<p>\u00b7 Passend f\u00fcr Espressopulver-Druckkaffeemaschinen, mit Einzel- und Doppelsieb.<br \/>\n\u00b720 BAR HOCHDRUCK.<br \/>\n\u00b7 Touch-Bedienfeld: Ein-\/Aus-Taste, Einzeltassen-\/Doppeltassen-Taste, Dampf-Taste, Hei\u00dfwasser-Taste.<br \/>\n\u00b7 Das Fassungsverm\u00f6gen des abnehmbaren Wassertanks betr\u00e4gt 1,5\u00a0Liter.<br \/>\n\u00b7EINHEITSGR\u00d6SSE: 28,2 \u00d7 17,5 \u00d7 29,7 CM, NW: 4 KG<br \/>\n\u00b7 Mechanischer Temperaturregler, Sicherungsschutz.<br \/>\n\u00b7 Abnehmbares Tablett. Entfernen Sie das Tablett, um Kaffeetassen unterschiedlicher H\u00f6he unterzubringen.<br \/>\n\u00b7 Verwenden Sie einen Edelstahl-Wasserrohr-Druckgusskessel mit Sofortw\u00e4rme, die Heizung des Doppelkessels steuert jeweils Dampf und Kaffee. Nach dem Dampf m\u00fcssen Sie nicht auf die Kaffeezubereitung warten, die erste Tasse Kaffee kann 80 Grad erreichen.<br \/>\n\u00b7 Mit Sicherheits\u00fcberdruckschutzfunktion; pr\u00e4zise Durchflussregelung.<\/td>\n<\/tr>\n<\/tbody>\n<\/table>\n<p>&nbsp;<\/p>\n<div id=\"ag-1754710467517\"><\/div>\n<div id=\"ag-1755933822669\"><\/div>\n<div id=\"ag-1755940151776\"><\/div>","protected":false},"excerpt":{"rendered":"<p data-start=\"160\" data-end=\"600\">Der <strong data-start=\"164\" data-end=\"192\">HPM601 Beste Kaffeemaschine<\/strong> ist f\u00fcr Espresso-Enthusiasten konzipiert, die zu Hause Kaffee in professioneller Qualit\u00e4t w\u00fcnschen. Mit einem Hochdruck <strong data-start=\"304\" data-end=\"313\">20 BAR<\/strong> Dank des integrierten Systems funktioniert sie problemlos mit Espressopulver und ist mit Einzel- und Doppelsieben ausgestattet, sodass Sie Ihre bevorzugte Tassengr\u00f6\u00dfe pr\u00e4zise zubereiten k\u00f6nnen. Das intuitive Touch-Bedienfeld verf\u00fcgt \u00fcber Tasten f\u00fcr Ein\/Aus, Einzeltasse, Doppeltasse, Dampf und Hei\u00dfwasser f\u00fcr eine m\u00fchelose Bedienung.<\/p>\n<p data-start=\"602\" data-end=\"1222\">Der abnehmbare 1,5-Liter-Wassertank erm\u00f6glicht bequemes Nachf\u00fcllen, w\u00e4hrend der mechanische Temperaturregler und der Sicherungsschutz f\u00fcr zuverl\u00e4ssige Sicherheit sorgen. Eine abnehmbare Ablage bietet Platz f\u00fcr Tassen unterschiedlicher H\u00f6he und damit Flexibilit\u00e4t f\u00fcr jede Kaffeesorte. Die HPM601 verf\u00fcgt \u00fcber einen sofort aufheizenden Edelstahl-Wasserrohr-Druckgusskessel mit einem Doppelkesselsystem, das Dampf und Kaffeeerhitzung unabh\u00e4ngig voneinander steuert. Dadurch erreicht die erste Tasse ohne Wartezeit 80 \u00b0C und sorgt f\u00fcr einen schnellen und gleichm\u00e4\u00dfigen Br\u00fchvorgang. Zu den weiteren Funktionen geh\u00f6ren ein \u00dcberdruckschutz und eine pr\u00e4zise Durchflussregelung f\u00fcr eine optimale Espresso-Extraktion.<\/p>\n<p data-start=\"1224\" data-end=\"1567\">Kompakt und dennoch leistungsstark: Mit Abmessungen von 28,2 x 17,5 x 29,7 cm und einem Gewicht von 4 kg vereint die HPM601 Best Coffee Maker Effizienz, Sicherheit und Komfort. Perfekt f\u00fcr den Einsatz zu Hause oder im B\u00fcro, liefert sie Espresso, Cappuccino und Latte Macchiato in Barista-Qualit\u00e4t und ist damit die ultimative Wahl f\u00fcr alle, die das suchen <strong data-start=\"1532\" data-end=\"1553\">beste Kaffeemaschine<\/strong> Erfahrung.<\/p>","protected":false},"featured_media":1812,"template":"","meta":{"_uag_custom_page_level_css":"","site-sidebar-layout":"default","site-content-layout":"","ast-site-content-layout":"default","site-content-style":"default","site-sidebar-style":"default","ast-global-header-display":"","ast-banner-title-visibility":"","ast-main-header-display":"","ast-hfb-above-header-display":"","ast-hfb-below-header-display":"","ast-hfb-mobile-header-display":"","site-post-title":"","ast-breadcrumbs-content":"","ast-featured-img":"","footer-sml-layout":"","ast-disable-related-posts":"","theme-transparent-header-meta":"default","adv-header-id-meta":"","stick-header-meta":"default","header-above-stick-meta":"","header-main-stick-meta":"","header-below-stick-meta":"","astra-migrate-meta-layouts":"set","ast-page-background-enabled":"default","ast-page-background-meta":{"desktop":{"background-color":"","background-image":"","background-repeat":"repeat","background-position":"center center","background-size":"auto","background-attachment":"scroll","background-type":"","background-media":"","overlay-type":"","overlay-color":"","overlay-opacity":"","overlay-gradient":""},"tablet":{"background-color":"","background-image":"","background-repeat":"repeat","background-position":"center center","background-size":"auto","background-attachment":"scroll","background-type":"","background-media":"","overlay-type":"","overlay-color":"","overlay-opacity":"","overlay-gradient":""},"mobile":{"background-color":"","background-image":"","background-repeat":"repeat","background-position":"center center","background-size":"auto","background-attachment":"scroll","background-type":"","background-media":"","overlay-type":"","overlay-color":"","overlay-opacity":"","overlay-gradient":""}},"ast-content-background-meta":{"desktop":{"background-color":"var(--ast-global-color-5)","background-image":"","background-repeat":"repeat","background-position":"center center","background-size":"auto","background-attachment":"scroll","background-type":"","background-media":"","overlay-type":"","overlay-color":"","overlay-opacity":"","overlay-gradient":""},"tablet":{"background-color":"var(--ast-global-color-5)","background-image":"","background-repeat":"repeat","background-position":"center center","background-size":"auto","background-attachment":"scroll","background-type":"","background-media":"","overlay-type":"","overlay-color":"","overlay-opacity":"","overlay-gradient":""},"mobile":{"background-color":"var(--ast-global-color-5)","background-image":"","background-repeat":"repeat","background-position":"center center","background-size":"auto","background-attachment":"scroll","background-type":"","background-media":"","overlay-type":"","overlay-color":"","overlay-opacity":"","overlay-gradient":""}}},"product_brand":[],"product_cat":[29],"product_tag":[173],"class_list":{"0":"post-1811","1":"product","2":"type-product","3":"status-publish","4":"has-post-thumbnail","6":"product_cat-01-coffee-maker-coffee-bean-grinder","7":"product_tag-anmir-hpm601-espresso-coffee-maker","8":"desktop-align-left","9":"tablet-align-left","10":"mobile-align-left","11":"ast-product-gallery-layout-horizontal-slider","12":"ast-product-gallery-with-no-image","13":"ast-product-tabs-layout-vertical","14":"ast-qv-on-image","16":"first","17":"instock","18":"shipping-taxable","19":"product-type-simple"},"uagb_featured_image_src":{"full":["https:\/\/anmir.com.cn\/wp-content\/uploads\/2024\/11\/HPM601.jpg",800,800,false],"thumbnail":["https:\/\/anmir.com.cn\/wp-content\/uploads\/2024\/11\/HPM601-150x150.jpg",150,150,true],"medium":["https:\/\/anmir.com.cn\/wp-content\/uploads\/2024\/11\/HPM601-300x300.jpg",300,300,true],"medium_large":["https:\/\/anmir.com.cn\/wp-content\/uploads\/2024\/11\/HPM601-768x768.jpg",768,768,true],"large":["https:\/\/anmir.com.cn\/wp-content\/uploads\/2024\/11\/HPM601.jpg",800,800,false],"1536x1536":["https:\/\/anmir.com.cn\/wp-content\/uploads\/2024\/11\/HPM601.jpg",800,800,false],"2048x2048":["https:\/\/anmir.com.cn\/wp-content\/uploads\/2024\/11\/HPM601.jpg",800,800,false],"trp-custom-language-flag":["https:\/\/anmir.com.cn\/wp-content\/uploads\/2024\/11\/HPM601.jpg",12,12,false],"woocommerce_thumbnail":["https:\/\/anmir.com.cn\/wp-content\/uploads\/2024\/11\/HPM601-300x300.jpg",300,300,true],"woocommerce_single":["https:\/\/anmir.com.cn\/wp-content\/uploads\/2024\/11\/HPM601-600x600.jpg",600,600,true],"woocommerce_gallery_thumbnail":["https:\/\/anmir.com.cn\/wp-content\/uploads\/2024\/11\/HPM601-100x100.jpg",100,100,true]},"uagb_author_info":{"display_name":"daniel@anmir.com.cn","author_link":"https:\/\/anmir.com.cn\/de\/author\/"},"uagb_comment_info":0,"uagb_excerpt":"The HPM601 Best Coffee Maker is designed for espresso enthusiasts who demand professional-quality coffee at home. Featuring a high-pressure 20BAR system, it works seamlessly with espresso powder and comes with both single and double strainers, allowing you to brew your preferred cup size with precision. Its intuitive touch control panel includes power, single cup, double&hellip;","_links":{"self":[{"href":"https:\/\/anmir.com.cn\/de\/wp-json\/wp\/v2\/product\/1811","targetHints":{"allow":["GET"]}}],"collection":[{"href":"https:\/\/anmir.com.cn\/de\/wp-json\/wp\/v2\/product"}],"about":[{"href":"https:\/\/anmir.com.cn\/de\/wp-json\/wp\/v2\/types\/product"}],"wp:featuredmedia":[{"embeddable":true,"href":"https:\/\/anmir.com.cn\/de\/wp-json\/wp\/v2\/media\/1812"}],"wp:attachment":[{"href":"https:\/\/anmir.com.cn\/de\/wp-json\/wp\/v2\/media?parent=1811"}],"wp:term":[{"taxonomy":"product_brand","embeddable":true,"href":"https:\/\/anmir.com.cn\/de\/wp-json\/wp\/v2\/product_brand?post=1811"},{"taxonomy":"product_cat","embeddable":true,"href":"https:\/\/anmir.com.cn\/de\/wp-json\/wp\/v2\/product_cat?post=1811"},{"taxonomy":"product_tag","embeddable":true,"href":"https:\/\/anmir.com.cn\/de\/wp-json\/wp\/v2\/product_tag?post=1811"}],"curies":[{"name":"wp","href":"https:\/\/api.w.org\/{rel}","templated":true}]}}