{"id":1826,"date":"2024-11-09T00:01:02","date_gmt":"2024-11-09T00:01:02","guid":{"rendered":"https:\/\/anmir.com.cn\/?post_type=product&#038;p=1826"},"modified":"2025-02-25T18:47:01","modified_gmt":"2025-02-26T01:47:01","slug":"amr8822b","status":"publish","type":"product","link":"https:\/\/anmir.com.cn\/de\/products\/02-wholeapple-slow-juicer\/amr8822b\/","title":{"rendered":"AMR8822B"},"content":{"rendered":"<table width=\"764\">\n<tbody>\n<tr>\n<td width=\"764\">\n<h6>Modellnummer: AMR8822B<\/h6>\n<h6>220-240 V~50\/60 Hz 200 W<\/h6>\n<p>\u00b7F\u00fchren Sie ganze Fr\u00fcchte oder Gem\u00fcse ohne Schneiden in den Schacht ein<br \/>\n\u00b7 Langsam laufende Schnecke, um die N\u00e4hrstoffe im Saft zu erhalten<br \/>\n\u00b7 Reduzieren Sie die Oxidation, mit perfektem Test und frisch<br \/>\n\u00b7 Leistungsstarker 200-W-Motor mit langer Dauerbetriebszeit (10 Minuten)<br \/>\n\u00b7 R\u00fcckw\u00e4rtsfunktion zur Vermeidung von Steckenbleiben<br \/>\n\u00b7 Hohe Saftausbeute<br \/>\n\u00b7 Niedriger Ger\u00e4uschpegel von weniger als 65 dB, geringere Vibration<br \/>\n\u00b7 Edelstahlsieb mit kleinen L\u00f6chern f\u00fcr alle Arten von Obst und Gem\u00fcse. Sicherheitsschutz<br \/>\n\u00b7 Einfaches Herausnehmen der Teile zum Reinigen<br \/>\nLADEMENGE: 20DC: 674 St\u00fcck 40DC: 1350 St\u00fcck 40HQ: 1640 St\u00fcck<\/td>\n<\/tr>\n<\/tbody>\n<\/table>","protected":false},"excerpt":{"rendered":"<p>Model NO.:AMR8822B 220-240V~50\/60Hz 200W \u00b7Feed whole fruits or vegetables to the chute without cutting \u00b7Slow speed screw type to keep nutrition of the juice \u00b7Reduce the oxidation,with perfect test and fresh \u00b7200W heacy duty powful motor that has long continious working time(10mins) \u00b7Reverse function to avoid stuck \u00b7Highjuice extracting rate \u00b7Low noise level less than [&hellip;]<\/p>\n","protected":false},"featured_media":1827,"template":"","meta":{"_uag_custom_page_level_css":"","site-sidebar-layout":"default","site-content-layout":"","ast-site-content-layout":"default","site-content-style":"default","site-sidebar-style":"default","ast-global-header-display":"","ast-banner-title-visibility":"","ast-main-header-display":"","ast-hfb-above-header-display":"","ast-hfb-below-header-display":"","ast-hfb-mobile-header-display":"","site-post-title":"","ast-breadcrumbs-content":"","ast-featured-img":"","footer-sml-layout":"","ast-disable-related-posts":"","theme-transparent-header-meta":"default","adv-header-id-meta":"","stick-header-meta":"","header-above-stick-meta":"","header-main-stick-meta":"","header-below-stick-meta":"","astra-migrate-meta-layouts":"set","ast-page-background-enabled":"default","ast-page-background-meta":{"desktop":{"background-color":"","background-image":"","background-repeat":"repeat","background-position":"center center","background-size":"auto","background-attachment":"scroll","background-type":"","background-media":"","overlay-type":"","overlay-color":"","overlay-opacity":"","overlay-gradient":""},"tablet":{"background-color":"","background-image":"","background-repeat":"repeat","background-position":"center center","background-size":"auto","background-attachment":"scroll","background-type":"","background-media":"","overlay-type":"","overlay-color":"","overlay-opacity":"","overlay-gradient":""},"mobile":{"background-color":"","background-image":"","background-repeat":"repeat","background-position":"center center","background-size":"auto","background-attachment":"scroll","background-type":"","background-media":"","overlay-type":"","overlay-color":"","overlay-opacity":"","overlay-gradient":""}},"ast-content-background-meta":{"desktop":{"background-color":"var(--ast-global-color-5)","background-image":"","background-repeat":"repeat","background-position":"center center","background-size":"auto","background-attachment":"scroll","background-type":"","background-media":"","overlay-type":"","overlay-color":"","overlay-opacity":"","overlay-gradient":""},"tablet":{"background-color":"var(--ast-global-color-5)","background-image":"","background-repeat":"repeat","background-position":"center center","background-size":"auto","background-attachment":"scroll","background-type":"","background-media":"","overlay-type":"","overlay-color":"","overlay-opacity":"","overlay-gradient":""},"mobile":{"background-color":"var(--ast-global-color-5)","background-image":"","background-repeat":"repeat","background-position":"center center","background-size":"auto","background-attachment":"scroll","background-type":"","background-media":"","overlay-type":"","overlay-color":"","overlay-opacity":"","overlay-gradient":""}}},"product_brand":[],"product_cat":[30],"product_tag":[],"class_list":{"0":"post-1826","1":"product","2":"type-product","3":"status-publish","4":"has-post-thumbnail","6":"product_cat-02-wholeapple-slow-juicer","7":"desktop-align-left","8":"tablet-align-left","9":"mobile-align-left","10":"ast-product-gallery-layout-horizontal-slider","11":"ast-product-gallery-with-no-image","12":"ast-product-tabs-layout-vertical","13":"ast-qv-on-image","15":"first","16":"instock","17":"shipping-taxable","18":"product-type-simple"},"uagb_featured_image_src":{"full":["https:\/\/anmir.com.cn\/wp-content\/uploads\/2024\/11\/AMR8822B.jpg",800,800,false],"thumbnail":["https:\/\/anmir.com.cn\/wp-content\/uploads\/2024\/11\/AMR8822B-150x150.jpg",150,150,true],"medium":["https:\/\/anmir.com.cn\/wp-content\/uploads\/2024\/11\/AMR8822B-300x300.jpg",300,300,true],"medium_large":["https:\/\/anmir.com.cn\/wp-content\/uploads\/2024\/11\/AMR8822B-768x768.jpg",768,768,true],"large":["https:\/\/anmir.com.cn\/wp-content\/uploads\/2024\/11\/AMR8822B.jpg",800,800,false],"1536x1536":["https:\/\/anmir.com.cn\/wp-content\/uploads\/2024\/11\/AMR8822B.jpg",800,800,false],"2048x2048":["https:\/\/anmir.com.cn\/wp-content\/uploads\/2024\/11\/AMR8822B.jpg",800,800,false],"trp-custom-language-flag":["https:\/\/anmir.com.cn\/wp-content\/uploads\/2024\/11\/AMR8822B.jpg",12,12,false],"woocommerce_thumbnail":["https:\/\/anmir.com.cn\/wp-content\/uploads\/2024\/11\/AMR8822B-300x300.jpg",300,300,true],"woocommerce_single":["https:\/\/anmir.com.cn\/wp-content\/uploads\/2024\/11\/AMR8822B-600x600.jpg",600,600,true],"woocommerce_gallery_thumbnail":["https:\/\/anmir.com.cn\/wp-content\/uploads\/2024\/11\/AMR8822B-100x100.jpg",100,100,true]},"uagb_author_info":{"display_name":"daniel@anmir.com.cn","author_link":"https:\/\/anmir.com.cn\/de\/author\/"},"uagb_comment_info":0,"uagb_excerpt":"Model NO.:AMR8822B 220-240V~50\/60Hz 200W \u00b7Feed whole fruits or vegetables to the chute without cutting \u00b7Slow speed screw type to keep nutrition of the juice \u00b7Reduce the oxidation,with perfect test and fresh \u00b7200W heacy duty powful motor that has long continious working time(10mins) \u00b7Reverse function to avoid stuck \u00b7Highjuice extracting rate \u00b7Low noise level less than&hellip;","_links":{"self":[{"href":"https:\/\/anmir.com.cn\/de\/wp-json\/wp\/v2\/product\/1826","targetHints":{"allow":["GET"]}}],"collection":[{"href":"https:\/\/anmir.com.cn\/de\/wp-json\/wp\/v2\/product"}],"about":[{"href":"https:\/\/anmir.com.cn\/de\/wp-json\/wp\/v2\/types\/product"}],"wp:featuredmedia":[{"embeddable":true,"href":"https:\/\/anmir.com.cn\/de\/wp-json\/wp\/v2\/media\/1827"}],"wp:attachment":[{"href":"https:\/\/anmir.com.cn\/de\/wp-json\/wp\/v2\/media?parent=1826"}],"wp:term":[{"taxonomy":"product_brand","embeddable":true,"href":"https:\/\/anmir.com.cn\/de\/wp-json\/wp\/v2\/product_brand?post=1826"},{"taxonomy":"product_cat","embeddable":true,"href":"https:\/\/anmir.com.cn\/de\/wp-json\/wp\/v2\/product_cat?post=1826"},{"taxonomy":"product_tag","embeddable":true,"href":"https:\/\/anmir.com.cn\/de\/wp-json\/wp\/v2\/product_tag?post=1826"}],"curies":[{"name":"wp","href":"https:\/\/api.w.org\/{rel}","templated":true}]}}