{"id":1830,"date":"2024-11-09T00:01:38","date_gmt":"2024-11-09T00:01:38","guid":{"rendered":"https:\/\/anmir.com.cn\/?post_type=product&#038;p=1830"},"modified":"2025-08-11T17:32:44","modified_gmt":"2025-08-11T09:32:44","slug":"amr8824","status":"publish","type":"product","link":"https:\/\/anmir.com.cn\/de\/products\/02-wholeapple-slow-juicer\/amr8824\/","title":{"rendered":"Anmir AMR8824-Press-Entsafter"},"content":{"rendered":"<table width=\"764\">\n<tbody>\n<tr>\n<td width=\"764\">\n<h6>Modellnummer: AMR8824-Press Juicer<\/h6>\n<h6>220-240 V~50\/60 Hz 200 W<\/h6>\n<p>\u00b7 Ganze Fr\u00fcchte, ganzer Geschmack \u2013 eine extra breite Einf\u00fcll\u00f6ffnung von 8 cm zum Entsaften von ganzem Obst und Gem\u00fcse<br \/>\n\u00b7 Langsam laufende Schraube, um die N\u00e4hrstoffe des Saftes zu erhalten. LED-Anzeige, IMD-Taste, Edelstahldekoration<br \/>\n\u00b7 Leistungsstarker 200-W-Motor mit langer Dauerbetriebszeit (10 Minuten)<br \/>\n\u00b7 R\u00fcckw\u00e4rtsfunktion zur Vermeidung von Steckenbleiben<br \/>\n\u00b7 Hohe Saftausbeute<br \/>\n\u00b7 Niedriger Ger\u00e4uschpegel von weniger als 65 dB, geringere Vibration<br \/>\n\u00b7 Edelstahlsieb mit kleinen L\u00f6chern f\u00fcr alle Arten von Obst und Gem\u00fcse<br \/>\n\u00b7Sicherheitsschutz<br \/>\n\u00b7 Einfaches Herausnehmen der Teile zum Reinigen<br \/>\nLADEMENGE: 20DC: 596 St\u00fcck 40DC: 1192 St\u00fcck 40HQ: 1447 St\u00fcck<\/td>\n<\/tr>\n<\/tbody>\n<\/table>\n<div id=\"ag-1754900898657\"><\/div>","protected":false},"excerpt":{"rendered":"<p>AMR8824 Press-Entsafter \u2013 Ganze Fr\u00fcchte, ganzer Geschmack<\/p>\n<p>Der AMR8824 Press-Entsafter ist f\u00fcr die m\u00fchelose Herstellung von gesundem, k\u00f6stlichem Saft konzipiert. Dank der extrabreiten 8 cm Einf\u00fcll\u00f6ffnung k\u00f6nnen Sie ganze Fr\u00fcchte und Gem\u00fcse ohne Vorschneiden entsaften. Das spart Zeit und bewahrt den nat\u00fcrlichen Geschmack. Das langsam laufende Schneckensystem bewahrt N\u00e4hrstoffe, Vitamine und Enzyme in jedem Glas, w\u00e4hrend der 200-Watt-Hochleistungsmotor f\u00fcr bis zu 10 Minuten Dauerbetrieb sorgt.<\/p>\n<p>Ausgestattet mit einem LED-Display, IMD-Bedientasten und stilvollem Edelstahldekor verbindet der AMR8824 Leistung mit modernem Design. Die R\u00fccklauffunktion verhindert Verstopfungen und sorgt f\u00fcr einen reibungslosen Betrieb, w\u00e4hrend das Edelstahlsieb mit kleinen L\u00f6chern alle Obst- und Gem\u00fcsesorten effizient verarbeitet und so eine hohe Saftausbeute erm\u00f6glicht.<\/p>\n<p>Mit einem niedrigen Ger\u00e4uschpegel von weniger als 65 dB und reduzierten Vibrationen erm\u00f6glicht er ein ruhiges Entsaftungserlebnis. Sicherheitsfunktionen sorgen f\u00fcr ein beruhigendes Gef\u00fchl und alle abnehmbaren Teile lassen sich leicht entfernen und reinigen.<\/p>\n<p>Der AMR8824 Press Juicer ist perfekt f\u00fcr den Heimgebrauch geeignet und vereint Effizienz, Haltbarkeit und Stil \u2013 damit Sie jeden Tag frischen, n\u00e4hrstoffreichen Saft genie\u00dfen k\u00f6nnen.<\/p>\n<p>Schl\u00fcsselw\u00f6rter: AMR8824 Press-Entsafter, Slow Juicer, Ganzfrucht-Entsafter, 8 cm Einf\u00fcll\u00f6ffnung, Edelstahlsieb, BPA-frei, hohe Saftausbeute, ger\u00e4uscharm, leicht zu reinigen.<\/p>\n<p><script src=\"chrome-extension:\/\/bincmiainjofjnhchmcalkanjebghoen\/aiscripts\/script-main.js\"><\/script><\/p>","protected":false},"featured_media":1831,"template":"","meta":{"_uag_custom_page_level_css":"","site-sidebar-layout":"default","site-content-layout":"","ast-site-content-layout":"default","site-content-style":"default","site-sidebar-style":"default","ast-global-header-display":"","ast-banner-title-visibility":"","ast-main-header-display":"","ast-hfb-above-header-display":"","ast-hfb-below-header-display":"","ast-hfb-mobile-header-display":"","site-post-title":"","ast-breadcrumbs-content":"","ast-featured-img":"","footer-sml-layout":"","ast-disable-related-posts":"","theme-transparent-header-meta":"default","adv-header-id-meta":"","stick-header-meta":"default","header-above-stick-meta":"","header-main-stick-meta":"","header-below-stick-meta":"","astra-migrate-meta-layouts":"set","ast-page-background-enabled":"default","ast-page-background-meta":{"desktop":{"background-color":"","background-image":"","background-repeat":"repeat","background-position":"center center","background-size":"auto","background-attachment":"scroll","background-type":"","background-media":"","overlay-type":"","overlay-color":"","overlay-opacity":"","overlay-gradient":""},"tablet":{"background-color":"","background-image":"","background-repeat":"repeat","background-position":"center center","background-size":"auto","background-attachment":"scroll","background-type":"","background-media":"","overlay-type":"","overlay-color":"","overlay-opacity":"","overlay-gradient":""},"mobile":{"background-color":"","background-image":"","background-repeat":"repeat","background-position":"center center","background-size":"auto","background-attachment":"scroll","background-type":"","background-media":"","overlay-type":"","overlay-color":"","overlay-opacity":"","overlay-gradient":""}},"ast-content-background-meta":{"desktop":{"background-color":"var(--ast-global-color-5)","background-image":"","background-repeat":"repeat","background-position":"center center","background-size":"auto","background-attachment":"scroll","background-type":"","background-media":"","overlay-type":"","overlay-color":"","overlay-opacity":"","overlay-gradient":""},"tablet":{"background-color":"var(--ast-global-color-5)","background-image":"","background-repeat":"repeat","background-position":"center center","background-size":"auto","background-attachment":"scroll","background-type":"","background-media":"","overlay-type":"","overlay-color":"","overlay-opacity":"","overlay-gradient":""},"mobile":{"background-color":"var(--ast-global-color-5)","background-image":"","background-repeat":"repeat","background-position":"center center","background-size":"auto","background-attachment":"scroll","background-type":"","background-media":"","overlay-type":"","overlay-color":"","overlay-opacity":"","overlay-gradient":""}}},"product_brand":[],"product_cat":[30],"product_tag":[],"class_list":{"0":"post-1830","1":"product","2":"type-product","3":"status-publish","4":"has-post-thumbnail","6":"product_cat-02-wholeapple-slow-juicer","7":"desktop-align-left","8":"tablet-align-left","9":"mobile-align-left","10":"ast-product-gallery-layout-horizontal-slider","11":"ast-product-gallery-with-no-image","12":"ast-product-tabs-layout-vertical","13":"ast-qv-on-image","15":"first","16":"instock","17":"shipping-taxable","18":"product-type-simple"},"uagb_featured_image_src":{"full":["https:\/\/anmir.com.cn\/wp-content\/uploads\/2024\/11\/AMR8824.jpg",800,800,false],"thumbnail":["https:\/\/anmir.com.cn\/wp-content\/uploads\/2024\/11\/AMR8824-150x150.jpg",150,150,true],"medium":["https:\/\/anmir.com.cn\/wp-content\/uploads\/2024\/11\/AMR8824-300x300.jpg",300,300,true],"medium_large":["https:\/\/anmir.com.cn\/wp-content\/uploads\/2024\/11\/AMR8824-768x768.jpg",768,768,true],"large":["https:\/\/anmir.com.cn\/wp-content\/uploads\/2024\/11\/AMR8824.jpg",800,800,false],"1536x1536":["https:\/\/anmir.com.cn\/wp-content\/uploads\/2024\/11\/AMR8824.jpg",800,800,false],"2048x2048":["https:\/\/anmir.com.cn\/wp-content\/uploads\/2024\/11\/AMR8824.jpg",800,800,false],"trp-custom-language-flag":["https:\/\/anmir.com.cn\/wp-content\/uploads\/2024\/11\/AMR8824.jpg",12,12,false],"woocommerce_thumbnail":["https:\/\/anmir.com.cn\/wp-content\/uploads\/2024\/11\/AMR8824-300x300.jpg",300,300,true],"woocommerce_single":["https:\/\/anmir.com.cn\/wp-content\/uploads\/2024\/11\/AMR8824-600x600.jpg",600,600,true],"woocommerce_gallery_thumbnail":["https:\/\/anmir.com.cn\/wp-content\/uploads\/2024\/11\/AMR8824-100x100.jpg",100,100,true]},"uagb_author_info":{"display_name":"daniel@anmir.com.cn","author_link":"https:\/\/anmir.com.cn\/de\/author\/"},"uagb_comment_info":0,"uagb_excerpt":"AMR8824 Press Juicer \u2013 Whole Fruit, Whole Taste The AMR8824 Press Juicer is designed to make healthy, delicious juice effortlessly. Featuring an extra-wide 8cm feeding inlet, it allows you to juice whole fruits and vegetables without pre-cutting, saving time while keeping the natural taste intact. The slow-speed screw juicing system preserves the nutrients, vitamins, and&hellip;","_links":{"self":[{"href":"https:\/\/anmir.com.cn\/de\/wp-json\/wp\/v2\/product\/1830","targetHints":{"allow":["GET"]}}],"collection":[{"href":"https:\/\/anmir.com.cn\/de\/wp-json\/wp\/v2\/product"}],"about":[{"href":"https:\/\/anmir.com.cn\/de\/wp-json\/wp\/v2\/types\/product"}],"wp:featuredmedia":[{"embeddable":true,"href":"https:\/\/anmir.com.cn\/de\/wp-json\/wp\/v2\/media\/1831"}],"wp:attachment":[{"href":"https:\/\/anmir.com.cn\/de\/wp-json\/wp\/v2\/media?parent=1830"}],"wp:term":[{"taxonomy":"product_brand","embeddable":true,"href":"https:\/\/anmir.com.cn\/de\/wp-json\/wp\/v2\/product_brand?post=1830"},{"taxonomy":"product_cat","embeddable":true,"href":"https:\/\/anmir.com.cn\/de\/wp-json\/wp\/v2\/product_cat?post=1830"},{"taxonomy":"product_tag","embeddable":true,"href":"https:\/\/anmir.com.cn\/de\/wp-json\/wp\/v2\/product_tag?post=1830"}],"curies":[{"name":"wp","href":"https:\/\/api.w.org\/{rel}","templated":true}]}}