{"id":1850,"date":"2024-11-09T00:08:27","date_gmt":"2024-11-09T00:08:27","guid":{"rendered":"https:\/\/anmir.com.cn\/?post_type=product&#038;p=1850"},"modified":"2025-08-12T08:21:06","modified_gmt":"2025-08-12T00:21:06","slug":"amr8801","status":"publish","type":"product","link":"https:\/\/anmir.com.cn\/de\/products\/03-normal-slow-juicer\/amr8801\/","title":{"rendered":"AMR8801-Entsafter mit Kaufunktion"},"content":{"rendered":"<table width=\"764\">\n<tbody>\n<tr>\n<td width=\"764\">\n<h6>Modell-Nr.: AMR8801 \u2013 Kau-Entsafter<\/h6>\n<h6>220-240 V ~ 50\/60 Hz, 120 W<\/h6>\n<p>\u00b7 Langsam laufende Schnecke, um die N\u00e4hrstoffe im Saft zu erhalten<br \/>\n\u00b7 Reduzieren Sie die Oxidation, mit perfektem Test und frisch<br \/>\n\u00b7 Gleichstrommotor mit langer Dauerbetriebszeit (10 Minuten)<br \/>\n\u00b7 R\u00fcckw\u00e4rtsfunktion zur Vermeidung von Steckenbleiben<br \/>\n\u00b7 Hohe Saftausbeute<br \/>\n\u00b7 Niedriger Ger\u00e4uschpegel von weniger als 65 dB, geringere Vibration<br \/>\n\u00b7 Edelstahlsieb mit kleinen L\u00f6chern f\u00fcr alle Obst- und Gem\u00fcsesorten. Gro\u00dfer Einf\u00fcllstutzen mit zwei Bechern.<br \/>\n\u00b7Sicherheitsschutz<br \/>\n\u00b7 Einfaches Herausnehmen der Teile zum Reinigen<br \/>\nLADEMENGE: 20DC: 700 St\u00fcck 40DC: 1400 St\u00fcck 40HQ: 1700 St\u00fcck<\/td>\n<\/tr>\n<\/tbody>\n<\/table>\n<div id=\"ag-1754957981590\"><\/div>","protected":false},"excerpt":{"rendered":"<p data-start=\"200\" data-end=\"290\"><strong data-start=\"200\" data-end=\"243\">Modell-Nr.: AMR8801 \u2013 Kau-Entsafter<\/strong><br data-start=\"243\" data-end=\"246\" \/><strong data-start=\"246\" data-end=\"264\">Spezifikation:<\/strong> 220\u2013240 V ~ 50\/60 Hz, 120 W<\/p>\n<p data-start=\"292\" data-end=\"646\">Der AMR8801 Entsafter ist f\u00fcr gesundheitsbewusste Anwender konzipiert, die reinsten Saft mit maximalem N\u00e4hrwert genie\u00dfen m\u00f6chten. Mit einem <strong data-start=\"429\" data-end=\"459\">langsamlaufender Schraubmechanismus<\/strong>, es presst Obst und Gem\u00fcse schonend aus, um Vitamine, Mineralien und den nat\u00fcrlichen Geschmack zu erhalten. Seine langsame Extraktion <strong data-start=\"579\" data-end=\"600\">reduziert Oxidation<\/strong>, was f\u00fcr einen frischen, vollen Geschmack in jeder Tasse sorgt.<\/p>\n<p data-start=\"648\" data-end=\"956\">Angetrieben durch eine langlebige <strong data-start=\"669\" data-end=\"681\">Gleichstrommotor<\/strong>, dieser Entsafter bietet <strong data-start=\"702\" data-end=\"746\">Dauerarbeitszeit bis zu 10 Minuten<\/strong> und verf\u00fcgt \u00fcber eine <strong data-start=\"762\" data-end=\"782\">R\u00fcckw\u00e4rtsfunktion<\/strong> um Verstopfungen zu vermeiden. Die <strong data-start=\"808\" data-end=\"828\">hohe Saftausbeute<\/strong> sorgt daf\u00fcr, dass Sie das Beste aus Ihren Produkten herausholen, w\u00e4hrend die <strong data-start=\"885\" data-end=\"915\">niedriger Ger\u00e4uschpegel unter 65 dB<\/strong> sorgt f\u00fcr einen ruhigen und komfortablen Betrieb.<\/p>\n<p data-start=\"958\" data-end=\"1357\">Ausgestattet mit einem <strong data-start=\"974\" data-end=\"1002\">Edelstahlsieb<\/strong> Mit feinen L\u00f6chern ist der AMR8801 f\u00fcr alle Arten von Obst und Gem\u00fcse geeignet. Die <strong data-start=\"1088\" data-end=\"1110\">gro\u00dfe Ern\u00e4hrungssonde<\/strong> erleichtert die Zubereitung und zwei mitgelieferte Becher erm\u00f6glichen das getrennte Auffangen von Saft und Fruchtfleisch. Mit <strong data-start=\"1207\" data-end=\"1228\">Sicherheitsschutz<\/strong>, geringe Vibration und <strong data-start=\"1249\" data-end=\"1283\">leicht zu reinigende abnehmbare Teile<\/strong>Dieser Entsafter ist sowohl sicher als auch praktisch \u2013 perfekt f\u00fcr den t\u00e4glichen Gebrauch zu Hause.<\/p>\n<p data-start=\"1359\" data-end=\"1438\">Genie\u00dfen Sie jeden Tag ges\u00fcnderen, frischeren Saft mit dem Kau-Entsafter AMR8801.<\/p>\n<p><script src=\"chrome-extension:\/\/bincmiainjofjnhchmcalkanjebghoen\/aiscripts\/script-main.js\"><\/script><\/p>","protected":false},"featured_media":1851,"template":"","meta":{"_uag_custom_page_level_css":"","site-sidebar-layout":"default","site-content-layout":"","ast-site-content-layout":"default","site-content-style":"default","site-sidebar-style":"default","ast-global-header-display":"","ast-banner-title-visibility":"","ast-main-header-display":"","ast-hfb-above-header-display":"","ast-hfb-below-header-display":"","ast-hfb-mobile-header-display":"","site-post-title":"","ast-breadcrumbs-content":"","ast-featured-img":"","footer-sml-layout":"","ast-disable-related-posts":"","theme-transparent-header-meta":"default","adv-header-id-meta":"","stick-header-meta":"default","header-above-stick-meta":"","header-main-stick-meta":"","header-below-stick-meta":"","astra-migrate-meta-layouts":"set","ast-page-background-enabled":"default","ast-page-background-meta":{"desktop":{"background-color":"","background-image":"","background-repeat":"repeat","background-position":"center center","background-size":"auto","background-attachment":"scroll","background-type":"","background-media":"","overlay-type":"","overlay-color":"","overlay-opacity":"","overlay-gradient":""},"tablet":{"background-color":"","background-image":"","background-repeat":"repeat","background-position":"center center","background-size":"auto","background-attachment":"scroll","background-type":"","background-media":"","overlay-type":"","overlay-color":"","overlay-opacity":"","overlay-gradient":""},"mobile":{"background-color":"","background-image":"","background-repeat":"repeat","background-position":"center center","background-size":"auto","background-attachment":"scroll","background-type":"","background-media":"","overlay-type":"","overlay-color":"","overlay-opacity":"","overlay-gradient":""}},"ast-content-background-meta":{"desktop":{"background-color":"var(--ast-global-color-5)","background-image":"","background-repeat":"repeat","background-position":"center center","background-size":"auto","background-attachment":"scroll","background-type":"","background-media":"","overlay-type":"","overlay-color":"","overlay-opacity":"","overlay-gradient":""},"tablet":{"background-color":"var(--ast-global-color-5)","background-image":"","background-repeat":"repeat","background-position":"center center","background-size":"auto","background-attachment":"scroll","background-type":"","background-media":"","overlay-type":"","overlay-color":"","overlay-opacity":"","overlay-gradient":""},"mobile":{"background-color":"var(--ast-global-color-5)","background-image":"","background-repeat":"repeat","background-position":"center center","background-size":"auto","background-attachment":"scroll","background-type":"","background-media":"","overlay-type":"","overlay-color":"","overlay-opacity":"","overlay-gradient":""}}},"product_brand":[],"product_cat":[31],"product_tag":[],"class_list":{"0":"post-1850","1":"product","2":"type-product","3":"status-publish","4":"has-post-thumbnail","6":"product_cat-03-normal-slow-juicer","7":"desktop-align-left","8":"tablet-align-left","9":"mobile-align-left","10":"ast-product-gallery-layout-horizontal-slider","11":"ast-product-gallery-with-no-image","12":"ast-product-tabs-layout-vertical","13":"ast-qv-on-image","15":"first","16":"instock","17":"shipping-taxable","18":"product-type-simple"},"uagb_featured_image_src":{"full":["https:\/\/anmir.com.cn\/wp-content\/uploads\/2024\/11\/AMR8801.jpg",800,800,false],"thumbnail":["https:\/\/anmir.com.cn\/wp-content\/uploads\/2024\/11\/AMR8801-150x150.jpg",150,150,true],"medium":["https:\/\/anmir.com.cn\/wp-content\/uploads\/2024\/11\/AMR8801-300x300.jpg",300,300,true],"medium_large":["https:\/\/anmir.com.cn\/wp-content\/uploads\/2024\/11\/AMR8801-768x768.jpg",768,768,true],"large":["https:\/\/anmir.com.cn\/wp-content\/uploads\/2024\/11\/AMR8801.jpg",800,800,false],"1536x1536":["https:\/\/anmir.com.cn\/wp-content\/uploads\/2024\/11\/AMR8801.jpg",800,800,false],"2048x2048":["https:\/\/anmir.com.cn\/wp-content\/uploads\/2024\/11\/AMR8801.jpg",800,800,false],"trp-custom-language-flag":["https:\/\/anmir.com.cn\/wp-content\/uploads\/2024\/11\/AMR8801.jpg",12,12,false],"woocommerce_thumbnail":["https:\/\/anmir.com.cn\/wp-content\/uploads\/2024\/11\/AMR8801-300x300.jpg",300,300,true],"woocommerce_single":["https:\/\/anmir.com.cn\/wp-content\/uploads\/2024\/11\/AMR8801-600x600.jpg",600,600,true],"woocommerce_gallery_thumbnail":["https:\/\/anmir.com.cn\/wp-content\/uploads\/2024\/11\/AMR8801-100x100.jpg",100,100,true]},"uagb_author_info":{"display_name":"daniel@anmir.com.cn","author_link":"https:\/\/anmir.com.cn\/de\/author\/"},"uagb_comment_info":0,"uagb_excerpt":"Model NO.: AMR8801 \u2013 Masticating JuicerSpecification: 220\u2013240V~ 50\/60Hz, 120W The AMR8801 Masticating Juicer is designed for health-conscious users who want to enjoy the purest juice with maximum nutrition. Using a slow-speed screw mechanism, it gently squeezes fruits and vegetables to preserve vitamins, minerals, and natural flavor. Its low-speed extraction reduces oxidation, ensuring a fresh, rich&hellip;","_links":{"self":[{"href":"https:\/\/anmir.com.cn\/de\/wp-json\/wp\/v2\/product\/1850","targetHints":{"allow":["GET"]}}],"collection":[{"href":"https:\/\/anmir.com.cn\/de\/wp-json\/wp\/v2\/product"}],"about":[{"href":"https:\/\/anmir.com.cn\/de\/wp-json\/wp\/v2\/types\/product"}],"wp:featuredmedia":[{"embeddable":true,"href":"https:\/\/anmir.com.cn\/de\/wp-json\/wp\/v2\/media\/1851"}],"wp:attachment":[{"href":"https:\/\/anmir.com.cn\/de\/wp-json\/wp\/v2\/media?parent=1850"}],"wp:term":[{"taxonomy":"product_brand","embeddable":true,"href":"https:\/\/anmir.com.cn\/de\/wp-json\/wp\/v2\/product_brand?post=1850"},{"taxonomy":"product_cat","embeddable":true,"href":"https:\/\/anmir.com.cn\/de\/wp-json\/wp\/v2\/product_cat?post=1850"},{"taxonomy":"product_tag","embeddable":true,"href":"https:\/\/anmir.com.cn\/de\/wp-json\/wp\/v2\/product_tag?post=1850"}],"curies":[{"name":"wp","href":"https:\/\/api.w.org\/{rel}","templated":true}]}}