{"id":1904,"date":"2024-11-09T00:41:53","date_gmt":"2024-11-09T00:41:53","guid":{"rendered":"https:\/\/anmir.com.cn\/?post_type=product&#038;p=1904"},"modified":"2025-03-13T13:26:39","modified_gmt":"2025-03-13T05:26:39","slug":"amr509","status":"publish","type":"product","link":"https:\/\/anmir.com.cn\/de\/products\/06-horizontal-slow-juicer\/amr509\/","title":{"rendered":"Anmir AMR509 Horizontal Slow Juicer \u2013 Leistungsstarkes, effizientes und hochwertiges Entsaftungserlebnis"},"content":{"rendered":"<table style=\"border-collapse: collapse; width: 573.02pt;\" border=\"0\" width=\"764\" cellspacing=\"0\" cellpadding=\"0\">\n<tbody>\n<tr style=\"height: 150.00pt;\">\n<td class=\"et3\" style=\"height: 150.00pt; width: 573.00pt;\" width=\"764\" height=\"200\">\n<h6>Anmir AMR509 Horizontaler Slow Juicer<\/h6>\n<h6>Modellnummer: AMR509<\/h6>\n<h6>220-240 V~50\/60 Hz, 150 W<\/h6>\n<p>\u00b7 Langsamer Entsafter<br \/>\n\u00b7 Lange, kontinuierliche Arbeitszeit (KB: 10 Minuten)<br \/>\n\u00b7 Langsam laufende Schraube<br \/>\n\u00b7 Drehzahl: 90\u2013110\/min<br \/>\n\u00b7 Bewahren Sie die N\u00e4hrstoffe des Saftes und reduzieren Sie die Oxidation<br \/>\n\u00b7 Niedriger Ger\u00e4uschpegel von weniger als 65 dB, ruhig und sicher<br \/>\n\u00b7 R\u00fcckw\u00e4rtsfunktion zur Vermeidung von Steckenbleiben<br \/>\n\u00b7 Hohe Saftausbeute<br \/>\n\u00b7 Edelstahlsieb mit kleinen L\u00f6chern f\u00fcr Obst und Gem\u00fcse<br \/>\n\u00b7 Gro\u00dfe Ern\u00e4hrungssonde<br \/>\n\u00b7 Leicht zu reinigen<br \/>\n\u00b7Sicherheitsschutz<\/p>\n<p>LADEMENGE:<br \/>\n\u00b7 20DC: 880 St\u00fcck<br \/>\n\u00b7 40DC: 1850 St\u00fcck<br \/>\n\u00b7 40HQ: 2200 St\u00fcck<\/p>\n<p>&nbsp;<\/p>\n<p>Anmir ist ein f\u00fchrender Hersteller hochwertiger K\u00fcchenger\u00e4te in China,<\/p>\n<p>Spezialisiert auf Slow Juicer, Kaltpress-Entsafter, Mixer, Kaffeemaschinen und andere Ger\u00e4te zur Lebensmittelverarbeitung.<\/p>\n<p>Mit \u00fcber 20 Jahren Erfahrung engagieren wir uns f\u00fcr Innovation, Effizienz und die Bereitstellung erstklassiger Produkte, um die Bed\u00fcrfnisse der Verbraucher weltweit zu erf\u00fcllen.<\/td>\n<\/tr>\n<\/tbody>\n<\/table>","protected":false},"excerpt":{"rendered":"<p>Anmir AMR509 Horizontal Slow Juicer Model NO.:AMR509 220-240V~50\/60Hz 150W \u00b7Slow juicer \u00b7Long continious working time(KB:10mins) \u00b7Slow speed screw type \u00b7RPM:90-110\/Min \u00b7Keep the nutrition of the juice,reduce the oxidation \u00b7Low noise level less than 65db,Quiet and safety \u00b7Reverse function to avoid stuck \u00b7High juice extracting rate \u00b7S\/S strainer with small holes for the fruit &amp;vegetable \u00b7Large [&hellip;]<\/p>\n","protected":false},"featured_media":1905,"template":"","meta":{"_uag_custom_page_level_css":"","site-sidebar-layout":"default","site-content-layout":"","ast-site-content-layout":"default","site-content-style":"default","site-sidebar-style":"default","ast-global-header-display":"","ast-banner-title-visibility":"","ast-main-header-display":"","ast-hfb-above-header-display":"","ast-hfb-below-header-display":"","ast-hfb-mobile-header-display":"","site-post-title":"","ast-breadcrumbs-content":"","ast-featured-img":"","footer-sml-layout":"","ast-disable-related-posts":"","theme-transparent-header-meta":"default","adv-header-id-meta":"","stick-header-meta":"","header-above-stick-meta":"","header-main-stick-meta":"","header-below-stick-meta":"","astra-migrate-meta-layouts":"set","ast-page-background-enabled":"default","ast-page-background-meta":{"desktop":{"background-color":"","background-image":"","background-repeat":"repeat","background-position":"center center","background-size":"auto","background-attachment":"scroll","background-type":"","background-media":"","overlay-type":"","overlay-color":"","overlay-opacity":"","overlay-gradient":""},"tablet":{"background-color":"","background-image":"","background-repeat":"repeat","background-position":"center center","background-size":"auto","background-attachment":"scroll","background-type":"","background-media":"","overlay-type":"","overlay-color":"","overlay-opacity":"","overlay-gradient":""},"mobile":{"background-color":"","background-image":"","background-repeat":"repeat","background-position":"center center","background-size":"auto","background-attachment":"scroll","background-type":"","background-media":"","overlay-type":"","overlay-color":"","overlay-opacity":"","overlay-gradient":""}},"ast-content-background-meta":{"desktop":{"background-color":"var(--ast-global-color-5)","background-image":"","background-repeat":"repeat","background-position":"center center","background-size":"auto","background-attachment":"scroll","background-type":"","background-media":"","overlay-type":"","overlay-color":"","overlay-opacity":"","overlay-gradient":""},"tablet":{"background-color":"var(--ast-global-color-5)","background-image":"","background-repeat":"repeat","background-position":"center center","background-size":"auto","background-attachment":"scroll","background-type":"","background-media":"","overlay-type":"","overlay-color":"","overlay-opacity":"","overlay-gradient":""},"mobile":{"background-color":"var(--ast-global-color-5)","background-image":"","background-repeat":"repeat","background-position":"center center","background-size":"auto","background-attachment":"scroll","background-type":"","background-media":"","overlay-type":"","overlay-color":"","overlay-opacity":"","overlay-gradient":""}}},"product_brand":[],"product_cat":[34],"product_tag":[],"class_list":{"0":"post-1904","1":"product","2":"type-product","3":"status-publish","4":"has-post-thumbnail","6":"product_cat-06-horizontal-slow-juicer","7":"desktop-align-left","8":"tablet-align-left","9":"mobile-align-left","10":"ast-product-gallery-layout-horizontal-slider","11":"ast-product-gallery-with-no-image","12":"ast-product-tabs-layout-vertical","13":"ast-qv-on-image","15":"first","16":"instock","17":"shipping-taxable","18":"product-type-simple"},"uagb_featured_image_src":{"full":["https:\/\/anmir.com.cn\/wp-content\/uploads\/2024\/11\/AMR509.jpg",800,800,false],"thumbnail":["https:\/\/anmir.com.cn\/wp-content\/uploads\/2024\/11\/AMR509-150x150.jpg",150,150,true],"medium":["https:\/\/anmir.com.cn\/wp-content\/uploads\/2024\/11\/AMR509-300x300.jpg",300,300,true],"medium_large":["https:\/\/anmir.com.cn\/wp-content\/uploads\/2024\/11\/AMR509-768x768.jpg",768,768,true],"large":["https:\/\/anmir.com.cn\/wp-content\/uploads\/2024\/11\/AMR509.jpg",800,800,false],"1536x1536":["https:\/\/anmir.com.cn\/wp-content\/uploads\/2024\/11\/AMR509.jpg",800,800,false],"2048x2048":["https:\/\/anmir.com.cn\/wp-content\/uploads\/2024\/11\/AMR509.jpg",800,800,false],"trp-custom-language-flag":["https:\/\/anmir.com.cn\/wp-content\/uploads\/2024\/11\/AMR509.jpg",12,12,false],"woocommerce_thumbnail":["https:\/\/anmir.com.cn\/wp-content\/uploads\/2024\/11\/AMR509-300x300.jpg",300,300,true],"woocommerce_single":["https:\/\/anmir.com.cn\/wp-content\/uploads\/2024\/11\/AMR509-600x600.jpg",600,600,true],"woocommerce_gallery_thumbnail":["https:\/\/anmir.com.cn\/wp-content\/uploads\/2024\/11\/AMR509-100x100.jpg",100,100,true]},"uagb_author_info":{"display_name":"daniel@anmir.com.cn","author_link":"https:\/\/anmir.com.cn\/de\/author\/"},"uagb_comment_info":0,"uagb_excerpt":"Anmir AMR509 Horizontal Slow Juicer Model NO.:AMR509 220-240V~50\/60Hz 150W \u00b7Slow juicer \u00b7Long continious working time(KB:10mins) \u00b7Slow speed screw type \u00b7RPM:90-110\/Min \u00b7Keep the nutrition of the juice,reduce the oxidation \u00b7Low noise level less than 65db,Quiet and safety \u00b7Reverse function to avoid stuck \u00b7High juice extracting rate \u00b7S\/S strainer with small holes for the fruit &amp;vegetable \u00b7Large&hellip;","_links":{"self":[{"href":"https:\/\/anmir.com.cn\/de\/wp-json\/wp\/v2\/product\/1904","targetHints":{"allow":["GET"]}}],"collection":[{"href":"https:\/\/anmir.com.cn\/de\/wp-json\/wp\/v2\/product"}],"about":[{"href":"https:\/\/anmir.com.cn\/de\/wp-json\/wp\/v2\/types\/product"}],"wp:featuredmedia":[{"embeddable":true,"href":"https:\/\/anmir.com.cn\/de\/wp-json\/wp\/v2\/media\/1905"}],"wp:attachment":[{"href":"https:\/\/anmir.com.cn\/de\/wp-json\/wp\/v2\/media?parent=1904"}],"wp:term":[{"taxonomy":"product_brand","embeddable":true,"href":"https:\/\/anmir.com.cn\/de\/wp-json\/wp\/v2\/product_brand?post=1904"},{"taxonomy":"product_cat","embeddable":true,"href":"https:\/\/anmir.com.cn\/de\/wp-json\/wp\/v2\/product_cat?post=1904"},{"taxonomy":"product_tag","embeddable":true,"href":"https:\/\/anmir.com.cn\/de\/wp-json\/wp\/v2\/product_tag?post=1904"}],"curies":[{"name":"wp","href":"https:\/\/api.w.org\/{rel}","templated":true}]}}