{"id":1922,"date":"2024-11-09T00:48:28","date_gmt":"2024-11-09T00:48:28","guid":{"rendered":"https:\/\/anmir.com.cn\/?post_type=product&#038;p=1922"},"modified":"2025-03-13T13:15:18","modified_gmt":"2025-03-13T05:15:18","slug":"amr599a","status":"publish","type":"product","link":"https:\/\/anmir.com.cn\/de\/products\/06-horizontal-slow-juicer\/amr599a\/","title":{"rendered":"Anmir AMR599A Horizontal Slow Juicer \u2013 Leistungsstarkes, effizientes und hochwertiges Entsaftungserlebnis"},"content":{"rendered":"<table style=\"border-collapse: collapse; width: 573.02pt;\" border=\"0\" width=\"764\" cellspacing=\"0\" cellpadding=\"0\">\n<tbody>\n<tr style=\"height: 150.00pt;\">\n<td class=\"et3\" style=\"height: 150.00pt; width: 573.00pt;\" width=\"764\" height=\"200\">\n<h6>Anmir AMR599A Horizontaler Slow Juicer<\/h6>\n<h6>Modellnummer: AMR599A<\/h6>\n<h6>220-240 V 50\/60 Hz<\/h6>\n<p>150 W (Entsafter) + 30 W (Zitruspresse)<\/p>\n<p>\u00b7 Leistungsstarke Funktion des Slow Juicers, Zitruspresse<br \/>\n\u00b7Fleischwolf und Gem\u00fcseschneider<br \/>\n\u00b7 150 W Gleichstrommotor<br \/>\n\u00b7 Niedriger Ger\u00e4uschpegel von weniger als 65 dB. Ruhe und Sicherheit<br \/>\n\u00b7 Arbeitsprinzip der Niederdruckschnecke, um Saft frischer zu machen<br \/>\n\u00b7 Die Drehzahl betr\u00e4gt nur 90-110\/Min.<br \/>\n\u00b7 Einfach zu montieren und zu reinigen, SS-Dekoration sieht eleganter aus<br \/>\n\u00b7Optionale Geschwindigkeiten: R\u00fcckw\u00e4rts-0-1-2<br \/>\n\u00b7 Lange, kontinuierliche Arbeitszeit (KB: 10 Minuten)<br \/>\n\u00b7 Bewahren Sie die N\u00e4hrstoffe des Saftes und reduzieren Sie die Oxidation<br \/>\n\u00b7Sicherheitsschutz<\/p>\n<p>LADEMENGE:<br \/>\n\u00b7 20DC: 550 St\u00fcck<br \/>\n\u00b7 40 DC: 1150 St\u00fcck<br \/>\n\u00b7 40HQ: 1310 St\u00fcck<\/p>\n<p>&nbsp;<\/p>\n<p>&nbsp;<\/p>\n<p>Anmir ist ein f\u00fchrender Hersteller hochwertiger K\u00fcchenger\u00e4te in China,<\/p>\n<p>Spezialisiert auf Slow Juicer, Kaltpress-Entsafter, Mixer, Kaffeemaschinen und andere Ger\u00e4te zur Lebensmittelverarbeitung.<\/p>\n<p>Mit \u00fcber 20 Jahren Erfahrung engagieren wir uns f\u00fcr Innovation, Effizienz und die Bereitstellung erstklassiger Produkte, um die Bed\u00fcrfnisse der Verbraucher weltweit zu erf\u00fcllen.<\/td>\n<\/tr>\n<\/tbody>\n<\/table>","protected":false},"excerpt":{"rendered":"<p>Anmir AMR599A Horizontal Slow Juicer Model NO.:AMR599A 220-240V 50\/60Hz 150W(Juicer)+30W(Citrus juicer) \u00b7Powerful function of slow juicer,Citrus juicer \u00b7Meat grinder and vegetable cutter \u00b7150W DC motor \u00b7Low noise level less than 65db.Quiet and safety \u00b7Low press screw working principle to make juice more fresh \u00b7RPM is only 90-110\/Min \u00b7Easy to assemble and clean,SS decoration looks more [&hellip;]<\/p>\n","protected":false},"featured_media":1923,"template":"","meta":{"_uag_custom_page_level_css":"","site-sidebar-layout":"default","site-content-layout":"","ast-site-content-layout":"default","site-content-style":"default","site-sidebar-style":"default","ast-global-header-display":"","ast-banner-title-visibility":"","ast-main-header-display":"","ast-hfb-above-header-display":"","ast-hfb-below-header-display":"","ast-hfb-mobile-header-display":"","site-post-title":"","ast-breadcrumbs-content":"","ast-featured-img":"","footer-sml-layout":"","ast-disable-related-posts":"","theme-transparent-header-meta":"default","adv-header-id-meta":"","stick-header-meta":"","header-above-stick-meta":"","header-main-stick-meta":"","header-below-stick-meta":"","astra-migrate-meta-layouts":"set","ast-page-background-enabled":"default","ast-page-background-meta":{"desktop":{"background-color":"","background-image":"","background-repeat":"repeat","background-position":"center center","background-size":"auto","background-attachment":"scroll","background-type":"","background-media":"","overlay-type":"","overlay-color":"","overlay-opacity":"","overlay-gradient":""},"tablet":{"background-color":"","background-image":"","background-repeat":"repeat","background-position":"center center","background-size":"auto","background-attachment":"scroll","background-type":"","background-media":"","overlay-type":"","overlay-color":"","overlay-opacity":"","overlay-gradient":""},"mobile":{"background-color":"","background-image":"","background-repeat":"repeat","background-position":"center center","background-size":"auto","background-attachment":"scroll","background-type":"","background-media":"","overlay-type":"","overlay-color":"","overlay-opacity":"","overlay-gradient":""}},"ast-content-background-meta":{"desktop":{"background-color":"var(--ast-global-color-5)","background-image":"","background-repeat":"repeat","background-position":"center center","background-size":"auto","background-attachment":"scroll","background-type":"","background-media":"","overlay-type":"","overlay-color":"","overlay-opacity":"","overlay-gradient":""},"tablet":{"background-color":"var(--ast-global-color-5)","background-image":"","background-repeat":"repeat","background-position":"center center","background-size":"auto","background-attachment":"scroll","background-type":"","background-media":"","overlay-type":"","overlay-color":"","overlay-opacity":"","overlay-gradient":""},"mobile":{"background-color":"var(--ast-global-color-5)","background-image":"","background-repeat":"repeat","background-position":"center center","background-size":"auto","background-attachment":"scroll","background-type":"","background-media":"","overlay-type":"","overlay-color":"","overlay-opacity":"","overlay-gradient":""}}},"product_brand":[],"product_cat":[34],"product_tag":[],"class_list":{"0":"post-1922","1":"product","2":"type-product","3":"status-publish","4":"has-post-thumbnail","6":"product_cat-06-horizontal-slow-juicer","7":"desktop-align-left","8":"tablet-align-left","9":"mobile-align-left","10":"ast-product-gallery-layout-horizontal-slider","11":"ast-product-gallery-with-no-image","12":"ast-product-tabs-layout-vertical","13":"ast-qv-on-image","15":"first","16":"instock","17":"shipping-taxable","18":"product-type-simple"},"uagb_featured_image_src":{"full":["https:\/\/anmir.com.cn\/wp-content\/uploads\/2024\/11\/AMR599A.jpg",800,800,false],"thumbnail":["https:\/\/anmir.com.cn\/wp-content\/uploads\/2024\/11\/AMR599A-150x150.jpg",150,150,true],"medium":["https:\/\/anmir.com.cn\/wp-content\/uploads\/2024\/11\/AMR599A-300x300.jpg",300,300,true],"medium_large":["https:\/\/anmir.com.cn\/wp-content\/uploads\/2024\/11\/AMR599A-768x768.jpg",768,768,true],"large":["https:\/\/anmir.com.cn\/wp-content\/uploads\/2024\/11\/AMR599A.jpg",800,800,false],"1536x1536":["https:\/\/anmir.com.cn\/wp-content\/uploads\/2024\/11\/AMR599A.jpg",800,800,false],"2048x2048":["https:\/\/anmir.com.cn\/wp-content\/uploads\/2024\/11\/AMR599A.jpg",800,800,false],"trp-custom-language-flag":["https:\/\/anmir.com.cn\/wp-content\/uploads\/2024\/11\/AMR599A.jpg",12,12,false],"woocommerce_thumbnail":["https:\/\/anmir.com.cn\/wp-content\/uploads\/2024\/11\/AMR599A-300x300.jpg",300,300,true],"woocommerce_single":["https:\/\/anmir.com.cn\/wp-content\/uploads\/2024\/11\/AMR599A-600x600.jpg",600,600,true],"woocommerce_gallery_thumbnail":["https:\/\/anmir.com.cn\/wp-content\/uploads\/2024\/11\/AMR599A-100x100.jpg",100,100,true]},"uagb_author_info":{"display_name":"daniel@anmir.com.cn","author_link":"https:\/\/anmir.com.cn\/de\/author\/"},"uagb_comment_info":0,"uagb_excerpt":"Anmir AMR599A Horizontal Slow Juicer Model NO.:AMR599A 220-240V 50\/60Hz 150W(Juicer)+30W(Citrus juicer) \u00b7Powerful function of slow juicer,Citrus juicer \u00b7Meat grinder and vegetable cutter \u00b7150W DC motor \u00b7Low noise level less than 65db.Quiet and safety \u00b7Low press screw working principle to make juice more fresh \u00b7RPM is only 90-110\/Min \u00b7Easy to assemble and clean,SS decoration looks more&hellip;","_links":{"self":[{"href":"https:\/\/anmir.com.cn\/de\/wp-json\/wp\/v2\/product\/1922","targetHints":{"allow":["GET"]}}],"collection":[{"href":"https:\/\/anmir.com.cn\/de\/wp-json\/wp\/v2\/product"}],"about":[{"href":"https:\/\/anmir.com.cn\/de\/wp-json\/wp\/v2\/types\/product"}],"wp:featuredmedia":[{"embeddable":true,"href":"https:\/\/anmir.com.cn\/de\/wp-json\/wp\/v2\/media\/1923"}],"wp:attachment":[{"href":"https:\/\/anmir.com.cn\/de\/wp-json\/wp\/v2\/media?parent=1922"}],"wp:term":[{"taxonomy":"product_brand","embeddable":true,"href":"https:\/\/anmir.com.cn\/de\/wp-json\/wp\/v2\/product_brand?post=1922"},{"taxonomy":"product_cat","embeddable":true,"href":"https:\/\/anmir.com.cn\/de\/wp-json\/wp\/v2\/product_cat?post=1922"},{"taxonomy":"product_tag","embeddable":true,"href":"https:\/\/anmir.com.cn\/de\/wp-json\/wp\/v2\/product_tag?post=1922"}],"curies":[{"name":"wp","href":"https:\/\/api.w.org\/{rel}","templated":true}]}}