{"id":3609,"date":"2025-08-11T17:24:26","date_gmt":"2025-08-11T09:24:26","guid":{"rendered":"https:\/\/anmir.com.cn\/?post_type=product&#038;p=3609"},"modified":"2025-08-27T13:28:09","modified_gmt":"2025-08-27T05:28:09","slug":"amr618a","status":"publish","type":"product","link":"https:\/\/anmir.com.cn\/de\/products\/13-personal-blender\/amr618a\/","title":{"rendered":"AMR618A-Mixer"},"content":{"rendered":"<table style=\"border-collapse: collapse; width: 573.02pt;\" border=\"0\" width=\"764\" cellspacing=\"0\" cellpadding=\"0\">\n<tbody>\n<tr style=\"height: 150.00pt;\">\n<td class=\"et3\" style=\"height: 150.00pt; width: 573.00pt;\" width=\"764\" height=\"200\">\n<h6>Modellnummer: AMR618A-Mixer<\/h6>\n<h6>Spezifikation: 220\u2013240\u00a0V, 50\/60\u00a0Hz, 300\u00a0W<\/h6>\n<p>\u00b7 Retro-Design mit verchromtem Dekoring<br \/>\n\u00b7Mixen Sie Ihren Lieblings-Smoothie oder Shake direkt in der Sportflasche<br \/>\n\u00b7 Sp\u00fclmaschinenfeste 500 ml TRITAN-Sportflasche<br \/>\n\u00b7 Multifunktional mit 1L Mixbecher<br \/>\n\u00b7 Leistungsstarkes Mixen mit Druckknopfsteuerung<br \/>\n\u00b7Sicherheitsschutz und Design<\/td>\n<\/tr>\n<\/tbody>\n<\/table>\n<div id=\"ag-1754903977504\"><\/div>","protected":false},"excerpt":{"rendered":"<p>AMR618A Mixer \u2013 Retro-Stil, starke Leistung, Alltagskomfort<\/p>\n<p>Der AMR618A Standmixer vereint zeitlosen Retro-Stil mit moderner Mixleistung und ist damit der perfekte K\u00fcchenbegleiter f\u00fcr Smoothies, Shakes und mehr. Sein verchromter Dekorring verleiht ihm einen Hauch von Eleganz, w\u00e4hrend das kompakte Design daf\u00fcr sorgt, dass er sich nahtlos in jede K\u00fcche einf\u00fcgt.<\/p>\n<p>Ausgestattet mit einem leistungsstarken 300-W-Motor liefert dieser Mixer jedes Mal gleichm\u00e4\u00dfige und gleichm\u00e4\u00dfige Ergebnisse. Die Druckknopfsteuerung erm\u00f6glicht eine einfache, intuitive Bedienung, mit der Sie Ihre Lieblingsrezepte in Sekundenschnelle mixen k\u00f6nnen. F\u00fcr ultimativen Komfort k\u00f6nnen Sie Getr\u00e4nke direkt in der 500-ml-TRITAN-Sportflasche zubereiten, die sp\u00fclmaschinenfest und somit leicht zu reinigen ist.<\/p>\n<p>Der AMR618A verf\u00fcgt au\u00dferdem \u00fcber einen multifunktionalen 1-Liter-Mixbeh\u00e4lter, der sich perfekt f\u00fcr gr\u00f6\u00dfere Portionen oder komplexere Rezepte eignet. Ob Sie einen morgendlichen Smoothie, einen cremigen Milchshake oder das Mixen frischer Zutaten zum Kochen zubereiten \u2013 dieses vielseitige Ger\u00e4t bew\u00e4ltigt alles.<\/p>\n<p>Der AMR618A ist mit Sicherheitsfunktionen ausgestattet und erm\u00f6glicht so einen sorgenfreien Einsatz. Seine robuste Konstruktion garantiert eine lang anhaltende Leistung. Mit seiner Kombination aus Stil, Komfort und Leistung ist er ein unverzichtbares Werkzeug f\u00fcr jede moderne K\u00fcche.<\/p>\n<p>Schl\u00fcsselw\u00f6rter: AMR618A, Mixer, Retro-Mixer, Smoothie-Maker, TRITAN-Sportflaschenmixer, 1-Liter-Mixbeh\u00e4lter, verchromtes Design, Mixer mit Druckknopf, leicht zu reinigen.<\/p>","protected":false},"featured_media":3610,"template":"","meta":{"_uag_custom_page_level_css":"","site-sidebar-layout":"default","site-content-layout":"","ast-site-content-layout":"default","site-content-style":"default","site-sidebar-style":"default","ast-global-header-display":"","ast-banner-title-visibility":"","ast-main-header-display":"","ast-hfb-above-header-display":"","ast-hfb-below-header-display":"","ast-hfb-mobile-header-display":"","site-post-title":"","ast-breadcrumbs-content":"","ast-featured-img":"","footer-sml-layout":"","ast-disable-related-posts":"","theme-transparent-header-meta":"default","adv-header-id-meta":"","stick-header-meta":"default","header-above-stick-meta":"","header-main-stick-meta":"","header-below-stick-meta":"","astra-migrate-meta-layouts":"set","ast-page-background-enabled":"default","ast-page-background-meta":{"desktop":{"background-color":"","background-image":"","background-repeat":"repeat","background-position":"center center","background-size":"auto","background-attachment":"scroll","background-type":"","background-media":"","overlay-type":"","overlay-color":"","overlay-opacity":"","overlay-gradient":""},"tablet":{"background-color":"","background-image":"","background-repeat":"repeat","background-position":"center center","background-size":"auto","background-attachment":"scroll","background-type":"","background-media":"","overlay-type":"","overlay-color":"","overlay-opacity":"","overlay-gradient":""},"mobile":{"background-color":"","background-image":"","background-repeat":"repeat","background-position":"center center","background-size":"auto","background-attachment":"scroll","background-type":"","background-media":"","overlay-type":"","overlay-color":"","overlay-opacity":"","overlay-gradient":""}},"ast-content-background-meta":{"desktop":{"background-color":"var(--ast-global-color-5)","background-image":"","background-repeat":"repeat","background-position":"center center","background-size":"auto","background-attachment":"scroll","background-type":"","background-media":"","overlay-type":"","overlay-color":"","overlay-opacity":"","overlay-gradient":""},"tablet":{"background-color":"var(--ast-global-color-5)","background-image":"","background-repeat":"repeat","background-position":"center center","background-size":"auto","background-attachment":"scroll","background-type":"","background-media":"","overlay-type":"","overlay-color":"","overlay-opacity":"","overlay-gradient":""},"mobile":{"background-color":"var(--ast-global-color-5)","background-image":"","background-repeat":"repeat","background-position":"center center","background-size":"auto","background-attachment":"scroll","background-type":"","background-media":"","overlay-type":"","overlay-color":"","overlay-opacity":"","overlay-gradient":""}}},"product_brand":[],"product_cat":[41],"product_tag":[],"class_list":{"0":"post-3609","1":"product","2":"type-product","3":"status-publish","4":"has-post-thumbnail","6":"product_cat-13-personal-blender","7":"desktop-align-left","8":"tablet-align-left","9":"mobile-align-left","10":"ast-product-gallery-layout-horizontal-slider","11":"ast-product-gallery-with-no-image","12":"ast-product-tabs-layout-vertical","13":"ast-qv-on-image","15":"first","16":"instock","17":"shipping-taxable","18":"product-type-simple"},"uagb_featured_image_src":{"full":["https:\/\/anmir.com.cn\/wp-content\/uploads\/2025\/08\/AMR618A.jpg",800,800,false],"thumbnail":["https:\/\/anmir.com.cn\/wp-content\/uploads\/2025\/08\/AMR618A-150x150.jpg",150,150,true],"medium":["https:\/\/anmir.com.cn\/wp-content\/uploads\/2025\/08\/AMR618A-300x300.jpg",300,300,true],"medium_large":["https:\/\/anmir.com.cn\/wp-content\/uploads\/2025\/08\/AMR618A-768x768.jpg",768,768,true],"large":["https:\/\/anmir.com.cn\/wp-content\/uploads\/2025\/08\/AMR618A.jpg",800,800,false],"1536x1536":["https:\/\/anmir.com.cn\/wp-content\/uploads\/2025\/08\/AMR618A.jpg",800,800,false],"2048x2048":["https:\/\/anmir.com.cn\/wp-content\/uploads\/2025\/08\/AMR618A.jpg",800,800,false],"trp-custom-language-flag":["https:\/\/anmir.com.cn\/wp-content\/uploads\/2025\/08\/AMR618A-12x12.jpg",12,12,true],"woocommerce_thumbnail":["https:\/\/anmir.com.cn\/wp-content\/uploads\/2025\/08\/AMR618A-300x300.jpg",300,300,true],"woocommerce_single":["https:\/\/anmir.com.cn\/wp-content\/uploads\/2025\/08\/AMR618A-600x600.jpg",600,600,true],"woocommerce_gallery_thumbnail":["https:\/\/anmir.com.cn\/wp-content\/uploads\/2025\/08\/AMR618A-100x100.jpg",100,100,true]},"uagb_author_info":{"display_name":"daniel@anmir.com.cn","author_link":"https:\/\/anmir.com.cn\/de\/author\/"},"uagb_comment_info":0,"uagb_excerpt":"AMR618A Blender \u2013 Retro Style, Powerful Performance, Everyday Convenience The AMR618A Blender combines timeless retro styling with modern blending performance, making it the perfect kitchen companion for smoothies, shakes, and more. Its chrome-plated decoration ring adds a touch of elegance, while the compact design ensures it fits seamlessly into any kitchen space. Equipped with a&hellip;","_links":{"self":[{"href":"https:\/\/anmir.com.cn\/de\/wp-json\/wp\/v2\/product\/3609","targetHints":{"allow":["GET"]}}],"collection":[{"href":"https:\/\/anmir.com.cn\/de\/wp-json\/wp\/v2\/product"}],"about":[{"href":"https:\/\/anmir.com.cn\/de\/wp-json\/wp\/v2\/types\/product"}],"wp:featuredmedia":[{"embeddable":true,"href":"https:\/\/anmir.com.cn\/de\/wp-json\/wp\/v2\/media\/3610"}],"wp:attachment":[{"href":"https:\/\/anmir.com.cn\/de\/wp-json\/wp\/v2\/media?parent=3609"}],"wp:term":[{"taxonomy":"product_brand","embeddable":true,"href":"https:\/\/anmir.com.cn\/de\/wp-json\/wp\/v2\/product_brand?post=3609"},{"taxonomy":"product_cat","embeddable":true,"href":"https:\/\/anmir.com.cn\/de\/wp-json\/wp\/v2\/product_cat?post=3609"},{"taxonomy":"product_tag","embeddable":true,"href":"https:\/\/anmir.com.cn\/de\/wp-json\/wp\/v2\/product_tag?post=3609"}],"curies":[{"name":"wp","href":"https:\/\/api.w.org\/{rel}","templated":true}]}}