{"id":802,"date":"2024-11-06T13:42:14","date_gmt":"2024-11-06T13:42:14","guid":{"rendered":"https:\/\/anmir.com.cn\/about\/"},"modified":"2025-03-11T21:16:42","modified_gmt":"2025-03-11T13:16:42","slug":"anmir-home-2-2-2","status":"publish","type":"page","link":"https:\/\/anmir.com.cn\/fr\/anmir-home-2-2-2\/","title":{"rendered":"\u00c0 propos de Zhongshan Anmir Electrical Appliance Industrial Co., Ltd"},"content":{"rendered":"<div data-elementor-type=\"wp-page\" data-elementor-id=\"802\" class=\"elementor elementor-802\" data-elementor-post-type=\"page\">\n\t\t\t\t<div class=\"elementor-element elementor-element-1849320 e-flex e-con-boxed e-con e-parent\" data-id=\"1849320\" data-element_type=\"container\" data-e-type=\"container\" data-settings=\"{&quot;background_background&quot;:&quot;classic&quot;}\">\n\t\t\t\t\t<div class=\"e-con-inner\">\n\t\t\t\t<div class=\"elementor-element elementor-element-aaf15f5 elementor-widget elementor-widget-heading\" data-id=\"aaf15f5\" data-element_type=\"widget\" data-e-type=\"widget\" data-widget_type=\"heading.default\">\n\t\t\t\t<div class=\"elementor-widget-container\">\n\t\t\t\t\t<h2 class=\"elementor-heading-title elementor-size-default\">\u00c0 propos d&#039;Anmir<\/h2>\t\t\t\t<\/div>\n\t\t\t\t<\/div>\n\t\t\t\t\t<\/div>\n\t\t\t\t<\/div>\n\t\t<div class=\"elementor-element elementor-element-839ac0c e-flex e-con-boxed e-con e-parent\" data-id=\"839ac0c\" data-element_type=\"container\" data-e-type=\"container\" data-settings=\"{&quot;background_background&quot;:&quot;classic&quot;}\">\n\t\t\t\t\t<div class=\"e-con-inner\">\n\t\t\t\t\t<\/div>\n\t\t\t\t<\/div>\n\t\t<div class=\"elementor-element elementor-element-93bf593 e-flex e-con-boxed e-con e-parent\" data-id=\"93bf593\" data-element_type=\"container\" data-e-type=\"container\" data-settings=\"{&quot;background_background&quot;:&quot;classic&quot;}\">\n\t\t\t\t\t<div class=\"e-con-inner\">\n\t\t\t\t<div class=\"elementor-element elementor-element-3bdfd5b elementor-widget__width-initial elementor-widget elementor-widget-heading\" data-id=\"3bdfd5b\" data-element_type=\"widget\" data-e-type=\"widget\" data-widget_type=\"heading.default\">\n\t\t\t\t<div class=\"elementor-widget-container\">\n\t\t\t\t\t<h1 class=\"elementor-heading-title elementor-size-default\">Plus de 22 ans d&#039;exp\u00e9rience<\/h1>\t\t\t\t<\/div>\n\t\t\t\t<\/div>\n\t\t\t\t<div class=\"elementor-element elementor-element-e61216e elementor-widget__width-initial elementor-widget elementor-widget-heading\" data-id=\"e61216e\" data-element_type=\"widget\" data-e-type=\"widget\" data-widget_type=\"heading.default\">\n\t\t\t\t<div class=\"elementor-widget-container\">\n\t\t\t\t\t<h1 class=\"elementor-heading-title elementor-size-default\">Plus de 35 000 m\u00e8tres carr\u00e9s de superficie couverte<\/h1>\t\t\t\t<\/div>\n\t\t\t\t<\/div>\n\t\t\t\t<div class=\"elementor-element elementor-element-52ff3da elementor-widget__width-initial elementor-widget elementor-widget-heading\" data-id=\"52ff3da\" data-element_type=\"widget\" data-e-type=\"widget\" data-widget_type=\"heading.default\">\n\t\t\t\t<div class=\"elementor-widget-container\">\n\t\t\t\t\t<h1 class=\"elementor-heading-title elementor-size-default\">600+ employ\u00e9s<\/h1>\t\t\t\t<\/div>\n\t\t\t\t<\/div>\n\t\t\t\t<div class=\"elementor-element elementor-element-3276fbc elementor-widget__width-initial elementor-widget elementor-widget-heading\" data-id=\"3276fbc\" data-element_type=\"widget\" data-e-type=\"widget\" data-widget_type=\"heading.default\">\n\t\t\t\t<div class=\"elementor-widget-container\">\n\t\t\t\t\t<h1 class=\"elementor-heading-title elementor-size-default\">Plus de 50 employ\u00e9s en R&amp;D<\/h1>\t\t\t\t<\/div>\n\t\t\t\t<\/div>\n\t\t\t\t<div class=\"elementor-element elementor-element-6e4cd28 elementor-widget__width-initial elementor-widget elementor-widget-heading\" data-id=\"6e4cd28\" data-element_type=\"widget\" data-e-type=\"widget\" data-widget_type=\"heading.default\">\n\t\t\t\t<div class=\"elementor-widget-container\">\n\t\t\t\t\t<h1 class=\"elementor-heading-title elementor-size-default\"> \u00c9quipement d&#039;automatisation avanc\u00e9<\/h1>\t\t\t\t<\/div>\n\t\t\t\t<\/div>\n\t\t\t\t<div class=\"elementor-element elementor-element-208fa7d elementor-widget__width-initial elementor-widget elementor-widget-heading\" data-id=\"208fa7d\" data-element_type=\"widget\" data-e-type=\"widget\" data-widget_type=\"heading.default\">\n\t\t\t\t<div class=\"elementor-widget-container\">\n\t\t\t\t\t<p class=\"elementor-heading-title elementor-size-default\">  OEM\/ODM PERSONNALIS\u00c9<\/p>\t\t\t\t<\/div>\n\t\t\t\t<\/div>\n\t\t\t\t<div class=\"elementor-element elementor-element-ac53bc2 elementor-widget__width-initial elementor-widget elementor-widget-heading\" data-id=\"ac53bc2\" data-element_type=\"widget\" data-e-type=\"widget\" data-widget_type=\"heading.default\">\n\t\t\t\t<div class=\"elementor-widget-container\">\n\t\t\t\t\t<h1 class=\"elementor-heading-title elementor-size-default\">Atelier sans poussi\u00e8re<\/h1>\t\t\t\t<\/div>\n\t\t\t\t<\/div>\n\t\t\t\t\t<\/div>\n\t\t\t\t<\/div>\n\t\t<div class=\"elementor-element elementor-element-f39b48d e-flex e-con-boxed e-con e-parent\" data-id=\"f39b48d\" data-element_type=\"container\" data-e-type=\"container\" data-settings=\"{&quot;background_background&quot;:&quot;classic&quot;}\">\n\t\t\t\t\t<div class=\"e-con-inner\">\n\t\t\t\t<div class=\"elementor-element elementor-element-187ffb6 elementor-widget elementor-widget-heading\" data-id=\"187ffb6\" data-element_type=\"widget\" data-e-type=\"widget\" data-widget_type=\"heading.default\">\n\t\t\t\t<div class=\"elementor-widget-container\">\n\t\t\t\t\t<h2 class=\"elementor-heading-title elementor-size-default\"><a href=\"https:\/\/anmir.com.cn\/fr\/\">\u00c0 propos de Zhongshan Anmir Electrical Appliance Industrial Co., Ltd<\/a><\/h2>\t\t\t\t<\/div>\n\t\t\t\t<\/div>\n\t\t\t\t<div class=\"elementor-element elementor-element-4912ca1 elementor-widget__width-initial elementor-widget elementor-widget-heading\" data-id=\"4912ca1\" data-element_type=\"widget\" data-e-type=\"widget\" data-widget_type=\"heading.default\">\n\t\t\t\t<div class=\"elementor-widget-container\">\n\t\t\t\t\t<h3 class=\"elementor-heading-title elementor-size-default\">Anmir, qui a \u00e9t\u00e9 cr\u00e9\u00e9e en 2002, gr\u00e2ce \u00e0 des ann\u00e9es de travail acharn\u00e9 de pionnier et a fermement saisi la tendance de d\u00e9veloppement du march\u00e9 international et la croissance rapide et durable, Anmir a connu de nombreuses ann\u00e9es dans les produits d&#039;appareils de cuisine, est devenue une entreprise \u00e0 grande \u00e9chelle et fournit actuellement aux clients une conception de produits int\u00e9gr\u00e9e, le d\u00e9veloppement de moules, le moulage par injection et l&#039;emboutissage des m\u00e9taux, ainsi que les tests de dur\u00e9e de vie des produits, etc., diff\u00e9rents types de services. La soci\u00e9t\u00e9 poss\u00e8de la principale gamme de produits, notamment le m\u00e9langeur \u00e0 grande vitesse, le m\u00e9langeur de table, l&#039;extracteur de jus lent, l&#039;extracteur de jus centrifuge, la cafeti\u00e8re, le robot culinaire, le spiraliseur, le cuiseur \u00e0 riz, etc., actuellement dot\u00e9 de b\u00e2timents d&#039;usine de production de grande taille couvrant une superficie de plus de 35 000 m\u00e8tres carr\u00e9s et plus de 600 employ\u00e9s de production ainsi qu&#039;un groupe de talents de recherche et d\u00e9veloppement industriels de haut niveau, qui ont jet\u00e9 des bases solides pour la croissance et le d\u00e9veloppement d&#039;Anmir Electric Appliance.<\/h3>\t\t\t\t<\/div>\n\t\t\t\t<\/div>\n\t\t\t\t\t<\/div>\n\t\t\t\t<\/div>\n\t\t<div class=\"elementor-element elementor-element-782ce43 e-flex e-con-boxed e-con e-parent\" data-id=\"782ce43\" data-element_type=\"container\" data-e-type=\"container\" data-settings=\"{&quot;background_background&quot;:&quot;classic&quot;}\">\n\t\t\t\t\t<div class=\"e-con-inner\">\n\t\t\t\t<div class=\"elementor-element elementor-element-53619bb elementor-widget elementor-widget-spacer\" data-id=\"53619bb\" data-element_type=\"widget\" data-e-type=\"widget\" data-widget_type=\"spacer.default\">\n\t\t\t\t<div class=\"elementor-widget-container\">\n\t\t\t\t\t\t\t<div class=\"elementor-spacer\">\n\t\t\t<div class=\"elementor-spacer-inner\"><\/div>\n\t\t<\/div>\n\t\t\t\t\t\t<\/div>\n\t\t\t\t<\/div>\n\t\t\t\t<div class=\"elementor-element elementor-element-7bdd9d5 elementor-widget__width-initial elementor-widget elementor-widget-heading\" data-id=\"7bdd9d5\" data-element_type=\"widget\" data-e-type=\"widget\" data-widget_type=\"heading.default\">\n\t\t\t\t<div class=\"elementor-widget-container\">\n\t\t\t\t\t<h2 class=\"elementor-heading-title elementor-size-default\">12+ lignes de production<\/h2>\t\t\t\t<\/div>\n\t\t\t\t<\/div>\n\t\t\t\t<div class=\"elementor-element elementor-element-b66ae18 elementor-widget__width-initial elementor-widget elementor-widget-heading\" data-id=\"b66ae18\" data-element_type=\"widget\" data-e-type=\"widget\" data-widget_type=\"heading.default\">\n\t\t\t\t<div class=\"elementor-widget-container\">\n\t\t\t\t\t<h2 class=\"elementor-heading-title elementor-size-default\">Plus de 70 machines de moulage par injection<\/h2>\t\t\t\t<\/div>\n\t\t\t\t<\/div>\n\t\t\t\t<div class=\"elementor-element elementor-element-bb8b98a elementor-widget__width-initial elementor-widget elementor-widget-heading\" data-id=\"bb8b98a\" data-element_type=\"widget\" data-e-type=\"widget\" data-widget_type=\"heading.default\">\n\t\t\t\t<div class=\"elementor-widget-container\">\n\t\t\t\t\t<h2 class=\"elementor-heading-title elementor-size-default\">Plus de 600 employ\u00e9s de production<\/h2>\t\t\t\t<\/div>\n\t\t\t\t<\/div>\n\t\t\t\t<div class=\"elementor-element elementor-element-7861b0e elementor-widget__width-initial elementor-widget elementor-widget-heading\" data-id=\"7861b0e\" data-element_type=\"widget\" data-e-type=\"widget\" data-widget_type=\"heading.default\">\n\t\t\t\t<div class=\"elementor-widget-container\">\n\t\t\t\t\t<h4 class=\"elementor-heading-title elementor-size-default\">La soci\u00e9t\u00e9 poss\u00e8de la principale gamme de produits, notamment un m\u00e9langeur \u00e0 grande vitesse, un m\u00e9langeur de table, un extracteur de jus lent, un extracteur de jus centrifuge, une cafeti\u00e8re, un robot culinaire, un spiraliseur, un cuiseur \u00e0 riz, etc. Actuellement dot\u00e9e d&#039;une usine de production de grande taille couvrant une superficie de plus de 35 000 m\u00e8tres carr\u00e9s et de plus de 600 employ\u00e9s de production ainsi que d&#039;un groupe de talents sup\u00e9rieurs en recherche et d\u00e9veloppement industriels, qui ont jet\u00e9 des bases solides pour la croissance et le d\u00e9veloppement d&#039;Anmir Electric Appliance.<\/h4>\t\t\t\t<\/div>\n\t\t\t\t<\/div>\n\t\t\t\t\t<\/div>\n\t\t\t\t<\/div>\n\t\t<div class=\"elementor-element elementor-element-882c6d8 e-flex e-con-boxed e-con e-parent\" data-id=\"882c6d8\" data-element_type=\"container\" data-e-type=\"container\" data-settings=\"{&quot;background_background&quot;:&quot;classic&quot;}\">\n\t\t\t\t\t<div class=\"e-con-inner\">\n\t\t\t\t<div class=\"elementor-element elementor-element-1142a18 elementor-widget__width-initial elementor-widget elementor-widget-heading\" data-id=\"1142a18\" data-element_type=\"widget\" data-e-type=\"widget\" data-widget_type=\"heading.default\">\n\t\t\t\t<div class=\"elementor-widget-container\">\n\t\t\t\t\t<h5 class=\"elementor-heading-title elementor-size-default\">Anmir fournit actuellement \u00e0 ses clients une conception de produits int\u00e9gr\u00e9e, le d\u00e9veloppement de moules, le moulage par injection et l&#039;emboutissage des m\u00e9taux, ainsi que les tests de dur\u00e9e de vie des produits, etc., diff\u00e9rents types de services.<\/h5>\t\t\t\t<\/div>\n\t\t\t\t<\/div>\n\t\t\t\t\t<\/div>\n\t\t\t\t<\/div>\n\t\t<div class=\"elementor-element elementor-element-941d0a9 e-flex e-con-boxed e-con e-parent\" data-id=\"941d0a9\" data-element_type=\"container\" data-e-type=\"container\" data-settings=\"{&quot;background_background&quot;:&quot;classic&quot;}\">\n\t\t\t\t\t<div class=\"e-con-inner\">\n\t\t\t\t\t<\/div>\n\t\t\t\t<\/div>\n\t\t<div class=\"elementor-element elementor-element-486edda e-con-full e-flex e-con e-parent\" data-id=\"486edda\" data-element_type=\"container\" data-e-type=\"container\" data-settings=\"{&quot;background_background&quot;:&quot;classic&quot;}\">\n\t\t\t\t<div class=\"elementor-element elementor-element-e9bf5c3 elementor-widget__width-initial elementor-widget elementor-widget-heading\" data-id=\"e9bf5c3\" data-element_type=\"widget\" data-e-type=\"widget\" data-widget_type=\"heading.default\">\n\t\t\t\t<div class=\"elementor-widget-container\">\n\t\t\t\t\t<h2 class=\"elementor-heading-title elementor-size-default\">L&#039;Exposition<\/h2>\t\t\t\t<\/div>\n\t\t\t\t<\/div>\n\t\t\t\t<div class=\"elementor-element elementor-element-f52321d elementor-widget__width-initial elementor-widget elementor-widget-heading\" data-id=\"f52321d\" data-element_type=\"widget\" data-e-type=\"widget\" data-widget_type=\"heading.default\">\n\t\t\t\t<div class=\"elementor-widget-container\">\n\t\t\t\t\t<h5 class=\"elementor-heading-title elementor-size-default\">Anmir est une marque d&#039;exportation recommand\u00e9e par la Chambre de commerce chinoise pour l&#039;importation et l&#039;exportation de machines et d&#039;\u00e9lectronique, et est l&#039;une des premi\u00e8res entreprises du secteur chinois de l&#039;\u00e9lectrom\u00e9nager \u00e0 entrer sur le march\u00e9 international.<\/h5>\t\t\t\t<\/div>\n\t\t\t\t<\/div>\n\t\t\t\t<\/div>\n\t\t<div class=\"elementor-element elementor-element-5b29a11 e-flex e-con-boxed e-con e-parent\" data-id=\"5b29a11\" data-element_type=\"container\" data-e-type=\"container\">\n\t\t\t\t\t<div class=\"e-con-inner\">\n\t\t\t\t<div class=\"elementor-element elementor-element-1e289ea elementor-widget elementor-widget-image\" data-id=\"1e289ea\" data-element_type=\"widget\" data-e-type=\"widget\" data-widget_type=\"image.default\">\n\t\t\t\t<div class=\"elementor-widget-container\">\n\t\t\t\t\t\t\t\t\t\t\t\t\t\t\t<img decoding=\"async\" width=\"300\" height=\"100\" src=\"https:\/\/anmir.com.cn\/wp-content\/uploads\/2025\/01\/logo-1.png\" class=\"attachment-large size-large wp-image-3068\" alt=\"About Zhongshan Anmir Electrical Appliance Industrial Co\" title=\"\">\t\t\t\t\t\t\t\t\t\t\t\t\t\t\t<\/div>\n\t\t\t\t<\/div>\n\t\t\t\t<div class=\"elementor-element elementor-element-b9661bd elementor-widget elementor-widget-heading\" data-id=\"b9661bd\" data-element_type=\"widget\" data-e-type=\"widget\" data-widget_type=\"heading.default\">\n\t\t\t\t<div class=\"elementor-widget-container\">\n\t\t\t\t\t<div class=\"elementor-heading-title elementor-size-default\">\nCertifi\u00e9 par<a href=\"http:\/\/cnca.gov.cn\" target=\"_blank\" rel=\"noopener\"> ISO9001<\/a> <a href=\"http:\/\/cnca.gov.cn\" target=\"_blank\" rel=\"noopener\">ISO14001<\/a> <a href=\"https:\/\/platform.amfori.org\/\" target=\"_blank\" rel=\"noopener\">BSCI <\/a>\n<\/div>\t\t\t\t<\/div>\n\t\t\t\t<\/div>\n\t\t\t\t\t<\/div>\n\t\t\t\t<\/div>\n\t\t\t\t<\/div>","protected":false},"excerpt":{"rendered":"<p>About anmir 22+ Years Experience 35K+ Square meters area covered 600+ Employee 50+ R&amp;D Staff Advanced Automation Equipment OEM\/ODM CUSTOMIZED Dust-free Workshop About Zhongshan Anmir Electrical Appliance Industrial Co.,Ltd Anmir,which was established in 2002,through yearsof pioneering hardwork and firmly grasped the International market development trend andsustainable rapid growth,Anmir experienced with many years in kitchen appliances [&hellip;]<\/p>\n","protected":false},"author":1,"featured_media":0,"parent":0,"menu_order":0,"comment_status":"closed","ping_status":"closed","template":"","meta":{"_uag_custom_page_level_css":"","site-sidebar-layout":"no-sidebar","site-content-layout":"page-builder","ast-site-content-layout":"full-width-container","site-content-style":"unboxed","site-sidebar-style":"unboxed","ast-global-header-display":"","ast-banner-title-visibility":"","ast-main-header-display":"","ast-hfb-above-header-display":"","ast-hfb-below-header-display":"","ast-hfb-mobile-header-display":"","site-post-title":"disabled","ast-breadcrumbs-content":"disabled","ast-featured-img":"disabled","footer-sml-layout":"","ast-disable-related-posts":"","theme-transparent-header-meta":"enabled","adv-header-id-meta":"","stick-header-meta":"","header-above-stick-meta":"","header-main-stick-meta":"","header-below-stick-meta":"","astra-migrate-meta-layouts":"set","ast-page-background-enabled":"default","ast-page-background-meta":{"desktop":{"background-color":"","background-image":"","background-repeat":"repeat","background-position":"center center","background-size":"auto","background-attachment":"scroll","background-type":"","background-media":"","overlay-type":"","overlay-color":"","overlay-opacity":"","overlay-gradient":""},"tablet":{"background-color":"","background-image":"","background-repeat":"repeat","background-position":"center center","background-size":"auto","background-attachment":"scroll","background-type":"","background-media":"","overlay-type":"","overlay-color":"","overlay-opacity":"","overlay-gradient":""},"mobile":{"background-color":"","background-image":"","background-repeat":"repeat","background-position":"center center","background-size":"auto","background-attachment":"scroll","background-type":"","background-media":"","overlay-type":"","overlay-color":"","overlay-opacity":"","overlay-gradient":""}},"ast-content-background-meta":{"desktop":{"background-color":"var(--ast-global-color-5)","background-image":"","background-repeat":"repeat","background-position":"center center","background-size":"auto","background-attachment":"scroll","background-type":"","background-media":"","overlay-type":"","overlay-color":"","overlay-opacity":"","overlay-gradient":""},"tablet":{"background-color":"var(--ast-global-color-5)","background-image":"","background-repeat":"repeat","background-position":"center center","background-size":"auto","background-attachment":"scroll","background-type":"","background-media":"","overlay-type":"","overlay-color":"","overlay-opacity":"","overlay-gradient":""},"mobile":{"background-color":"var(--ast-global-color-5)","background-image":"","background-repeat":"repeat","background-position":"center center","background-size":"auto","background-attachment":"scroll","background-type":"","background-media":"","overlay-type":"","overlay-color":"","overlay-opacity":"","overlay-gradient":""}},"footnotes":""},"class_list":["post-802","page","type-page","status-publish","hentry"],"uagb_featured_image_src":{"full":false,"thumbnail":false,"medium":false,"medium_large":false,"large":false,"1536x1536":false,"2048x2048":false,"trp-custom-language-flag":false,"woocommerce_thumbnail":false,"woocommerce_single":false,"woocommerce_gallery_thumbnail":false},"uagb_author_info":{"display_name":"daniel@anmir.com.cn","author_link":"https:\/\/anmir.com.cn\/fr\/author\/makeup5988gmail-com\/"},"uagb_comment_info":0,"uagb_excerpt":"About anmir 22+ Years Experience 35K+ Square meters area covered 600+ Employee 50+ R&amp;D Staff Advanced Automation Equipment OEM\/ODM CUSTOMIZED Dust-free Workshop About Zhongshan Anmir Electrical Appliance Industrial Co.,Ltd Anmir,which was established in 2002,through yearsof pioneering hardwork and firmly grasped the International market development trend andsustainable rapid growth,Anmir experienced with many years in kitchen appliances\u2026","_links":{"self":[{"href":"https:\/\/anmir.com.cn\/fr\/wp-json\/wp\/v2\/pages\/802","targetHints":{"allow":["GET"]}}],"collection":[{"href":"https:\/\/anmir.com.cn\/fr\/wp-json\/wp\/v2\/pages"}],"about":[{"href":"https:\/\/anmir.com.cn\/fr\/wp-json\/wp\/v2\/types\/page"}],"author":[{"embeddable":true,"href":"https:\/\/anmir.com.cn\/fr\/wp-json\/wp\/v2\/users\/1"}],"replies":[{"embeddable":true,"href":"https:\/\/anmir.com.cn\/fr\/wp-json\/wp\/v2\/comments?post=802"}],"version-history":[{"count":0,"href":"https:\/\/anmir.com.cn\/fr\/wp-json\/wp\/v2\/pages\/802\/revisions"}],"wp:attachment":[{"href":"https:\/\/anmir.com.cn\/fr\/wp-json\/wp\/v2\/media?parent=802"}],"curies":[{"name":"wp","href":"https:\/\/api.w.org\/{rel}","templated":true}]}}