{"id":1832,"date":"2024-11-09T00:01:58","date_gmt":"2024-11-09T00:01:58","guid":{"rendered":"https:\/\/anmir.com.cn\/?post_type=product&#038;p=1832"},"modified":"2025-03-05T01:07:40","modified_gmt":"2025-03-05T08:07:40","slug":"amr8825","status":"publish","type":"product","link":"https:\/\/anmir.com.cn\/fr\/products\/02-wholeapple-slow-juicer\/amr8825\/","title":{"rendered":"AMR8825"},"content":{"rendered":"<table width=\"764\">\n<tbody>\n<tr>\n<td width=\"764\">\n<h6>Num\u00e9ro de mod\u00e8le\u00a0: AMR8825<\/h6>\n<h6>220-240V~50\/60Hz 200W<\/h6>\n<p>\u00b7Fruits entiers, go\u00fbt entier Une entr\u00e9e d&#039;alimentation extra-large de 8 cm pour extraire le jus de fruits et l\u00e9gumes entiers<br \/>\n\u00b7Type de vis \u00e0 vitesse lente pour conserver la nutrition du jus<\/p>\n<div style=\"width: 800px;\" class=\"wp-video\"><video class=\"wp-video-shortcode\" id=\"video-1832-1\" width=\"800\" height=\"100\" preload=\"metadata\" controls=\"controls\"><source type=\"video\/mp4\" src=\"https:\/\/anmir.com.cn\/wp-content\/uploads\/2025\/03\/AMR8825.mp4?_=1\" \/><a href=\"https:\/\/anmir.com.cn\/wp-content\/uploads\/2025\/03\/AMR8825.mp4\">https:\/\/anmir.com.cn\/wp-content\/uploads\/2025\/03\/AMR8825.mp4<\/a><\/video><\/div>\n<p>\u00b7Affichage LED, bouton IMD, corps en acier inoxydable<br \/>\n\u00b7Moteur puissant et robuste de 200 W offrant une longue dur\u00e9e de fonctionnement continu (10 minutes)<br \/>\n\u00b7Fonction de marche arri\u00e8re pour \u00e9viter le blocage<br \/>\n\u00b7Taux d\u2019extraction de jus \u00e9lev\u00e9<br \/>\n\u00b7Faible niveau de bruit inf\u00e9rieur \u00e0 65 dB, vibrations r\u00e9duites<br \/>\n\u00b7Passoire en acier inoxydable avec petits trous pour toutes sortes de truites et de l\u00e9gumes<br \/>\n\u00b7Protection de s\u00e9curit\u00e9<br \/>\n\u00b7Retirez facilement les pi\u00e8ces pour les nettoyer<br \/>\nQUANTIT\u00c9 DE CHARGE\u00a0: 20DC\u00a0: 716\u00a0pi\u00e8ces, 40DC\u00a0: 1\u00a0436\u00a0pi\u00e8ces, 40HQ\u00a0: 1\u00a0743\u00a0pi\u00e8ces<\/td>\n<\/tr>\n<\/tbody>\n<\/table>","protected":false},"excerpt":{"rendered":"<p>Model NO.:AMR8825 220-240V~50\/60Hz 200W \u00b7Whole Fruit,Whole Taste An extra-wide 8cm feeding inlet for juicing whole fruits and vegetables \u00b7Slow speed screw type to keep nutrition of the juice \u00b7LED display,IMD button,stainless steel body \u00b7200W heavy duty powful motor that has long continuous working time(10mins) \u00b7Reverse function to avoid stuck \u00b7High juice extracting rate \u00b7Low noise [&hellip;]<\/p>\n","protected":false},"featured_media":1833,"template":"","meta":{"_uag_custom_page_level_css":"","site-sidebar-layout":"default","site-content-layout":"","ast-site-content-layout":"default","site-content-style":"default","site-sidebar-style":"default","ast-global-header-display":"","ast-banner-title-visibility":"","ast-main-header-display":"","ast-hfb-above-header-display":"","ast-hfb-below-header-display":"","ast-hfb-mobile-header-display":"","site-post-title":"","ast-breadcrumbs-content":"","ast-featured-img":"","footer-sml-layout":"","ast-disable-related-posts":"","theme-transparent-header-meta":"default","adv-header-id-meta":"","stick-header-meta":"default","header-above-stick-meta":"","header-main-stick-meta":"","header-below-stick-meta":"","astra-migrate-meta-layouts":"set","ast-page-background-enabled":"default","ast-page-background-meta":{"desktop":{"background-color":"","background-image":"","background-repeat":"repeat","background-position":"center center","background-size":"auto","background-attachment":"scroll","background-type":"","background-media":"","overlay-type":"","overlay-color":"","overlay-opacity":"","overlay-gradient":""},"tablet":{"background-color":"","background-image":"","background-repeat":"repeat","background-position":"center center","background-size":"auto","background-attachment":"scroll","background-type":"","background-media":"","overlay-type":"","overlay-color":"","overlay-opacity":"","overlay-gradient":""},"mobile":{"background-color":"","background-image":"","background-repeat":"repeat","background-position":"center center","background-size":"auto","background-attachment":"scroll","background-type":"","background-media":"","overlay-type":"","overlay-color":"","overlay-opacity":"","overlay-gradient":""}},"ast-content-background-meta":{"desktop":{"background-color":"var(--ast-global-color-5)","background-image":"","background-repeat":"repeat","background-position":"center center","background-size":"auto","background-attachment":"scroll","background-type":"","background-media":"","overlay-type":"","overlay-color":"","overlay-opacity":"","overlay-gradient":""},"tablet":{"background-color":"var(--ast-global-color-5)","background-image":"","background-repeat":"repeat","background-position":"center center","background-size":"auto","background-attachment":"scroll","background-type":"","background-media":"","overlay-type":"","overlay-color":"","overlay-opacity":"","overlay-gradient":""},"mobile":{"background-color":"var(--ast-global-color-5)","background-image":"","background-repeat":"repeat","background-position":"center center","background-size":"auto","background-attachment":"scroll","background-type":"","background-media":"","overlay-type":"","overlay-color":"","overlay-opacity":"","overlay-gradient":""}}},"product_brand":[],"product_cat":[30],"product_tag":[],"class_list":{"0":"post-1832","1":"product","2":"type-product","3":"status-publish","4":"has-post-thumbnail","6":"product_cat-02-wholeapple-slow-juicer","7":"desktop-align-left","8":"tablet-align-left","9":"mobile-align-left","10":"ast-product-gallery-layout-horizontal-slider","11":"ast-product-gallery-with-no-image","12":"ast-product-tabs-layout-vertical","13":"ast-qv-on-image","15":"first","16":"instock","17":"shipping-taxable","18":"product-type-simple"},"uagb_featured_image_src":{"full":["https:\/\/anmir.com.cn\/wp-content\/uploads\/2024\/11\/AMR8825.jpg",800,800,false],"thumbnail":["https:\/\/anmir.com.cn\/wp-content\/uploads\/2024\/11\/AMR8825-150x150.jpg",150,150,true],"medium":["https:\/\/anmir.com.cn\/wp-content\/uploads\/2024\/11\/AMR8825-300x300.jpg",300,300,true],"medium_large":["https:\/\/anmir.com.cn\/wp-content\/uploads\/2024\/11\/AMR8825-768x768.jpg",768,768,true],"large":["https:\/\/anmir.com.cn\/wp-content\/uploads\/2024\/11\/AMR8825.jpg",800,800,false],"1536x1536":["https:\/\/anmir.com.cn\/wp-content\/uploads\/2024\/11\/AMR8825.jpg",800,800,false],"2048x2048":["https:\/\/anmir.com.cn\/wp-content\/uploads\/2024\/11\/AMR8825.jpg",800,800,false],"trp-custom-language-flag":["https:\/\/anmir.com.cn\/wp-content\/uploads\/2024\/11\/AMR8825.jpg",12,12,false],"woocommerce_thumbnail":["https:\/\/anmir.com.cn\/wp-content\/uploads\/2024\/11\/AMR8825-300x300.jpg",300,300,true],"woocommerce_single":["https:\/\/anmir.com.cn\/wp-content\/uploads\/2024\/11\/AMR8825-600x600.jpg",600,600,true],"woocommerce_gallery_thumbnail":["https:\/\/anmir.com.cn\/wp-content\/uploads\/2024\/11\/AMR8825-100x100.jpg",100,100,true]},"uagb_author_info":{"display_name":"daniel@anmir.com.cn","author_link":"https:\/\/anmir.com.cn\/fr\/author\/"},"uagb_comment_info":0,"uagb_excerpt":"Model NO.:AMR8825 220-240V~50\/60Hz 200W \u00b7Whole Fruit,Whole Taste An extra-wide 8cm feeding inlet for juicing whole fruits and vegetables \u00b7Slow speed screw type to keep nutrition of the juice \u00b7LED display,IMD button,stainless steel body \u00b7200W heavy duty powful motor that has long continuous working time(10mins) \u00b7Reverse function to avoid stuck \u00b7High juice extracting rate \u00b7Low noise\u2026","_links":{"self":[{"href":"https:\/\/anmir.com.cn\/fr\/wp-json\/wp\/v2\/product\/1832","targetHints":{"allow":["GET"]}}],"collection":[{"href":"https:\/\/anmir.com.cn\/fr\/wp-json\/wp\/v2\/product"}],"about":[{"href":"https:\/\/anmir.com.cn\/fr\/wp-json\/wp\/v2\/types\/product"}],"wp:featuredmedia":[{"embeddable":true,"href":"https:\/\/anmir.com.cn\/fr\/wp-json\/wp\/v2\/media\/1833"}],"wp:attachment":[{"href":"https:\/\/anmir.com.cn\/fr\/wp-json\/wp\/v2\/media?parent=1832"}],"wp:term":[{"taxonomy":"product_brand","embeddable":true,"href":"https:\/\/anmir.com.cn\/fr\/wp-json\/wp\/v2\/product_brand?post=1832"},{"taxonomy":"product_cat","embeddable":true,"href":"https:\/\/anmir.com.cn\/fr\/wp-json\/wp\/v2\/product_cat?post=1832"},{"taxonomy":"product_tag","embeddable":true,"href":"https:\/\/anmir.com.cn\/fr\/wp-json\/wp\/v2\/product_tag?post=1832"}],"curies":[{"name":"wp","href":"https:\/\/api.w.org\/{rel}","templated":true}]}}