{"id":1840,"date":"2024-11-09T00:04:09","date_gmt":"2024-11-09T00:04:09","guid":{"rendered":"https:\/\/anmir.com.cn\/?post_type=product&#038;p=1840"},"modified":"2025-02-25T18:46:54","modified_gmt":"2025-02-26T01:46:54","slug":"js8301","status":"publish","type":"product","link":"https:\/\/anmir.com.cn\/fr\/products\/02-wholeapple-slow-juicer\/js8301\/","title":{"rendered":"JS8301"},"content":{"rendered":"<table style=\"border-collapse: collapse; width: 573.02pt;\" border=\"0\" width=\"764\" cellspacing=\"0\" cellpadding=\"0\">\n<tbody>\n<tr style=\"height: 150.00pt;\">\n<td class=\"et3\" style=\"height: 150.00pt; width: 573.00pt;\" width=\"764\" height=\"200\">\n<h6>Mod\u00e8le n\u00b0 : JS8301<\/h6>\n<h6>220-240V~50\/60Hz 100W<\/h6>\n<p><img fetchpriority=\"high\" decoding=\"async\" class=\"alignnone size-medium wp-image-3252\" src=\"https:\/\/anmir.com.cn\/wp-content\/uploads\/2025\/02\/JS8301\u8c61\u7259\u767d-300x300.jpg\" alt=\"\" width=\"300\" height=\"300\" title=\"\" srcset=\"https:\/\/anmir.com.cn\/wp-content\/uploads\/2025\/02\/JS8301\u8c61\u7259\u767d-300x300.jpg 300w, https:\/\/anmir.com.cn\/wp-content\/uploads\/2025\/02\/JS8301\u8c61\u7259\u767d-150x150.jpg 150w, https:\/\/anmir.com.cn\/wp-content\/uploads\/2025\/02\/JS8301\u8c61\u7259\u767d-768x768.jpg 768w, https:\/\/anmir.com.cn\/wp-content\/uploads\/2025\/02\/JS8301\u8c61\u7259\u767d-600x600.jpg 600w, https:\/\/anmir.com.cn\/wp-content\/uploads\/2025\/02\/JS8301\u8c61\u7259\u767d-100x100.jpg 100w, https:\/\/anmir.com.cn\/wp-content\/uploads\/2025\/02\/JS8301\u8c61\u7259\u767d.jpg 800w\" sizes=\"(max-width: 300px) 100vw, 300px\" \/><img decoding=\"async\" class=\"alignnone size-medium wp-image-1841\" src=\"https:\/\/anmir.com.cn\/wp-content\/uploads\/2024\/11\/JS8301-300x300.jpg\" alt=\"Anmir JS8301 WholeApple Slow Juicer\" width=\"300\" height=\"300\" title=\"\" srcset=\"https:\/\/anmir.com.cn\/wp-content\/uploads\/2024\/11\/JS8301-300x300.jpg 300w, https:\/\/anmir.com.cn\/wp-content\/uploads\/2024\/11\/JS8301-150x150.jpg 150w, https:\/\/anmir.com.cn\/wp-content\/uploads\/2024\/11\/JS8301-768x768.jpg 768w, https:\/\/anmir.com.cn\/wp-content\/uploads\/2024\/11\/JS8301-600x600.jpg 600w, https:\/\/anmir.com.cn\/wp-content\/uploads\/2024\/11\/JS8301-100x100.jpg 100w, https:\/\/anmir.com.cn\/wp-content\/uploads\/2024\/11\/JS8301.jpg 800w\" sizes=\"(max-width: 300px) 100vw, 300px\" \/><\/p>\n<p>\u00b7Propre brevet pour syst\u00e8me d&#039;extraction de jus \u00e0 vis<br \/>\n\u00b7Vitesse, 40-60 tr\/min<br \/>\n\u00b7 Moteur \u00e0 courant continu de 100 W offrant une longue dur\u00e9e de fonctionnement continu<br \/>\n\u00b7Vitesse : marche avant-arr\u00eat-marche arri\u00e8re<br \/>\n\u00b7Taux d\u2019extraction de jus \u00e9lev\u00e9<br \/>\n\u00b7Faible niveau de bruit inf\u00e9rieur \u00e0 65 dB, vibrations r\u00e9duites<br \/>\n\u00b7Cr\u00e9pine SUS<br \/>\n\u00b7Avec deux tasses, tasse \u00e0 jus : 600 ml, tasse \u00e0 pulpe : 900 ml, r\u00e9cipient \u00e0 pulpe int\u00e9gr\u00e9<br \/>\n\u00b7Protection de s\u00e9curit\u00e9 contre la surchauffe<br \/>\n\u00b7Retirez facilement les pi\u00e8ces pour les nettoyer<br \/>\n\u00b7Levier de commutation moul\u00e9 sous pression pour contr\u00f4ler la fonction anti-goutte<br \/>\n\u00b7Diam\u00e8tre de la goulotte d&#039;alimentation 13CM<br \/>\n\u00b7Longueur du cordon d&#039;alimentation hors appareil : 1,0 m<\/td>\n<\/tr>\n<\/tbody>\n<\/table>","protected":false},"excerpt":{"rendered":"<p>Model NO.:JS8301 220-240V~50\/60Hz 100W \u00b7Own patent for screw juicing system \u00b7Speed,40-60rpm\/Min \u00b7100W DC motor that has long continious working time \u00b7Speeds:Forward-off-reverse \u00b7High juice extracting rate \u00b7Low noise level less than 65db,lower vibration \u00b7SUS strainer \u00b7With two cups,Juice cup:600ml Pulp cup:900ml,Build in pulp contianer \u00b7Safety protection of overheating \u00b7Easily take out the parts to clean \u00b7Die [&hellip;]<\/p>\n","protected":false},"featured_media":1841,"template":"","meta":{"_uag_custom_page_level_css":"","site-sidebar-layout":"default","site-content-layout":"","ast-site-content-layout":"default","site-content-style":"default","site-sidebar-style":"default","ast-global-header-display":"","ast-banner-title-visibility":"","ast-main-header-display":"","ast-hfb-above-header-display":"","ast-hfb-below-header-display":"","ast-hfb-mobile-header-display":"","site-post-title":"","ast-breadcrumbs-content":"","ast-featured-img":"","footer-sml-layout":"","ast-disable-related-posts":"","theme-transparent-header-meta":"default","adv-header-id-meta":"","stick-header-meta":"default","header-above-stick-meta":"","header-main-stick-meta":"","header-below-stick-meta":"","astra-migrate-meta-layouts":"set","ast-page-background-enabled":"default","ast-page-background-meta":{"desktop":{"background-color":"","background-image":"","background-repeat":"repeat","background-position":"center center","background-size":"auto","background-attachment":"scroll","background-type":"","background-media":"","overlay-type":"","overlay-color":"","overlay-opacity":"","overlay-gradient":""},"tablet":{"background-color":"","background-image":"","background-repeat":"repeat","background-position":"center center","background-size":"auto","background-attachment":"scroll","background-type":"","background-media":"","overlay-type":"","overlay-color":"","overlay-opacity":"","overlay-gradient":""},"mobile":{"background-color":"","background-image":"","background-repeat":"repeat","background-position":"center center","background-size":"auto","background-attachment":"scroll","background-type":"","background-media":"","overlay-type":"","overlay-color":"","overlay-opacity":"","overlay-gradient":""}},"ast-content-background-meta":{"desktop":{"background-color":"var(--ast-global-color-5)","background-image":"","background-repeat":"repeat","background-position":"center center","background-size":"auto","background-attachment":"scroll","background-type":"","background-media":"","overlay-type":"","overlay-color":"","overlay-opacity":"","overlay-gradient":""},"tablet":{"background-color":"var(--ast-global-color-5)","background-image":"","background-repeat":"repeat","background-position":"center center","background-size":"auto","background-attachment":"scroll","background-type":"","background-media":"","overlay-type":"","overlay-color":"","overlay-opacity":"","overlay-gradient":""},"mobile":{"background-color":"var(--ast-global-color-5)","background-image":"","background-repeat":"repeat","background-position":"center center","background-size":"auto","background-attachment":"scroll","background-type":"","background-media":"","overlay-type":"","overlay-color":"","overlay-opacity":"","overlay-gradient":""}}},"product_brand":[],"product_cat":[30],"product_tag":[],"class_list":{"0":"post-1840","1":"product","2":"type-product","3":"status-publish","4":"has-post-thumbnail","6":"product_cat-02-wholeapple-slow-juicer","7":"desktop-align-left","8":"tablet-align-left","9":"mobile-align-left","10":"ast-product-gallery-layout-horizontal-slider","11":"ast-product-gallery-with-no-image","12":"ast-product-tabs-layout-vertical","13":"ast-qv-on-image","15":"first","16":"instock","17":"shipping-taxable","18":"product-type-simple"},"uagb_featured_image_src":{"full":["https:\/\/anmir.com.cn\/wp-content\/uploads\/2024\/11\/JS8301.jpg",800,800,false],"thumbnail":["https:\/\/anmir.com.cn\/wp-content\/uploads\/2024\/11\/JS8301-150x150.jpg",150,150,true],"medium":["https:\/\/anmir.com.cn\/wp-content\/uploads\/2024\/11\/JS8301-300x300.jpg",300,300,true],"medium_large":["https:\/\/anmir.com.cn\/wp-content\/uploads\/2024\/11\/JS8301-768x768.jpg",768,768,true],"large":["https:\/\/anmir.com.cn\/wp-content\/uploads\/2024\/11\/JS8301.jpg",800,800,false],"1536x1536":["https:\/\/anmir.com.cn\/wp-content\/uploads\/2024\/11\/JS8301.jpg",800,800,false],"2048x2048":["https:\/\/anmir.com.cn\/wp-content\/uploads\/2024\/11\/JS8301.jpg",800,800,false],"trp-custom-language-flag":["https:\/\/anmir.com.cn\/wp-content\/uploads\/2024\/11\/JS8301.jpg",12,12,false],"woocommerce_thumbnail":["https:\/\/anmir.com.cn\/wp-content\/uploads\/2024\/11\/JS8301-300x300.jpg",300,300,true],"woocommerce_single":["https:\/\/anmir.com.cn\/wp-content\/uploads\/2024\/11\/JS8301-600x600.jpg",600,600,true],"woocommerce_gallery_thumbnail":["https:\/\/anmir.com.cn\/wp-content\/uploads\/2024\/11\/JS8301-100x100.jpg",100,100,true]},"uagb_author_info":{"display_name":"daniel@anmir.com.cn","author_link":"https:\/\/anmir.com.cn\/fr\/author\/"},"uagb_comment_info":0,"uagb_excerpt":"Model NO.:JS8301 220-240V~50\/60Hz 100W \u00b7Own patent for screw juicing system \u00b7Speed,40-60rpm\/Min \u00b7100W DC motor that has long continious working time \u00b7Speeds:Forward-off-reverse \u00b7High juice extracting rate \u00b7Low noise level less than 65db,lower vibration \u00b7SUS strainer \u00b7With two cups,Juice cup:600ml Pulp cup:900ml,Build in pulp contianer \u00b7Safety protection of overheating \u00b7Easily take out the parts to clean \u00b7Die\u2026","_links":{"self":[{"href":"https:\/\/anmir.com.cn\/fr\/wp-json\/wp\/v2\/product\/1840","targetHints":{"allow":["GET"]}}],"collection":[{"href":"https:\/\/anmir.com.cn\/fr\/wp-json\/wp\/v2\/product"}],"about":[{"href":"https:\/\/anmir.com.cn\/fr\/wp-json\/wp\/v2\/types\/product"}],"wp:featuredmedia":[{"embeddable":true,"href":"https:\/\/anmir.com.cn\/fr\/wp-json\/wp\/v2\/media\/1841"}],"wp:attachment":[{"href":"https:\/\/anmir.com.cn\/fr\/wp-json\/wp\/v2\/media?parent=1840"}],"wp:term":[{"taxonomy":"product_brand","embeddable":true,"href":"https:\/\/anmir.com.cn\/fr\/wp-json\/wp\/v2\/product_brand?post=1840"},{"taxonomy":"product_cat","embeddable":true,"href":"https:\/\/anmir.com.cn\/fr\/wp-json\/wp\/v2\/product_cat?post=1840"},{"taxonomy":"product_tag","embeddable":true,"href":"https:\/\/anmir.com.cn\/fr\/wp-json\/wp\/v2\/product_tag?post=1840"}],"curies":[{"name":"wp","href":"https:\/\/api.w.org\/{rel}","templated":true}]}}