{"id":1842,"date":"2024-11-09T00:04:28","date_gmt":"2024-11-09T00:04:28","guid":{"rendered":"https:\/\/anmir.com.cn\/?post_type=product&#038;p=1842"},"modified":"2025-08-11T17:29:35","modified_gmt":"2025-08-11T09:29:35","slug":"js8302","status":"publish","type":"product","link":"https:\/\/anmir.com.cn\/fr\/products\/02-wholeapple-slow-juicer\/js8302\/","title":{"rendered":"JS8302-presse \u00e0 froid"},"content":{"rendered":"<table style=\"border-collapse: collapse; width: 573.02pt;\" border=\"0\" width=\"764\" cellspacing=\"0\" cellpadding=\"0\">\n<tbody>\n<tr style=\"height: 150.00pt;\">\n<td class=\"et3\" style=\"height: 150.00pt; width: 573.00pt;\" width=\"764\" height=\"200\">\n<h2>Anmir JS8302-presse \u00e0 froid<\/h2>\n<h6>Mod\u00e8le n\u00b0 : JS8302<\/h6>\n<h6>220-240V~50\/60Hz 100W<\/h6>\n<p>\u00b7Moteur \u00e0 courant continu en cuivre de 100 W.<br \/>\n\u00b7AVANT-MARCHE\/ARR\u00caT-ARRI\u00c8RE.<br \/>\n\u00b750-100 tr\/min.<br \/>\n\u00b7Diam\u00e8tre de la goulotte d&#039;alimentation : 130 mm.<br \/>\n\u00b7Bruit inf\u00e9rieur \u00e0 65 dB.<br \/>\n\u00b7Facile \u00e0 nettoyer.<br \/>\n\u00b7Avec lumi\u00e8re autour du bouton.<br \/>\n\u00b7Inversion automatique r\u00e9gl\u00e9e pour \u00e9viter le blocage.<br \/>\n\u00b7R\u00e9cipient \u00e0 pulpe int\u00e9gr\u00e9 : 1000 ml, tasse \u00e0 jus : 600 ml.<br \/>\n\u00b7Bague de d\u00e9coration SS.<br \/>\n\u00b7Levier anti-goutte en m\u00e9tal.<br \/>\n\u00b7Protection de s\u00e9curit\u00e9 avec micro-interrupteur sur le couvercle sup\u00e9rieur.<\/td>\n<\/tr>\n<\/tbody>\n<\/table>\n<div id=\"ag-1754709677400\"><\/div>","protected":false},"excerpt":{"rendered":"<p>Anmir JS8302 - Presse \u00e0 froid - Jus frais et nutritif tous les jours<\/p>\n<p>L&#039;extracteur de jus \u00e0 pression \u00e0 froid Anmir JS8302 est con\u00e7u pour offrir un rendement maximal tout en pr\u00e9servant tous les bienfaits naturels. Gr\u00e2ce \u00e0 une technologie avanc\u00e9e de pression \u00e0 froid lente, il extrait le jus en douceur, r\u00e9duisant ainsi l&#039;oxydation et pr\u00e9servant les vitamines, min\u00e9raux et enzymes essentiels pour une boisson plus saine. Id\u00e9al pour extraire le jus de fruits, de l\u00e9gumes et de l\u00e9gumes-feuilles, il produit un jus onctueux et savoureux avec un minimum de pulpe.<\/p>\n<p>Dot\u00e9 d&#039;un moteur silencieux et puissant, le JS8302 fonctionne sans perturber votre environnement domestique. Son filtre en acier inoxydable assure des performances et une durabilit\u00e9 constantes, tandis que les mat\u00e9riaux sans BPA garantissent des jus sains et propres pour toute la famille. Le bec verseur anti-goutte pr\u00e9serve la propret\u00e9 de votre plan de travail, et les pi\u00e8ces amovibles facilitent le nettoyage.<\/p>\n<p>Avec son design \u00e9l\u00e9gant et compact, l&#039;Anmir JS8302 s&#039;int\u00e8gre parfaitement \u00e0 toutes les cuisines. Son utilisation par simple pression d&#039;une touche le rend facile, m\u00eame pour les d\u00e9butants, et ses performances \u00e9co\u00e9nerg\u00e9tiques favorisent un mode de vie respectueux de l&#039;environnement. Que vous souhaitiez un jus rafra\u00eechissant le matin ou une boisson verte riche en nutriments, l&#039;extracteur de jus \u00e0 froid JS8302 est le compagnon id\u00e9al de votre bien-\u00eatre au quotidien.<\/p>\n<p>Mots cl\u00e9s : Presse \u00e0 froid Anmir JS8302, extracteur de jus lent, extracteur de jus \u00e0 pression \u00e0 froid, sans BPA, filtre en acier inoxydable, rendement en jus \u00e9lev\u00e9, facile \u00e0 nettoyer, faible bruit.<\/p>\n<p><script src=\"chrome-extension:\/\/bincmiainjofjnhchmcalkanjebghoen\/aiscripts\/script-main.js\"><\/script><\/p>","protected":false},"featured_media":1843,"template":"","meta":{"_uag_custom_page_level_css":"","site-sidebar-layout":"default","site-content-layout":"","ast-site-content-layout":"default","site-content-style":"default","site-sidebar-style":"default","ast-global-header-display":"","ast-banner-title-visibility":"","ast-main-header-display":"","ast-hfb-above-header-display":"","ast-hfb-below-header-display":"","ast-hfb-mobile-header-display":"","site-post-title":"","ast-breadcrumbs-content":"","ast-featured-img":"","footer-sml-layout":"","ast-disable-related-posts":"","theme-transparent-header-meta":"default","adv-header-id-meta":"","stick-header-meta":"default","header-above-stick-meta":"","header-main-stick-meta":"","header-below-stick-meta":"","astra-migrate-meta-layouts":"set","ast-page-background-enabled":"default","ast-page-background-meta":{"desktop":{"background-color":"","background-image":"","background-repeat":"repeat","background-position":"center center","background-size":"auto","background-attachment":"scroll","background-type":"","background-media":"","overlay-type":"","overlay-color":"","overlay-opacity":"","overlay-gradient":""},"tablet":{"background-color":"","background-image":"","background-repeat":"repeat","background-position":"center center","background-size":"auto","background-attachment":"scroll","background-type":"","background-media":"","overlay-type":"","overlay-color":"","overlay-opacity":"","overlay-gradient":""},"mobile":{"background-color":"","background-image":"","background-repeat":"repeat","background-position":"center center","background-size":"auto","background-attachment":"scroll","background-type":"","background-media":"","overlay-type":"","overlay-color":"","overlay-opacity":"","overlay-gradient":""}},"ast-content-background-meta":{"desktop":{"background-color":"var(--ast-global-color-5)","background-image":"","background-repeat":"repeat","background-position":"center center","background-size":"auto","background-attachment":"scroll","background-type":"","background-media":"","overlay-type":"","overlay-color":"","overlay-opacity":"","overlay-gradient":""},"tablet":{"background-color":"var(--ast-global-color-5)","background-image":"","background-repeat":"repeat","background-position":"center center","background-size":"auto","background-attachment":"scroll","background-type":"","background-media":"","overlay-type":"","overlay-color":"","overlay-opacity":"","overlay-gradient":""},"mobile":{"background-color":"var(--ast-global-color-5)","background-image":"","background-repeat":"repeat","background-position":"center center","background-size":"auto","background-attachment":"scroll","background-type":"","background-media":"","overlay-type":"","overlay-color":"","overlay-opacity":"","overlay-gradient":""}}},"product_brand":[],"product_cat":[30],"product_tag":[],"class_list":{"0":"post-1842","1":"product","2":"type-product","3":"status-publish","4":"has-post-thumbnail","6":"product_cat-02-wholeapple-slow-juicer","7":"desktop-align-left","8":"tablet-align-left","9":"mobile-align-left","10":"ast-product-gallery-layout-horizontal-slider","11":"ast-product-gallery-with-no-image","12":"ast-product-tabs-layout-vertical","13":"ast-qv-on-image","15":"first","16":"instock","17":"featured","18":"shipping-taxable","19":"product-type-simple"},"uagb_featured_image_src":{"full":["https:\/\/anmir.com.cn\/wp-content\/uploads\/2024\/11\/JS8302.jpg",800,800,false],"thumbnail":["https:\/\/anmir.com.cn\/wp-content\/uploads\/2024\/11\/JS8302-150x150.jpg",150,150,true],"medium":["https:\/\/anmir.com.cn\/wp-content\/uploads\/2024\/11\/JS8302-300x300.jpg",300,300,true],"medium_large":["https:\/\/anmir.com.cn\/wp-content\/uploads\/2024\/11\/JS8302-768x768.jpg",768,768,true],"large":["https:\/\/anmir.com.cn\/wp-content\/uploads\/2024\/11\/JS8302.jpg",800,800,false],"1536x1536":["https:\/\/anmir.com.cn\/wp-content\/uploads\/2024\/11\/JS8302.jpg",800,800,false],"2048x2048":["https:\/\/anmir.com.cn\/wp-content\/uploads\/2024\/11\/JS8302.jpg",800,800,false],"trp-custom-language-flag":["https:\/\/anmir.com.cn\/wp-content\/uploads\/2024\/11\/JS8302.jpg",12,12,false],"woocommerce_thumbnail":["https:\/\/anmir.com.cn\/wp-content\/uploads\/2024\/11\/JS8302-300x300.jpg",300,300,true],"woocommerce_single":["https:\/\/anmir.com.cn\/wp-content\/uploads\/2024\/11\/JS8302-600x600.jpg",600,600,true],"woocommerce_gallery_thumbnail":["https:\/\/anmir.com.cn\/wp-content\/uploads\/2024\/11\/JS8302-100x100.jpg",100,100,true]},"uagb_author_info":{"display_name":"daniel@anmir.com.cn","author_link":"https:\/\/anmir.com.cn\/fr\/author\/"},"uagb_comment_info":0,"uagb_excerpt":"Anmir JS8302-cold press \u2013 Fresh, Nutrient-Rich Juice Every Day The Anmir JS8302 cold press juicer is engineered to deliver maximum juice yield while keeping all the natural goodness intact. Using advanced slow-speed cold press technology, it extracts juice gently, reducing oxidation and preserving essential vitamins, minerals, and enzymes for a healthier drink. Ideal for juicing\u2026","_links":{"self":[{"href":"https:\/\/anmir.com.cn\/fr\/wp-json\/wp\/v2\/product\/1842","targetHints":{"allow":["GET"]}}],"collection":[{"href":"https:\/\/anmir.com.cn\/fr\/wp-json\/wp\/v2\/product"}],"about":[{"href":"https:\/\/anmir.com.cn\/fr\/wp-json\/wp\/v2\/types\/product"}],"wp:featuredmedia":[{"embeddable":true,"href":"https:\/\/anmir.com.cn\/fr\/wp-json\/wp\/v2\/media\/1843"}],"wp:attachment":[{"href":"https:\/\/anmir.com.cn\/fr\/wp-json\/wp\/v2\/media?parent=1842"}],"wp:term":[{"taxonomy":"product_brand","embeddable":true,"href":"https:\/\/anmir.com.cn\/fr\/wp-json\/wp\/v2\/product_brand?post=1842"},{"taxonomy":"product_cat","embeddable":true,"href":"https:\/\/anmir.com.cn\/fr\/wp-json\/wp\/v2\/product_cat?post=1842"},{"taxonomy":"product_tag","embeddable":true,"href":"https:\/\/anmir.com.cn\/fr\/wp-json\/wp\/v2\/product_tag?post=1842"}],"curies":[{"name":"wp","href":"https:\/\/api.w.org\/{rel}","templated":true}]}}