{"id":1844,"date":"2024-11-09T00:04:44","date_gmt":"2024-11-09T00:04:44","guid":{"rendered":"https:\/\/anmir.com.cn\/?post_type=product&#038;p=1844"},"modified":"2025-02-25T18:46:52","modified_gmt":"2025-02-26T01:46:52","slug":"js8303","status":"publish","type":"product","link":"https:\/\/anmir.com.cn\/fr\/products\/02-wholeapple-slow-juicer\/js8303\/","title":{"rendered":"JS8303"},"content":{"rendered":"<table style=\"border-collapse: collapse; width: 573.02pt;\" border=\"0\" width=\"764\" cellspacing=\"0\" cellpadding=\"0\">\n<tbody>\n<tr style=\"height: 150.00pt;\">\n<td class=\"et3\" style=\"height: 150.00pt; width: 573.00pt;\" width=\"764\" height=\"200\">\n<h6>Mod\u00e8le n\u00b0 : JS8303<\/h6>\n<h6>220-240V~50\/60Hz 100W<\/h6>\n<p>\u00b7Moteur \u00e0 courant continu en cuivre de 100 W<br \/>\n\u00b7Panneau de commande tactile doux et color\u00e9<br \/>\n\u00b7Menu automatique de fruits rouges \/ fruits durs \/ m\u00e9lange de fruits \/ cr\u00e8me glac\u00e9e<br \/>\n\u00b750-100 tr\/min<br \/>\n\u00b7Diam\u00e8tre de la goulotte d&#039;alimentation : 130 mm<br \/>\n\u00b7Bruit inf\u00e9rieur \u00e0 65 dB<br \/>\n\u00b7Facile \u00e0 nettoyer<br \/>\n\u00b7Avec lumi\u00e8re autour du bouton<br \/>\n\u00b7Inversion automatique r\u00e9gl\u00e9e pour \u00e9viter le blocage<br \/>\n\u00b7R\u00e9cipient \u00e0 pulpe int\u00e9gr\u00e9 : 1000 ml, tasse \u00e0 jus : 600 ml<br \/>\n\u00b7Bague de d\u00e9coration SS<br \/>\n\u00b7Levier anti-goutte en m\u00e9tal<br \/>\n\u00b7Protection de s\u00e9curit\u00e9 avec micro-interrupteur sur le couvercle sup\u00e9rieur<\/td>\n<\/tr>\n<\/tbody>\n<\/table>","protected":false},"excerpt":{"rendered":"<p>Model NO.:JS8303 220-240V~50\/60Hz 100W \u00b7100W copper DC motor \u00b7Colorful soft touch control board \u00b7Auto menu of soft fruit \/hard fruit\/Mixing fruit \/lce cream \u00b750-100RPM \u00b7Feeding chute diameter size:130mm \u00b7Noise less than 65db \u00b7Easy to clean \u00b7With light around button \u00b7Auto reverse set to avoid stuck \u00b7Built-in Pulp container:1000ML,Juice cup:600ml \u00b7SS decoration ring \u00b7Metal anti-drip lever [&hellip;]<\/p>\n","protected":false},"featured_media":1845,"template":"","meta":{"_uag_custom_page_level_css":"","site-sidebar-layout":"default","site-content-layout":"","ast-site-content-layout":"default","site-content-style":"default","site-sidebar-style":"default","ast-global-header-display":"","ast-banner-title-visibility":"","ast-main-header-display":"","ast-hfb-above-header-display":"","ast-hfb-below-header-display":"","ast-hfb-mobile-header-display":"","site-post-title":"","ast-breadcrumbs-content":"","ast-featured-img":"","footer-sml-layout":"","ast-disable-related-posts":"","theme-transparent-header-meta":"default","adv-header-id-meta":"","stick-header-meta":"","header-above-stick-meta":"","header-main-stick-meta":"","header-below-stick-meta":"","astra-migrate-meta-layouts":"set","ast-page-background-enabled":"default","ast-page-background-meta":{"desktop":{"background-color":"","background-image":"","background-repeat":"repeat","background-position":"center center","background-size":"auto","background-attachment":"scroll","background-type":"","background-media":"","overlay-type":"","overlay-color":"","overlay-opacity":"","overlay-gradient":""},"tablet":{"background-color":"","background-image":"","background-repeat":"repeat","background-position":"center center","background-size":"auto","background-attachment":"scroll","background-type":"","background-media":"","overlay-type":"","overlay-color":"","overlay-opacity":"","overlay-gradient":""},"mobile":{"background-color":"","background-image":"","background-repeat":"repeat","background-position":"center center","background-size":"auto","background-attachment":"scroll","background-type":"","background-media":"","overlay-type":"","overlay-color":"","overlay-opacity":"","overlay-gradient":""}},"ast-content-background-meta":{"desktop":{"background-color":"var(--ast-global-color-5)","background-image":"","background-repeat":"repeat","background-position":"center center","background-size":"auto","background-attachment":"scroll","background-type":"","background-media":"","overlay-type":"","overlay-color":"","overlay-opacity":"","overlay-gradient":""},"tablet":{"background-color":"var(--ast-global-color-5)","background-image":"","background-repeat":"repeat","background-position":"center center","background-size":"auto","background-attachment":"scroll","background-type":"","background-media":"","overlay-type":"","overlay-color":"","overlay-opacity":"","overlay-gradient":""},"mobile":{"background-color":"var(--ast-global-color-5)","background-image":"","background-repeat":"repeat","background-position":"center center","background-size":"auto","background-attachment":"scroll","background-type":"","background-media":"","overlay-type":"","overlay-color":"","overlay-opacity":"","overlay-gradient":""}}},"product_brand":[],"product_cat":[30],"product_tag":[],"class_list":{"0":"post-1844","1":"product","2":"type-product","3":"status-publish","4":"has-post-thumbnail","6":"product_cat-02-wholeapple-slow-juicer","7":"desktop-align-left","8":"tablet-align-left","9":"mobile-align-left","10":"ast-product-gallery-layout-horizontal-slider","11":"ast-product-gallery-with-no-image","12":"ast-product-tabs-layout-vertical","13":"ast-qv-on-image","15":"first","16":"instock","17":"shipping-taxable","18":"product-type-simple"},"uagb_featured_image_src":{"full":["https:\/\/anmir.com.cn\/wp-content\/uploads\/2024\/11\/JS8303.jpg",800,800,false],"thumbnail":["https:\/\/anmir.com.cn\/wp-content\/uploads\/2024\/11\/JS8303-150x150.jpg",150,150,true],"medium":["https:\/\/anmir.com.cn\/wp-content\/uploads\/2024\/11\/JS8303-300x300.jpg",300,300,true],"medium_large":["https:\/\/anmir.com.cn\/wp-content\/uploads\/2024\/11\/JS8303-768x768.jpg",768,768,true],"large":["https:\/\/anmir.com.cn\/wp-content\/uploads\/2024\/11\/JS8303.jpg",800,800,false],"1536x1536":["https:\/\/anmir.com.cn\/wp-content\/uploads\/2024\/11\/JS8303.jpg",800,800,false],"2048x2048":["https:\/\/anmir.com.cn\/wp-content\/uploads\/2024\/11\/JS8303.jpg",800,800,false],"trp-custom-language-flag":["https:\/\/anmir.com.cn\/wp-content\/uploads\/2024\/11\/JS8303.jpg",12,12,false],"woocommerce_thumbnail":["https:\/\/anmir.com.cn\/wp-content\/uploads\/2024\/11\/JS8303-300x300.jpg",300,300,true],"woocommerce_single":["https:\/\/anmir.com.cn\/wp-content\/uploads\/2024\/11\/JS8303-600x600.jpg",600,600,true],"woocommerce_gallery_thumbnail":["https:\/\/anmir.com.cn\/wp-content\/uploads\/2024\/11\/JS8303-100x100.jpg",100,100,true]},"uagb_author_info":{"display_name":"daniel@anmir.com.cn","author_link":"https:\/\/anmir.com.cn\/fr\/author\/"},"uagb_comment_info":0,"uagb_excerpt":"Model NO.:JS8303 220-240V~50\/60Hz 100W \u00b7100W copper DC motor \u00b7Colorful soft touch control board \u00b7Auto menu of soft fruit \/hard fruit\/Mixing fruit \/lce cream \u00b750-100RPM \u00b7Feeding chute diameter size:130mm \u00b7Noise less than 65db \u00b7Easy to clean \u00b7With light around button \u00b7Auto reverse set to avoid stuck \u00b7Built-in Pulp container:1000ML,Juice cup:600ml \u00b7SS decoration ring \u00b7Metal anti-drip lever\u2026","_links":{"self":[{"href":"https:\/\/anmir.com.cn\/fr\/wp-json\/wp\/v2\/product\/1844","targetHints":{"allow":["GET"]}}],"collection":[{"href":"https:\/\/anmir.com.cn\/fr\/wp-json\/wp\/v2\/product"}],"about":[{"href":"https:\/\/anmir.com.cn\/fr\/wp-json\/wp\/v2\/types\/product"}],"wp:featuredmedia":[{"embeddable":true,"href":"https:\/\/anmir.com.cn\/fr\/wp-json\/wp\/v2\/media\/1845"}],"wp:attachment":[{"href":"https:\/\/anmir.com.cn\/fr\/wp-json\/wp\/v2\/media?parent=1844"}],"wp:term":[{"taxonomy":"product_brand","embeddable":true,"href":"https:\/\/anmir.com.cn\/fr\/wp-json\/wp\/v2\/product_brand?post=1844"},{"taxonomy":"product_cat","embeddable":true,"href":"https:\/\/anmir.com.cn\/fr\/wp-json\/wp\/v2\/product_cat?post=1844"},{"taxonomy":"product_tag","embeddable":true,"href":"https:\/\/anmir.com.cn\/fr\/wp-json\/wp\/v2\/product_tag?post=1844"}],"curies":[{"name":"wp","href":"https:\/\/api.w.org\/{rel}","templated":true}]}}