{"id":1850,"date":"2024-11-09T00:08:27","date_gmt":"2024-11-09T00:08:27","guid":{"rendered":"https:\/\/anmir.com.cn\/?post_type=product&#038;p=1850"},"modified":"2025-08-12T08:21:06","modified_gmt":"2025-08-12T00:21:06","slug":"amr8801","status":"publish","type":"product","link":"https:\/\/anmir.com.cn\/fr\/products\/03-normal-slow-juicer\/amr8801\/","title":{"rendered":"AMR8801-Extracteur de jus \u00e0 mastication"},"content":{"rendered":"<table width=\"764\">\n<tbody>\n<tr>\n<td width=\"764\">\n<h6>Num\u00e9ro de mod\u00e8le\u00a0: AMR8801-Presse-agrumes \u00e0 mastication<\/h6>\n<h6>220-240V~50\/60Hz 120W<\/h6>\n<p>\u00b7Type de vis \u00e0 vitesse lente pour conserver la nutrition du jus<br \/>\n\u00b7R\u00e9duire l&#039;oxydation, avec un test parfait et frais<br \/>\n\u00b7Moteur \u00e0 courant continu avec une longue dur\u00e9e de fonctionnement continu (10 minutes)<br \/>\n\u00b7Fonction de marche arri\u00e8re pour \u00e9viter le blocage<br \/>\n\u00b7Taux d\u2019extraction de jus \u00e9lev\u00e9<br \/>\n\u00b7Faible niveau de bruit inf\u00e9rieur \u00e0 65 dB, vibrations r\u00e9duites<br \/>\n\u00b7Passoire en acier inoxydable avec petits trous pour tous types de fruits et l\u00e9gumesGrand tube d&#039;alimentation, avec deux tasses<br \/>\n\u00b7Protection de s\u00e9curit\u00e9<br \/>\n\u00b7Retirez facilement les pi\u00e8ces pour les nettoyer<br \/>\nQUANTIT\u00c9 DE CHARGE : 20DC : 700 pi\u00e8ces 40DC : 1400 pi\u00e8ces 40HQ : 1700 pi\u00e8ces<\/td>\n<\/tr>\n<\/tbody>\n<\/table>\n<div id=\"ag-1754957981590\"><\/div>","protected":false},"excerpt":{"rendered":"<p data-start=\"200\" data-end=\"290\"><strong data-start=\"200\" data-end=\"243\">Num\u00e9ro de mod\u00e8le : AMR8801 \u2013 Presse-agrumes \u00e0 mastication<\/strong><br data-start=\"243\" data-end=\"246\" \/><strong data-start=\"246\" data-end=\"264\">Sp\u00e9cification:<\/strong> 220\u2013240 V~ 50\/60 Hz, 120 W<\/p>\n<p data-start=\"292\" data-end=\"646\">L&#039;extracteur de jus \u00e0 mastication AMR8801 est con\u00e7u pour les utilisateurs soucieux de leur sant\u00e9 qui souhaitent profiter d&#039;un jus pur et d&#039;une valeur nutritive maximale. <strong data-start=\"429\" data-end=\"459\">m\u00e9canisme \u00e0 vis \u00e0 vitesse lente<\/strong>Il presse d\u00e9licatement les fruits et l\u00e9gumes pour pr\u00e9server leurs vitamines, min\u00e9raux et saveurs naturelles. Son extraction \u00e0 basse vitesse <strong data-start=\"579\" data-end=\"600\">r\u00e9duit l&#039;oxydation<\/strong>, assurant un go\u00fbt frais et riche dans chaque tasse.<\/p>\n<p data-start=\"648\" data-end=\"956\">Aliment\u00e9 par un durable <strong data-start=\"669\" data-end=\"681\">moteur \u00e0 courant continu<\/strong>, cette centrifugeuse offre <strong data-start=\"702\" data-end=\"746\">temps de travail continu jusqu&#039;\u00e0 10 minutes<\/strong> et dispose d&#039;un <strong data-start=\"762\" data-end=\"782\">fonction inverse<\/strong> pour \u00e9viter le colmatage. <strong data-start=\"808\" data-end=\"828\">rendement \u00e9lev\u00e9 en jus<\/strong> vous assure de tirer le meilleur parti de vos produits, tandis que <strong data-start=\"885\" data-end=\"915\">faible niveau de bruit inf\u00e9rieur \u00e0 65 dB<\/strong> maintient un fonctionnement silencieux et confortable.<\/p>\n<p data-start=\"958\" data-end=\"1357\">Equip\u00e9 d&#039;un <strong data-start=\"974\" data-end=\"1002\">cr\u00e9pine en acier inoxydable<\/strong> Avec ses trous fins, l&#039;AMR8801 convient \u00e0 tous les types de fruits et l\u00e9gumes. <strong data-start=\"1088\" data-end=\"1110\">grande sonde d&#039;alimentation<\/strong> facilite la pr\u00e9paration et deux tasses incluses vous permettent de recueillir le jus et la pulpe s\u00e9par\u00e9ment. <strong data-start=\"1207\" data-end=\"1228\">protection de s\u00e9curit\u00e9<\/strong>, faible vibration et <strong data-start=\"1249\" data-end=\"1283\">pi\u00e8ces d\u00e9tachables faciles \u00e0 nettoyer<\/strong>, ce presse-agrumes est \u00e0 la fois s\u00fbr et pratique, parfait pour une utilisation quotidienne \u00e0 la maison.<\/p>\n<p data-start=\"1359\" data-end=\"1438\">Profitez chaque jour de jus plus sains et plus frais avec l&#039;extracteur de jus \u00e0 mastication AMR8801.<\/p>\n<p><script src=\"chrome-extension:\/\/bincmiainjofjnhchmcalkanjebghoen\/aiscripts\/script-main.js\"><\/script><\/p>","protected":false},"featured_media":1851,"template":"","meta":{"_uag_custom_page_level_css":"","site-sidebar-layout":"default","site-content-layout":"","ast-site-content-layout":"default","site-content-style":"default","site-sidebar-style":"default","ast-global-header-display":"","ast-banner-title-visibility":"","ast-main-header-display":"","ast-hfb-above-header-display":"","ast-hfb-below-header-display":"","ast-hfb-mobile-header-display":"","site-post-title":"","ast-breadcrumbs-content":"","ast-featured-img":"","footer-sml-layout":"","ast-disable-related-posts":"","theme-transparent-header-meta":"default","adv-header-id-meta":"","stick-header-meta":"default","header-above-stick-meta":"","header-main-stick-meta":"","header-below-stick-meta":"","astra-migrate-meta-layouts":"set","ast-page-background-enabled":"default","ast-page-background-meta":{"desktop":{"background-color":"","background-image":"","background-repeat":"repeat","background-position":"center center","background-size":"auto","background-attachment":"scroll","background-type":"","background-media":"","overlay-type":"","overlay-color":"","overlay-opacity":"","overlay-gradient":""},"tablet":{"background-color":"","background-image":"","background-repeat":"repeat","background-position":"center center","background-size":"auto","background-attachment":"scroll","background-type":"","background-media":"","overlay-type":"","overlay-color":"","overlay-opacity":"","overlay-gradient":""},"mobile":{"background-color":"","background-image":"","background-repeat":"repeat","background-position":"center center","background-size":"auto","background-attachment":"scroll","background-type":"","background-media":"","overlay-type":"","overlay-color":"","overlay-opacity":"","overlay-gradient":""}},"ast-content-background-meta":{"desktop":{"background-color":"var(--ast-global-color-5)","background-image":"","background-repeat":"repeat","background-position":"center center","background-size":"auto","background-attachment":"scroll","background-type":"","background-media":"","overlay-type":"","overlay-color":"","overlay-opacity":"","overlay-gradient":""},"tablet":{"background-color":"var(--ast-global-color-5)","background-image":"","background-repeat":"repeat","background-position":"center center","background-size":"auto","background-attachment":"scroll","background-type":"","background-media":"","overlay-type":"","overlay-color":"","overlay-opacity":"","overlay-gradient":""},"mobile":{"background-color":"var(--ast-global-color-5)","background-image":"","background-repeat":"repeat","background-position":"center center","background-size":"auto","background-attachment":"scroll","background-type":"","background-media":"","overlay-type":"","overlay-color":"","overlay-opacity":"","overlay-gradient":""}}},"product_brand":[],"product_cat":[31],"product_tag":[],"class_list":{"0":"post-1850","1":"product","2":"type-product","3":"status-publish","4":"has-post-thumbnail","6":"product_cat-03-normal-slow-juicer","7":"desktop-align-left","8":"tablet-align-left","9":"mobile-align-left","10":"ast-product-gallery-layout-horizontal-slider","11":"ast-product-gallery-with-no-image","12":"ast-product-tabs-layout-vertical","13":"ast-qv-on-image","15":"first","16":"instock","17":"shipping-taxable","18":"product-type-simple"},"uagb_featured_image_src":{"full":["https:\/\/anmir.com.cn\/wp-content\/uploads\/2024\/11\/AMR8801.jpg",800,800,false],"thumbnail":["https:\/\/anmir.com.cn\/wp-content\/uploads\/2024\/11\/AMR8801-150x150.jpg",150,150,true],"medium":["https:\/\/anmir.com.cn\/wp-content\/uploads\/2024\/11\/AMR8801-300x300.jpg",300,300,true],"medium_large":["https:\/\/anmir.com.cn\/wp-content\/uploads\/2024\/11\/AMR8801-768x768.jpg",768,768,true],"large":["https:\/\/anmir.com.cn\/wp-content\/uploads\/2024\/11\/AMR8801.jpg",800,800,false],"1536x1536":["https:\/\/anmir.com.cn\/wp-content\/uploads\/2024\/11\/AMR8801.jpg",800,800,false],"2048x2048":["https:\/\/anmir.com.cn\/wp-content\/uploads\/2024\/11\/AMR8801.jpg",800,800,false],"trp-custom-language-flag":["https:\/\/anmir.com.cn\/wp-content\/uploads\/2024\/11\/AMR8801.jpg",12,12,false],"woocommerce_thumbnail":["https:\/\/anmir.com.cn\/wp-content\/uploads\/2024\/11\/AMR8801-300x300.jpg",300,300,true],"woocommerce_single":["https:\/\/anmir.com.cn\/wp-content\/uploads\/2024\/11\/AMR8801-600x600.jpg",600,600,true],"woocommerce_gallery_thumbnail":["https:\/\/anmir.com.cn\/wp-content\/uploads\/2024\/11\/AMR8801-100x100.jpg",100,100,true]},"uagb_author_info":{"display_name":"daniel@anmir.com.cn","author_link":"https:\/\/anmir.com.cn\/fr\/author\/"},"uagb_comment_info":0,"uagb_excerpt":"Model NO.: AMR8801 \u2013 Masticating JuicerSpecification: 220\u2013240V~ 50\/60Hz, 120W The AMR8801 Masticating Juicer is designed for health-conscious users who want to enjoy the purest juice with maximum nutrition. Using a slow-speed screw mechanism, it gently squeezes fruits and vegetables to preserve vitamins, minerals, and natural flavor. Its low-speed extraction reduces oxidation, ensuring a fresh, rich\u2026","_links":{"self":[{"href":"https:\/\/anmir.com.cn\/fr\/wp-json\/wp\/v2\/product\/1850","targetHints":{"allow":["GET"]}}],"collection":[{"href":"https:\/\/anmir.com.cn\/fr\/wp-json\/wp\/v2\/product"}],"about":[{"href":"https:\/\/anmir.com.cn\/fr\/wp-json\/wp\/v2\/types\/product"}],"wp:featuredmedia":[{"embeddable":true,"href":"https:\/\/anmir.com.cn\/fr\/wp-json\/wp\/v2\/media\/1851"}],"wp:attachment":[{"href":"https:\/\/anmir.com.cn\/fr\/wp-json\/wp\/v2\/media?parent=1850"}],"wp:term":[{"taxonomy":"product_brand","embeddable":true,"href":"https:\/\/anmir.com.cn\/fr\/wp-json\/wp\/v2\/product_brand?post=1850"},{"taxonomy":"product_cat","embeddable":true,"href":"https:\/\/anmir.com.cn\/fr\/wp-json\/wp\/v2\/product_cat?post=1850"},{"taxonomy":"product_tag","embeddable":true,"href":"https:\/\/anmir.com.cn\/fr\/wp-json\/wp\/v2\/product_tag?post=1850"}],"curies":[{"name":"wp","href":"https:\/\/api.w.org\/{rel}","templated":true}]}}