{"id":1858,"date":"2024-11-09T00:13:52","date_gmt":"2024-11-09T00:13:52","guid":{"rendered":"https:\/\/anmir.com.cn\/?post_type=product&#038;p=1858"},"modified":"2025-08-11T17:16:27","modified_gmt":"2025-08-11T09:16:27","slug":"js3102","status":"publish","type":"product","link":"https:\/\/anmir.com.cn\/fr\/products\/04-largefeeding-horizontal-slow-juicer\/js3102\/","title":{"rendered":"Extracteur de jus lent JS3102"},"content":{"rendered":"<table style=\"border-collapse: collapse; width: 573.02pt;\" border=\"0\" width=\"764\" cellspacing=\"0\" cellpadding=\"0\">\n<tbody>\n<tr style=\"height: 150.00pt;\">\n<td class=\"et3\" style=\"height: 150.00pt; width: 573.00pt;\" width=\"764\" height=\"200\">\n<h6>Mod\u00e8le n\u00b0\u00a0: JS3102\u00a0- Extracteur de jus lent<\/h6>\n<h6>220-240V 50\/60Hz 200W<\/h6>\n<p>\u00b7Design \u00e9l\u00e9gant et compact<br \/>\n\u00b7Accessoires d\u00e9tachables pour un nettoyage facile<br \/>\n\u00b7 Extraction lente du jus avec un meilleur go\u00fbt et une sensation de fra\u00eecheur<br \/>\n\u00b7Vitesse de travail de 80 \u00e0 115 tr\/min (Ko\u00a0:\u00a010\u00a0min)<br \/>\n\u00b7Conception \u00e0 faible bruit du moteur \u00e0 courant continu, moins de 65 dB<br \/>\n\u00b7Conception \u00e0 bouton-poussoir avec fonction d&#039;inversion pour \u00e9viter que les aliments ne se coincent<br \/>\n\u00b7Nouveau brevet Conception de grande bouche d&#039;alimentation de 75 mm pour une pomme enti\u00e8re<br \/>\n\u00b7Taux d\u2019extraction de jus \u00e9lev\u00e9<\/td>\n<\/tr>\n<\/tbody>\n<\/table>\n<div id=\"ag-1754903661804\"><\/div>","protected":false},"excerpt":{"rendered":"<p data-start=\"114\" data-end=\"177\"><strong data-start=\"114\" data-end=\"175\">Extracteur de jus lent JS3102 \u2013 Compact, silencieux et performant<\/strong><\/p>\n<p data-start=\"179\" data-end=\"553\">L&#039;extracteur de jus JS3102 est con\u00e7u pour ceux qui appr\u00e9cient les jus frais et nutritifs, ainsi qu&#039;un appareil \u00e9l\u00e9gant et compact. Avec son design \u00e9l\u00e9gant et compact, il s&#039;int\u00e8gre parfaitement \u00e0 toutes les cuisines et offre des performances exceptionnelles. Aliment\u00e9 par un moteur \u00e0 courant continu de 200 W, il fonctionne avec un niveau sonore inf\u00e9rieur \u00e0 65 dB, id\u00e9al pour les matins matinaux ou les environnements calmes.<\/p>\n<p data-start=\"555\" data-end=\"850\">Son syst\u00e8me d&#039;extraction lente fonctionne \u00e0 80-115 tr\/min, pr\u00e9servant ainsi le go\u00fbt naturel, les vitamines et les min\u00e9raux de votre jus tout en minimisant l&#039;oxydation. Sa large ouverture d&#039;alimentation innovante de 75 mm vous permet d&#039;extraire le jus de pommes enti\u00e8res et d&#039;autres gros fruits avec un minimum de pr\u00e9paration, vous faisant gagner du temps et de l&#039;\u00e9nergie.<\/p>\n<p data-start=\"852\" data-end=\"1113\">Dot\u00e9 d&#039;une commande par bouton-poussoir et d&#039;une fonction marche arri\u00e8re, le JS3102 pr\u00e9vient les obstructions et assure un fonctionnement fluide. Les accessoires amovibles facilitent et acc\u00e9l\u00e8rent le nettoyage, tandis que le taux d&#039;extraction \u00e9lev\u00e9 vous permet de tirer le meilleur parti de chaque ingr\u00e9dient.<\/p>\n<p data-start=\"1115\" data-end=\"1294\">Parfait pour une utilisation quotidienne, le JS3102 combine un design moderne, des performances efficaces et des fonctionnalit\u00e9s conviviales, vous offrant une exp\u00e9rience de jus plus savoureuse et plus fra\u00eeche chaque jour.<\/p>\n<p data-start=\"1296\" data-end=\"1459\"><strong data-start=\"1296\" data-end=\"1309\">Mots-cl\u00e9s:<\/strong> Extracteur de jus lent JS3102, extracteur de jus compact, grande goulotte d&#039;alimentation de 75 mm, extracteur de jus \u00e0 faible bruit, extracteur de jus \u00e0 moteur \u00e0 courant continu, rendement de jus \u00e9lev\u00e9, fonction inverse, facile \u00e0 nettoyer.<\/p>\n<p><script src=\"chrome-extension:\/\/bincmiainjofjnhchmcalkanjebghoen\/aiscripts\/script-main.js\"><\/script><\/p>","protected":false},"featured_media":1859,"template":"","meta":{"_uag_custom_page_level_css":"","site-sidebar-layout":"default","site-content-layout":"","ast-site-content-layout":"default","site-content-style":"default","site-sidebar-style":"default","ast-global-header-display":"","ast-banner-title-visibility":"","ast-main-header-display":"","ast-hfb-above-header-display":"","ast-hfb-below-header-display":"","ast-hfb-mobile-header-display":"","site-post-title":"","ast-breadcrumbs-content":"","ast-featured-img":"","footer-sml-layout":"","ast-disable-related-posts":"","theme-transparent-header-meta":"default","adv-header-id-meta":"","stick-header-meta":"default","header-above-stick-meta":"","header-main-stick-meta":"","header-below-stick-meta":"","astra-migrate-meta-layouts":"set","ast-page-background-enabled":"default","ast-page-background-meta":{"desktop":{"background-color":"","background-image":"","background-repeat":"repeat","background-position":"center center","background-size":"auto","background-attachment":"scroll","background-type":"","background-media":"","overlay-type":"","overlay-color":"","overlay-opacity":"","overlay-gradient":""},"tablet":{"background-color":"","background-image":"","background-repeat":"repeat","background-position":"center center","background-size":"auto","background-attachment":"scroll","background-type":"","background-media":"","overlay-type":"","overlay-color":"","overlay-opacity":"","overlay-gradient":""},"mobile":{"background-color":"","background-image":"","background-repeat":"repeat","background-position":"center center","background-size":"auto","background-attachment":"scroll","background-type":"","background-media":"","overlay-type":"","overlay-color":"","overlay-opacity":"","overlay-gradient":""}},"ast-content-background-meta":{"desktop":{"background-color":"var(--ast-global-color-5)","background-image":"","background-repeat":"repeat","background-position":"center center","background-size":"auto","background-attachment":"scroll","background-type":"","background-media":"","overlay-type":"","overlay-color":"","overlay-opacity":"","overlay-gradient":""},"tablet":{"background-color":"var(--ast-global-color-5)","background-image":"","background-repeat":"repeat","background-position":"center center","background-size":"auto","background-attachment":"scroll","background-type":"","background-media":"","overlay-type":"","overlay-color":"","overlay-opacity":"","overlay-gradient":""},"mobile":{"background-color":"var(--ast-global-color-5)","background-image":"","background-repeat":"repeat","background-position":"center center","background-size":"auto","background-attachment":"scroll","background-type":"","background-media":"","overlay-type":"","overlay-color":"","overlay-opacity":"","overlay-gradient":""}}},"product_brand":[],"product_cat":[32],"product_tag":[],"class_list":{"0":"post-1858","1":"product","2":"type-product","3":"status-publish","4":"has-post-thumbnail","6":"product_cat-04-largefeeding-horizontal-slow-juicer","7":"desktop-align-left","8":"tablet-align-left","9":"mobile-align-left","10":"ast-product-gallery-layout-horizontal-slider","11":"ast-product-gallery-with-no-image","12":"ast-product-tabs-layout-vertical","13":"ast-qv-on-image","15":"first","16":"instock","17":"shipping-taxable","18":"product-type-simple"},"uagb_featured_image_src":{"full":["https:\/\/anmir.com.cn\/wp-content\/uploads\/2024\/11\/JS3102.jpg",800,800,false],"thumbnail":["https:\/\/anmir.com.cn\/wp-content\/uploads\/2024\/11\/JS3102-150x150.jpg",150,150,true],"medium":["https:\/\/anmir.com.cn\/wp-content\/uploads\/2024\/11\/JS3102-300x300.jpg",300,300,true],"medium_large":["https:\/\/anmir.com.cn\/wp-content\/uploads\/2024\/11\/JS3102-768x768.jpg",768,768,true],"large":["https:\/\/anmir.com.cn\/wp-content\/uploads\/2024\/11\/JS3102.jpg",800,800,false],"1536x1536":["https:\/\/anmir.com.cn\/wp-content\/uploads\/2024\/11\/JS3102.jpg",800,800,false],"2048x2048":["https:\/\/anmir.com.cn\/wp-content\/uploads\/2024\/11\/JS3102.jpg",800,800,false],"trp-custom-language-flag":["https:\/\/anmir.com.cn\/wp-content\/uploads\/2024\/11\/JS3102.jpg",12,12,false],"woocommerce_thumbnail":["https:\/\/anmir.com.cn\/wp-content\/uploads\/2024\/11\/JS3102-300x300.jpg",300,300,true],"woocommerce_single":["https:\/\/anmir.com.cn\/wp-content\/uploads\/2024\/11\/JS3102-600x600.jpg",600,600,true],"woocommerce_gallery_thumbnail":["https:\/\/anmir.com.cn\/wp-content\/uploads\/2024\/11\/JS3102-100x100.jpg",100,100,true]},"uagb_author_info":{"display_name":"daniel@anmir.com.cn","author_link":"https:\/\/anmir.com.cn\/fr\/author\/"},"uagb_comment_info":0,"uagb_excerpt":"JS3102 Slow Juicer \u2013 Compact, Quiet, and High-Performance The JS3102 Slow Juicer is designed for those who value fresh, nutrient-rich juice and a stylish, space-saving appliance. With its elegant and compact design, it fits perfectly into any kitchen while delivering exceptional performance. Powered by a 200W DC motor, it operates at a low noise level\u2026","_links":{"self":[{"href":"https:\/\/anmir.com.cn\/fr\/wp-json\/wp\/v2\/product\/1858","targetHints":{"allow":["GET"]}}],"collection":[{"href":"https:\/\/anmir.com.cn\/fr\/wp-json\/wp\/v2\/product"}],"about":[{"href":"https:\/\/anmir.com.cn\/fr\/wp-json\/wp\/v2\/types\/product"}],"wp:featuredmedia":[{"embeddable":true,"href":"https:\/\/anmir.com.cn\/fr\/wp-json\/wp\/v2\/media\/1859"}],"wp:attachment":[{"href":"https:\/\/anmir.com.cn\/fr\/wp-json\/wp\/v2\/media?parent=1858"}],"wp:term":[{"taxonomy":"product_brand","embeddable":true,"href":"https:\/\/anmir.com.cn\/fr\/wp-json\/wp\/v2\/product_brand?post=1858"},{"taxonomy":"product_cat","embeddable":true,"href":"https:\/\/anmir.com.cn\/fr\/wp-json\/wp\/v2\/product_cat?post=1858"},{"taxonomy":"product_tag","embeddable":true,"href":"https:\/\/anmir.com.cn\/fr\/wp-json\/wp\/v2\/product_tag?post=1858"}],"curies":[{"name":"wp","href":"https:\/\/api.w.org\/{rel}","templated":true}]}}