{"id":1910,"date":"2024-11-09T00:46:05","date_gmt":"2024-11-09T00:46:05","guid":{"rendered":"https:\/\/anmir.com.cn\/?post_type=product&#038;p=1910"},"modified":"2025-03-13T13:22:16","modified_gmt":"2025-03-13T05:22:16","slug":"amr520","status":"publish","type":"product","link":"https:\/\/anmir.com.cn\/fr\/products\/06-horizontal-slow-juicer\/amr520\/","title":{"rendered":"Extracteur de jus horizontal Anmir AMR520\u00a0: une exp\u00e9rience de jus puissante, efficace et de qualit\u00e9 sup\u00e9rieure"},"content":{"rendered":"<table style=\"border-collapse: collapse; width: 573.02pt;\" border=\"0\" width=\"764\" cellspacing=\"0\" cellpadding=\"0\">\n<tbody>\n<tr style=\"height: 150.00pt;\">\n<td class=\"et3\" style=\"height: 150.00pt; width: 573.00pt;\" width=\"764\" height=\"200\">\n<h6>Num\u00e9ro de mod\u00e8le\u00a0: AMR520<\/h6>\n<h6>220-240V~50\/60Hz 150W<\/h6>\n<p>\u00b7Alimentez les fruits ou l\u00e9gumes entiers dans la goulotte sans les couper<br \/>\n\u00b7Type de vis \u00e0 vitesse lente pour conserver la nutrition du jus<br \/>\n\u00b7R\u00e9duire l&#039;oxydation, avec un test parfait et frais<br \/>\n\u00b7 Moteur puissant et robuste de 150 W avec une longue dur\u00e9e de fonctionnement continue (10 minutes)<br \/>\n\u00b7Fonction de marche arri\u00e8re pour \u00e9viter le blocage<br \/>\n\u00b7Taux d\u2019extraction de jus \u00e9lev\u00e9<br \/>\n\u00b7Faible niveau de bruit inf\u00e9rieur \u00e0 65 dB, vibrations r\u00e9duites<br \/>\n\u00b7Passoire en acier inoxydable avec petits trous pour tous types de fruits et l\u00e9gumes<br \/>\n\u00b7Protection de s\u00e9curit\u00e9<br \/>\n\u00b7Retirez facilement les pi\u00e8ces pour les nettoyer<\/p>\n<p>QUANTIT\u00c9 DE CHARGE :<br \/>\n\u00b720DC:674 pi\u00e8ces<br \/>\n\u00b740DC:1350 pi\u00e8ces<br \/>\n\u00b740HQ:1640 pi\u00e8ces<\/p>\n<p>&nbsp;<\/p>\n<p>Anmir est un fabricant leader d&#039;appareils de cuisine de haute qualit\u00e9 en Chine,<\/p>\n<p>sp\u00e9cialis\u00e9 dans les centrifugeuses lentes, les centrifugeuses \u00e0 froid, les m\u00e9langeurs, les machines \u00e0 caf\u00e9 et autres \u00e9quipements de transformation des aliments.<\/p>\n<p>Avec plus de 20 ans d\u2019exp\u00e9rience, nous nous engageons \u00e0 innover, \u00e0 \u00eatre efficaces et \u00e0 fournir des produits de premier ordre pour r\u00e9pondre aux besoins des consommateurs du monde entier.<\/td>\n<\/tr>\n<\/tbody>\n<\/table>","protected":false},"excerpt":{"rendered":"<p>Model NO.:AMR520 220-240V~50\/60Hz 150W \u00b7Feed whole fruits or vegetables to the chute without cutting \u00b7Slow speed screw type to keep nutrition of the juice \u00b7Reduce the oxidation,with perfect test and fresh \u00b7150W heacy duty powerful motor that has long continious working time(10mins) \u00b7Reverse function to avoid stuck \u00b7High juice extracting rate \u00b7Low noise level less [&hellip;]<\/p>\n","protected":false},"featured_media":1911,"template":"","meta":{"_uag_custom_page_level_css":"","site-sidebar-layout":"default","site-content-layout":"","ast-site-content-layout":"default","site-content-style":"default","site-sidebar-style":"default","ast-global-header-display":"","ast-banner-title-visibility":"","ast-main-header-display":"","ast-hfb-above-header-display":"","ast-hfb-below-header-display":"","ast-hfb-mobile-header-display":"","site-post-title":"","ast-breadcrumbs-content":"","ast-featured-img":"","footer-sml-layout":"","ast-disable-related-posts":"","theme-transparent-header-meta":"default","adv-header-id-meta":"","stick-header-meta":"","header-above-stick-meta":"","header-main-stick-meta":"","header-below-stick-meta":"","astra-migrate-meta-layouts":"set","ast-page-background-enabled":"default","ast-page-background-meta":{"desktop":{"background-color":"","background-image":"","background-repeat":"repeat","background-position":"center center","background-size":"auto","background-attachment":"scroll","background-type":"","background-media":"","overlay-type":"","overlay-color":"","overlay-opacity":"","overlay-gradient":""},"tablet":{"background-color":"","background-image":"","background-repeat":"repeat","background-position":"center center","background-size":"auto","background-attachment":"scroll","background-type":"","background-media":"","overlay-type":"","overlay-color":"","overlay-opacity":"","overlay-gradient":""},"mobile":{"background-color":"","background-image":"","background-repeat":"repeat","background-position":"center center","background-size":"auto","background-attachment":"scroll","background-type":"","background-media":"","overlay-type":"","overlay-color":"","overlay-opacity":"","overlay-gradient":""}},"ast-content-background-meta":{"desktop":{"background-color":"var(--ast-global-color-5)","background-image":"","background-repeat":"repeat","background-position":"center center","background-size":"auto","background-attachment":"scroll","background-type":"","background-media":"","overlay-type":"","overlay-color":"","overlay-opacity":"","overlay-gradient":""},"tablet":{"background-color":"var(--ast-global-color-5)","background-image":"","background-repeat":"repeat","background-position":"center center","background-size":"auto","background-attachment":"scroll","background-type":"","background-media":"","overlay-type":"","overlay-color":"","overlay-opacity":"","overlay-gradient":""},"mobile":{"background-color":"var(--ast-global-color-5)","background-image":"","background-repeat":"repeat","background-position":"center center","background-size":"auto","background-attachment":"scroll","background-type":"","background-media":"","overlay-type":"","overlay-color":"","overlay-opacity":"","overlay-gradient":""}}},"product_brand":[],"product_cat":[34],"product_tag":[],"class_list":{"0":"post-1910","1":"product","2":"type-product","3":"status-publish","4":"has-post-thumbnail","6":"product_cat-06-horizontal-slow-juicer","7":"desktop-align-left","8":"tablet-align-left","9":"mobile-align-left","10":"ast-product-gallery-layout-horizontal-slider","11":"ast-product-gallery-with-no-image","12":"ast-product-tabs-layout-vertical","13":"ast-qv-on-image","15":"first","16":"instock","17":"shipping-taxable","18":"product-type-simple"},"uagb_featured_image_src":{"full":["https:\/\/anmir.com.cn\/wp-content\/uploads\/2024\/11\/AMR520.jpg",800,800,false],"thumbnail":["https:\/\/anmir.com.cn\/wp-content\/uploads\/2024\/11\/AMR520-150x150.jpg",150,150,true],"medium":["https:\/\/anmir.com.cn\/wp-content\/uploads\/2024\/11\/AMR520-300x300.jpg",300,300,true],"medium_large":["https:\/\/anmir.com.cn\/wp-content\/uploads\/2024\/11\/AMR520-768x768.jpg",768,768,true],"large":["https:\/\/anmir.com.cn\/wp-content\/uploads\/2024\/11\/AMR520.jpg",800,800,false],"1536x1536":["https:\/\/anmir.com.cn\/wp-content\/uploads\/2024\/11\/AMR520.jpg",800,800,false],"2048x2048":["https:\/\/anmir.com.cn\/wp-content\/uploads\/2024\/11\/AMR520.jpg",800,800,false],"trp-custom-language-flag":["https:\/\/anmir.com.cn\/wp-content\/uploads\/2024\/11\/AMR520.jpg",12,12,false],"woocommerce_thumbnail":["https:\/\/anmir.com.cn\/wp-content\/uploads\/2024\/11\/AMR520-300x300.jpg",300,300,true],"woocommerce_single":["https:\/\/anmir.com.cn\/wp-content\/uploads\/2024\/11\/AMR520-600x600.jpg",600,600,true],"woocommerce_gallery_thumbnail":["https:\/\/anmir.com.cn\/wp-content\/uploads\/2024\/11\/AMR520-100x100.jpg",100,100,true]},"uagb_author_info":{"display_name":"daniel@anmir.com.cn","author_link":"https:\/\/anmir.com.cn\/fr\/author\/"},"uagb_comment_info":0,"uagb_excerpt":"Model NO.:AMR520 220-240V~50\/60Hz 150W \u00b7Feed whole fruits or vegetables to the chute without cutting \u00b7Slow speed screw type to keep nutrition of the juice \u00b7Reduce the oxidation,with perfect test and fresh \u00b7150W heacy duty powerful motor that has long continious working time(10mins) \u00b7Reverse function to avoid stuck \u00b7High juice extracting rate \u00b7Low noise level less\u2026","_links":{"self":[{"href":"https:\/\/anmir.com.cn\/fr\/wp-json\/wp\/v2\/product\/1910","targetHints":{"allow":["GET"]}}],"collection":[{"href":"https:\/\/anmir.com.cn\/fr\/wp-json\/wp\/v2\/product"}],"about":[{"href":"https:\/\/anmir.com.cn\/fr\/wp-json\/wp\/v2\/types\/product"}],"wp:featuredmedia":[{"embeddable":true,"href":"https:\/\/anmir.com.cn\/fr\/wp-json\/wp\/v2\/media\/1911"}],"wp:attachment":[{"href":"https:\/\/anmir.com.cn\/fr\/wp-json\/wp\/v2\/media?parent=1910"}],"wp:term":[{"taxonomy":"product_brand","embeddable":true,"href":"https:\/\/anmir.com.cn\/fr\/wp-json\/wp\/v2\/product_brand?post=1910"},{"taxonomy":"product_cat","embeddable":true,"href":"https:\/\/anmir.com.cn\/fr\/wp-json\/wp\/v2\/product_cat?post=1910"},{"taxonomy":"product_tag","embeddable":true,"href":"https:\/\/anmir.com.cn\/fr\/wp-json\/wp\/v2\/product_tag?post=1910"}],"curies":[{"name":"wp","href":"https:\/\/api.w.org\/{rel}","templated":true}]}}