{"id":1932,"date":"2024-11-09T00:50:30","date_gmt":"2024-11-09T00:50:30","guid":{"rendered":"https:\/\/anmir.com.cn\/?post_type=product&#038;p=1932"},"modified":"2025-03-13T11:28:58","modified_gmt":"2025-03-13T03:28:58","slug":"js3005","status":"publish","type":"product","link":"https:\/\/anmir.com.cn\/fr\/products\/06-horizontal-slow-juicer\/js3005\/","title":{"rendered":"Extracteur de jus horizontal Anmir JS3005\u00a0: une exp\u00e9rience de jus puissante, efficace et de qualit\u00e9 sup\u00e9rieure"},"content":{"rendered":"<table style=\"border-collapse: collapse; width: 573.02pt;\" border=\"0\" width=\"764\" cellspacing=\"0\" cellpadding=\"0\">\n<tbody>\n<tr style=\"height: 150.00pt;\">\n<td class=\"et3\" style=\"height: 150.00pt; width: 573.00pt;\" width=\"764\" height=\"200\">\n<h6>Extracteur de jus horizontal lent Anmir JS3005<\/h6>\n<h6>Mod\u00e8le n\u00b0 : JS3005<\/h6>\n<h6>220-240V~50\/60Hz 150W<\/h6>\n<p>\u00b7Design \u00e9l\u00e9gant et compact<br \/>\n\u00b7Accessoires d\u00e9tachables pour un nettoyage facile<br \/>\n\u00b7 Extraction lente du jus avec un meilleur go\u00fbt et une sensation de fra\u00eecheur<br \/>\n\u00b7Vitesse de travail de 80 \u00e0 115 tr\/min (Ko\u00a0:\u00a010\u00a0min)<br \/>\n\u00b7Conception \u00e0 faible bruit du moteur \u00e0 courant continu, moins de 65 dB<br \/>\n\u00b7Conception \u00e0 gros bouton avec fonction inverse pour \u00e9viter que les aliments ne se coincent<br \/>\n\u00b7Avec tube d&#039;alimentation de 44 mm et 2 tasses<br \/>\n\u00b7Taux d\u2019extraction de jus \u00e9lev\u00e9<\/p>\n<p>&nbsp;<\/p>\n<p>Anmir est un fabricant leader d&#039;appareils de cuisine de haute qualit\u00e9 en Chine,<\/p>\n<p>sp\u00e9cialis\u00e9 dans les centrifugeuses lentes, les centrifugeuses \u00e0 froid, les m\u00e9langeurs, les machines \u00e0 caf\u00e9 et autres \u00e9quipements de transformation des aliments.<\/p>\n<p>Avec plus de 20 ans d\u2019exp\u00e9rience, nous nous engageons \u00e0 innover, \u00e0 \u00eatre efficaces et \u00e0 fournir des produits de premier ordre pour r\u00e9pondre aux besoins des consommateurs du monde entier.<\/td>\n<\/tr>\n<\/tbody>\n<\/table>","protected":false},"excerpt":{"rendered":"<p>Anmir JS3005 Horizontal Slow Juicer Model NO.:JS3005 220-240V~50\/60Hz 150W \u00b7Elegant and compact design \u00b7Detachable accessories for easy cleaning \u00b7Slow juice extraction with better taste and fresh feeling \u00b7Working speed with 80-115\/RPM(KB:10mins) \u00b7Low noise design of DC type motor,less than 65db \u00b7Big Knob design with Reverse function to avoid food jammed \u00b7With 44mm feeding tube and [&hellip;]<\/p>\n","protected":false},"featured_media":1933,"template":"","meta":{"_uag_custom_page_level_css":"","site-sidebar-layout":"default","site-content-layout":"","ast-site-content-layout":"default","site-content-style":"default","site-sidebar-style":"default","ast-global-header-display":"","ast-banner-title-visibility":"","ast-main-header-display":"","ast-hfb-above-header-display":"","ast-hfb-below-header-display":"","ast-hfb-mobile-header-display":"","site-post-title":"","ast-breadcrumbs-content":"","ast-featured-img":"","footer-sml-layout":"","ast-disable-related-posts":"","theme-transparent-header-meta":"default","adv-header-id-meta":"","stick-header-meta":"","header-above-stick-meta":"","header-main-stick-meta":"","header-below-stick-meta":"","astra-migrate-meta-layouts":"set","ast-page-background-enabled":"default","ast-page-background-meta":{"desktop":{"background-color":"","background-image":"","background-repeat":"repeat","background-position":"center center","background-size":"auto","background-attachment":"scroll","background-type":"","background-media":"","overlay-type":"","overlay-color":"","overlay-opacity":"","overlay-gradient":""},"tablet":{"background-color":"","background-image":"","background-repeat":"repeat","background-position":"center center","background-size":"auto","background-attachment":"scroll","background-type":"","background-media":"","overlay-type":"","overlay-color":"","overlay-opacity":"","overlay-gradient":""},"mobile":{"background-color":"","background-image":"","background-repeat":"repeat","background-position":"center center","background-size":"auto","background-attachment":"scroll","background-type":"","background-media":"","overlay-type":"","overlay-color":"","overlay-opacity":"","overlay-gradient":""}},"ast-content-background-meta":{"desktop":{"background-color":"var(--ast-global-color-5)","background-image":"","background-repeat":"repeat","background-position":"center center","background-size":"auto","background-attachment":"scroll","background-type":"","background-media":"","overlay-type":"","overlay-color":"","overlay-opacity":"","overlay-gradient":""},"tablet":{"background-color":"var(--ast-global-color-5)","background-image":"","background-repeat":"repeat","background-position":"center center","background-size":"auto","background-attachment":"scroll","background-type":"","background-media":"","overlay-type":"","overlay-color":"","overlay-opacity":"","overlay-gradient":""},"mobile":{"background-color":"var(--ast-global-color-5)","background-image":"","background-repeat":"repeat","background-position":"center center","background-size":"auto","background-attachment":"scroll","background-type":"","background-media":"","overlay-type":"","overlay-color":"","overlay-opacity":"","overlay-gradient":""}}},"product_brand":[],"product_cat":[34],"product_tag":[],"class_list":{"0":"post-1932","1":"product","2":"type-product","3":"status-publish","4":"has-post-thumbnail","6":"product_cat-06-horizontal-slow-juicer","7":"desktop-align-left","8":"tablet-align-left","9":"mobile-align-left","10":"ast-product-gallery-layout-horizontal-slider","11":"ast-product-gallery-with-no-image","12":"ast-product-tabs-layout-vertical","13":"ast-qv-on-image","15":"first","16":"instock","17":"shipping-taxable","18":"product-type-simple"},"uagb_featured_image_src":{"full":["https:\/\/anmir.com.cn\/wp-content\/uploads\/2024\/11\/JS3005.jpg",800,800,false],"thumbnail":["https:\/\/anmir.com.cn\/wp-content\/uploads\/2024\/11\/JS3005-150x150.jpg",150,150,true],"medium":["https:\/\/anmir.com.cn\/wp-content\/uploads\/2024\/11\/JS3005-300x300.jpg",300,300,true],"medium_large":["https:\/\/anmir.com.cn\/wp-content\/uploads\/2024\/11\/JS3005-768x768.jpg",768,768,true],"large":["https:\/\/anmir.com.cn\/wp-content\/uploads\/2024\/11\/JS3005.jpg",800,800,false],"1536x1536":["https:\/\/anmir.com.cn\/wp-content\/uploads\/2024\/11\/JS3005.jpg",800,800,false],"2048x2048":["https:\/\/anmir.com.cn\/wp-content\/uploads\/2024\/11\/JS3005.jpg",800,800,false],"trp-custom-language-flag":["https:\/\/anmir.com.cn\/wp-content\/uploads\/2024\/11\/JS3005.jpg",12,12,false],"woocommerce_thumbnail":["https:\/\/anmir.com.cn\/wp-content\/uploads\/2024\/11\/JS3005-300x300.jpg",300,300,true],"woocommerce_single":["https:\/\/anmir.com.cn\/wp-content\/uploads\/2024\/11\/JS3005-600x600.jpg",600,600,true],"woocommerce_gallery_thumbnail":["https:\/\/anmir.com.cn\/wp-content\/uploads\/2024\/11\/JS3005-100x100.jpg",100,100,true]},"uagb_author_info":{"display_name":"daniel@anmir.com.cn","author_link":"https:\/\/anmir.com.cn\/fr\/author\/"},"uagb_comment_info":0,"uagb_excerpt":"Anmir JS3005 Horizontal Slow Juicer Model NO.:JS3005 220-240V~50\/60Hz 150W \u00b7Elegant and compact design \u00b7Detachable accessories for easy cleaning \u00b7Slow juice extraction with better taste and fresh feeling \u00b7Working speed with 80-115\/RPM(KB:10mins) \u00b7Low noise design of DC type motor,less than 65db \u00b7Big Knob design with Reverse function to avoid food jammed \u00b7With 44mm feeding tube and\u2026","_links":{"self":[{"href":"https:\/\/anmir.com.cn\/fr\/wp-json\/wp\/v2\/product\/1932","targetHints":{"allow":["GET"]}}],"collection":[{"href":"https:\/\/anmir.com.cn\/fr\/wp-json\/wp\/v2\/product"}],"about":[{"href":"https:\/\/anmir.com.cn\/fr\/wp-json\/wp\/v2\/types\/product"}],"wp:featuredmedia":[{"embeddable":true,"href":"https:\/\/anmir.com.cn\/fr\/wp-json\/wp\/v2\/media\/1933"}],"wp:attachment":[{"href":"https:\/\/anmir.com.cn\/fr\/wp-json\/wp\/v2\/media?parent=1932"}],"wp:term":[{"taxonomy":"product_brand","embeddable":true,"href":"https:\/\/anmir.com.cn\/fr\/wp-json\/wp\/v2\/product_brand?post=1932"},{"taxonomy":"product_cat","embeddable":true,"href":"https:\/\/anmir.com.cn\/fr\/wp-json\/wp\/v2\/product_cat?post=1932"},{"taxonomy":"product_tag","embeddable":true,"href":"https:\/\/anmir.com.cn\/fr\/wp-json\/wp\/v2\/product_tag?post=1932"}],"curies":[{"name":"wp","href":"https:\/\/api.w.org\/{rel}","templated":true}]}}