{"id":2113,"date":"2024-11-09T02:16:37","date_gmt":"2024-11-09T02:16:37","guid":{"rendered":"https:\/\/anmir.com.cn\/?post_type=product&#038;p=2113"},"modified":"2025-02-25T19:18:32","modified_gmt":"2025-02-26T02:18:32","slug":"pb8016","status":"publish","type":"product","link":"https:\/\/anmir.com.cn\/fr\/products\/11-high-speed-heating-blender\/pb8016\/","title":{"rendered":"PB8016"},"content":{"rendered":"<table style=\"border-collapse: collapse; width: 573.02pt;\" border=\"0\" width=\"764\" cellspacing=\"0\" cellpadding=\"0\">\n<tbody>\n<tr style=\"height: 150.00pt;\">\n<td class=\"et3\" style=\"height: 150.00pt; width: 573.00pt;\" width=\"764\" height=\"200\">\n<h6>Num\u00e9ro de mod\u00e8le : PB8016<\/h6>\n<h6>120 W - M\u00e9lange 500 W - Chauffage<\/h6>\n<p>\u00b7Capacit\u00e9 de 0,6 L pour une utilisation pratique<br \/>\n\u00b7Conception extr\u00eamement simple avec \u00e9l\u00e9ment populaire<br \/>\n\u00b7La puissance de chauffage de 500 W permet de pr\u00e9parer rapidement la boisson chaude<br \/>\n\u00b7Moteur \u00e0 grande vitesse de type CC avec un faible bruit<br \/>\n\u00b7Conception de capteur thermique externe avec contr\u00f4le pr\u00e9cis de la temp\u00e9rature<br \/>\n\u00b7La conception du bol m\u00e9langeur en acier inoxydable garantit une utilisation saine et s\u00fbre<br \/>\n\u00b7Commande tactile int\u00e9gr\u00e9e sur le corps<br \/>\n\u00b7Menus personnalis\u00e9s et automatiques pour diff\u00e9rents choix<br \/>\n\u00b7 Lame de type 4 pi\u00e8ces pour un m\u00e9lange plus facile et plus efficace<br \/>\n\u00b7Interrupteur de protection dissimul\u00e9 int\u00e9gr\u00e9, le produit s&#039;\u00e9teint automatiquement apr\u00e8s ouverture<br \/>\n\u00b7Cordon d&#039;alimentation amovible pour un rangement facile<\/td>\n<\/tr>\n<\/tbody>\n<\/table>","protected":false},"excerpt":{"rendered":"<p>Model NO.:PB8016 120W-blending 500W-Heating \u00b70.6L capacity for convenient use \u00b7Extreme simple design with popular element \u00b7500W heating power ensure to make the hot drink quicky \u00b7DC type high speed motor with low noise result \u00b7External thermo sensor design with accurate temperature contro \u00b7Stainless steel blender jar design ensure the healthy and safe using \u00b7Integrated touch-sensed [&hellip;]<\/p>\n","protected":false},"featured_media":2093,"template":"","meta":{"_uag_custom_page_level_css":"","site-sidebar-layout":"default","site-content-layout":"","ast-site-content-layout":"default","site-content-style":"default","site-sidebar-style":"default","ast-global-header-display":"","ast-banner-title-visibility":"","ast-main-header-display":"","ast-hfb-above-header-display":"","ast-hfb-below-header-display":"","ast-hfb-mobile-header-display":"","site-post-title":"","ast-breadcrumbs-content":"","ast-featured-img":"","footer-sml-layout":"","ast-disable-related-posts":"","theme-transparent-header-meta":"default","adv-header-id-meta":"","stick-header-meta":"","header-above-stick-meta":"","header-main-stick-meta":"","header-below-stick-meta":"","astra-migrate-meta-layouts":"set","ast-page-background-enabled":"default","ast-page-background-meta":{"desktop":{"background-color":"","background-image":"","background-repeat":"repeat","background-position":"center center","background-size":"auto","background-attachment":"scroll","background-type":"","background-media":"","overlay-type":"","overlay-color":"","overlay-opacity":"","overlay-gradient":""},"tablet":{"background-color":"","background-image":"","background-repeat":"repeat","background-position":"center center","background-size":"auto","background-attachment":"scroll","background-type":"","background-media":"","overlay-type":"","overlay-color":"","overlay-opacity":"","overlay-gradient":""},"mobile":{"background-color":"","background-image":"","background-repeat":"repeat","background-position":"center center","background-size":"auto","background-attachment":"scroll","background-type":"","background-media":"","overlay-type":"","overlay-color":"","overlay-opacity":"","overlay-gradient":""}},"ast-content-background-meta":{"desktop":{"background-color":"var(--ast-global-color-5)","background-image":"","background-repeat":"repeat","background-position":"center center","background-size":"auto","background-attachment":"scroll","background-type":"","background-media":"","overlay-type":"","overlay-color":"","overlay-opacity":"","overlay-gradient":""},"tablet":{"background-color":"var(--ast-global-color-5)","background-image":"","background-repeat":"repeat","background-position":"center center","background-size":"auto","background-attachment":"scroll","background-type":"","background-media":"","overlay-type":"","overlay-color":"","overlay-opacity":"","overlay-gradient":""},"mobile":{"background-color":"var(--ast-global-color-5)","background-image":"","background-repeat":"repeat","background-position":"center center","background-size":"auto","background-attachment":"scroll","background-type":"","background-media":"","overlay-type":"","overlay-color":"","overlay-opacity":"","overlay-gradient":""}}},"product_brand":[],"product_cat":[39],"product_tag":[],"class_list":{"0":"post-2113","1":"product","2":"type-product","3":"status-publish","4":"has-post-thumbnail","6":"product_cat-11-high-speed-heating-blender","7":"desktop-align-left","8":"tablet-align-left","9":"mobile-align-left","10":"ast-product-gallery-layout-horizontal-slider","11":"ast-product-gallery-with-no-image","12":"ast-product-tabs-layout-vertical","13":"ast-qv-on-image","15":"first","16":"instock","17":"shipping-taxable","18":"product-type-simple"},"uagb_featured_image_src":{"full":["https:\/\/anmir.com.cn\/wp-content\/uploads\/2024\/11\/PB8016.jpg",800,800,false],"thumbnail":["https:\/\/anmir.com.cn\/wp-content\/uploads\/2024\/11\/PB8016-150x150.jpg",150,150,true],"medium":["https:\/\/anmir.com.cn\/wp-content\/uploads\/2024\/11\/PB8016-300x300.jpg",300,300,true],"medium_large":["https:\/\/anmir.com.cn\/wp-content\/uploads\/2024\/11\/PB8016-768x768.jpg",768,768,true],"large":["https:\/\/anmir.com.cn\/wp-content\/uploads\/2024\/11\/PB8016.jpg",800,800,false],"1536x1536":["https:\/\/anmir.com.cn\/wp-content\/uploads\/2024\/11\/PB8016.jpg",800,800,false],"2048x2048":["https:\/\/anmir.com.cn\/wp-content\/uploads\/2024\/11\/PB8016.jpg",800,800,false],"trp-custom-language-flag":["https:\/\/anmir.com.cn\/wp-content\/uploads\/2024\/11\/PB8016.jpg",12,12,false],"woocommerce_thumbnail":["https:\/\/anmir.com.cn\/wp-content\/uploads\/2024\/11\/PB8016-300x300.jpg",300,300,true],"woocommerce_single":["https:\/\/anmir.com.cn\/wp-content\/uploads\/2024\/11\/PB8016-600x600.jpg",600,600,true],"woocommerce_gallery_thumbnail":["https:\/\/anmir.com.cn\/wp-content\/uploads\/2024\/11\/PB8016-100x100.jpg",100,100,true]},"uagb_author_info":{"display_name":"daniel@anmir.com.cn","author_link":"https:\/\/anmir.com.cn\/fr\/author\/"},"uagb_comment_info":0,"uagb_excerpt":"Model NO.:PB8016 120W-blending 500W-Heating \u00b70.6L capacity for convenient use \u00b7Extreme simple design with popular element \u00b7500W heating power ensure to make the hot drink quicky \u00b7DC type high speed motor with low noise result \u00b7External thermo sensor design with accurate temperature contro \u00b7Stainless steel blender jar design ensure the healthy and safe using \u00b7Integrated touch-sensed\u2026","_links":{"self":[{"href":"https:\/\/anmir.com.cn\/fr\/wp-json\/wp\/v2\/product\/2113","targetHints":{"allow":["GET"]}}],"collection":[{"href":"https:\/\/anmir.com.cn\/fr\/wp-json\/wp\/v2\/product"}],"about":[{"href":"https:\/\/anmir.com.cn\/fr\/wp-json\/wp\/v2\/types\/product"}],"wp:featuredmedia":[{"embeddable":true,"href":"https:\/\/anmir.com.cn\/fr\/wp-json\/wp\/v2\/media\/2093"}],"wp:attachment":[{"href":"https:\/\/anmir.com.cn\/fr\/wp-json\/wp\/v2\/media?parent=2113"}],"wp:term":[{"taxonomy":"product_brand","embeddable":true,"href":"https:\/\/anmir.com.cn\/fr\/wp-json\/wp\/v2\/product_brand?post=2113"},{"taxonomy":"product_cat","embeddable":true,"href":"https:\/\/anmir.com.cn\/fr\/wp-json\/wp\/v2\/product_cat?post=2113"},{"taxonomy":"product_tag","embeddable":true,"href":"https:\/\/anmir.com.cn\/fr\/wp-json\/wp\/v2\/product_tag?post=2113"}],"curies":[{"name":"wp","href":"https:\/\/api.w.org\/{rel}","templated":true}]}}