{"id":2152,"date":"2024-11-09T02:23:16","date_gmt":"2024-11-09T02:23:16","guid":{"rendered":"https:\/\/anmir.com.cn\/?post_type=product&#038;p=2152"},"modified":"2025-08-12T08:18:45","modified_gmt":"2025-08-12T00:18:45","slug":"amr618a-2","status":"publish","type":"product","link":"https:\/\/anmir.com.cn\/fr\/products\/13-personal-blender\/amr618a-2\/","title":{"rendered":"AMR618A-2-Blender Extracteur de Jus"},"content":{"rendered":"<table style=\"border-collapse: collapse; width: 573.02pt;\" border=\"0\" width=\"764\" cellspacing=\"0\" cellpadding=\"0\">\n<tbody>\n<tr style=\"height: 150.00pt;\">\n<td class=\"et3\" style=\"height: 150.00pt; width: 573.00pt;\" width=\"764\" height=\"200\">\n<h6>Mod\u00e8le n\u00b0\u00a0: AMR618A-2\u00a0-\u00a0Blender Juicer<\/h6>\n<h6>Sp\u00e9cifications : 220-240 V 50\/60 Hz 300 W<\/h6>\n<p>\u00b7Design r\u00e9tro avec anneau d\u00e9coratif chrom\u00e9<br \/>\n\u00b7 M\u00e9langez votre smoothie ou shake pr\u00e9f\u00e9r\u00e9 directement dans la bouteille de sport<br \/>\n\u00b7Bouteille de sport TRITAN 500 ml et gobelet en verre MASON 350 ml lavables au lave-vaisselle<br \/>\n\u00b7Multifonctionnel avec bol mixeur de 1 L<br \/>\n\u00b7 M\u00e9lange puissant avec commande par bouton-poussoir<br \/>\n\u00b7Protection et conception de s\u00e9curit\u00e9<\/td>\n<\/tr>\n<\/tbody>\n<\/table>\n<div id=\"ag-1754957810979\"><\/div>","protected":false},"excerpt":{"rendered":"<p>Mod\u00e8le n\u00b0\u00a0: AMR618A-2 \u2013 Mixeur-extracteur de jus<br \/>\nSp\u00e9cifications : 220-240 V~ 50\/60 Hz, 300 W<\/p>\n<p>D\u00e9couvrez l&#039;alliance parfaite du style r\u00e9tro et de la fonctionnalit\u00e9 moderne avec le blender-extracteur de jus AMR618A-2. Dot\u00e9 d&#039;une \u00e9l\u00e9gante bague d\u00e9corative chrom\u00e9e, cet appareil mixe sans effort et apporte une touche d&#039;\u00e9l\u00e9gance vintage \u00e0 votre cuisine. Son puissant moteur de 300 W assure un mixage onctueux pour une vari\u00e9t\u00e9 de boissons, des smoothies onctueux aux shakes rafra\u00eechissants, directement dans la bouteille sport TRITAN de 500 ml ou le gobelet en verre MASON de 350 ml inclus, tous deux compatibles lave-vaisselle pour un nettoyage facile.<\/p>\n<p>Pour les grandes portions, le bol blender de 1 L facilite la pr\u00e9paration des repas et le mixage des boissons pour toute la famille. La commande par bouton-poussoir assure un fonctionnement rapide et pr\u00e9cis, tandis que la protection de s\u00e9curit\u00e9 int\u00e9gr\u00e9e garantit une utilisation sans souci. Que vous mixiez des fruits, des l\u00e9gumes ou des boissons prot\u00e9in\u00e9es, ce blender multifonction offre des r\u00e9sultats constants \u00e0 chaque fois.<\/p>\n<p>Id\u00e9al pour les matin\u00e9es charg\u00e9es, les s\u00e9ances de sport ou les apr\u00e8s-midis de d\u00e9tente, le blender-extracteur de jus AMR618A-2 est un indispensable de la cuisine, \u00e9l\u00e9gant, durable et polyvalent. Savourez des boissons saines \u00e0 la maison ou en d\u00e9placement, fra\u00eechement mix\u00e9es, \u00e0 votre fa\u00e7on.<\/p>\n<p>&nbsp;<\/p>\n<p><script src=\"chrome-extension:\/\/bincmiainjofjnhchmcalkanjebghoen\/aiscripts\/script-main.js\"><\/script><\/p>","protected":false},"featured_media":2144,"template":"","meta":{"_uag_custom_page_level_css":"","site-sidebar-layout":"default","site-content-layout":"","ast-site-content-layout":"default","site-content-style":"default","site-sidebar-style":"default","ast-global-header-display":"","ast-banner-title-visibility":"","ast-main-header-display":"","ast-hfb-above-header-display":"","ast-hfb-below-header-display":"","ast-hfb-mobile-header-display":"","site-post-title":"","ast-breadcrumbs-content":"","ast-featured-img":"","footer-sml-layout":"","ast-disable-related-posts":"","theme-transparent-header-meta":"default","adv-header-id-meta":"","stick-header-meta":"default","header-above-stick-meta":"","header-main-stick-meta":"","header-below-stick-meta":"","astra-migrate-meta-layouts":"set","ast-page-background-enabled":"default","ast-page-background-meta":{"desktop":{"background-color":"","background-image":"","background-repeat":"repeat","background-position":"center center","background-size":"auto","background-attachment":"scroll","background-type":"","background-media":"","overlay-type":"","overlay-color":"","overlay-opacity":"","overlay-gradient":""},"tablet":{"background-color":"","background-image":"","background-repeat":"repeat","background-position":"center center","background-size":"auto","background-attachment":"scroll","background-type":"","background-media":"","overlay-type":"","overlay-color":"","overlay-opacity":"","overlay-gradient":""},"mobile":{"background-color":"","background-image":"","background-repeat":"repeat","background-position":"center center","background-size":"auto","background-attachment":"scroll","background-type":"","background-media":"","overlay-type":"","overlay-color":"","overlay-opacity":"","overlay-gradient":""}},"ast-content-background-meta":{"desktop":{"background-color":"var(--ast-global-color-5)","background-image":"","background-repeat":"repeat","background-position":"center center","background-size":"auto","background-attachment":"scroll","background-type":"","background-media":"","overlay-type":"","overlay-color":"","overlay-opacity":"","overlay-gradient":""},"tablet":{"background-color":"var(--ast-global-color-5)","background-image":"","background-repeat":"repeat","background-position":"center center","background-size":"auto","background-attachment":"scroll","background-type":"","background-media":"","overlay-type":"","overlay-color":"","overlay-opacity":"","overlay-gradient":""},"mobile":{"background-color":"var(--ast-global-color-5)","background-image":"","background-repeat":"repeat","background-position":"center center","background-size":"auto","background-attachment":"scroll","background-type":"","background-media":"","overlay-type":"","overlay-color":"","overlay-opacity":"","overlay-gradient":""}}},"product_brand":[],"product_cat":[41],"product_tag":[],"class_list":{"0":"post-2152","1":"product","2":"type-product","3":"status-publish","4":"has-post-thumbnail","6":"product_cat-13-personal-blender","7":"desktop-align-left","8":"tablet-align-left","9":"mobile-align-left","10":"ast-product-gallery-layout-horizontal-slider","11":"ast-product-gallery-with-no-image","12":"ast-product-tabs-layout-vertical","13":"ast-qv-on-image","15":"first","16":"instock","17":"shipping-taxable","18":"product-type-simple"},"uagb_featured_image_src":{"full":["https:\/\/anmir.com.cn\/wp-content\/uploads\/2024\/11\/AMR618A-2.jpg",800,800,false],"thumbnail":["https:\/\/anmir.com.cn\/wp-content\/uploads\/2024\/11\/AMR618A-2-150x150.jpg",150,150,true],"medium":["https:\/\/anmir.com.cn\/wp-content\/uploads\/2024\/11\/AMR618A-2-300x300.jpg",300,300,true],"medium_large":["https:\/\/anmir.com.cn\/wp-content\/uploads\/2024\/11\/AMR618A-2-768x768.jpg",768,768,true],"large":["https:\/\/anmir.com.cn\/wp-content\/uploads\/2024\/11\/AMR618A-2.jpg",800,800,false],"1536x1536":["https:\/\/anmir.com.cn\/wp-content\/uploads\/2024\/11\/AMR618A-2.jpg",800,800,false],"2048x2048":["https:\/\/anmir.com.cn\/wp-content\/uploads\/2024\/11\/AMR618A-2.jpg",800,800,false],"trp-custom-language-flag":["https:\/\/anmir.com.cn\/wp-content\/uploads\/2024\/11\/AMR618A-2.jpg",12,12,false],"woocommerce_thumbnail":["https:\/\/anmir.com.cn\/wp-content\/uploads\/2024\/11\/AMR618A-2-300x300.jpg",300,300,true],"woocommerce_single":["https:\/\/anmir.com.cn\/wp-content\/uploads\/2024\/11\/AMR618A-2-600x600.jpg",600,600,true],"woocommerce_gallery_thumbnail":["https:\/\/anmir.com.cn\/wp-content\/uploads\/2024\/11\/AMR618A-2-100x100.jpg",100,100,true]},"uagb_author_info":{"display_name":"daniel@anmir.com.cn","author_link":"https:\/\/anmir.com.cn\/fr\/author\/"},"uagb_comment_info":0,"uagb_excerpt":"Model NO.: AMR618A-2 \u2013 Blender Juicer Specifications: 220-240V~ 50\/60Hz, 300W Discover the perfect combination of retro style and modern functionality with the AMR618A-2 Blender Juicer. Designed with a sleek chrome-plated decoration ring, this appliance not only blends effortlessly but also adds a touch of vintage elegance to your kitchen. Its powerful 300W motor ensures smooth\u2026","_links":{"self":[{"href":"https:\/\/anmir.com.cn\/fr\/wp-json\/wp\/v2\/product\/2152","targetHints":{"allow":["GET"]}}],"collection":[{"href":"https:\/\/anmir.com.cn\/fr\/wp-json\/wp\/v2\/product"}],"about":[{"href":"https:\/\/anmir.com.cn\/fr\/wp-json\/wp\/v2\/types\/product"}],"wp:featuredmedia":[{"embeddable":true,"href":"https:\/\/anmir.com.cn\/fr\/wp-json\/wp\/v2\/media\/2144"}],"wp:attachment":[{"href":"https:\/\/anmir.com.cn\/fr\/wp-json\/wp\/v2\/media?parent=2152"}],"wp:term":[{"taxonomy":"product_brand","embeddable":true,"href":"https:\/\/anmir.com.cn\/fr\/wp-json\/wp\/v2\/product_brand?post=2152"},{"taxonomy":"product_cat","embeddable":true,"href":"https:\/\/anmir.com.cn\/fr\/wp-json\/wp\/v2\/product_cat?post=2152"},{"taxonomy":"product_tag","embeddable":true,"href":"https:\/\/anmir.com.cn\/fr\/wp-json\/wp\/v2\/product_tag?post=2152"}],"curies":[{"name":"wp","href":"https:\/\/api.w.org\/{rel}","templated":true}]}}