{"id":2241,"date":"2024-11-09T05:16:19","date_gmt":"2024-11-09T05:16:19","guid":{"rendered":"https:\/\/anmir.com.cn\/?post_type=product&#038;p=2241"},"modified":"2025-08-23T17:19:13","modified_gmt":"2025-08-23T09:19:13","slug":"kc211","status":"publish","type":"product","link":"https:\/\/anmir.com.cn\/fr\/products\/01-coffee-maker-coffee-bean-grinder\/kc211\/","title":{"rendered":"Tasses KC211-k"},"content":{"rendered":"<table style=\"border-collapse: collapse; width: 573.02pt;\" border=\"0\" width=\"764\" cellspacing=\"0\" cellpadding=\"0\">\n<tbody>\n<tr style=\"height: 150.00pt;\">\n<td class=\"et3\" style=\"height: 150.00pt; width: 573.00pt;\" width=\"764\" height=\"200\">\n<h6>Mod\u00e8le n\u00b0 : KC211-k tasses<\/h6>\n<h6>120 V ~ 60 Hz 1\u00a0000 W<\/h6>\n<p>\u00b7Convient aux capsules am\u00e9ricaines K-Cup (bo\u00eete \u00e0 capsules amovible, facile \u00e0 nettoyer et adapt\u00e9e au lave-vaisselle), avec bo\u00eete \u00e0 caf\u00e9 en poudre pour remplacer directement la capsule.<br \/>\n\u00b7Fen\u00eatre d&#039;eau visible -Capacit\u00e9 MAXIMALE 12 oz;<br \/>\n\u00b7Le temps de r\u00e9action du contr\u00f4le de la temp\u00e9rature NTC est inf\u00e9rieur \u00e0 2 s, la temp\u00e9rature du caf\u00e9 est de 80 \u2103 \u00b1 5 \u2103, convient \u00e0 la temp\u00e9rature de l&#039;eau \u2265 18 \u2103.<br \/>\n\u00b7La hauteur de tasse appropri\u00e9e est \u2264 145 mm.<br \/>\n\u00b7Contr\u00f4le de la chaleur en aluminium en forme de U. Bruit de fabrication du caf\u00e9 inf\u00e9rieur \u00e0 60 dB.<br \/>\n\u00b7Avec d\u00e9tection automatique du rappel de manque d&#039;eau et rappel de protection contre la combustion \u00e0 sec anormale. La quantit\u00e9 maximale de poudre est de 20 g.<\/td>\n<\/tr>\n<\/tbody>\n<\/table>","protected":false},"excerpt":{"rendered":"<p data-start=\"161\" data-end=\"568\">Le <strong data-start=\"165\" data-end=\"194\">Cafeti\u00e8re \u00e0 tasses KC211-K<\/strong> est une solution de pr\u00e9paration pratique et polyvalente pour les amateurs de caf\u00e9 qui appr\u00e9cient les deux <strong data-start=\"275\" data-end=\"302\">Capsules K-Cup am\u00e9ricaines<\/strong> et du caf\u00e9 moulu. Dot\u00e9e d&#039;un compartiment \u00e0 capsules amovible, elle est facile \u00e0 nettoyer et passe au lave-vaisselle. Le compartiment \u00e0 caf\u00e9 moulu permet une infusion directe sans capsule. La fen\u00eatre d&#039;eau visible, d&#039;une capacit\u00e9 maximale de 35 cl, simplifie le remplissage.<\/p>\n<p data-start=\"570\" data-end=\"992\">\u00c9quip\u00e9e d&#039;un syst\u00e8me de contr\u00f4le de temp\u00e9rature NTC \u00e0 r\u00e9action rapide, la KC211 garantit une pr\u00e9paration du caf\u00e9 \u00e0 une temp\u00e9rature id\u00e9ale de 80 \u00b0C \u00b1 5 \u00b0C en quelques secondes, adapt\u00e9e \u00e0 une temp\u00e9rature d&#039;eau sup\u00e9rieure \u00e0 18 \u00b0C. L&#039;\u00e9l\u00e9ment chauffant en aluminium en forme de U assure une chauffe efficace et uniforme, tout en limitant le bruit de la machine \u00e0 60 dB. La machine accepte des tasses jusqu&#039;\u00e0 145 mm de hauteur, vous offrant ainsi une grande flexibilit\u00e9 pour diff\u00e9rentes tailles de mugs.<\/p>\n<p data-start=\"994\" data-end=\"1475\">S\u00e9curit\u00e9 et confort sont au c\u0153ur de nos priorit\u00e9s, avec notamment la d\u00e9tection automatique du manque d&#039;eau, la protection contre les br\u00fblures \u00e0 sec et une capacit\u00e9 maximale de 20 g de caf\u00e9 moulu. Compacte, conviviale et fiable, la cafeti\u00e8re KC211-K Cups allie efficacit\u00e9, s\u00e9curit\u00e9 et qualit\u00e9, id\u00e9ale pour une utilisation \u00e0 la maison comme au bureau. Que vous pr\u00e9f\u00e9riez les capsules K-Cup ou le caf\u00e9 moulu frais, cette machine vous garantit un caf\u00e9 riche et savoureux \u00e0 chaque fois, un incontournable pour tous. <strong data-start=\"1451\" data-end=\"1461\">K-Cups<\/strong> passionn\u00e9.<\/p>","protected":false},"featured_media":2242,"template":"","meta":{"_uag_custom_page_level_css":"","site-sidebar-layout":"default","site-content-layout":"","ast-site-content-layout":"default","site-content-style":"default","site-sidebar-style":"default","ast-global-header-display":"","ast-banner-title-visibility":"","ast-main-header-display":"","ast-hfb-above-header-display":"","ast-hfb-below-header-display":"","ast-hfb-mobile-header-display":"","site-post-title":"","ast-breadcrumbs-content":"","ast-featured-img":"","footer-sml-layout":"","ast-disable-related-posts":"","theme-transparent-header-meta":"default","adv-header-id-meta":"","stick-header-meta":"default","header-above-stick-meta":"","header-main-stick-meta":"","header-below-stick-meta":"","astra-migrate-meta-layouts":"set","ast-page-background-enabled":"default","ast-page-background-meta":{"desktop":{"background-color":"","background-image":"","background-repeat":"repeat","background-position":"center center","background-size":"auto","background-attachment":"scroll","background-type":"","background-media":"","overlay-type":"","overlay-color":"","overlay-opacity":"","overlay-gradient":""},"tablet":{"background-color":"","background-image":"","background-repeat":"repeat","background-position":"center center","background-size":"auto","background-attachment":"scroll","background-type":"","background-media":"","overlay-type":"","overlay-color":"","overlay-opacity":"","overlay-gradient":""},"mobile":{"background-color":"","background-image":"","background-repeat":"repeat","background-position":"center center","background-size":"auto","background-attachment":"scroll","background-type":"","background-media":"","overlay-type":"","overlay-color":"","overlay-opacity":"","overlay-gradient":""}},"ast-content-background-meta":{"desktop":{"background-color":"var(--ast-global-color-5)","background-image":"","background-repeat":"repeat","background-position":"center center","background-size":"auto","background-attachment":"scroll","background-type":"","background-media":"","overlay-type":"","overlay-color":"","overlay-opacity":"","overlay-gradient":""},"tablet":{"background-color":"var(--ast-global-color-5)","background-image":"","background-repeat":"repeat","background-position":"center center","background-size":"auto","background-attachment":"scroll","background-type":"","background-media":"","overlay-type":"","overlay-color":"","overlay-opacity":"","overlay-gradient":""},"mobile":{"background-color":"var(--ast-global-color-5)","background-image":"","background-repeat":"repeat","background-position":"center center","background-size":"auto","background-attachment":"scroll","background-type":"","background-media":"","overlay-type":"","overlay-color":"","overlay-opacity":"","overlay-gradient":""}}},"product_brand":[],"product_cat":[29],"product_tag":[166],"class_list":{"0":"post-2241","1":"product","2":"type-product","3":"status-publish","4":"has-post-thumbnail","6":"product_cat-01-coffee-maker-coffee-bean-grinder","7":"product_tag-anmir-kc211-k-cup-coffee-maker","8":"desktop-align-left","9":"tablet-align-left","10":"mobile-align-left","11":"ast-product-gallery-layout-horizontal-slider","12":"ast-product-gallery-with-no-image","13":"ast-product-tabs-layout-vertical","14":"ast-qv-on-image","16":"first","17":"instock","18":"shipping-taxable","19":"product-type-simple"},"uagb_featured_image_src":{"full":["https:\/\/anmir.com.cn\/wp-content\/uploads\/2024\/11\/KC211.webp",800,800,false],"thumbnail":["https:\/\/anmir.com.cn\/wp-content\/uploads\/2024\/11\/KC211-150x150.webp",150,150,true],"medium":["https:\/\/anmir.com.cn\/wp-content\/uploads\/2024\/11\/KC211-300x300.webp",300,300,true],"medium_large":["https:\/\/anmir.com.cn\/wp-content\/uploads\/2024\/11\/KC211-768x768.webp",768,768,true],"large":["https:\/\/anmir.com.cn\/wp-content\/uploads\/2024\/11\/KC211.webp",800,800,false],"1536x1536":["https:\/\/anmir.com.cn\/wp-content\/uploads\/2024\/11\/KC211.webp",800,800,false],"2048x2048":["https:\/\/anmir.com.cn\/wp-content\/uploads\/2024\/11\/KC211.webp",800,800,false],"trp-custom-language-flag":["https:\/\/anmir.com.cn\/wp-content\/uploads\/2024\/11\/KC211.webp",12,12,false],"woocommerce_thumbnail":["https:\/\/anmir.com.cn\/wp-content\/uploads\/2024\/11\/KC211-300x300.webp",300,300,true],"woocommerce_single":["https:\/\/anmir.com.cn\/wp-content\/uploads\/2024\/11\/KC211-600x600.webp",600,600,true],"woocommerce_gallery_thumbnail":["https:\/\/anmir.com.cn\/wp-content\/uploads\/2024\/11\/KC211-100x100.webp",100,100,true]},"uagb_author_info":{"display_name":"daniel@anmir.com.cn","author_link":"https:\/\/anmir.com.cn\/fr\/author\/"},"uagb_comment_info":0,"uagb_excerpt":"The KC211-K Cups Coffee Maker is a convenient and versatile brewing solution for coffee lovers who enjoy both American K-Cup capsules and ground coffee. Designed with a removable capsule box, it is easy to clean and dishwasher-safe, while the coffee powder box allows direct brewing without a capsule. The visible water window with a maximum\u2026","_links":{"self":[{"href":"https:\/\/anmir.com.cn\/fr\/wp-json\/wp\/v2\/product\/2241","targetHints":{"allow":["GET"]}}],"collection":[{"href":"https:\/\/anmir.com.cn\/fr\/wp-json\/wp\/v2\/product"}],"about":[{"href":"https:\/\/anmir.com.cn\/fr\/wp-json\/wp\/v2\/types\/product"}],"wp:featuredmedia":[{"embeddable":true,"href":"https:\/\/anmir.com.cn\/fr\/wp-json\/wp\/v2\/media\/2242"}],"wp:attachment":[{"href":"https:\/\/anmir.com.cn\/fr\/wp-json\/wp\/v2\/media?parent=2241"}],"wp:term":[{"taxonomy":"product_brand","embeddable":true,"href":"https:\/\/anmir.com.cn\/fr\/wp-json\/wp\/v2\/product_brand?post=2241"},{"taxonomy":"product_cat","embeddable":true,"href":"https:\/\/anmir.com.cn\/fr\/wp-json\/wp\/v2\/product_cat?post=2241"},{"taxonomy":"product_tag","embeddable":true,"href":"https:\/\/anmir.com.cn\/fr\/wp-json\/wp\/v2\/product_tag?post=2241"}],"curies":[{"name":"wp","href":"https:\/\/api.w.org\/{rel}","templated":true}]}}