{"id":2935,"date":"2024-12-29T17:58:24","date_gmt":"2024-12-30T00:58:24","guid":{"rendered":"https:\/\/anmir.com.cn\/?post_type=product&#038;p=2935"},"modified":"2025-08-23T17:12:22","modified_gmt":"2025-08-23T09:12:22","slug":"hpm601g","status":"publish","type":"product","link":"https:\/\/anmir.com.cn\/fr\/products\/01-coffee-maker-coffee-bean-grinder\/hpm601g\/","title":{"rendered":"Machine \u00e0 expresso HPM601G"},"content":{"rendered":"<h6>Num\u00e9ro de mod\u00e8le\u00a0: HPM601G-machine \u00e0 expresso<\/h6>\n<h6>120 V ~ 60 Hz 1 200 W<\/h6>\n<h6>220V~50Hz 1400W<\/h6>\n<p>\u00b7Convient aux machines \u00e0 caf\u00e9 \u00e0 pression \u00e0 poudre expresso, avec une passoire simple et une passoire double.<br \/>\n\u00b720BAR HAUTE PRESSION.<br \/>\n\u00b7Panneau de commande tactile : touche d&#039;alimentation, touche tasse simple\/double tasse, touche vapeur, touche eau chaude.<br \/>\n\u00b7La capacit\u00e9 du r\u00e9servoir d&#039;eau amovible est de 1,5 L.<br \/>\n\u00b7 TAILLE DE L&#039;UNIT\u00c9 : 28,2 \u00d7 17,5 \u00d7 29,7 CM, PN : 4 kg<br \/>\n\u00b7Contr\u00f4leur de temp\u00e9rature m\u00e9canique, protecteur de fusible.<br \/>\n\u00b7Plateau amovible, retirez le plateau pour placer des tasses \u00e0 caf\u00e9 de diff\u00e9rentes hauteurs.<br \/>\n\u00b7 Adoptez une chaudi\u00e8re \u00e0 tube d&#039;eau moul\u00e9e sous pression en acier inoxydable de type \u00e0 chaleur instantan\u00e9e, un contr\u00f4le de chauffage \u00e0 double chaudi\u00e8re pour la vapeur et le caf\u00e9 respectivement ; Apr\u00e8s la vapeur, pas besoin d&#039;attendre pour faire du caf\u00e9, la premi\u00e8re tasse de caf\u00e9 peut atteindre 80 degr\u00e9s.<br \/>\n\u00b7Avec fonction de protection de s\u00e9curit\u00e9 contre les surpressions ; contr\u00f4le pr\u00e9cis du d\u00e9bit.<\/p>\n<div id=\"ag-1755940255529\"><\/div>","protected":false},"excerpt":{"rendered":"<p data-start=\"158\" data-end=\"640\">Le <strong data-start=\"162\" data-end=\"188\">Machine \u00e0 expresso HPM601G<\/strong> est une machine \u00e0 caf\u00e9 haute performance con\u00e7ue pour les amateurs d&#039;expresso souhaitant d\u00e9guster des boissons dignes d&#039;un caf\u00e9 \u00e0 la maison. Dot\u00e9e d&#039;un puissant <strong data-start=\"318\" data-end=\"348\">Syst\u00e8me haute pression 20BAR<\/strong>Elle fonctionne avec de la poudre d&#039;espresso et comprend des filtres simples et doubles, vous permettant de pr\u00e9parer un expresso simple ou double avec pr\u00e9cision. Le panneau de commande tactile intuitif comprend les touches Marche\/Arr\u00eat, Tasse simple, Tasse double, Vapeur et Eau chaude, pour une utilisation simple et efficace.<\/p>\n<p data-start=\"642\" data-end=\"1285\">Son r\u00e9servoir d&#039;eau amovible de 1,5 L permet de pr\u00e9parer plusieurs tasses facilement, tandis que le r\u00e9gulateur de temp\u00e9rature m\u00e9canique et le fusible de s\u00e9curit\u00e9 garantissent une utilisation en toute s\u00e9curit\u00e9. Le plateau r\u00e9glable permet de loger confortablement des tasses de diff\u00e9rentes hauteurs, vous offrant ainsi une grande flexibilit\u00e9 pour une vari\u00e9t\u00e9 de boissons expresso. La HPM601G est \u00e9quip\u00e9e d&#039;une chaudi\u00e8re \u00e0 tubes d&#039;eau en acier inoxydable moul\u00e9 sous pression \u00e0 chauffage instantan\u00e9, avec un syst\u00e8me \u00e0 double chaudi\u00e8re qui contr\u00f4le ind\u00e9pendamment la vapeur et le caf\u00e9. Vous pouvez ainsi pr\u00e9parer votre premi\u00e8re tasse \u00e0 80 \u00b0C imm\u00e9diatement apr\u00e8s la cuisson \u00e0 la vapeur, sans attendre. La protection contre la surpression et le contr\u00f4le pr\u00e9cis du d\u00e9bit garantissent une infusion optimale \u00e0 chaque fois.<\/p>\n<p data-start=\"1287\" data-end=\"1579\">Compacte et robuste, avec ses dimensions de 28,2 \u00d7 17,5 \u00d7 29,7 cm et son poids de 4 kg, la machine \u00e0 expresso HPM601G est id\u00e9ale pour une utilisation \u00e0 la maison ou au bureau. Elle produit des expressos, cappuccinos et lattes de qualit\u00e9 professionnelle, ce qui en fait le choix id\u00e9al pour tous ceux qui recherchent une machine fiable. <strong data-start=\"1558\" data-end=\"1576\">machine \u00e0 expresso<\/strong>.<\/p>","protected":false},"featured_media":2936,"template":"","meta":{"_uag_custom_page_level_css":"","site-sidebar-layout":"default","site-content-layout":"","ast-site-content-layout":"default","site-content-style":"default","site-sidebar-style":"default","ast-global-header-display":"","ast-banner-title-visibility":"","ast-main-header-display":"","ast-hfb-above-header-display":"","ast-hfb-below-header-display":"","ast-hfb-mobile-header-display":"","site-post-title":"","ast-breadcrumbs-content":"","ast-featured-img":"","footer-sml-layout":"","ast-disable-related-posts":"","theme-transparent-header-meta":"default","adv-header-id-meta":"","stick-header-meta":"default","header-above-stick-meta":"","header-main-stick-meta":"","header-below-stick-meta":"","astra-migrate-meta-layouts":"set","ast-page-background-enabled":"default","ast-page-background-meta":{"desktop":{"background-color":"","background-image":"","background-repeat":"repeat","background-position":"center center","background-size":"auto","background-attachment":"scroll","background-type":"","background-media":"","overlay-type":"","overlay-color":"","overlay-opacity":"","overlay-gradient":""},"tablet":{"background-color":"","background-image":"","background-repeat":"repeat","background-position":"center center","background-size":"auto","background-attachment":"scroll","background-type":"","background-media":"","overlay-type":"","overlay-color":"","overlay-opacity":"","overlay-gradient":""},"mobile":{"background-color":"","background-image":"","background-repeat":"repeat","background-position":"center center","background-size":"auto","background-attachment":"scroll","background-type":"","background-media":"","overlay-type":"","overlay-color":"","overlay-opacity":"","overlay-gradient":""}},"ast-content-background-meta":{"desktop":{"background-color":"var(--ast-global-color-5)","background-image":"","background-repeat":"repeat","background-position":"center center","background-size":"auto","background-attachment":"scroll","background-type":"","background-media":"","overlay-type":"","overlay-color":"","overlay-opacity":"","overlay-gradient":""},"tablet":{"background-color":"var(--ast-global-color-5)","background-image":"","background-repeat":"repeat","background-position":"center center","background-size":"auto","background-attachment":"scroll","background-type":"","background-media":"","overlay-type":"","overlay-color":"","overlay-opacity":"","overlay-gradient":""},"mobile":{"background-color":"var(--ast-global-color-5)","background-image":"","background-repeat":"repeat","background-position":"center center","background-size":"auto","background-attachment":"scroll","background-type":"","background-media":"","overlay-type":"","overlay-color":"","overlay-opacity":"","overlay-gradient":""}}},"product_brand":[],"product_cat":[29],"product_tag":[189],"class_list":{"0":"post-2935","1":"product","2":"type-product","3":"status-publish","4":"has-post-thumbnail","6":"product_cat-01-coffee-maker-coffee-bean-grinder","7":"product_tag-amazing-hpm601g-golden-espresso-coffee-maker","8":"desktop-align-left","9":"tablet-align-left","10":"mobile-align-left","11":"ast-product-gallery-layout-horizontal-slider","12":"ast-product-gallery-with-no-image","13":"ast-product-tabs-layout-vertical","14":"ast-qv-on-image","16":"first","17":"instock","18":"featured","19":"shipping-taxable","20":"product-type-simple"},"uagb_featured_image_src":{"full":["https:\/\/anmir.com.cn\/wp-content\/uploads\/2024\/12\/HPM601G.jpg",800,800,false],"thumbnail":["https:\/\/anmir.com.cn\/wp-content\/uploads\/2024\/12\/HPM601G-150x150.jpg",150,150,true],"medium":["https:\/\/anmir.com.cn\/wp-content\/uploads\/2024\/12\/HPM601G-300x300.jpg",300,300,true],"medium_large":["https:\/\/anmir.com.cn\/wp-content\/uploads\/2024\/12\/HPM601G-768x768.jpg",768,768,true],"large":["https:\/\/anmir.com.cn\/wp-content\/uploads\/2024\/12\/HPM601G.jpg",800,800,false],"1536x1536":["https:\/\/anmir.com.cn\/wp-content\/uploads\/2024\/12\/HPM601G.jpg",800,800,false],"2048x2048":["https:\/\/anmir.com.cn\/wp-content\/uploads\/2024\/12\/HPM601G.jpg",800,800,false],"trp-custom-language-flag":["https:\/\/anmir.com.cn\/wp-content\/uploads\/2024\/12\/HPM601G.jpg",12,12,false],"woocommerce_thumbnail":["https:\/\/anmir.com.cn\/wp-content\/uploads\/2024\/12\/HPM601G-300x300.jpg",300,300,true],"woocommerce_single":["https:\/\/anmir.com.cn\/wp-content\/uploads\/2024\/12\/HPM601G-600x600.jpg",600,600,true],"woocommerce_gallery_thumbnail":["https:\/\/anmir.com.cn\/wp-content\/uploads\/2024\/12\/HPM601G-100x100.jpg",100,100,true]},"uagb_author_info":{"display_name":"daniel@anmir.com.cn","author_link":"https:\/\/anmir.com.cn\/fr\/author\/"},"uagb_comment_info":0,"uagb_excerpt":"The HPM601G Espresso Maker is a high-performance coffee machine designed for espresso lovers who want caf\u00e9-quality drinks at home. Equipped with a powerful 20BAR high-pressure system, it works with espresso powder and includes both single and double strainers, allowing you to brew a single shot or a double shot with precision. The intuitive touch control\u2026","_links":{"self":[{"href":"https:\/\/anmir.com.cn\/fr\/wp-json\/wp\/v2\/product\/2935","targetHints":{"allow":["GET"]}}],"collection":[{"href":"https:\/\/anmir.com.cn\/fr\/wp-json\/wp\/v2\/product"}],"about":[{"href":"https:\/\/anmir.com.cn\/fr\/wp-json\/wp\/v2\/types\/product"}],"wp:featuredmedia":[{"embeddable":true,"href":"https:\/\/anmir.com.cn\/fr\/wp-json\/wp\/v2\/media\/2936"}],"wp:attachment":[{"href":"https:\/\/anmir.com.cn\/fr\/wp-json\/wp\/v2\/media?parent=2935"}],"wp:term":[{"taxonomy":"product_brand","embeddable":true,"href":"https:\/\/anmir.com.cn\/fr\/wp-json\/wp\/v2\/product_brand?post=2935"},{"taxonomy":"product_cat","embeddable":true,"href":"https:\/\/anmir.com.cn\/fr\/wp-json\/wp\/v2\/product_cat?post=2935"},{"taxonomy":"product_tag","embeddable":true,"href":"https:\/\/anmir.com.cn\/fr\/wp-json\/wp\/v2\/product_tag?post=2935"}],"curies":[{"name":"wp","href":"https:\/\/api.w.org\/{rel}","templated":true}]}}