{"id":1549,"date":"2024-11-06T16:57:32","date_gmt":"2024-11-06T16:57:32","guid":{"rendered":"https:\/\/anmir.com.cn\/?post_type=product&#038;p=1549"},"modified":"2025-08-23T17:05:20","modified_gmt":"2025-08-23T09:05:20","slug":"pcm701","status":"publish","type":"product","link":"https:\/\/anmir.com.cn\/pt\/products\/01-coffee-maker-coffee-bean-grinder\/pcm701\/","title":{"rendered":"PCM701-m\u00e1quina de caf\u00e9"},"content":{"rendered":"<table border=\"0\" width=\"800\">\n<tbody>\n<tr>\n<td style=\"text-align: left;\" valign=\"middle\"><video controls=\"controls\" width=\"400\" height=\"100%\"><source src=\"https:\/\/anmir.com.cn\/wp-content\/uploads\/2025\/03\/PCM701%E8%8B%B1%E8%AF%AD-46m.mp4\" type=\"video\/mp4\" \/><\/video><\/td>\n<td>\n<h6>Modelo n\u00ba: PCM701 - m\u00e1quina de caf\u00e9<\/h6>\n<h6>120 V~60 Hz 1150 W<\/h6>\n<h6>220V~50Hz 1400W<\/h6>\n<p>\u00b7M\u00e1quina de cappuccino de 20 bares.<br \/>\n\u00b7M\u00e1quina de caf\u00e9 expresso com vaporizador de leite para casa.<br \/>\n\u00b7M\u00e1quina de caf\u00e9 com leite 3 em 1 com tanque de leite para expresso, cappuccinos e lattes.<br \/>\n\u00b7Espessura de espuma personalizada.<br \/>\n\u00b7O sistema de espuma integrado extrai o leite diretamente do recipiente, misturando-o com o vapor para criar uma espuma perfeita todas as vezes.<br \/>\n\u00b7Cesta de tacada simples e cesta de tacada dupla.<br \/>\n\u00b7Desligamento autom\u00e1tico.<br \/>\n\u00b7Dep\u00f3sito de \u00e1gua remov\u00edvel de 2,8 L e dep\u00f3sito de leite de 0,8 L.<br \/>\n\u00b7Fun\u00e7\u00e3o de limpeza autom\u00e1tica.<br \/>\n\u00b7Tela IMD de toque suave.<br \/>\n\u00b7Adote caldeira de fundi\u00e7\u00e3o sob press\u00e3o de tubo de \u00e1gua de a\u00e7o inoxid\u00e1vel do tipo de calor instant\u00e2neo, controle de aquecimento de caldeira dupla a vapor e caf\u00e9, respectivamente.<br \/>\n\u00b7Ap\u00f3s o vapor, n\u00e3o \u00e9 necess\u00e1rio esperar para fazer o caf\u00e9.<br \/>\n\u00b7Prote\u00e7\u00e3o de seguran\u00e7a.<br \/>\n\u00b7Controle exato do fluxo de \u00e1gua.<br \/>\n\u00b7Controle de temperatura NTC.<br \/>\n\u00b71400W<\/td>\n<\/tr>\n<\/tbody>\n<\/table>\n<div id=\"ag-1755933376529\"><\/div>\n<div id=\"ag-1755939844198\"><\/div>","protected":false},"excerpt":{"rendered":"<p data-start=\"171\" data-end=\"484\">O <strong data-start=\"175\" data-end=\"206\">M\u00e1quina de caf\u00e9 Anmir PCM701<\/strong> \u00e9 de n\u00edvel profissional <strong data-start=\"231\" data-end=\"264\">m\u00e1quina de caf\u00e9 expresso e cappuccino<\/strong> projetado para levar bebidas estilo caf\u00e9 para sua casa. Apresentando um impressionante <strong data-start=\"344\" data-end=\"367\">Bomba italiana de 20 bar<\/strong>, este poderoso <strong data-start=\"383\" data-end=\"401\">m\u00e1quina de caf\u00e9<\/strong> garante extra\u00e7\u00e3o ideal para um expresso rico com aroma intenso e creme suave.<\/p>\n<p data-start=\"486\" data-end=\"870\">Equipado com um <strong data-start=\"502\" data-end=\"527\">Sistema de preparo 3 em 1<\/strong>, permite preparar expressos, cappuccinos e lattes com facilidade. O sistema integrado <strong data-start=\"612\" data-end=\"636\">sistema de espuma\u00e7\u00e3o de leite<\/strong> extrai leite diretamente do coletor remov\u00edvel <strong data-start=\"676\" data-end=\"694\">Tanque de leite de 0,8L<\/strong>, vaporizando e espumando automaticamente at\u00e9 atingir a textura desejada. Seja para um cappuccino cremoso ou um latte cremoso, o PCM701 oferece resultados consistentes sempre.<\/p>\n<p data-start=\"872\" data-end=\"1246\">O <strong data-start=\"876\" data-end=\"906\">Tanque de \u00e1gua destac\u00e1vel de 2,8 L<\/strong> oferece capacidade suficiente para v\u00e1rias por\u00e7\u00f5es, enquanto o <strong data-start=\"965\" data-end=\"1018\">sistema de caldeira dupla de a\u00e7o inoxid\u00e1vel de aquecimento instant\u00e2neo<\/strong> permite preparar e vaporizar simultaneamente - sem necessidade de espera. Com <strong data-start=\"1088\" data-end=\"1115\">Controle de temperatura NTC<\/strong>, regula\u00e7\u00e3o exata do fluxo de \u00e1gua e m\u00faltiplas prote\u00e7\u00f5es de seguran\u00e7a, este <strong data-start=\"1184\" data-end=\"1202\">m\u00e1quina de caf\u00e9<\/strong> garante desempenho e confiabilidade.<\/p>\n<p data-start=\"1248\" data-end=\"1559\">Os recursos f\u00e1ceis de usar incluem um <strong data-start=\"1281\" data-end=\"1307\">tela IMD de toque suave<\/strong>, fun\u00e7\u00e3o de limpeza autom\u00e1tica, desligamento autom\u00e1tico e cestos de dose \u00fanica e dupla para combinar com sua prefer\u00eancia. Elegante, dur\u00e1vel e vers\u00e1til, o <strong data-start=\"1448\" data-end=\"1473\">M\u00e1quina de caf\u00e9 PCM701<\/strong> \u00e9 a escolha perfeita para entusiastas de caf\u00e9 que desejam resultados profissionais em casa.<\/p>","protected":false},"featured_media":1550,"template":"","meta":{"_uag_custom_page_level_css":"","site-sidebar-layout":"default","site-content-layout":"","ast-site-content-layout":"default","site-content-style":"default","site-sidebar-style":"default","ast-global-header-display":"","ast-banner-title-visibility":"","ast-main-header-display":"","ast-hfb-above-header-display":"","ast-hfb-below-header-display":"","ast-hfb-mobile-header-display":"","site-post-title":"","ast-breadcrumbs-content":"","ast-featured-img":"","footer-sml-layout":"","ast-disable-related-posts":"","theme-transparent-header-meta":"default","adv-header-id-meta":"","stick-header-meta":"default","header-above-stick-meta":"","header-main-stick-meta":"","header-below-stick-meta":"","astra-migrate-meta-layouts":"set","ast-page-background-enabled":"default","ast-page-background-meta":{"desktop":{"background-color":"","background-image":"","background-repeat":"repeat","background-position":"center center","background-size":"auto","background-attachment":"scroll","background-type":"","background-media":"","overlay-type":"","overlay-color":"","overlay-opacity":"","overlay-gradient":""},"tablet":{"background-color":"","background-image":"","background-repeat":"repeat","background-position":"center center","background-size":"auto","background-attachment":"scroll","background-type":"","background-media":"","overlay-type":"","overlay-color":"","overlay-opacity":"","overlay-gradient":""},"mobile":{"background-color":"","background-image":"","background-repeat":"repeat","background-position":"center center","background-size":"auto","background-attachment":"scroll","background-type":"","background-media":"","overlay-type":"","overlay-color":"","overlay-opacity":"","overlay-gradient":""}},"ast-content-background-meta":{"desktop":{"background-color":"var(--ast-global-color-5)","background-image":"","background-repeat":"repeat","background-position":"center center","background-size":"auto","background-attachment":"scroll","background-type":"","background-media":"","overlay-type":"","overlay-color":"","overlay-opacity":"","overlay-gradient":""},"tablet":{"background-color":"var(--ast-global-color-5)","background-image":"","background-repeat":"repeat","background-position":"center center","background-size":"auto","background-attachment":"scroll","background-type":"","background-media":"","overlay-type":"","overlay-color":"","overlay-opacity":"","overlay-gradient":""},"mobile":{"background-color":"var(--ast-global-color-5)","background-image":"","background-repeat":"repeat","background-position":"center center","background-size":"auto","background-attachment":"scroll","background-type":"","background-media":"","overlay-type":"","overlay-color":"","overlay-opacity":"","overlay-gradient":""}}},"product_brand":[],"product_cat":[29],"product_tag":[185],"class_list":{"0":"post-1549","1":"product","2":"type-product","3":"status-publish","4":"has-post-thumbnail","6":"product_cat-01-coffee-maker-coffee-bean-grinder","7":"product_tag-anmir-pcm701-3-in-1-latte-machine-with-milk-tank-for-espresso","8":"desktop-align-left","9":"tablet-align-left","10":"mobile-align-left","11":"ast-product-gallery-layout-horizontal-slider","12":"ast-product-gallery-with-no-image","13":"ast-product-tabs-layout-vertical","14":"ast-qv-on-image","16":"first","17":"instock","18":"shipping-taxable","19":"product-type-simple"},"uagb_featured_image_src":{"full":["https:\/\/anmir.com.cn\/wp-content\/uploads\/2024\/11\/PCM701.jpg",800,800,false],"thumbnail":["https:\/\/anmir.com.cn\/wp-content\/uploads\/2024\/11\/PCM701-150x150.jpg",150,150,true],"medium":["https:\/\/anmir.com.cn\/wp-content\/uploads\/2024\/11\/PCM701-300x300.jpg",300,300,true],"medium_large":["https:\/\/anmir.com.cn\/wp-content\/uploads\/2024\/11\/PCM701-768x768.jpg",768,768,true],"large":["https:\/\/anmir.com.cn\/wp-content\/uploads\/2024\/11\/PCM701.jpg",800,800,false],"1536x1536":["https:\/\/anmir.com.cn\/wp-content\/uploads\/2024\/11\/PCM701.jpg",800,800,false],"2048x2048":["https:\/\/anmir.com.cn\/wp-content\/uploads\/2024\/11\/PCM701.jpg",800,800,false],"trp-custom-language-flag":["https:\/\/anmir.com.cn\/wp-content\/uploads\/2024\/11\/PCM701.jpg",12,12,false],"woocommerce_thumbnail":["https:\/\/anmir.com.cn\/wp-content\/uploads\/2024\/11\/PCM701-300x300.jpg",300,300,true],"woocommerce_single":["https:\/\/anmir.com.cn\/wp-content\/uploads\/2024\/11\/PCM701-600x600.jpg",600,600,true],"woocommerce_gallery_thumbnail":["https:\/\/anmir.com.cn\/wp-content\/uploads\/2024\/11\/PCM701-100x100.jpg",100,100,true]},"uagb_author_info":{"display_name":"daniel@anmir.com.cn","author_link":"https:\/\/anmir.com.cn\/pt\/author\/"},"uagb_comment_info":0,"uagb_excerpt":"The Anmir PCM701 Coffee Machine is a professional-grade espresso and cappuccino maker designed to bring caf\u00e9-style beverages into your home. Featuring an impressive 20-bar Italian pump, this powerful coffee machine ensures optimal extraction for rich espresso with a bold aroma and smooth crema. Equipped with a 3-in-1 brewing system, it allows you to prepare espresso,&hellip;","_links":{"self":[{"href":"https:\/\/anmir.com.cn\/pt\/wp-json\/wp\/v2\/product\/1549","targetHints":{"allow":["GET"]}}],"collection":[{"href":"https:\/\/anmir.com.cn\/pt\/wp-json\/wp\/v2\/product"}],"about":[{"href":"https:\/\/anmir.com.cn\/pt\/wp-json\/wp\/v2\/types\/product"}],"wp:featuredmedia":[{"embeddable":true,"href":"https:\/\/anmir.com.cn\/pt\/wp-json\/wp\/v2\/media\/1550"}],"wp:attachment":[{"href":"https:\/\/anmir.com.cn\/pt\/wp-json\/wp\/v2\/media?parent=1549"}],"wp:term":[{"taxonomy":"product_brand","embeddable":true,"href":"https:\/\/anmir.com.cn\/pt\/wp-json\/wp\/v2\/product_brand?post=1549"},{"taxonomy":"product_cat","embeddable":true,"href":"https:\/\/anmir.com.cn\/pt\/wp-json\/wp\/v2\/product_cat?post=1549"},{"taxonomy":"product_tag","embeddable":true,"href":"https:\/\/anmir.com.cn\/pt\/wp-json\/wp\/v2\/product_tag?post=1549"}],"curies":[{"name":"wp","href":"https:\/\/api.w.org\/{rel}","templated":true}]}}