{"id":1811,"date":"2024-11-08T16:42:58","date_gmt":"2024-11-08T16:42:58","guid":{"rendered":"https:\/\/anmir.com.cn\/?post_type=product&#038;p=1811"},"modified":"2025-08-23T17:10:36","modified_gmt":"2025-08-23T09:10:36","slug":"hpm601","status":"publish","type":"product","link":"https:\/\/anmir.com.cn\/pt\/products\/01-coffee-maker-coffee-bean-grinder\/hpm601\/","title":{"rendered":"HPM601 - melhor cafeteira"},"content":{"rendered":"<table style=\"border-collapse: collapse; width: 573.02pt;\" border=\"0\" width=\"764\" cellspacing=\"0\" cellpadding=\"0\">\n<tbody>\n<tr style=\"height: 150.00pt;\">\n<td class=\"et3\" style=\"height: 150.00pt; width: 573.00pt;\" width=\"764\" height=\"200\">\n<h3>Modelo n\u00ba: HPM601 - melhor cafeteira<\/h3>\n<h6>120 V~60 Hz 1200 W<\/h6>\n<h6>220V~50Hz 1400W<\/h6>\n<p>\u00b7Adequado para m\u00e1quinas de caf\u00e9 expresso em p\u00f3, com filtro simples e duplo.<br \/>\n\u00b720 BAR DE ALTA PRESS\u00c3O.<br \/>\n\u00b7Painel de controle por toque: tecla liga\/desliga, tecla para x\u00edcara \u00fanica\/x\u00edcara dupla, tecla de vapor, tecla de \u00e1gua quente.<br \/>\n\u00b7A capacidade do tanque de \u00e1gua remov\u00edvel \u00e9 de 1,5 L.<br \/>\n\u00b7 TAMANHO DA UNIDADE: 28,2\u00d717,5\u00d729,7CM, NW: 4KGS<br \/>\n\u00b7Controlador mec\u00e2nico de temperatura, protetor de fus\u00edvel.<br \/>\n\u00b7Bandeja remov\u00edvel: remova a bandeja para colocar x\u00edcaras de caf\u00e9 de diferentes alturas.<br \/>\n\u00b7Adote caldeira de fundi\u00e7\u00e3o sob press\u00e3o de tubo de \u00e1gua de a\u00e7o inoxid\u00e1vel do tipo de calor instant\u00e2neo, controle de aquecimento de caldeira dupla, vapor e caf\u00e9, respectivamente; Ap\u00f3s o vapor, n\u00e3o \u00e9 necess\u00e1rio esperar para fazer caf\u00e9, a primeira x\u00edcara de caf\u00e9 pode atingir 80 graus.<br \/>\n\u00b7Com fun\u00e7\u00e3o de prote\u00e7\u00e3o de seguran\u00e7a contra sobrepress\u00e3o; Controle preciso do fluxo.<\/td>\n<\/tr>\n<\/tbody>\n<\/table>\n<p>&nbsp;<\/p>\n<div id=\"ag-1754710467517\"><\/div>\n<div id=\"ag-1755933822669\"><\/div>\n<div id=\"ag-1755940151776\"><\/div>","protected":false},"excerpt":{"rendered":"<p data-start=\"160\" data-end=\"600\">O <strong data-start=\"164\" data-end=\"192\">HPM601 Melhor Cafeteira<\/strong> foi projetada para entusiastas de expresso que exigem caf\u00e9 de qualidade profissional em casa. Com uma alta press\u00e3o <strong data-start=\"304\" data-end=\"313\">20 BAR<\/strong> Com sistema integrado, funciona perfeitamente com p\u00f3 para expresso e vem com filtros simples e duplos, permitindo que voc\u00ea prepare o tamanho de x\u00edcara de sua prefer\u00eancia com precis\u00e3o. Seu painel de controle intuitivo inclui teclas de energia, x\u00edcara simples, x\u00edcara dupla, vapor e \u00e1gua quente para uma opera\u00e7\u00e3o sem esfor\u00e7o.<\/p>\n<p data-start=\"602\" data-end=\"1222\">O reservat\u00f3rio de \u00e1gua remov\u00edvel de 1,5 L garante recargas convenientes, enquanto o controlador mec\u00e2nico de temperatura e o protetor de fus\u00edvel proporcionam seguran\u00e7a confi\u00e1vel. Uma bandeja remov\u00edvel acomoda x\u00edcaras de diferentes alturas, oferecendo flexibilidade para qualquer estilo de caf\u00e9. A HPM601 adota uma caldeira de tubo de \u00e1gua fundido sob press\u00e3o de a\u00e7o inoxid\u00e1vel de aquecimento instant\u00e2neo, com um sistema de caldeira dupla que controla o vapor e o aquecimento do caf\u00e9 de forma independente. Isso garante que a primeira x\u00edcara atinja 80 \u00b0C sem espera, tornando cada infus\u00e3o r\u00e1pida e consistente. Recursos adicionais incluem prote\u00e7\u00e3o de seguran\u00e7a contra sobrepress\u00e3o e controle preciso do fluxo para uma extra\u00e7\u00e3o ideal do expresso.<\/p>\n<p data-start=\"1224\" data-end=\"1567\">Compacta e potente, com dimens\u00f5es de 28,2 x 17,5 x 29,7 cm e peso de 4 kg, a cafeteira HPM601 Best combina efici\u00eancia, seguran\u00e7a e praticidade. Perfeita para uso dom\u00e9stico ou no escrit\u00f3rio, ela oferece expressos, cappuccinos e lattes com qualidade de barista, tornando-a a escolha ideal para quem busca o melhor caf\u00e9 expresso. <strong data-start=\"1532\" data-end=\"1553\">melhor cafeteira<\/strong> experi\u00eancia.<\/p>","protected":false},"featured_media":1812,"template":"","meta":{"_uag_custom_page_level_css":"","site-sidebar-layout":"default","site-content-layout":"","ast-site-content-layout":"default","site-content-style":"default","site-sidebar-style":"default","ast-global-header-display":"","ast-banner-title-visibility":"","ast-main-header-display":"","ast-hfb-above-header-display":"","ast-hfb-below-header-display":"","ast-hfb-mobile-header-display":"","site-post-title":"","ast-breadcrumbs-content":"","ast-featured-img":"","footer-sml-layout":"","ast-disable-related-posts":"","theme-transparent-header-meta":"default","adv-header-id-meta":"","stick-header-meta":"default","header-above-stick-meta":"","header-main-stick-meta":"","header-below-stick-meta":"","astra-migrate-meta-layouts":"set","ast-page-background-enabled":"default","ast-page-background-meta":{"desktop":{"background-color":"","background-image":"","background-repeat":"repeat","background-position":"center center","background-size":"auto","background-attachment":"scroll","background-type":"","background-media":"","overlay-type":"","overlay-color":"","overlay-opacity":"","overlay-gradient":""},"tablet":{"background-color":"","background-image":"","background-repeat":"repeat","background-position":"center center","background-size":"auto","background-attachment":"scroll","background-type":"","background-media":"","overlay-type":"","overlay-color":"","overlay-opacity":"","overlay-gradient":""},"mobile":{"background-color":"","background-image":"","background-repeat":"repeat","background-position":"center center","background-size":"auto","background-attachment":"scroll","background-type":"","background-media":"","overlay-type":"","overlay-color":"","overlay-opacity":"","overlay-gradient":""}},"ast-content-background-meta":{"desktop":{"background-color":"var(--ast-global-color-5)","background-image":"","background-repeat":"repeat","background-position":"center center","background-size":"auto","background-attachment":"scroll","background-type":"","background-media":"","overlay-type":"","overlay-color":"","overlay-opacity":"","overlay-gradient":""},"tablet":{"background-color":"var(--ast-global-color-5)","background-image":"","background-repeat":"repeat","background-position":"center center","background-size":"auto","background-attachment":"scroll","background-type":"","background-media":"","overlay-type":"","overlay-color":"","overlay-opacity":"","overlay-gradient":""},"mobile":{"background-color":"var(--ast-global-color-5)","background-image":"","background-repeat":"repeat","background-position":"center center","background-size":"auto","background-attachment":"scroll","background-type":"","background-media":"","overlay-type":"","overlay-color":"","overlay-opacity":"","overlay-gradient":""}}},"product_brand":[],"product_cat":[29],"product_tag":[173],"class_list":{"0":"post-1811","1":"product","2":"type-product","3":"status-publish","4":"has-post-thumbnail","6":"product_cat-01-coffee-maker-coffee-bean-grinder","7":"product_tag-anmir-hpm601-espresso-coffee-maker","8":"desktop-align-left","9":"tablet-align-left","10":"mobile-align-left","11":"ast-product-gallery-layout-horizontal-slider","12":"ast-product-gallery-with-no-image","13":"ast-product-tabs-layout-vertical","14":"ast-qv-on-image","16":"first","17":"instock","18":"shipping-taxable","19":"product-type-simple"},"uagb_featured_image_src":{"full":["https:\/\/anmir.com.cn\/wp-content\/uploads\/2024\/11\/HPM601.jpg",800,800,false],"thumbnail":["https:\/\/anmir.com.cn\/wp-content\/uploads\/2024\/11\/HPM601-150x150.jpg",150,150,true],"medium":["https:\/\/anmir.com.cn\/wp-content\/uploads\/2024\/11\/HPM601-300x300.jpg",300,300,true],"medium_large":["https:\/\/anmir.com.cn\/wp-content\/uploads\/2024\/11\/HPM601-768x768.jpg",768,768,true],"large":["https:\/\/anmir.com.cn\/wp-content\/uploads\/2024\/11\/HPM601.jpg",800,800,false],"1536x1536":["https:\/\/anmir.com.cn\/wp-content\/uploads\/2024\/11\/HPM601.jpg",800,800,false],"2048x2048":["https:\/\/anmir.com.cn\/wp-content\/uploads\/2024\/11\/HPM601.jpg",800,800,false],"trp-custom-language-flag":["https:\/\/anmir.com.cn\/wp-content\/uploads\/2024\/11\/HPM601.jpg",12,12,false],"woocommerce_thumbnail":["https:\/\/anmir.com.cn\/wp-content\/uploads\/2024\/11\/HPM601-300x300.jpg",300,300,true],"woocommerce_single":["https:\/\/anmir.com.cn\/wp-content\/uploads\/2024\/11\/HPM601-600x600.jpg",600,600,true],"woocommerce_gallery_thumbnail":["https:\/\/anmir.com.cn\/wp-content\/uploads\/2024\/11\/HPM601-100x100.jpg",100,100,true]},"uagb_author_info":{"display_name":"daniel@anmir.com.cn","author_link":"https:\/\/anmir.com.cn\/pt\/author\/"},"uagb_comment_info":0,"uagb_excerpt":"The HPM601 Best Coffee Maker is designed for espresso enthusiasts who demand professional-quality coffee at home. Featuring a high-pressure 20BAR system, it works seamlessly with espresso powder and comes with both single and double strainers, allowing you to brew your preferred cup size with precision. Its intuitive touch control panel includes power, single cup, double&hellip;","_links":{"self":[{"href":"https:\/\/anmir.com.cn\/pt\/wp-json\/wp\/v2\/product\/1811","targetHints":{"allow":["GET"]}}],"collection":[{"href":"https:\/\/anmir.com.cn\/pt\/wp-json\/wp\/v2\/product"}],"about":[{"href":"https:\/\/anmir.com.cn\/pt\/wp-json\/wp\/v2\/types\/product"}],"wp:featuredmedia":[{"embeddable":true,"href":"https:\/\/anmir.com.cn\/pt\/wp-json\/wp\/v2\/media\/1812"}],"wp:attachment":[{"href":"https:\/\/anmir.com.cn\/pt\/wp-json\/wp\/v2\/media?parent=1811"}],"wp:term":[{"taxonomy":"product_brand","embeddable":true,"href":"https:\/\/anmir.com.cn\/pt\/wp-json\/wp\/v2\/product_brand?post=1811"},{"taxonomy":"product_cat","embeddable":true,"href":"https:\/\/anmir.com.cn\/pt\/wp-json\/wp\/v2\/product_cat?post=1811"},{"taxonomy":"product_tag","embeddable":true,"href":"https:\/\/anmir.com.cn\/pt\/wp-json\/wp\/v2\/product_tag?post=1811"}],"curies":[{"name":"wp","href":"https:\/\/api.w.org\/{rel}","templated":true}]}}