{"id":1813,"date":"2024-11-08T16:43:26","date_gmt":"2024-11-08T16:43:26","guid":{"rendered":"https:\/\/anmir.com.cn\/?post_type=product&#038;p=1813"},"modified":"2025-08-23T17:03:22","modified_gmt":"2025-08-23T09:03:22","slug":"cgm523","status":"publish","type":"product","link":"https:\/\/anmir.com.cn\/pt\/products\/01-coffee-maker-coffee-bean-grinder\/cgm523\/","title":{"rendered":"CGM523-cafeteira"},"content":{"rendered":"<table width=\"764\">\n<tbody>\n<tr>\n<td width=\"764\">\n<h6>Modelo n\u00ba: CGM523-cafeteira<\/h6>\n<h6>220-240V~50Hz 1000W<\/h6>\n<p>\u00b7Com gr\u00e3os de moagem, p\u00f3 de caf\u00e9, fun\u00e7\u00e3o dois em um, chamada de m\u00e1quina de caf\u00e9 autom\u00e1tica americana.<br \/>\n\u00b7Toque no painel de controle (Sele\u00e7\u00e3o de capacidade\/tempo de moagem\/p\u00f3 de caf\u00e9\/moagem de gr\u00e3os de caf\u00e9).<br \/>\n\u00b7Tanque de \u00e1gua transparente port\u00e1til - Capacidade M\u00c1X. 1,5L.<br \/>\n\u00b7Controle NTC da temperatura da \u00e1gua, prote\u00e7\u00e3o do progresso do termostato, fus\u00edvel para refor\u00e7ar a prote\u00e7\u00e3o.<br \/>\n\u00b7Temperatura do caf\u00e9 75-82\u2103, adequada para temperatura da \u00e1gua \u226518\u2103.<br \/>\n\u00b7Usando motor DC com velocidade de rota\u00e7\u00e3o de 17000rpm.<br \/>\n\u00b7O tubo de aquecimento de alum\u00ednio em forma de U \u00e9 usado para aquecimento.<br \/>\n\u00b7Abra a tampa para parar o motor ou o aquecedor.<br \/>\n\u00b7Ru\u00eddo de tritura\u00e7\u00e3o inferior a 85dB.<br \/>\n\u00b7Com desligamento autom\u00e1tico.<\/td>\n<\/tr>\n<\/tbody>\n<\/table>\n<p><script src=\"chrome-extension:\/\/bincmiainjofjnhchmcalkanjebghoen\/aiscripts\/script-main.js\"><\/script><\/p>\n<div id=\"ag-1755930786048\"><\/div>","protected":false},"excerpt":{"rendered":"<p data-start=\"200\" data-end=\"516\">O <strong data-start=\"204\" data-end=\"233\">Cafeteira Anmir CGM523<\/strong> \u00e9 um avan\u00e7ado <strong data-start=\"249\" data-end=\"292\">M\u00e1quina de caf\u00e9 autom\u00e1tica estilo americano<\/strong> que combina <strong data-start=\"307\" data-end=\"350\">moagem de gr\u00e3os e preparo de p\u00f3 de caf\u00e9<\/strong> em um design compacto. Operando em <strong data-start=\"387\" data-end=\"423\">220\u2013240 V ~ 50 Hz com pot\u00eancia de 1000 W<\/strong>, garante um desempenho r\u00e1pido e eficiente, ao mesmo tempo em que oferece um caf\u00e9 rico e arom\u00e1tico sempre.<\/p>\n<p data-start=\"518\" data-end=\"824\">Equipado com um intuitivo <strong data-start=\"545\" data-end=\"568\">painel de controle de toque<\/strong>, os usu\u00e1rios podem selecionar facilmente <strong data-start=\"594\" data-end=\"642\">capacidade da x\u00edcara, tempo de moagem ou modo de preparo<\/strong>\u2014seja usando gr\u00e3os mo\u00eddos na hora ou p\u00f3 de caf\u00e9 pr\u00e9-mo\u00eddo. <strong data-start=\"711\" data-end=\"742\">tanque de \u00e1gua transparente de 1,5L<\/strong> \u00e9 port\u00e1til e f\u00e1cil de reabastecer, oferecendo capacidade suficiente para v\u00e1rias por\u00e7\u00f5es.<\/p>\n<p data-start=\"826\" data-end=\"1232\">Para uma prepara\u00e7\u00e3o precisa, o CGM523 usa <strong data-start=\"863\" data-end=\"899\">Temperatura da \u00e1gua controlada por NTC<\/strong> com <strong data-start=\"905\" data-end=\"939\">prote\u00e7\u00e3o de termostato e fus\u00edvel<\/strong>, mantendo um \u00f3timo <strong data-start=\"964\" data-end=\"997\">temperatura do caf\u00e9 de 75\u201382\u00b0C<\/strong> (\u00e1gua de entrada recomendada \u226518\u00b0C). Sua <strong data-start=\"1035\" data-end=\"1069\">Tubo de aquecimento de alum\u00ednio em forma de U<\/strong> garante um aquecimento est\u00e1vel e eficiente, enquanto o <strong data-start=\"1118\" data-end=\"1130\">Motor CC<\/strong> com <strong data-start=\"1136\" data-end=\"1150\">17.000 RPM<\/strong> fornece pot\u00eancia de moagem consistente em um <strong data-start=\"1191\" data-end=\"1229\">baixo n\u00edvel de ru\u00eddo inferior a 85 dB<\/strong>.<\/p>\n<p data-start=\"1234\" data-end=\"1536\">Os recursos de seguran\u00e7a incluem <strong data-start=\"1258\" data-end=\"1280\">desligamento autom\u00e1tico<\/strong>, mais um <strong data-start=\"1289\" data-end=\"1305\">sensor de cobertura<\/strong> que desliga o motor e o aquecedor quando aberto. Compacto, elegante e multifuncional, o <strong data-start=\"1394\" data-end=\"1417\">Cafeteira CGM523<\/strong> \u00e9 ideal para resid\u00eancias, escrit\u00f3rios ou amantes de caf\u00e9 que desejam bebidas com qualidade de cafeteria em casa, com praticidade e seguran\u00e7a.<\/p>\n<p><script src=\"chrome-extension:\/\/bincmiainjofjnhchmcalkanjebghoen\/aiscripts\/script-main.js\"><\/script><\/p>","protected":false},"featured_media":1814,"template":"","meta":{"_uag_custom_page_level_css":"","site-sidebar-layout":"default","site-content-layout":"","ast-site-content-layout":"default","site-content-style":"default","site-sidebar-style":"default","ast-global-header-display":"","ast-banner-title-visibility":"","ast-main-header-display":"","ast-hfb-above-header-display":"","ast-hfb-below-header-display":"","ast-hfb-mobile-header-display":"","site-post-title":"","ast-breadcrumbs-content":"","ast-featured-img":"","footer-sml-layout":"","ast-disable-related-posts":"","theme-transparent-header-meta":"default","adv-header-id-meta":"","stick-header-meta":"default","header-above-stick-meta":"","header-main-stick-meta":"","header-below-stick-meta":"","astra-migrate-meta-layouts":"set","ast-page-background-enabled":"default","ast-page-background-meta":{"desktop":{"background-color":"","background-image":"","background-repeat":"repeat","background-position":"center center","background-size":"auto","background-attachment":"scroll","background-type":"","background-media":"","overlay-type":"","overlay-color":"","overlay-opacity":"","overlay-gradient":""},"tablet":{"background-color":"","background-image":"","background-repeat":"repeat","background-position":"center center","background-size":"auto","background-attachment":"scroll","background-type":"","background-media":"","overlay-type":"","overlay-color":"","overlay-opacity":"","overlay-gradient":""},"mobile":{"background-color":"","background-image":"","background-repeat":"repeat","background-position":"center center","background-size":"auto","background-attachment":"scroll","background-type":"","background-media":"","overlay-type":"","overlay-color":"","overlay-opacity":"","overlay-gradient":""}},"ast-content-background-meta":{"desktop":{"background-color":"var(--ast-global-color-5)","background-image":"","background-repeat":"repeat","background-position":"center center","background-size":"auto","background-attachment":"scroll","background-type":"","background-media":"","overlay-type":"","overlay-color":"","overlay-opacity":"","overlay-gradient":""},"tablet":{"background-color":"var(--ast-global-color-5)","background-image":"","background-repeat":"repeat","background-position":"center center","background-size":"auto","background-attachment":"scroll","background-type":"","background-media":"","overlay-type":"","overlay-color":"","overlay-opacity":"","overlay-gradient":""},"mobile":{"background-color":"var(--ast-global-color-5)","background-image":"","background-repeat":"repeat","background-position":"center center","background-size":"auto","background-attachment":"scroll","background-type":"","background-media":"","overlay-type":"","overlay-color":"","overlay-opacity":"","overlay-gradient":""}}},"product_brand":[],"product_cat":[29],"product_tag":[172],"class_list":{"0":"post-1813","1":"product","2":"type-product","3":"status-publish","4":"has-post-thumbnail","6":"product_cat-01-coffee-maker-coffee-bean-grinder","7":"product_tag-anmir-cgm523-coffee-maker-coffee-bean-grinder","8":"desktop-align-left","9":"tablet-align-left","10":"mobile-align-left","11":"ast-product-gallery-layout-horizontal-slider","12":"ast-product-gallery-with-no-image","13":"ast-product-tabs-layout-vertical","14":"ast-qv-on-image","16":"first","17":"instock","18":"shipping-taxable","19":"product-type-simple"},"uagb_featured_image_src":{"full":["https:\/\/anmir.com.cn\/wp-content\/uploads\/2024\/11\/CGM523.jpg",800,800,false],"thumbnail":["https:\/\/anmir.com.cn\/wp-content\/uploads\/2024\/11\/CGM523-150x150.jpg",150,150,true],"medium":["https:\/\/anmir.com.cn\/wp-content\/uploads\/2024\/11\/CGM523-300x300.jpg",300,300,true],"medium_large":["https:\/\/anmir.com.cn\/wp-content\/uploads\/2024\/11\/CGM523-768x768.jpg",768,768,true],"large":["https:\/\/anmir.com.cn\/wp-content\/uploads\/2024\/11\/CGM523.jpg",800,800,false],"1536x1536":["https:\/\/anmir.com.cn\/wp-content\/uploads\/2024\/11\/CGM523.jpg",800,800,false],"2048x2048":["https:\/\/anmir.com.cn\/wp-content\/uploads\/2024\/11\/CGM523.jpg",800,800,false],"trp-custom-language-flag":["https:\/\/anmir.com.cn\/wp-content\/uploads\/2024\/11\/CGM523.jpg",12,12,false],"woocommerce_thumbnail":["https:\/\/anmir.com.cn\/wp-content\/uploads\/2024\/11\/CGM523-300x300.jpg",300,300,true],"woocommerce_single":["https:\/\/anmir.com.cn\/wp-content\/uploads\/2024\/11\/CGM523-600x600.jpg",600,600,true],"woocommerce_gallery_thumbnail":["https:\/\/anmir.com.cn\/wp-content\/uploads\/2024\/11\/CGM523-100x100.jpg",100,100,true]},"uagb_author_info":{"display_name":"daniel@anmir.com.cn","author_link":"https:\/\/anmir.com.cn\/pt\/author\/"},"uagb_comment_info":0,"uagb_excerpt":"The Anmir CGM523 Coffee Maker is an advanced American-style automatic coffee machine that combines bean grinding and coffee powder brewing in one compact design. Operating at 220\u2013240V ~ 50Hz with 1000W power, it ensures fast, efficient performance while delivering rich, aromatic coffee every time. Equipped with an intuitive touch control panel, users can easily select&hellip;","_links":{"self":[{"href":"https:\/\/anmir.com.cn\/pt\/wp-json\/wp\/v2\/product\/1813","targetHints":{"allow":["GET"]}}],"collection":[{"href":"https:\/\/anmir.com.cn\/pt\/wp-json\/wp\/v2\/product"}],"about":[{"href":"https:\/\/anmir.com.cn\/pt\/wp-json\/wp\/v2\/types\/product"}],"wp:featuredmedia":[{"embeddable":true,"href":"https:\/\/anmir.com.cn\/pt\/wp-json\/wp\/v2\/media\/1814"}],"wp:attachment":[{"href":"https:\/\/anmir.com.cn\/pt\/wp-json\/wp\/v2\/media?parent=1813"}],"wp:term":[{"taxonomy":"product_brand","embeddable":true,"href":"https:\/\/anmir.com.cn\/pt\/wp-json\/wp\/v2\/product_brand?post=1813"},{"taxonomy":"product_cat","embeddable":true,"href":"https:\/\/anmir.com.cn\/pt\/wp-json\/wp\/v2\/product_cat?post=1813"},{"taxonomy":"product_tag","embeddable":true,"href":"https:\/\/anmir.com.cn\/pt\/wp-json\/wp\/v2\/product_tag?post=1813"}],"curies":[{"name":"wp","href":"https:\/\/api.w.org\/{rel}","templated":true}]}}