{"id":1842,"date":"2024-11-09T00:04:28","date_gmt":"2024-11-09T00:04:28","guid":{"rendered":"https:\/\/anmir.com.cn\/?post_type=product&#038;p=1842"},"modified":"2025-08-11T17:29:35","modified_gmt":"2025-08-11T09:29:35","slug":"js8302","status":"publish","type":"product","link":"https:\/\/anmir.com.cn\/pt\/products\/02-wholeapple-slow-juicer\/js8302\/","title":{"rendered":"JS8302-prensa a frio"},"content":{"rendered":"<table style=\"border-collapse: collapse; width: 573.02pt;\" border=\"0\" width=\"764\" cellspacing=\"0\" cellpadding=\"0\">\n<tbody>\n<tr style=\"height: 150.00pt;\">\n<td class=\"et3\" style=\"height: 150.00pt; width: 573.00pt;\" width=\"764\" height=\"200\">\n<h2>Anmir JS8302-prensa a frio<\/h2>\n<h6>Modelo n\u00ba: JS8302<\/h6>\n<h6>220-240V~50\/60Hz 100W<\/h6>\n<p>\u00b7Motor CC de cobre de 100 W.<br \/>\n\u00b7FRENTE-LIGADO\/DESLIGADO-R\u00c9.<br \/>\n\u00b750-100RPM.<br \/>\n\u00b7Di\u00e2metro da rampa de alimenta\u00e7\u00e3o: 130 mm.<br \/>\n\u00b7Ru\u00eddo inferior a 65db.<br \/>\n\u00b7F\u00e1cil de limpar.<br \/>\n\u00b7Com luz ao redor do bot\u00e3o.<br \/>\n\u00b7Revers\u00e3o autom\u00e1tica definida para evitar travamento.<br \/>\n\u00b7Recipiente de polpa embutido: 1000 ml, copo de suco: 600 ml.<br \/>\n\u00b7Anel de decora\u00e7\u00e3o SS.<br \/>\n\u00b7Alavanca met\u00e1lica anti-gotejamento.<br \/>\n\u00b7Prote\u00e7\u00e3o de seguran\u00e7a com microinterruptor na tampa superior.<\/td>\n<\/tr>\n<\/tbody>\n<\/table>\n<div id=\"ag-1754709677400\"><\/div>","protected":false},"excerpt":{"rendered":"<p>Anmir JS8302-cold press \u2013 Suco fresco e rico em nutrientes todos os dias<\/p>\n<p>O espremedor de suco Anmir JS8302 foi projetado para proporcionar o m\u00e1ximo rendimento de suco, mantendo intactos todos os benef\u00edcios naturais. Utilizando a avan\u00e7ada tecnologia de prensagem a frio de baixa velocidade, ele extrai o suco suavemente, reduzindo a oxida\u00e7\u00e3o e preservando vitaminas, minerais e enzimas essenciais para uma bebida mais saud\u00e1vel. Ideal para extrair sucos de frutas, vegetais e folhas verdes, ele produz um suco suave e saboroso com o m\u00ednimo de polpa.<\/p>\n<p>Equipado com um motor silencioso e potente, o JS8302 funciona sem perturbar o ambiente da sua casa. Seu filtro de a\u00e7o inoxid\u00e1vel garante desempenho e durabilidade consistentes, enquanto os materiais livres de BPA garantem um suco limpo e seguro para toda a fam\u00edlia. O bico antigotejamento mant\u00e9m a bancada da sua cozinha impec\u00e1vel e as pe\u00e7as remov\u00edveis tornam a limpeza r\u00e1pida e descomplicada.<\/p>\n<p>Com seu design elegante e compacto, o Anmir JS8302 se integra perfeitamente a qualquer cozinha. A opera\u00e7\u00e3o com um toque facilita o uso, mesmo para iniciantes, enquanto seu desempenho energeticamente eficiente contribui para um estilo de vida ecologicamente correto. Seja para um suco matinal refrescante ou uma bebida verde rica em nutrientes, o espremedor de frutas JS8302 \u00e9 o seu companheiro perfeito para o bem-estar di\u00e1rio.<\/p>\n<p>Palavras-chave: Cold Press Anmir JS8302, espremedor lento, espremedor de prensagem a frio, sem BPA, filtro de a\u00e7o inoxid\u00e1vel, alto rendimento de suco, f\u00e1cil de limpar, baixo ru\u00eddo.<\/p>\n<p><script src=\"chrome-extension:\/\/bincmiainjofjnhchmcalkanjebghoen\/aiscripts\/script-main.js\"><\/script><\/p>","protected":false},"featured_media":1843,"template":"","meta":{"_uag_custom_page_level_css":"","site-sidebar-layout":"default","site-content-layout":"","ast-site-content-layout":"default","site-content-style":"default","site-sidebar-style":"default","ast-global-header-display":"","ast-banner-title-visibility":"","ast-main-header-display":"","ast-hfb-above-header-display":"","ast-hfb-below-header-display":"","ast-hfb-mobile-header-display":"","site-post-title":"","ast-breadcrumbs-content":"","ast-featured-img":"","footer-sml-layout":"","ast-disable-related-posts":"","theme-transparent-header-meta":"default","adv-header-id-meta":"","stick-header-meta":"default","header-above-stick-meta":"","header-main-stick-meta":"","header-below-stick-meta":"","astra-migrate-meta-layouts":"set","ast-page-background-enabled":"default","ast-page-background-meta":{"desktop":{"background-color":"","background-image":"","background-repeat":"repeat","background-position":"center center","background-size":"auto","background-attachment":"scroll","background-type":"","background-media":"","overlay-type":"","overlay-color":"","overlay-opacity":"","overlay-gradient":""},"tablet":{"background-color":"","background-image":"","background-repeat":"repeat","background-position":"center center","background-size":"auto","background-attachment":"scroll","background-type":"","background-media":"","overlay-type":"","overlay-color":"","overlay-opacity":"","overlay-gradient":""},"mobile":{"background-color":"","background-image":"","background-repeat":"repeat","background-position":"center center","background-size":"auto","background-attachment":"scroll","background-type":"","background-media":"","overlay-type":"","overlay-color":"","overlay-opacity":"","overlay-gradient":""}},"ast-content-background-meta":{"desktop":{"background-color":"var(--ast-global-color-5)","background-image":"","background-repeat":"repeat","background-position":"center center","background-size":"auto","background-attachment":"scroll","background-type":"","background-media":"","overlay-type":"","overlay-color":"","overlay-opacity":"","overlay-gradient":""},"tablet":{"background-color":"var(--ast-global-color-5)","background-image":"","background-repeat":"repeat","background-position":"center center","background-size":"auto","background-attachment":"scroll","background-type":"","background-media":"","overlay-type":"","overlay-color":"","overlay-opacity":"","overlay-gradient":""},"mobile":{"background-color":"var(--ast-global-color-5)","background-image":"","background-repeat":"repeat","background-position":"center center","background-size":"auto","background-attachment":"scroll","background-type":"","background-media":"","overlay-type":"","overlay-color":"","overlay-opacity":"","overlay-gradient":""}}},"product_brand":[],"product_cat":[30],"product_tag":[],"class_list":{"0":"post-1842","1":"product","2":"type-product","3":"status-publish","4":"has-post-thumbnail","6":"product_cat-02-wholeapple-slow-juicer","7":"desktop-align-left","8":"tablet-align-left","9":"mobile-align-left","10":"ast-product-gallery-layout-horizontal-slider","11":"ast-product-gallery-with-no-image","12":"ast-product-tabs-layout-vertical","13":"ast-qv-on-image","15":"first","16":"instock","17":"featured","18":"shipping-taxable","19":"product-type-simple"},"uagb_featured_image_src":{"full":["https:\/\/anmir.com.cn\/wp-content\/uploads\/2024\/11\/JS8302.jpg",800,800,false],"thumbnail":["https:\/\/anmir.com.cn\/wp-content\/uploads\/2024\/11\/JS8302-150x150.jpg",150,150,true],"medium":["https:\/\/anmir.com.cn\/wp-content\/uploads\/2024\/11\/JS8302-300x300.jpg",300,300,true],"medium_large":["https:\/\/anmir.com.cn\/wp-content\/uploads\/2024\/11\/JS8302-768x768.jpg",768,768,true],"large":["https:\/\/anmir.com.cn\/wp-content\/uploads\/2024\/11\/JS8302.jpg",800,800,false],"1536x1536":["https:\/\/anmir.com.cn\/wp-content\/uploads\/2024\/11\/JS8302.jpg",800,800,false],"2048x2048":["https:\/\/anmir.com.cn\/wp-content\/uploads\/2024\/11\/JS8302.jpg",800,800,false],"trp-custom-language-flag":["https:\/\/anmir.com.cn\/wp-content\/uploads\/2024\/11\/JS8302.jpg",12,12,false],"woocommerce_thumbnail":["https:\/\/anmir.com.cn\/wp-content\/uploads\/2024\/11\/JS8302-300x300.jpg",300,300,true],"woocommerce_single":["https:\/\/anmir.com.cn\/wp-content\/uploads\/2024\/11\/JS8302-600x600.jpg",600,600,true],"woocommerce_gallery_thumbnail":["https:\/\/anmir.com.cn\/wp-content\/uploads\/2024\/11\/JS8302-100x100.jpg",100,100,true]},"uagb_author_info":{"display_name":"daniel@anmir.com.cn","author_link":"https:\/\/anmir.com.cn\/pt\/author\/"},"uagb_comment_info":0,"uagb_excerpt":"Anmir JS8302-cold press \u2013 Fresh, Nutrient-Rich Juice Every Day The Anmir JS8302 cold press juicer is engineered to deliver maximum juice yield while keeping all the natural goodness intact. Using advanced slow-speed cold press technology, it extracts juice gently, reducing oxidation and preserving essential vitamins, minerals, and enzymes for a healthier drink. Ideal for juicing&hellip;","_links":{"self":[{"href":"https:\/\/anmir.com.cn\/pt\/wp-json\/wp\/v2\/product\/1842","targetHints":{"allow":["GET"]}}],"collection":[{"href":"https:\/\/anmir.com.cn\/pt\/wp-json\/wp\/v2\/product"}],"about":[{"href":"https:\/\/anmir.com.cn\/pt\/wp-json\/wp\/v2\/types\/product"}],"wp:featuredmedia":[{"embeddable":true,"href":"https:\/\/anmir.com.cn\/pt\/wp-json\/wp\/v2\/media\/1843"}],"wp:attachment":[{"href":"https:\/\/anmir.com.cn\/pt\/wp-json\/wp\/v2\/media?parent=1842"}],"wp:term":[{"taxonomy":"product_brand","embeddable":true,"href":"https:\/\/anmir.com.cn\/pt\/wp-json\/wp\/v2\/product_brand?post=1842"},{"taxonomy":"product_cat","embeddable":true,"href":"https:\/\/anmir.com.cn\/pt\/wp-json\/wp\/v2\/product_cat?post=1842"},{"taxonomy":"product_tag","embeddable":true,"href":"https:\/\/anmir.com.cn\/pt\/wp-json\/wp\/v2\/product_tag?post=1842"}],"curies":[{"name":"wp","href":"https:\/\/api.w.org\/{rel}","templated":true}]}}