{"id":1850,"date":"2024-11-09T00:08:27","date_gmt":"2024-11-09T00:08:27","guid":{"rendered":"https:\/\/anmir.com.cn\/?post_type=product&#038;p=1850"},"modified":"2025-08-12T08:21:06","modified_gmt":"2025-08-12T00:21:06","slug":"amr8801","status":"publish","type":"product","link":"https:\/\/anmir.com.cn\/pt\/products\/03-normal-slow-juicer\/amr8801\/","title":{"rendered":"AMR8801-Espremedor Mastigador"},"content":{"rendered":"<table width=\"764\">\n<tbody>\n<tr>\n<td width=\"764\">\n<h6>Modelo NO.:AMR8801-espremedor de mastiga\u00e7\u00e3o<\/h6>\n<h6>220-240V~50\/60Hz 120W<\/h6>\n<p>\u00b7Tipo de parafuso de baixa velocidade para manter a nutri\u00e7\u00e3o do suco<br \/>\n\u00b7Reduz a oxida\u00e7\u00e3o, com teste perfeito e fresco<br \/>\n\u00b7 Motor DC com longo tempo de trabalho cont\u00ednuo (10 minutos)<br \/>\n\u00b7Fun\u00e7\u00e3o reversa para evitar travamento<br \/>\n\u00b7Alta taxa de extra\u00e7\u00e3o de suco<br \/>\n\u00b7 Baixo n\u00edvel de ru\u00eddo, inferior a 65 dB, menor vibra\u00e7\u00e3o<br \/>\n\u00b7 Coador de a\u00e7o inoxid\u00e1vel com pequenos orif\u00edcios para todos os tipos de frutas e vegetais. Tubo de alimenta\u00e7\u00e3o grande, com dois copos.<br \/>\n\u00b7Prote\u00e7\u00e3o de seguran\u00e7a<br \/>\n\u00b7Retire facilmente as pe\u00e7as para limpar<br \/>\nQUANTIDADE DE CARGA: 20DC: 700 pe\u00e7as 40DC: 1400 pe\u00e7as 40HQ: 1700 pe\u00e7as<\/td>\n<\/tr>\n<\/tbody>\n<\/table>\n<div id=\"ag-1754957981590\"><\/div>","protected":false},"excerpt":{"rendered":"<p data-start=\"200\" data-end=\"290\"><strong data-start=\"200\" data-end=\"243\">Modelo NO.: AMR8801 \u2013 Espremedor Mastigador<\/strong><br data-start=\"243\" data-end=\"246\" \/><strong data-start=\"246\" data-end=\"264\">Especifica\u00e7\u00e3o:<\/strong> 220\u2013240 V ~ 50\/60 Hz, 120 W<\/p>\n<p data-start=\"292\" data-end=\"646\">O espremedor de frutas AMR8801 foi projetado para usu\u00e1rios preocupados com a sa\u00fade que desejam desfrutar do suco mais puro com o m\u00e1ximo de nutri\u00e7\u00e3o. Usando um <strong data-start=\"429\" data-end=\"459\">mecanismo de parafuso de baixa velocidade<\/strong>, espreme delicadamente frutas e vegetais para preservar vitaminas, minerais e sabor natural. Sua extra\u00e7\u00e3o em baixa velocidade <strong data-start=\"579\" data-end=\"600\">reduz a oxida\u00e7\u00e3o<\/strong>, garantindo um sabor fresco e rico em cada x\u00edcara.<\/p>\n<p data-start=\"648\" data-end=\"956\">Alimentado por um dur\u00e1vel <strong data-start=\"669\" data-end=\"681\">Motor CC<\/strong>, este espremedor oferece <strong data-start=\"702\" data-end=\"746\">tempo de trabalho cont\u00ednuo de at\u00e9 10 minutos<\/strong> e apresenta um <strong data-start=\"762\" data-end=\"782\">fun\u00e7\u00e3o reversa<\/strong> para evitar entupimentos. O <strong data-start=\"808\" data-end=\"828\">alto rendimento de suco<\/strong> garante que voc\u00ea aproveite ao m\u00e1ximo seus produtos, enquanto <strong data-start=\"885\" data-end=\"915\">baixo n\u00edvel de ru\u00eddo abaixo de 65dB<\/strong> mant\u00e9m a opera\u00e7\u00e3o silenciosa e confort\u00e1vel.<\/p>\n<p data-start=\"958\" data-end=\"1357\">Equipado com um <strong data-start=\"974\" data-end=\"1002\">filtro de a\u00e7o inoxid\u00e1vel<\/strong> Com furos finos, o AMR8801 \u00e9 adequado para todos os tipos de frutas e vegetais. <strong data-start=\"1088\" data-end=\"1110\">tubo de alimenta\u00e7\u00e3o grande<\/strong> facilita o preparo e os dois copos inclusos permitem coletar o suco e a polpa separadamente. <strong data-start=\"1207\" data-end=\"1228\">prote\u00e7\u00e3o de seguran\u00e7a<\/strong>, baixa vibra\u00e7\u00e3o e <strong data-start=\"1249\" data-end=\"1283\">pe\u00e7as destac\u00e1veis f\u00e1ceis de limpar<\/strong>, este espremedor \u00e9 seguro e pr\u00e1tico, perfeito para o uso di\u00e1rio em casa.<\/p>\n<p data-start=\"1359\" data-end=\"1438\">Desfrute de sucos mais saud\u00e1veis e frescos todos os dias com o espremedor mastigador AMR8801.<\/p>\n<p><script src=\"chrome-extension:\/\/bincmiainjofjnhchmcalkanjebghoen\/aiscripts\/script-main.js\"><\/script><\/p>","protected":false},"featured_media":1851,"template":"","meta":{"_uag_custom_page_level_css":"","site-sidebar-layout":"default","site-content-layout":"","ast-site-content-layout":"default","site-content-style":"default","site-sidebar-style":"default","ast-global-header-display":"","ast-banner-title-visibility":"","ast-main-header-display":"","ast-hfb-above-header-display":"","ast-hfb-below-header-display":"","ast-hfb-mobile-header-display":"","site-post-title":"","ast-breadcrumbs-content":"","ast-featured-img":"","footer-sml-layout":"","ast-disable-related-posts":"","theme-transparent-header-meta":"default","adv-header-id-meta":"","stick-header-meta":"default","header-above-stick-meta":"","header-main-stick-meta":"","header-below-stick-meta":"","astra-migrate-meta-layouts":"set","ast-page-background-enabled":"default","ast-page-background-meta":{"desktop":{"background-color":"","background-image":"","background-repeat":"repeat","background-position":"center center","background-size":"auto","background-attachment":"scroll","background-type":"","background-media":"","overlay-type":"","overlay-color":"","overlay-opacity":"","overlay-gradient":""},"tablet":{"background-color":"","background-image":"","background-repeat":"repeat","background-position":"center center","background-size":"auto","background-attachment":"scroll","background-type":"","background-media":"","overlay-type":"","overlay-color":"","overlay-opacity":"","overlay-gradient":""},"mobile":{"background-color":"","background-image":"","background-repeat":"repeat","background-position":"center center","background-size":"auto","background-attachment":"scroll","background-type":"","background-media":"","overlay-type":"","overlay-color":"","overlay-opacity":"","overlay-gradient":""}},"ast-content-background-meta":{"desktop":{"background-color":"var(--ast-global-color-5)","background-image":"","background-repeat":"repeat","background-position":"center center","background-size":"auto","background-attachment":"scroll","background-type":"","background-media":"","overlay-type":"","overlay-color":"","overlay-opacity":"","overlay-gradient":""},"tablet":{"background-color":"var(--ast-global-color-5)","background-image":"","background-repeat":"repeat","background-position":"center center","background-size":"auto","background-attachment":"scroll","background-type":"","background-media":"","overlay-type":"","overlay-color":"","overlay-opacity":"","overlay-gradient":""},"mobile":{"background-color":"var(--ast-global-color-5)","background-image":"","background-repeat":"repeat","background-position":"center center","background-size":"auto","background-attachment":"scroll","background-type":"","background-media":"","overlay-type":"","overlay-color":"","overlay-opacity":"","overlay-gradient":""}}},"product_brand":[],"product_cat":[31],"product_tag":[],"class_list":{"0":"post-1850","1":"product","2":"type-product","3":"status-publish","4":"has-post-thumbnail","6":"product_cat-03-normal-slow-juicer","7":"desktop-align-left","8":"tablet-align-left","9":"mobile-align-left","10":"ast-product-gallery-layout-horizontal-slider","11":"ast-product-gallery-with-no-image","12":"ast-product-tabs-layout-vertical","13":"ast-qv-on-image","15":"first","16":"instock","17":"shipping-taxable","18":"product-type-simple"},"uagb_featured_image_src":{"full":["https:\/\/anmir.com.cn\/wp-content\/uploads\/2024\/11\/AMR8801.jpg",800,800,false],"thumbnail":["https:\/\/anmir.com.cn\/wp-content\/uploads\/2024\/11\/AMR8801-150x150.jpg",150,150,true],"medium":["https:\/\/anmir.com.cn\/wp-content\/uploads\/2024\/11\/AMR8801-300x300.jpg",300,300,true],"medium_large":["https:\/\/anmir.com.cn\/wp-content\/uploads\/2024\/11\/AMR8801-768x768.jpg",768,768,true],"large":["https:\/\/anmir.com.cn\/wp-content\/uploads\/2024\/11\/AMR8801.jpg",800,800,false],"1536x1536":["https:\/\/anmir.com.cn\/wp-content\/uploads\/2024\/11\/AMR8801.jpg",800,800,false],"2048x2048":["https:\/\/anmir.com.cn\/wp-content\/uploads\/2024\/11\/AMR8801.jpg",800,800,false],"trp-custom-language-flag":["https:\/\/anmir.com.cn\/wp-content\/uploads\/2024\/11\/AMR8801.jpg",12,12,false],"woocommerce_thumbnail":["https:\/\/anmir.com.cn\/wp-content\/uploads\/2024\/11\/AMR8801-300x300.jpg",300,300,true],"woocommerce_single":["https:\/\/anmir.com.cn\/wp-content\/uploads\/2024\/11\/AMR8801-600x600.jpg",600,600,true],"woocommerce_gallery_thumbnail":["https:\/\/anmir.com.cn\/wp-content\/uploads\/2024\/11\/AMR8801-100x100.jpg",100,100,true]},"uagb_author_info":{"display_name":"daniel@anmir.com.cn","author_link":"https:\/\/anmir.com.cn\/pt\/author\/"},"uagb_comment_info":0,"uagb_excerpt":"Model NO.: AMR8801 \u2013 Masticating JuicerSpecification: 220\u2013240V~ 50\/60Hz, 120W The AMR8801 Masticating Juicer is designed for health-conscious users who want to enjoy the purest juice with maximum nutrition. Using a slow-speed screw mechanism, it gently squeezes fruits and vegetables to preserve vitamins, minerals, and natural flavor. Its low-speed extraction reduces oxidation, ensuring a fresh, rich&hellip;","_links":{"self":[{"href":"https:\/\/anmir.com.cn\/pt\/wp-json\/wp\/v2\/product\/1850","targetHints":{"allow":["GET"]}}],"collection":[{"href":"https:\/\/anmir.com.cn\/pt\/wp-json\/wp\/v2\/product"}],"about":[{"href":"https:\/\/anmir.com.cn\/pt\/wp-json\/wp\/v2\/types\/product"}],"wp:featuredmedia":[{"embeddable":true,"href":"https:\/\/anmir.com.cn\/pt\/wp-json\/wp\/v2\/media\/1851"}],"wp:attachment":[{"href":"https:\/\/anmir.com.cn\/pt\/wp-json\/wp\/v2\/media?parent=1850"}],"wp:term":[{"taxonomy":"product_brand","embeddable":true,"href":"https:\/\/anmir.com.cn\/pt\/wp-json\/wp\/v2\/product_brand?post=1850"},{"taxonomy":"product_cat","embeddable":true,"href":"https:\/\/anmir.com.cn\/pt\/wp-json\/wp\/v2\/product_cat?post=1850"},{"taxonomy":"product_tag","embeddable":true,"href":"https:\/\/anmir.com.cn\/pt\/wp-json\/wp\/v2\/product_tag?post=1850"}],"curies":[{"name":"wp","href":"https:\/\/api.w.org\/{rel}","templated":true}]}}