{"id":1902,"date":"2024-11-09T00:40:26","date_gmt":"2024-11-09T00:40:26","guid":{"rendered":"https:\/\/anmir.com.cn\/?post_type=product&#038;p=1902"},"modified":"2025-02-25T18:56:47","modified_gmt":"2025-02-26T01:56:47","slug":"js3312","status":"publish","type":"product","link":"https:\/\/anmir.com.cn\/pt\/products\/05-mini-horizontal-slow-juicer\/js3312\/","title":{"rendered":"JS3312"},"content":{"rendered":"<table style=\"border-collapse: collapse; width: 573.02pt;\" border=\"0\" width=\"764\" cellspacing=\"0\" cellpadding=\"0\">\n<tbody>\n<tr style=\"height: 150.00pt;\">\n<td class=\"et3\" style=\"height: 150.00pt; width: 573.00pt;\" width=\"764\" height=\"200\">\n<h6>Modelo n\u00ba: JS3312<\/h6>\n<h6>220-240 V 50\/60 Hz 100 W<\/h6>\n<p>\u00b7Design elegante e compacto.<br \/>\n\u00b7Acess\u00f3rios remov\u00edveis para f\u00e1cil limpeza.<br \/>\n\u00b7Extra\u00e7\u00e3o lenta do suco com melhor sabor e sensa\u00e7\u00e3o de frescor.<br \/>\n\u00b7Velocidade de trabalho com 80-115\/RPM (KB:10min).<br \/>\n\u00b7Design de baixo ru\u00eddo do motor tipo CC, menos de 65 dB.<br \/>\n\u00b7Design de fundo de press\u00e3o com fun\u00e7\u00e3o reversa para evitar que os alimentos fiquem presos.<br \/>\n\u00b7Novo design patenteado de boca de alimenta\u00e7\u00e3o grande de 50 mm para ma\u00e7\u00e3 inteira.<br \/>\n\u00b7Alta taxa de extra\u00e7\u00e3o de suco.<\/td>\n<\/tr>\n<\/tbody>\n<\/table>","protected":false},"excerpt":{"rendered":"<p>Model NO.:JS3312 220-240V 50\/60Hz 100W \u00b7Elegant and compact design. \u00b7Detachable accessories for easy cleaning. \u00b7Slow juice extraction with better taste and fresh feeling. \u00b7Working speed with 80-115\/RPM(KB:10mins). \u00b7Low noise design of DC type motor,less than 65db. \u00b7Press-bottom design with Reverse function to avoid food jammed. \u00b7New patent Large feeding mouth design 50mm for whole apple. [&hellip;]<\/p>\n","protected":false},"featured_media":1903,"template":"","meta":{"_uag_custom_page_level_css":"","site-sidebar-layout":"default","site-content-layout":"","ast-site-content-layout":"default","site-content-style":"default","site-sidebar-style":"default","ast-global-header-display":"","ast-banner-title-visibility":"","ast-main-header-display":"","ast-hfb-above-header-display":"","ast-hfb-below-header-display":"","ast-hfb-mobile-header-display":"","site-post-title":"","ast-breadcrumbs-content":"","ast-featured-img":"","footer-sml-layout":"","ast-disable-related-posts":"","theme-transparent-header-meta":"default","adv-header-id-meta":"","stick-header-meta":"","header-above-stick-meta":"","header-main-stick-meta":"","header-below-stick-meta":"","astra-migrate-meta-layouts":"set","ast-page-background-enabled":"default","ast-page-background-meta":{"desktop":{"background-color":"","background-image":"","background-repeat":"repeat","background-position":"center center","background-size":"auto","background-attachment":"scroll","background-type":"","background-media":"","overlay-type":"","overlay-color":"","overlay-opacity":"","overlay-gradient":""},"tablet":{"background-color":"","background-image":"","background-repeat":"repeat","background-position":"center center","background-size":"auto","background-attachment":"scroll","background-type":"","background-media":"","overlay-type":"","overlay-color":"","overlay-opacity":"","overlay-gradient":""},"mobile":{"background-color":"","background-image":"","background-repeat":"repeat","background-position":"center center","background-size":"auto","background-attachment":"scroll","background-type":"","background-media":"","overlay-type":"","overlay-color":"","overlay-opacity":"","overlay-gradient":""}},"ast-content-background-meta":{"desktop":{"background-color":"var(--ast-global-color-5)","background-image":"","background-repeat":"repeat","background-position":"center center","background-size":"auto","background-attachment":"scroll","background-type":"","background-media":"","overlay-type":"","overlay-color":"","overlay-opacity":"","overlay-gradient":""},"tablet":{"background-color":"var(--ast-global-color-5)","background-image":"","background-repeat":"repeat","background-position":"center center","background-size":"auto","background-attachment":"scroll","background-type":"","background-media":"","overlay-type":"","overlay-color":"","overlay-opacity":"","overlay-gradient":""},"mobile":{"background-color":"var(--ast-global-color-5)","background-image":"","background-repeat":"repeat","background-position":"center center","background-size":"auto","background-attachment":"scroll","background-type":"","background-media":"","overlay-type":"","overlay-color":"","overlay-opacity":"","overlay-gradient":""}}},"product_brand":[],"product_cat":[33],"product_tag":[],"class_list":{"0":"post-1902","1":"product","2":"type-product","3":"status-publish","4":"has-post-thumbnail","6":"product_cat-05-mini-horizontal-slow-juicer","7":"desktop-align-left","8":"tablet-align-left","9":"mobile-align-left","10":"ast-product-gallery-layout-horizontal-slider","11":"ast-product-gallery-with-no-image","12":"ast-product-tabs-layout-vertical","13":"ast-qv-on-image","15":"first","16":"instock","17":"shipping-taxable","18":"product-type-simple"},"uagb_featured_image_src":{"full":["https:\/\/anmir.com.cn\/wp-content\/uploads\/2024\/11\/JS3312.jpg",800,800,false],"thumbnail":["https:\/\/anmir.com.cn\/wp-content\/uploads\/2024\/11\/JS3312-150x150.jpg",150,150,true],"medium":["https:\/\/anmir.com.cn\/wp-content\/uploads\/2024\/11\/JS3312-300x300.jpg",300,300,true],"medium_large":["https:\/\/anmir.com.cn\/wp-content\/uploads\/2024\/11\/JS3312-768x768.jpg",768,768,true],"large":["https:\/\/anmir.com.cn\/wp-content\/uploads\/2024\/11\/JS3312.jpg",800,800,false],"1536x1536":["https:\/\/anmir.com.cn\/wp-content\/uploads\/2024\/11\/JS3312.jpg",800,800,false],"2048x2048":["https:\/\/anmir.com.cn\/wp-content\/uploads\/2024\/11\/JS3312.jpg",800,800,false],"trp-custom-language-flag":["https:\/\/anmir.com.cn\/wp-content\/uploads\/2024\/11\/JS3312.jpg",12,12,false],"woocommerce_thumbnail":["https:\/\/anmir.com.cn\/wp-content\/uploads\/2024\/11\/JS3312-300x300.jpg",300,300,true],"woocommerce_single":["https:\/\/anmir.com.cn\/wp-content\/uploads\/2024\/11\/JS3312-600x600.jpg",600,600,true],"woocommerce_gallery_thumbnail":["https:\/\/anmir.com.cn\/wp-content\/uploads\/2024\/11\/JS3312-100x100.jpg",100,100,true]},"uagb_author_info":{"display_name":"daniel@anmir.com.cn","author_link":"https:\/\/anmir.com.cn\/pt\/author\/"},"uagb_comment_info":0,"uagb_excerpt":"Model NO.:JS3312 220-240V 50\/60Hz 100W \u00b7Elegant and compact design. \u00b7Detachable accessories for easy cleaning. \u00b7Slow juice extraction with better taste and fresh feeling. \u00b7Working speed with 80-115\/RPM(KB:10mins). \u00b7Low noise design of DC type motor,less than 65db. \u00b7Press-bottom design with Reverse function to avoid food jammed. \u00b7New patent Large feeding mouth design 50mm for whole apple.&hellip;","_links":{"self":[{"href":"https:\/\/anmir.com.cn\/pt\/wp-json\/wp\/v2\/product\/1902","targetHints":{"allow":["GET"]}}],"collection":[{"href":"https:\/\/anmir.com.cn\/pt\/wp-json\/wp\/v2\/product"}],"about":[{"href":"https:\/\/anmir.com.cn\/pt\/wp-json\/wp\/v2\/types\/product"}],"wp:featuredmedia":[{"embeddable":true,"href":"https:\/\/anmir.com.cn\/pt\/wp-json\/wp\/v2\/media\/1903"}],"wp:attachment":[{"href":"https:\/\/anmir.com.cn\/pt\/wp-json\/wp\/v2\/media?parent=1902"}],"wp:term":[{"taxonomy":"product_brand","embeddable":true,"href":"https:\/\/anmir.com.cn\/pt\/wp-json\/wp\/v2\/product_brand?post=1902"},{"taxonomy":"product_cat","embeddable":true,"href":"https:\/\/anmir.com.cn\/pt\/wp-json\/wp\/v2\/product_cat?post=1902"},{"taxonomy":"product_tag","embeddable":true,"href":"https:\/\/anmir.com.cn\/pt\/wp-json\/wp\/v2\/product_tag?post=1902"}],"curies":[{"name":"wp","href":"https:\/\/api.w.org\/{rel}","templated":true}]}}