{"id":1914,"date":"2024-11-09T00:46:55","date_gmt":"2024-11-09T00:46:55","guid":{"rendered":"https:\/\/anmir.com.cn\/?post_type=product&#038;p=1914"},"modified":"2025-03-13T13:20:08","modified_gmt":"2025-03-13T05:20:08","slug":"amr521c","status":"publish","type":"product","link":"https:\/\/anmir.com.cn\/pt\/products\/06-horizontal-slow-juicer\/amr521c\/","title":{"rendered":"Anmir AMR521C Espremedor horizontal lento \u2013 Experi\u00eancia de suco potente, eficiente e de qualidade premium"},"content":{"rendered":"<table style=\"border-collapse: collapse; width: 573.02pt;\" border=\"0\" width=\"764\" cellspacing=\"0\" cellpadding=\"0\">\n<tbody>\n<tr style=\"height: 150.00pt;\">\n<td class=\"et3\" style=\"height: 150.00pt; width: 573.00pt;\" width=\"764\" height=\"200\">\n<h6>Anmir AMR521C Espremedor horizontal lento<\/h6>\n<h6>Modelo n\u00ba: AMR521C<\/h6>\n<h6>220-240V~50\/60Hz 150W<\/h6>\n<p>\u00b7Potente motor DC com 150W<br \/>\n\u00b7RPM:90-110\/Min<br \/>\n\u00b7Quicky transforma sua fruta congelada em um sorvete cremoso saud\u00e1vel e delicioso<br \/>\n\u00b7Basta congelar frutas vermelhas, bananas, mangas fatiadas, iogurte e colocar na rampa, momentos depois voc\u00ea ter\u00e1 um delicioso sorvete de frutas cremoso<br \/>\n\u00b7Crie sobremesas cremosas de frutas congeladas e iogurte que t\u00eam a textura e o sabor de sorvete cremoso, com o toque de um bot\u00e3o<br \/>\n\u00b7 Baixo n\u00edvel de ru\u00eddo, inferior a 65 dB, menor vibra\u00e7\u00e3o<br \/>\n\u00b7F\u00e1cil de retirar as pe\u00e7as para limpar<br \/>\n\u00b7Prote\u00e7\u00e3o de seguran\u00e7a contra superaquecimento<\/p>\n<p>QUANTIDADE DE CARGA:<br \/>\n\u00b720DC:948 pe\u00e7as<br \/>\n\u00b740DC:1998 pe\u00e7as<br \/>\n\u00b740HQ:2304 pe\u00e7as<\/p>\n<p>&nbsp;<\/p>\n<p>Anmir \u00e9 um fabricante l\u00edder de eletrodom\u00e9sticos de cozinha de alta qualidade na China,<\/p>\n<p>especializada em espremedores lentos, espremedores de prensagem a frio, liquidificadores, m\u00e1quinas de caf\u00e9 e outros equipamentos de processamento de alimentos.<\/p>\n<p>Com mais de 20 anos de experi\u00eancia, estamos comprometidos com a inova\u00e7\u00e3o, efici\u00eancia e entrega de produtos de primeira linha para atender \u00e0s necessidades dos consumidores no mundo todo.<\/td>\n<\/tr>\n<\/tbody>\n<\/table>","protected":false},"excerpt":{"rendered":"<p>Anmir AMR521C Horizontal Slow Juicer Model NO.:AMR521C 220-240V~50\/60Hz 150W \u00b7Powerful DC motor with 150W \u00b7RPM:90-110\/Min \u00b7Quicky turns your frozen fruit into healthy and delicious soft-serve ice cream \u00b7Simply freeze berries,bananas,sliced mangos,yogurt and place into the chute,moments later you have delicious soft-serve fruit ice cream \u00b7Create creamy frozen fruit and yogurt desserts that feel and taste [&hellip;]<\/p>\n","protected":false},"featured_media":1915,"template":"","meta":{"_uag_custom_page_level_css":"","site-sidebar-layout":"default","site-content-layout":"","ast-site-content-layout":"default","site-content-style":"default","site-sidebar-style":"default","ast-global-header-display":"","ast-banner-title-visibility":"","ast-main-header-display":"","ast-hfb-above-header-display":"","ast-hfb-below-header-display":"","ast-hfb-mobile-header-display":"","site-post-title":"","ast-breadcrumbs-content":"","ast-featured-img":"","footer-sml-layout":"","ast-disable-related-posts":"","theme-transparent-header-meta":"default","adv-header-id-meta":"","stick-header-meta":"","header-above-stick-meta":"","header-main-stick-meta":"","header-below-stick-meta":"","astra-migrate-meta-layouts":"set","ast-page-background-enabled":"default","ast-page-background-meta":{"desktop":{"background-color":"","background-image":"","background-repeat":"repeat","background-position":"center center","background-size":"auto","background-attachment":"scroll","background-type":"","background-media":"","overlay-type":"","overlay-color":"","overlay-opacity":"","overlay-gradient":""},"tablet":{"background-color":"","background-image":"","background-repeat":"repeat","background-position":"center center","background-size":"auto","background-attachment":"scroll","background-type":"","background-media":"","overlay-type":"","overlay-color":"","overlay-opacity":"","overlay-gradient":""},"mobile":{"background-color":"","background-image":"","background-repeat":"repeat","background-position":"center center","background-size":"auto","background-attachment":"scroll","background-type":"","background-media":"","overlay-type":"","overlay-color":"","overlay-opacity":"","overlay-gradient":""}},"ast-content-background-meta":{"desktop":{"background-color":"var(--ast-global-color-5)","background-image":"","background-repeat":"repeat","background-position":"center center","background-size":"auto","background-attachment":"scroll","background-type":"","background-media":"","overlay-type":"","overlay-color":"","overlay-opacity":"","overlay-gradient":""},"tablet":{"background-color":"var(--ast-global-color-5)","background-image":"","background-repeat":"repeat","background-position":"center center","background-size":"auto","background-attachment":"scroll","background-type":"","background-media":"","overlay-type":"","overlay-color":"","overlay-opacity":"","overlay-gradient":""},"mobile":{"background-color":"var(--ast-global-color-5)","background-image":"","background-repeat":"repeat","background-position":"center center","background-size":"auto","background-attachment":"scroll","background-type":"","background-media":"","overlay-type":"","overlay-color":"","overlay-opacity":"","overlay-gradient":""}}},"product_brand":[],"product_cat":[34],"product_tag":[],"class_list":{"0":"post-1914","1":"product","2":"type-product","3":"status-publish","4":"has-post-thumbnail","6":"product_cat-06-horizontal-slow-juicer","7":"desktop-align-left","8":"tablet-align-left","9":"mobile-align-left","10":"ast-product-gallery-layout-horizontal-slider","11":"ast-product-gallery-with-no-image","12":"ast-product-tabs-layout-vertical","13":"ast-qv-on-image","15":"first","16":"instock","17":"shipping-taxable","18":"product-type-simple"},"uagb_featured_image_src":{"full":["https:\/\/anmir.com.cn\/wp-content\/uploads\/2024\/11\/AMR521C.jpg",800,800,false],"thumbnail":["https:\/\/anmir.com.cn\/wp-content\/uploads\/2024\/11\/AMR521C-150x150.jpg",150,150,true],"medium":["https:\/\/anmir.com.cn\/wp-content\/uploads\/2024\/11\/AMR521C-300x300.jpg",300,300,true],"medium_large":["https:\/\/anmir.com.cn\/wp-content\/uploads\/2024\/11\/AMR521C-768x768.jpg",768,768,true],"large":["https:\/\/anmir.com.cn\/wp-content\/uploads\/2024\/11\/AMR521C.jpg",800,800,false],"1536x1536":["https:\/\/anmir.com.cn\/wp-content\/uploads\/2024\/11\/AMR521C.jpg",800,800,false],"2048x2048":["https:\/\/anmir.com.cn\/wp-content\/uploads\/2024\/11\/AMR521C.jpg",800,800,false],"trp-custom-language-flag":["https:\/\/anmir.com.cn\/wp-content\/uploads\/2024\/11\/AMR521C.jpg",12,12,false],"woocommerce_thumbnail":["https:\/\/anmir.com.cn\/wp-content\/uploads\/2024\/11\/AMR521C-300x300.jpg",300,300,true],"woocommerce_single":["https:\/\/anmir.com.cn\/wp-content\/uploads\/2024\/11\/AMR521C-600x600.jpg",600,600,true],"woocommerce_gallery_thumbnail":["https:\/\/anmir.com.cn\/wp-content\/uploads\/2024\/11\/AMR521C-100x100.jpg",100,100,true]},"uagb_author_info":{"display_name":"daniel@anmir.com.cn","author_link":"https:\/\/anmir.com.cn\/pt\/author\/"},"uagb_comment_info":0,"uagb_excerpt":"Anmir AMR521C Horizontal Slow Juicer Model NO.:AMR521C 220-240V~50\/60Hz 150W \u00b7Powerful DC motor with 150W \u00b7RPM:90-110\/Min \u00b7Quicky turns your frozen fruit into healthy and delicious soft-serve ice cream \u00b7Simply freeze berries,bananas,sliced mangos,yogurt and place into the chute,moments later you have delicious soft-serve fruit ice cream \u00b7Create creamy frozen fruit and yogurt desserts that feel and taste&hellip;","_links":{"self":[{"href":"https:\/\/anmir.com.cn\/pt\/wp-json\/wp\/v2\/product\/1914","targetHints":{"allow":["GET"]}}],"collection":[{"href":"https:\/\/anmir.com.cn\/pt\/wp-json\/wp\/v2\/product"}],"about":[{"href":"https:\/\/anmir.com.cn\/pt\/wp-json\/wp\/v2\/types\/product"}],"wp:featuredmedia":[{"embeddable":true,"href":"https:\/\/anmir.com.cn\/pt\/wp-json\/wp\/v2\/media\/1915"}],"wp:attachment":[{"href":"https:\/\/anmir.com.cn\/pt\/wp-json\/wp\/v2\/media?parent=1914"}],"wp:term":[{"taxonomy":"product_brand","embeddable":true,"href":"https:\/\/anmir.com.cn\/pt\/wp-json\/wp\/v2\/product_brand?post=1914"},{"taxonomy":"product_cat","embeddable":true,"href":"https:\/\/anmir.com.cn\/pt\/wp-json\/wp\/v2\/product_cat?post=1914"},{"taxonomy":"product_tag","embeddable":true,"href":"https:\/\/anmir.com.cn\/pt\/wp-json\/wp\/v2\/product_tag?post=1914"}],"curies":[{"name":"wp","href":"https:\/\/api.w.org\/{rel}","templated":true}]}}