{"id":1920,"date":"2024-11-09T00:48:04","date_gmt":"2024-11-09T00:48:04","guid":{"rendered":"https:\/\/anmir.com.cn\/?post_type=product&#038;p=1920"},"modified":"2025-03-13T13:16:40","modified_gmt":"2025-03-13T05:16:40","slug":"amr599","status":"publish","type":"product","link":"https:\/\/anmir.com.cn\/pt\/products\/06-horizontal-slow-juicer\/amr599\/","title":{"rendered":"Anmir AMR599 Espremedor horizontal lento \u2013 Experi\u00eancia de suco potente, eficiente e de qualidade premium"},"content":{"rendered":"<table style=\"border-collapse: collapse; width: 573.02pt;\" border=\"0\" width=\"764\" cellspacing=\"0\" cellpadding=\"0\">\n<tbody>\n<tr style=\"height: 150.00pt;\">\n<td class=\"et3\" style=\"height: 150.00pt; width: 573.00pt;\" width=\"764\" height=\"200\">\n<h6>Anmir AMR599 Espremedor horizontal lento<\/h6>\n<h6>Modelo n\u00ba: AMR599<\/h6>\n<h6>220-240 V 50\/60 Hz<\/h6>\n<p>150W (Espremedor) + 30W (Espremedor de frutas c\u00edtricas)<\/p>\n<p>\u00b7Fun\u00e7\u00e3o poderosa de espremedor lento, espremedor de frutas c\u00edtricas.<br \/>\n\u00b7Motor CC de 150 W. Tipo parafuso de baixa velocidade.<br \/>\n\u00b7RPM:90-110\/Min.<br \/>\n\u00b7Mant\u00e9m os nutrientes do suco, reduz a oxida\u00e7\u00e3o.<br \/>\n\u00b7Baixo n\u00edvel de ru\u00eddo, menos de 65 dB, silencioso e seguro.<br \/>\n\u00b7Fun\u00e7\u00e3o reversa para evitar travamento.<br \/>\n\u00b7Velocidades opcionais: R\u00e9-0-1-2.<br \/>\n\u00b7Alta taxa de extra\u00e7\u00e3o de suco.<br \/>\n\u00b7Coador de a\u00e7o inoxid\u00e1vel com pequenos furos para frutas e vegetais.<br \/>\n\u00b7Tubo de alimenta\u00e7\u00e3o grande.<br \/>\n\u00b7F\u00e1cil de limpar.<br \/>\n\u00b7Prote\u00e7\u00e3o de seguran\u00e7a.<\/p>\n<p>QUANTIDADE DE CARGA:<br \/>\n\u00b720DC:720 pe\u00e7as<br \/>\n\u00b740DC:1480 pe\u00e7as<br \/>\n\u00b740HQ:1640 pe\u00e7as<\/p>\n<p>&nbsp;<\/p>\n<p>Anmir \u00e9 um fabricante l\u00edder de eletrodom\u00e9sticos de cozinha de alta qualidade na China,<\/p>\n<p>especializada em espremedores lentos, espremedores de prensagem a frio, liquidificadores, m\u00e1quinas de caf\u00e9 e outros equipamentos de processamento de alimentos.<\/p>\n<p>Com mais de 20 anos de experi\u00eancia, estamos comprometidos com a inova\u00e7\u00e3o, efici\u00eancia e entrega de produtos de primeira linha para atender \u00e0s necessidades dos consumidores no mundo todo.<\/td>\n<\/tr>\n<\/tbody>\n<\/table>","protected":false},"excerpt":{"rendered":"<p>Anmir AMR599 Horizontal Slow Juicer Model NO.:AMR599 220-240V 50\/60Hz 150W(Juicer)+30W(Citrus juicer) \u00b7Powerful function of slow juicer,Citrus juicer. \u00b7150W DC motor.Slow speed screw type. \u00b7RPM:90-110\/Min. \u00b7Keep the nutrition of the juice,reduce the oxidation. \u00b7Low noise level less than 65db,Quiet and safety. \u00b7Reverse function to avoid stuck. \u00b7Optional speeds:Reverse-0-1-2. \u00b7High juice extracting rate. \u00b7S\/S strainer with small [&hellip;]<\/p>\n","protected":false},"featured_media":1921,"template":"","meta":{"_uag_custom_page_level_css":"","site-sidebar-layout":"default","site-content-layout":"","ast-site-content-layout":"default","site-content-style":"default","site-sidebar-style":"default","ast-global-header-display":"","ast-banner-title-visibility":"","ast-main-header-display":"","ast-hfb-above-header-display":"","ast-hfb-below-header-display":"","ast-hfb-mobile-header-display":"","site-post-title":"","ast-breadcrumbs-content":"","ast-featured-img":"","footer-sml-layout":"","ast-disable-related-posts":"","theme-transparent-header-meta":"default","adv-header-id-meta":"","stick-header-meta":"","header-above-stick-meta":"","header-main-stick-meta":"","header-below-stick-meta":"","astra-migrate-meta-layouts":"set","ast-page-background-enabled":"default","ast-page-background-meta":{"desktop":{"background-color":"","background-image":"","background-repeat":"repeat","background-position":"center center","background-size":"auto","background-attachment":"scroll","background-type":"","background-media":"","overlay-type":"","overlay-color":"","overlay-opacity":"","overlay-gradient":""},"tablet":{"background-color":"","background-image":"","background-repeat":"repeat","background-position":"center center","background-size":"auto","background-attachment":"scroll","background-type":"","background-media":"","overlay-type":"","overlay-color":"","overlay-opacity":"","overlay-gradient":""},"mobile":{"background-color":"","background-image":"","background-repeat":"repeat","background-position":"center center","background-size":"auto","background-attachment":"scroll","background-type":"","background-media":"","overlay-type":"","overlay-color":"","overlay-opacity":"","overlay-gradient":""}},"ast-content-background-meta":{"desktop":{"background-color":"var(--ast-global-color-5)","background-image":"","background-repeat":"repeat","background-position":"center center","background-size":"auto","background-attachment":"scroll","background-type":"","background-media":"","overlay-type":"","overlay-color":"","overlay-opacity":"","overlay-gradient":""},"tablet":{"background-color":"var(--ast-global-color-5)","background-image":"","background-repeat":"repeat","background-position":"center center","background-size":"auto","background-attachment":"scroll","background-type":"","background-media":"","overlay-type":"","overlay-color":"","overlay-opacity":"","overlay-gradient":""},"mobile":{"background-color":"var(--ast-global-color-5)","background-image":"","background-repeat":"repeat","background-position":"center center","background-size":"auto","background-attachment":"scroll","background-type":"","background-media":"","overlay-type":"","overlay-color":"","overlay-opacity":"","overlay-gradient":""}}},"product_brand":[],"product_cat":[34],"product_tag":[],"class_list":{"0":"post-1920","1":"product","2":"type-product","3":"status-publish","4":"has-post-thumbnail","6":"product_cat-06-horizontal-slow-juicer","7":"desktop-align-left","8":"tablet-align-left","9":"mobile-align-left","10":"ast-product-gallery-layout-horizontal-slider","11":"ast-product-gallery-with-no-image","12":"ast-product-tabs-layout-vertical","13":"ast-qv-on-image","15":"first","16":"instock","17":"shipping-taxable","18":"product-type-simple"},"uagb_featured_image_src":{"full":["https:\/\/anmir.com.cn\/wp-content\/uploads\/2024\/11\/AMR599.jpg",800,800,false],"thumbnail":["https:\/\/anmir.com.cn\/wp-content\/uploads\/2024\/11\/AMR599-150x150.jpg",150,150,true],"medium":["https:\/\/anmir.com.cn\/wp-content\/uploads\/2024\/11\/AMR599-300x300.jpg",300,300,true],"medium_large":["https:\/\/anmir.com.cn\/wp-content\/uploads\/2024\/11\/AMR599-768x768.jpg",768,768,true],"large":["https:\/\/anmir.com.cn\/wp-content\/uploads\/2024\/11\/AMR599.jpg",800,800,false],"1536x1536":["https:\/\/anmir.com.cn\/wp-content\/uploads\/2024\/11\/AMR599.jpg",800,800,false],"2048x2048":["https:\/\/anmir.com.cn\/wp-content\/uploads\/2024\/11\/AMR599.jpg",800,800,false],"trp-custom-language-flag":["https:\/\/anmir.com.cn\/wp-content\/uploads\/2024\/11\/AMR599.jpg",12,12,false],"woocommerce_thumbnail":["https:\/\/anmir.com.cn\/wp-content\/uploads\/2024\/11\/AMR599-300x300.jpg",300,300,true],"woocommerce_single":["https:\/\/anmir.com.cn\/wp-content\/uploads\/2024\/11\/AMR599-600x600.jpg",600,600,true],"woocommerce_gallery_thumbnail":["https:\/\/anmir.com.cn\/wp-content\/uploads\/2024\/11\/AMR599-100x100.jpg",100,100,true]},"uagb_author_info":{"display_name":"daniel@anmir.com.cn","author_link":"https:\/\/anmir.com.cn\/pt\/author\/"},"uagb_comment_info":0,"uagb_excerpt":"Anmir AMR599 Horizontal Slow Juicer Model NO.:AMR599 220-240V 50\/60Hz 150W(Juicer)+30W(Citrus juicer) \u00b7Powerful function of slow juicer,Citrus juicer. \u00b7150W DC motor.Slow speed screw type. \u00b7RPM:90-110\/Min. \u00b7Keep the nutrition of the juice,reduce the oxidation. \u00b7Low noise level less than 65db,Quiet and safety. \u00b7Reverse function to avoid stuck. \u00b7Optional speeds:Reverse-0-1-2. \u00b7High juice extracting rate. \u00b7S\/S strainer with small&hellip;","_links":{"self":[{"href":"https:\/\/anmir.com.cn\/pt\/wp-json\/wp\/v2\/product\/1920","targetHints":{"allow":["GET"]}}],"collection":[{"href":"https:\/\/anmir.com.cn\/pt\/wp-json\/wp\/v2\/product"}],"about":[{"href":"https:\/\/anmir.com.cn\/pt\/wp-json\/wp\/v2\/types\/product"}],"wp:featuredmedia":[{"embeddable":true,"href":"https:\/\/anmir.com.cn\/pt\/wp-json\/wp\/v2\/media\/1921"}],"wp:attachment":[{"href":"https:\/\/anmir.com.cn\/pt\/wp-json\/wp\/v2\/media?parent=1920"}],"wp:term":[{"taxonomy":"product_brand","embeddable":true,"href":"https:\/\/anmir.com.cn\/pt\/wp-json\/wp\/v2\/product_brand?post=1920"},{"taxonomy":"product_cat","embeddable":true,"href":"https:\/\/anmir.com.cn\/pt\/wp-json\/wp\/v2\/product_cat?post=1920"},{"taxonomy":"product_tag","embeddable":true,"href":"https:\/\/anmir.com.cn\/pt\/wp-json\/wp\/v2\/product_tag?post=1920"}],"curies":[{"name":"wp","href":"https:\/\/api.w.org\/{rel}","templated":true}]}}