{"id":2112,"date":"2024-11-09T02:15:53","date_gmt":"2024-11-09T02:15:53","guid":{"rendered":"https:\/\/anmir.com.cn\/?post_type=product&#038;p=2112"},"modified":"2025-02-25T19:18:33","modified_gmt":"2025-02-26T02:18:33","slug":"pb8015","status":"publish","type":"product","link":"https:\/\/anmir.com.cn\/pt\/products\/11-high-speed-heating-blender\/pb8015\/","title":{"rendered":"PB8015"},"content":{"rendered":"<table style=\"border-collapse: collapse; width: 573.02pt;\" border=\"0\" width=\"764\" cellspacing=\"0\" cellpadding=\"0\">\n<tbody>\n<tr style=\"height: 150.00pt;\">\n<td class=\"et3\" style=\"height: 150.00pt; width: 573.00pt;\" width=\"764\" height=\"200\">\n<h6>Modelo n\u00ba: PB8015<\/h6>\n<h6>120W-mistura 500W-Aquecimento 350ml 16000rpm\/min<\/h6>\n<p>\u00b7Design elegante e integrado para uso conveniente<br \/>\n\u00b7Elemento de aquecimento de alta pot\u00eancia de 500 W, prepara uma x\u00edcara de leite de soja em 25 minutos<br \/>\n\u00b7 Motor de alta velocidade tipo DC com resultado de baixo ru\u00eddo<br \/>\n\u00b7Design de sensor t\u00e9rmico externo com controle preciso da temperatura<br \/>\n\u00b7Copo de vidro com design de nervuras para melhor resultado de mistura<br \/>\n\u00b7Display LCD de alta qualidade com controle de painel sens\u00edvel ao toque<br \/>\n\u00b7Menus personalizados e autom\u00e1ticos com mais de 10 op\u00e7\u00f5es<br \/>\n\u00b7L\u00e2mina tipo 4 pe\u00e7as para uma mistura mais f\u00e1cil e eficiente<br \/>\n\u00b7Tampa superior com design de camada dupla para opera\u00e7\u00e3o segura<br \/>\n\u00b7Interruptor de prote\u00e7\u00e3o embutido, o produto desliga-se automaticamente ap\u00f3s a abertura<br \/>\n\u00b7Cabo de alimenta\u00e7\u00e3o destac\u00e1vel para f\u00e1cil armazenamento<\/td>\n<\/tr>\n<\/tbody>\n<\/table>","protected":false},"excerpt":{"rendered":"<p>Model NO.:PB8015 120W-blending 500W-Heating 350ml 16000rpm\/min \u00b7Elegant and integrated design for convenient use \u00b7500W High power heating element,make a cup of soybean milk within 25min \u00b7DC type high speed motor with low noise result \u00b7External thermo sensor design with accurate temperature control \u00b7Glass blender jar with rib design,for better blending result \u00b7High end LCD display [&hellip;]<\/p>\n","protected":false},"featured_media":2105,"template":"","meta":{"_uag_custom_page_level_css":"","site-sidebar-layout":"default","site-content-layout":"","ast-site-content-layout":"default","site-content-style":"default","site-sidebar-style":"default","ast-global-header-display":"","ast-banner-title-visibility":"","ast-main-header-display":"","ast-hfb-above-header-display":"","ast-hfb-below-header-display":"","ast-hfb-mobile-header-display":"","site-post-title":"","ast-breadcrumbs-content":"","ast-featured-img":"","footer-sml-layout":"","ast-disable-related-posts":"","theme-transparent-header-meta":"default","adv-header-id-meta":"","stick-header-meta":"","header-above-stick-meta":"","header-main-stick-meta":"","header-below-stick-meta":"","astra-migrate-meta-layouts":"set","ast-page-background-enabled":"default","ast-page-background-meta":{"desktop":{"background-color":"","background-image":"","background-repeat":"repeat","background-position":"center center","background-size":"auto","background-attachment":"scroll","background-type":"","background-media":"","overlay-type":"","overlay-color":"","overlay-opacity":"","overlay-gradient":""},"tablet":{"background-color":"","background-image":"","background-repeat":"repeat","background-position":"center center","background-size":"auto","background-attachment":"scroll","background-type":"","background-media":"","overlay-type":"","overlay-color":"","overlay-opacity":"","overlay-gradient":""},"mobile":{"background-color":"","background-image":"","background-repeat":"repeat","background-position":"center center","background-size":"auto","background-attachment":"scroll","background-type":"","background-media":"","overlay-type":"","overlay-color":"","overlay-opacity":"","overlay-gradient":""}},"ast-content-background-meta":{"desktop":{"background-color":"var(--ast-global-color-5)","background-image":"","background-repeat":"repeat","background-position":"center center","background-size":"auto","background-attachment":"scroll","background-type":"","background-media":"","overlay-type":"","overlay-color":"","overlay-opacity":"","overlay-gradient":""},"tablet":{"background-color":"var(--ast-global-color-5)","background-image":"","background-repeat":"repeat","background-position":"center center","background-size":"auto","background-attachment":"scroll","background-type":"","background-media":"","overlay-type":"","overlay-color":"","overlay-opacity":"","overlay-gradient":""},"mobile":{"background-color":"var(--ast-global-color-5)","background-image":"","background-repeat":"repeat","background-position":"center center","background-size":"auto","background-attachment":"scroll","background-type":"","background-media":"","overlay-type":"","overlay-color":"","overlay-opacity":"","overlay-gradient":""}}},"product_brand":[],"product_cat":[39],"product_tag":[],"class_list":{"0":"post-2112","1":"product","2":"type-product","3":"status-publish","4":"has-post-thumbnail","6":"product_cat-11-high-speed-heating-blender","7":"desktop-align-left","8":"tablet-align-left","9":"mobile-align-left","10":"ast-product-gallery-layout-horizontal-slider","11":"ast-product-gallery-with-no-image","12":"ast-product-tabs-layout-vertical","13":"ast-qv-on-image","15":"first","16":"instock","17":"shipping-taxable","18":"product-type-simple"},"uagb_featured_image_src":{"full":["https:\/\/anmir.com.cn\/wp-content\/uploads\/2024\/11\/PB8015.jpg",800,800,false],"thumbnail":["https:\/\/anmir.com.cn\/wp-content\/uploads\/2024\/11\/PB8015-150x150.jpg",150,150,true],"medium":["https:\/\/anmir.com.cn\/wp-content\/uploads\/2024\/11\/PB8015-300x300.jpg",300,300,true],"medium_large":["https:\/\/anmir.com.cn\/wp-content\/uploads\/2024\/11\/PB8015-768x768.jpg",768,768,true],"large":["https:\/\/anmir.com.cn\/wp-content\/uploads\/2024\/11\/PB8015.jpg",800,800,false],"1536x1536":["https:\/\/anmir.com.cn\/wp-content\/uploads\/2024\/11\/PB8015.jpg",800,800,false],"2048x2048":["https:\/\/anmir.com.cn\/wp-content\/uploads\/2024\/11\/PB8015.jpg",800,800,false],"trp-custom-language-flag":["https:\/\/anmir.com.cn\/wp-content\/uploads\/2024\/11\/PB8015.jpg",12,12,false],"woocommerce_thumbnail":["https:\/\/anmir.com.cn\/wp-content\/uploads\/2024\/11\/PB8015-300x300.jpg",300,300,true],"woocommerce_single":["https:\/\/anmir.com.cn\/wp-content\/uploads\/2024\/11\/PB8015-600x600.jpg",600,600,true],"woocommerce_gallery_thumbnail":["https:\/\/anmir.com.cn\/wp-content\/uploads\/2024\/11\/PB8015-100x100.jpg",100,100,true]},"uagb_author_info":{"display_name":"daniel@anmir.com.cn","author_link":"https:\/\/anmir.com.cn\/pt\/author\/"},"uagb_comment_info":0,"uagb_excerpt":"Model NO.:PB8015 120W-blending 500W-Heating 350ml 16000rpm\/min \u00b7Elegant and integrated design for convenient use \u00b7500W High power heating element,make a cup of soybean milk within 25min \u00b7DC type high speed motor with low noise result \u00b7External thermo sensor design with accurate temperature control \u00b7Glass blender jar with rib design,for better blending result \u00b7High end LCD display&hellip;","_links":{"self":[{"href":"https:\/\/anmir.com.cn\/pt\/wp-json\/wp\/v2\/product\/2112","targetHints":{"allow":["GET"]}}],"collection":[{"href":"https:\/\/anmir.com.cn\/pt\/wp-json\/wp\/v2\/product"}],"about":[{"href":"https:\/\/anmir.com.cn\/pt\/wp-json\/wp\/v2\/types\/product"}],"wp:featuredmedia":[{"embeddable":true,"href":"https:\/\/anmir.com.cn\/pt\/wp-json\/wp\/v2\/media\/2105"}],"wp:attachment":[{"href":"https:\/\/anmir.com.cn\/pt\/wp-json\/wp\/v2\/media?parent=2112"}],"wp:term":[{"taxonomy":"product_brand","embeddable":true,"href":"https:\/\/anmir.com.cn\/pt\/wp-json\/wp\/v2\/product_brand?post=2112"},{"taxonomy":"product_cat","embeddable":true,"href":"https:\/\/anmir.com.cn\/pt\/wp-json\/wp\/v2\/product_cat?post=2112"},{"taxonomy":"product_tag","embeddable":true,"href":"https:\/\/anmir.com.cn\/pt\/wp-json\/wp\/v2\/product_tag?post=2112"}],"curies":[{"name":"wp","href":"https:\/\/api.w.org\/{rel}","templated":true}]}}