{"id":2206,"date":"2024-11-09T02:40:32","date_gmt":"2024-11-09T02:40:32","guid":{"rendered":"https:\/\/anmir.com.cn\/?post_type=product&#038;p=2206"},"modified":"2025-02-25T18:50:10","modified_gmt":"2025-02-26T01:50:10","slug":"amr8801a","status":"publish","type":"product","link":"https:\/\/anmir.com.cn\/pt\/products\/03-normal-slow-juicer\/amr8801a\/","title":{"rendered":"AMR8801A"},"content":{"rendered":"<table style=\"border-collapse: collapse; width: 573.02pt;\" border=\"0\" width=\"764\" cellspacing=\"0\" cellpadding=\"0\">\n<tbody>\n<tr style=\"height: 150.00pt;\">\n<td class=\"et3\" style=\"height: 150.00pt; width: 573.00pt;\" width=\"764\" height=\"200\">\n<h6>Modelo n\u00ba: AMR8801A<\/h6>\n<h6>220-240V~50\/60Hz 120W<\/h6>\n<p>\u00b7Tipo de parafuso de baixa velocidade para manter os nutrientes do suco.<br \/>\n\u00b7Velocidade, 50-75 rpm\/min<br \/>\n\u00b7Tamanho grande da rampa de alimenta\u00e7\u00e3o de 80 mm.<br \/>\n\u00b7 Motor DC de 120 W com longo tempo de trabalho cont\u00ednuo (10 minutos)<br \/>\n\u00b7Tigela de suco com uma tampa para misturar diferentes tipos de suco de frutas.<br \/>\n\u00b7Alta taxa de extra\u00e7\u00e3o de suco.<br \/>\n\u00b7Baixo n\u00edvel de ru\u00eddo, menor que 65 dB, menor vibra\u00e7\u00e3o.<br \/>\n\u00b7Coador SUS.<br \/>\n\u00b7Com duas x\u00edcaras de 900ML.<br \/>\n\u00b7Prote\u00e7\u00e3o de seguran\u00e7a contra superaquecimento.<br \/>\n\u00b7Retire facilmente as pe\u00e7as para limpar.<br \/>\n\u00b7 LIVRE DE BPA.<br \/>\n\u00b7Trado de duas pe\u00e7as com patente pr\u00f3pria.<\/td>\n<\/tr>\n<\/tbody>\n<\/table>","protected":false},"excerpt":{"rendered":"<p>Model NO.:AMR8801A 220-240V~50\/60Hz 120W \u00b7Slow speed screw type to keep nutrition of the juice. \u00b7Speed,50-75rpm\/min \u00b7Big size of feeding chute of 80mm. \u00b7120W DC motor that has long continious working time (10mins) \u00b7Juice bowl with one cap to mix different kind of fruit juice. \u00b7High juice extracting rate. \u00b7Low noise level less than 65db,lower vibration. [&hellip;]<\/p>\n","protected":false},"featured_media":2207,"template":"","meta":{"_uag_custom_page_level_css":"","site-sidebar-layout":"default","site-content-layout":"","ast-site-content-layout":"default","site-content-style":"default","site-sidebar-style":"default","ast-global-header-display":"","ast-banner-title-visibility":"","ast-main-header-display":"","ast-hfb-above-header-display":"","ast-hfb-below-header-display":"","ast-hfb-mobile-header-display":"","site-post-title":"","ast-breadcrumbs-content":"","ast-featured-img":"","footer-sml-layout":"","ast-disable-related-posts":"","theme-transparent-header-meta":"default","adv-header-id-meta":"","stick-header-meta":"","header-above-stick-meta":"","header-main-stick-meta":"","header-below-stick-meta":"","astra-migrate-meta-layouts":"set","ast-page-background-enabled":"default","ast-page-background-meta":{"desktop":{"background-color":"","background-image":"","background-repeat":"repeat","background-position":"center center","background-size":"auto","background-attachment":"scroll","background-type":"","background-media":"","overlay-type":"","overlay-color":"","overlay-opacity":"","overlay-gradient":""},"tablet":{"background-color":"","background-image":"","background-repeat":"repeat","background-position":"center center","background-size":"auto","background-attachment":"scroll","background-type":"","background-media":"","overlay-type":"","overlay-color":"","overlay-opacity":"","overlay-gradient":""},"mobile":{"background-color":"","background-image":"","background-repeat":"repeat","background-position":"center center","background-size":"auto","background-attachment":"scroll","background-type":"","background-media":"","overlay-type":"","overlay-color":"","overlay-opacity":"","overlay-gradient":""}},"ast-content-background-meta":{"desktop":{"background-color":"var(--ast-global-color-5)","background-image":"","background-repeat":"repeat","background-position":"center center","background-size":"auto","background-attachment":"scroll","background-type":"","background-media":"","overlay-type":"","overlay-color":"","overlay-opacity":"","overlay-gradient":""},"tablet":{"background-color":"var(--ast-global-color-5)","background-image":"","background-repeat":"repeat","background-position":"center center","background-size":"auto","background-attachment":"scroll","background-type":"","background-media":"","overlay-type":"","overlay-color":"","overlay-opacity":"","overlay-gradient":""},"mobile":{"background-color":"var(--ast-global-color-5)","background-image":"","background-repeat":"repeat","background-position":"center center","background-size":"auto","background-attachment":"scroll","background-type":"","background-media":"","overlay-type":"","overlay-color":"","overlay-opacity":"","overlay-gradient":""}}},"product_brand":[],"product_cat":[31],"product_tag":[],"class_list":{"0":"post-2206","1":"product","2":"type-product","3":"status-publish","4":"has-post-thumbnail","6":"product_cat-03-normal-slow-juicer","7":"desktop-align-left","8":"tablet-align-left","9":"mobile-align-left","10":"ast-product-gallery-layout-horizontal-slider","11":"ast-product-gallery-with-no-image","12":"ast-product-tabs-layout-vertical","13":"ast-qv-on-image","15":"first","16":"instock","17":"shipping-taxable","18":"product-type-simple"},"uagb_featured_image_src":{"full":["https:\/\/anmir.com.cn\/wp-content\/uploads\/2024\/11\/AMR8801A.webp",800,800,false],"thumbnail":["https:\/\/anmir.com.cn\/wp-content\/uploads\/2024\/11\/AMR8801A-150x150.webp",150,150,true],"medium":["https:\/\/anmir.com.cn\/wp-content\/uploads\/2024\/11\/AMR8801A-300x300.webp",300,300,true],"medium_large":["https:\/\/anmir.com.cn\/wp-content\/uploads\/2024\/11\/AMR8801A-768x768.webp",768,768,true],"large":["https:\/\/anmir.com.cn\/wp-content\/uploads\/2024\/11\/AMR8801A.webp",800,800,false],"1536x1536":["https:\/\/anmir.com.cn\/wp-content\/uploads\/2024\/11\/AMR8801A.webp",800,800,false],"2048x2048":["https:\/\/anmir.com.cn\/wp-content\/uploads\/2024\/11\/AMR8801A.webp",800,800,false],"trp-custom-language-flag":["https:\/\/anmir.com.cn\/wp-content\/uploads\/2024\/11\/AMR8801A.webp",12,12,false],"woocommerce_thumbnail":["https:\/\/anmir.com.cn\/wp-content\/uploads\/2024\/11\/AMR8801A-300x300.webp",300,300,true],"woocommerce_single":["https:\/\/anmir.com.cn\/wp-content\/uploads\/2024\/11\/AMR8801A-600x600.webp",600,600,true],"woocommerce_gallery_thumbnail":["https:\/\/anmir.com.cn\/wp-content\/uploads\/2024\/11\/AMR8801A-100x100.webp",100,100,true]},"uagb_author_info":{"display_name":"daniel@anmir.com.cn","author_link":"https:\/\/anmir.com.cn\/pt\/author\/"},"uagb_comment_info":0,"uagb_excerpt":"Model NO.:AMR8801A 220-240V~50\/60Hz 120W \u00b7Slow speed screw type to keep nutrition of the juice. \u00b7Speed,50-75rpm\/min \u00b7Big size of feeding chute of 80mm. \u00b7120W DC motor that has long continious working time (10mins) \u00b7Juice bowl with one cap to mix different kind of fruit juice. \u00b7High juice extracting rate. \u00b7Low noise level less than 65db,lower vibration.&hellip;","_links":{"self":[{"href":"https:\/\/anmir.com.cn\/pt\/wp-json\/wp\/v2\/product\/2206","targetHints":{"allow":["GET"]}}],"collection":[{"href":"https:\/\/anmir.com.cn\/pt\/wp-json\/wp\/v2\/product"}],"about":[{"href":"https:\/\/anmir.com.cn\/pt\/wp-json\/wp\/v2\/types\/product"}],"wp:featuredmedia":[{"embeddable":true,"href":"https:\/\/anmir.com.cn\/pt\/wp-json\/wp\/v2\/media\/2207"}],"wp:attachment":[{"href":"https:\/\/anmir.com.cn\/pt\/wp-json\/wp\/v2\/media?parent=2206"}],"wp:term":[{"taxonomy":"product_brand","embeddable":true,"href":"https:\/\/anmir.com.cn\/pt\/wp-json\/wp\/v2\/product_brand?post=2206"},{"taxonomy":"product_cat","embeddable":true,"href":"https:\/\/anmir.com.cn\/pt\/wp-json\/wp\/v2\/product_cat?post=2206"},{"taxonomy":"product_tag","embeddable":true,"href":"https:\/\/anmir.com.cn\/pt\/wp-json\/wp\/v2\/product_tag?post=2206"}],"curies":[{"name":"wp","href":"https:\/\/api.w.org\/{rel}","templated":true}]}}