{"id":2935,"date":"2024-12-29T17:58:24","date_gmt":"2024-12-30T00:58:24","guid":{"rendered":"https:\/\/anmir.com.cn\/?post_type=product&#038;p=2935"},"modified":"2025-08-23T17:12:22","modified_gmt":"2025-08-23T09:12:22","slug":"hpm601g","status":"publish","type":"product","link":"https:\/\/anmir.com.cn\/pt\/products\/01-coffee-maker-coffee-bean-grinder\/hpm601g\/","title":{"rendered":"HPM601G-m\u00e1quina de caf\u00e9 expresso"},"content":{"rendered":"<h6>Modelo n\u00ba: HPM601G-cafeteira de caf\u00e9 expresso<\/h6>\n<h6>120 V~60 Hz 1200 W<\/h6>\n<h6>220V~50Hz 1400W<\/h6>\n<p>\u00b7Adequado para m\u00e1quinas de caf\u00e9 expresso em p\u00f3, com filtro simples e duplo.<br \/>\n\u00b720 BAR DE ALTA PRESS\u00c3O.<br \/>\n\u00b7Painel de controle por toque: tecla liga\/desliga, tecla para x\u00edcara \u00fanica\/x\u00edcara dupla, tecla de vapor, tecla de \u00e1gua quente.<br \/>\n\u00b7A capacidade do tanque de \u00e1gua remov\u00edvel \u00e9 de 1,5 L.<br \/>\n\u00b7 TAMANHO DA UNIDADE: 28,2\u00d717,5\u00d729,7CM, NW: 4KGS<br \/>\n\u00b7Controlador mec\u00e2nico de temperatura, protetor de fus\u00edvel.<br \/>\n\u00b7Bandeja remov\u00edvel: remova a bandeja para colocar x\u00edcaras de caf\u00e9 de diferentes alturas.<br \/>\n\u00b7Adote caldeira de fundi\u00e7\u00e3o sob press\u00e3o de tubo de \u00e1gua de a\u00e7o inoxid\u00e1vel do tipo de calor instant\u00e2neo, controle de aquecimento de caldeira dupla, vapor e caf\u00e9, respectivamente; Ap\u00f3s o vapor, n\u00e3o \u00e9 necess\u00e1rio esperar para fazer caf\u00e9, a primeira x\u00edcara de caf\u00e9 pode atingir 80 graus.<br \/>\n\u00b7Com fun\u00e7\u00e3o de prote\u00e7\u00e3o de seguran\u00e7a contra sobrepress\u00e3o; Controle preciso do fluxo.<\/p>\n<div id=\"ag-1755940255529\"><\/div>","protected":false},"excerpt":{"rendered":"<p data-start=\"158\" data-end=\"640\">O <strong data-start=\"162\" data-end=\"188\">M\u00e1quina de caf\u00e9 expresso HPM601G<\/strong> \u00e9 uma m\u00e1quina de caf\u00e9 de alto desempenho projetada para os amantes de expresso que desejam bebidas com qualidade de caf\u00e9 em casa. Equipada com um potente <strong data-start=\"318\" data-end=\"348\">Sistema de alta press\u00e3o de 20BAR<\/strong>, funciona com p\u00f3 para expresso e inclui filtros simples e duplos, permitindo preparar uma dose \u00fanica ou dupla com precis\u00e3o. O painel de controle intuitivo por toque possui teclas de energia, x\u00edcara \u00fanica, x\u00edcara dupla, vapor e \u00e1gua quente, tornando a opera\u00e7\u00e3o f\u00e1cil e eficiente.<\/p>\n<p data-start=\"642\" data-end=\"1285\">Seu reservat\u00f3rio de \u00e1gua remov\u00edvel de 1,5 L proporciona praticidade para m\u00faltiplas por\u00e7\u00f5es, enquanto o controlador mec\u00e2nico de temperatura e o protetor de fus\u00edvel garantem seguran\u00e7a durante o uso. A bandeja ajust\u00e1vel permite que x\u00edcaras de diferentes alturas se encaixem confortavelmente, proporcionando flexibilidade para uma variedade de bebidas expresso. A HPM601G utiliza uma caldeira de tubo de \u00e1gua fundido sob press\u00e3o de a\u00e7o inoxid\u00e1vel de aquecimento instant\u00e2neo com um sistema de caldeira dupla que controla o vapor e o caf\u00e9 de forma independente. Isso significa que voc\u00ea pode preparar a primeira x\u00edcara a 80 \u00b0C imediatamente ap\u00f3s o vapor, sem esperar. A prote\u00e7\u00e3o de seguran\u00e7a contra sobrepress\u00e3o e o controle preciso do fluxo garantem ainda mais um preparo ideal em todas as ocasi\u00f5es.<\/p>\n<p data-start=\"1287\" data-end=\"1579\">Compacta e robusta, medindo 28,2 \u00d7 17,5 \u00d7 29,7 cm e pesando 4 kg, a cafeteira expresso HPM601G \u00e9 perfeita para uso dom\u00e9stico ou no escrit\u00f3rio. Ela oferece expressos, cappuccinos e lattes consistentes e com qualidade de barista, tornando-a a escolha ideal para quem busca uma cafeteira confi\u00e1vel. <strong data-start=\"1558\" data-end=\"1576\">m\u00e1quina de caf\u00e9 expresso<\/strong>.<\/p>","protected":false},"featured_media":2936,"template":"","meta":{"_uag_custom_page_level_css":"","site-sidebar-layout":"default","site-content-layout":"","ast-site-content-layout":"default","site-content-style":"default","site-sidebar-style":"default","ast-global-header-display":"","ast-banner-title-visibility":"","ast-main-header-display":"","ast-hfb-above-header-display":"","ast-hfb-below-header-display":"","ast-hfb-mobile-header-display":"","site-post-title":"","ast-breadcrumbs-content":"","ast-featured-img":"","footer-sml-layout":"","ast-disable-related-posts":"","theme-transparent-header-meta":"default","adv-header-id-meta":"","stick-header-meta":"default","header-above-stick-meta":"","header-main-stick-meta":"","header-below-stick-meta":"","astra-migrate-meta-layouts":"set","ast-page-background-enabled":"default","ast-page-background-meta":{"desktop":{"background-color":"","background-image":"","background-repeat":"repeat","background-position":"center center","background-size":"auto","background-attachment":"scroll","background-type":"","background-media":"","overlay-type":"","overlay-color":"","overlay-opacity":"","overlay-gradient":""},"tablet":{"background-color":"","background-image":"","background-repeat":"repeat","background-position":"center center","background-size":"auto","background-attachment":"scroll","background-type":"","background-media":"","overlay-type":"","overlay-color":"","overlay-opacity":"","overlay-gradient":""},"mobile":{"background-color":"","background-image":"","background-repeat":"repeat","background-position":"center center","background-size":"auto","background-attachment":"scroll","background-type":"","background-media":"","overlay-type":"","overlay-color":"","overlay-opacity":"","overlay-gradient":""}},"ast-content-background-meta":{"desktop":{"background-color":"var(--ast-global-color-5)","background-image":"","background-repeat":"repeat","background-position":"center center","background-size":"auto","background-attachment":"scroll","background-type":"","background-media":"","overlay-type":"","overlay-color":"","overlay-opacity":"","overlay-gradient":""},"tablet":{"background-color":"var(--ast-global-color-5)","background-image":"","background-repeat":"repeat","background-position":"center center","background-size":"auto","background-attachment":"scroll","background-type":"","background-media":"","overlay-type":"","overlay-color":"","overlay-opacity":"","overlay-gradient":""},"mobile":{"background-color":"var(--ast-global-color-5)","background-image":"","background-repeat":"repeat","background-position":"center center","background-size":"auto","background-attachment":"scroll","background-type":"","background-media":"","overlay-type":"","overlay-color":"","overlay-opacity":"","overlay-gradient":""}}},"product_brand":[],"product_cat":[29],"product_tag":[189],"class_list":{"0":"post-2935","1":"product","2":"type-product","3":"status-publish","4":"has-post-thumbnail","6":"product_cat-01-coffee-maker-coffee-bean-grinder","7":"product_tag-amazing-hpm601g-golden-espresso-coffee-maker","8":"desktop-align-left","9":"tablet-align-left","10":"mobile-align-left","11":"ast-product-gallery-layout-horizontal-slider","12":"ast-product-gallery-with-no-image","13":"ast-product-tabs-layout-vertical","14":"ast-qv-on-image","16":"first","17":"instock","18":"featured","19":"shipping-taxable","20":"product-type-simple"},"uagb_featured_image_src":{"full":["https:\/\/anmir.com.cn\/wp-content\/uploads\/2024\/12\/HPM601G.jpg",800,800,false],"thumbnail":["https:\/\/anmir.com.cn\/wp-content\/uploads\/2024\/12\/HPM601G-150x150.jpg",150,150,true],"medium":["https:\/\/anmir.com.cn\/wp-content\/uploads\/2024\/12\/HPM601G-300x300.jpg",300,300,true],"medium_large":["https:\/\/anmir.com.cn\/wp-content\/uploads\/2024\/12\/HPM601G-768x768.jpg",768,768,true],"large":["https:\/\/anmir.com.cn\/wp-content\/uploads\/2024\/12\/HPM601G.jpg",800,800,false],"1536x1536":["https:\/\/anmir.com.cn\/wp-content\/uploads\/2024\/12\/HPM601G.jpg",800,800,false],"2048x2048":["https:\/\/anmir.com.cn\/wp-content\/uploads\/2024\/12\/HPM601G.jpg",800,800,false],"trp-custom-language-flag":["https:\/\/anmir.com.cn\/wp-content\/uploads\/2024\/12\/HPM601G.jpg",12,12,false],"woocommerce_thumbnail":["https:\/\/anmir.com.cn\/wp-content\/uploads\/2024\/12\/HPM601G-300x300.jpg",300,300,true],"woocommerce_single":["https:\/\/anmir.com.cn\/wp-content\/uploads\/2024\/12\/HPM601G-600x600.jpg",600,600,true],"woocommerce_gallery_thumbnail":["https:\/\/anmir.com.cn\/wp-content\/uploads\/2024\/12\/HPM601G-100x100.jpg",100,100,true]},"uagb_author_info":{"display_name":"daniel@anmir.com.cn","author_link":"https:\/\/anmir.com.cn\/pt\/author\/"},"uagb_comment_info":0,"uagb_excerpt":"The HPM601G Espresso Maker is a high-performance coffee machine designed for espresso lovers who want caf\u00e9-quality drinks at home. Equipped with a powerful 20BAR high-pressure system, it works with espresso powder and includes both single and double strainers, allowing you to brew a single shot or a double shot with precision. The intuitive touch control&hellip;","_links":{"self":[{"href":"https:\/\/anmir.com.cn\/pt\/wp-json\/wp\/v2\/product\/2935","targetHints":{"allow":["GET"]}}],"collection":[{"href":"https:\/\/anmir.com.cn\/pt\/wp-json\/wp\/v2\/product"}],"about":[{"href":"https:\/\/anmir.com.cn\/pt\/wp-json\/wp\/v2\/types\/product"}],"wp:featuredmedia":[{"embeddable":true,"href":"https:\/\/anmir.com.cn\/pt\/wp-json\/wp\/v2\/media\/2936"}],"wp:attachment":[{"href":"https:\/\/anmir.com.cn\/pt\/wp-json\/wp\/v2\/media?parent=2935"}],"wp:term":[{"taxonomy":"product_brand","embeddable":true,"href":"https:\/\/anmir.com.cn\/pt\/wp-json\/wp\/v2\/product_brand?post=2935"},{"taxonomy":"product_cat","embeddable":true,"href":"https:\/\/anmir.com.cn\/pt\/wp-json\/wp\/v2\/product_cat?post=2935"},{"taxonomy":"product_tag","embeddable":true,"href":"https:\/\/anmir.com.cn\/pt\/wp-json\/wp\/v2\/product_tag?post=2935"}],"curies":[{"name":"wp","href":"https:\/\/api.w.org\/{rel}","templated":true}]}}