{"id":1688,"date":"2024-11-08T15:17:24","date_gmt":"2024-11-08T15:17:24","guid":{"rendered":"https:\/\/anmir.com.cn\/shop-2\/"},"modified":"2025-01-09T18:38:45","modified_gmt":"2025-01-10T01:38:45","slug":"products","status":"publish","type":"page","link":"https:\/\/anmir.com.cn\/tr\/products\/","title":{"rendered":"Resmi Web Sitesi Anmir \u00dcr\u00fcnleri: Kahve Makineleri, Meyve S\u0131kacaklar\u0131 ve 200&#039;den fazla \u00e7e\u015fit harika \u00fcr\u00fcn"},"content":{"rendered":"<figure class=\"wp-block-image size-full\"><img decoding=\"async\" width=\"300\" height=\"100\" src=\"https:\/\/anmir.com.cn\/wp-content\/uploads\/2025\/01\/logo.png\" alt=\"Official Website Anmir Products: Coffee Makers, Juicers and 200+ kinds of products\" class=\"wp-image-3015\" title=\"\"><\/figure>\n\n\n\n<p><\/p>\n\n\n\n<h2 class=\"wp-block-heading\"><code>Official Website anmir Products: Coffee Makers, Juicers and 200+ kinds of productS <a href=\"https:\/\/anmir.com.cn\/tr\/\">ANMIR<\/a><\/code><\/h2>\n\n\n\n<p>The above products are made by our company&#8217;s molds. We have dozens of technical patents, hundreds of certificates, and<a href=\"https:\/\/www.cnca.gov.cn\/\" data-type=\"link\" data-id=\"https:\/\/www.cnca.gov.cn\/\" target=\"_blank\" rel=\"noopener\"> ISO9001<\/a>, <a href=\"https:\/\/www.cnca.gov.cn\/\" data-type=\"link\" data-id=\"https:\/\/www.cnca.gov.cn\/\" target=\"_blank\" rel=\"noopener\">ISO14001<\/a> and, <a href=\"https:\/\/platform.amfori.org\/\" data-type=\"link\" data-id=\"https:\/\/platform.amfori.org\/\" target=\"_blank\" rel=\"noopener\">BSCI <\/a>certification enterprises. We have rich experience in cooperation, whether online or offline customers.<\/p>","protected":false},"excerpt":{"rendered":"<p>Official Website anmir Products: Coffee Makers, Juicers and 200+ kinds of productS ANMIR The above products are made by our company&#8217;s molds. We have dozens of technical patents, hundreds of certificates, and ISO9001, ISO14001 and, BSCI certification enterprises. We have rich experience in cooperation, whether online or offline customers.<\/p>","protected":false},"author":1,"featured_media":0,"parent":0,"menu_order":0,"comment_status":"closed","ping_status":"closed","template":"elementor_theme","meta":{"_uag_custom_page_level_css":"","site-sidebar-layout":"default","site-content-layout":"default","ast-site-content-layout":"default","site-content-style":"default","site-sidebar-style":"default","ast-global-header-display":"","ast-banner-title-visibility":"","ast-main-header-display":"","ast-hfb-above-header-display":"","ast-hfb-below-header-display":"","ast-hfb-mobile-header-display":"","site-post-title":"disabled","ast-breadcrumbs-content":"","ast-featured-img":"","footer-sml-layout":"","ast-disable-related-posts":"","theme-transparent-header-meta":"default","adv-header-id-meta":"","stick-header-meta":"","header-above-stick-meta":"","header-main-stick-meta":"","header-below-stick-meta":"","astra-migrate-meta-layouts":"set","ast-page-background-enabled":"default","ast-page-background-meta":{"desktop":{"background-color":"","background-image":"","background-repeat":"repeat","background-position":"center center","background-size":"auto","background-attachment":"scroll","background-type":"","background-media":"","overlay-type":"","overlay-color":"","overlay-opacity":"","overlay-gradient":""},"tablet":{"background-color":"","background-image":"","background-repeat":"repeat","background-position":"center center","background-size":"auto","background-attachment":"scroll","background-type":"","background-media":"","overlay-type":"","overlay-color":"","overlay-opacity":"","overlay-gradient":""},"mobile":{"background-color":"","background-image":"","background-repeat":"repeat","background-position":"center center","background-size":"auto","background-attachment":"scroll","background-type":"","background-media":"","overlay-type":"","overlay-color":"","overlay-opacity":"","overlay-gradient":""}},"ast-content-background-meta":{"desktop":{"background-color":"var(--ast-global-color-5)","background-image":"","background-repeat":"repeat","background-position":"center center","background-size":"auto","background-attachment":"scroll","background-type":"","background-media":"","overlay-type":"","overlay-color":"","overlay-opacity":"","overlay-gradient":""},"tablet":{"background-color":"var(--ast-global-color-5)","background-image":"","background-repeat":"repeat","background-position":"center center","background-size":"auto","background-attachment":"scroll","background-type":"","background-media":"","overlay-type":"","overlay-color":"","overlay-opacity":"","overlay-gradient":""},"mobile":{"background-color":"var(--ast-global-color-5)","background-image":"","background-repeat":"repeat","background-position":"center center","background-size":"auto","background-attachment":"scroll","background-type":"","background-media":"","overlay-type":"","overlay-color":"","overlay-opacity":"","overlay-gradient":""}},"footnotes":""},"class_list":["post-1688","page","type-page","status-publish","hentry"],"uagb_featured_image_src":{"full":false,"thumbnail":false,"medium":false,"medium_large":false,"large":false,"1536x1536":false,"2048x2048":false,"trp-custom-language-flag":false,"woocommerce_thumbnail":false,"woocommerce_single":false,"woocommerce_gallery_thumbnail":false},"uagb_author_info":{"display_name":"daniel@anmir.com.cn","author_link":"https:\/\/anmir.com.cn\/tr\/author\/makeup5988gmail-com\/"},"uagb_comment_info":0,"uagb_excerpt":"Official Website anmir Products: Coffee Makers, Juicers and 200+ kinds of productS ANMIR The above products are made by our company&#8217;s molds. We have dozens of technical patents, hundreds of certificates, and ISO9001, ISO14001 and, BSCI certification enterprises. We have rich experience in cooperation, whether online or offline customers.","_links":{"self":[{"href":"https:\/\/anmir.com.cn\/tr\/wp-json\/wp\/v2\/pages\/1688","targetHints":{"allow":["GET"]}}],"collection":[{"href":"https:\/\/anmir.com.cn\/tr\/wp-json\/wp\/v2\/pages"}],"about":[{"href":"https:\/\/anmir.com.cn\/tr\/wp-json\/wp\/v2\/types\/page"}],"author":[{"embeddable":true,"href":"https:\/\/anmir.com.cn\/tr\/wp-json\/wp\/v2\/users\/1"}],"replies":[{"embeddable":true,"href":"https:\/\/anmir.com.cn\/tr\/wp-json\/wp\/v2\/comments?post=1688"}],"version-history":[{"count":0,"href":"https:\/\/anmir.com.cn\/tr\/wp-json\/wp\/v2\/pages\/1688\/revisions"}],"wp:attachment":[{"href":"https:\/\/anmir.com.cn\/tr\/wp-json\/wp\/v2\/media?parent=1688"}],"curies":[{"name":"wp","href":"https:\/\/api.w.org\/{rel}","templated":true}]}}