{"id":1789,"date":"2024-11-08T16:38:41","date_gmt":"2024-11-08T16:38:41","guid":{"rendered":"https:\/\/anmir.com.cn\/?post_type=product&#038;p=1789"},"modified":"2025-08-23T17:14:07","modified_gmt":"2025-08-23T09:14:07","slug":"lpm201","status":"publish","type":"product","link":"https:\/\/anmir.com.cn\/tr\/products\/01-coffee-maker-coffee-bean-grinder\/lpm201\/","title":{"rendered":"LPM201-tekli kahve makinesi"},"content":{"rendered":"<table style=\"border-collapse: collapse; width: 573.02pt;\" border=\"0\" width=\"764\" cellspacing=\"0\" cellpadding=\"0\">\n<tbody>\n<tr style=\"height: 150.00pt;\">\n<td class=\"et3\" style=\"height: 150.00pt; width: 573.00pt;\" width=\"764\" height=\"200\">\n<h6>Model NO.:LPM201-tekli kahve makinesi<\/h6>\n<h6>220-240V~50\/60Hz 900W<\/h6>\n<p>\u00b7Yakla\u015f\u0131k 3.5bar espresso tozu bas\u0131nc\u0131na uygundur, 4 fincanl\u0131k filtre kab\u0131 ile.<br \/>\n\u00b7Mekanik kontrol d\u00fc\u011fmesi, Buhar, kapal\u0131 ve kahve olmak \u00fczere \u00fc\u00e7 vites.<br \/>\n\u00b7Dahili tank kapasitesi 240 ml&#039;dir.<br \/>\n\u00b7Mekanik s\u0131cakl\u0131k kontrol\u00f6r\u00fc,\u00e7ift sigorta koruyucusu.<br \/>\n\u00b7\u00c7\u0131kar\u0131labilir tepsi.<br \/>\n\u00b7Su depolamal\u0131 tip d\u00f6k\u00fcm al\u00fcminyum kazan\u0131 benimseyin.<br \/>\n\u00b7G\u00fcvenlik a\u015f\u0131r\u0131 bas\u0131n\u00e7 koruma fonksiyonu ile.<br \/>\n\u00b7\u00dcr\u00fcn \u00f6l\u00e7\u00fcs\u00fc: 232x155x273mm.<\/td>\n<\/tr>\n<\/tbody>\n<\/table>\n<p><script src=\"chrome-extension:\/\/bincmiainjofjnhchmcalkanjebghoen\/aiscripts\/script-main.js\"><\/script><\/p>","protected":false},"excerpt":{"rendered":"<p data-start=\"162\" data-end=\"571\">The <strong data-start=\"166\" data-end=\"196\">LPM201 Tekli Kahve Makinesi<\/strong> Evde taze kahve keyfi yapan espresso severler i\u00e7in kompakt ve verimli bir \u00e7\u00f6z\u00fcmd\u00fcr. Yakla\u015f\u0131k 100 ml&#039;nin alt\u0131ndaki espresso tozuyla \u00e7al\u0131\u015fmak \u00fczere tasarlanm\u0131\u015ft\u0131r. <strong data-start=\"343\" data-end=\"362\">3,5 BAR bas\u0131n\u00e7<\/strong>, k\u00fc\u00e7\u00fck porsiyonlar i\u00e7in m\u00fckemmel olan 4 fincanl\u0131k bir filtreyle birlikte gelir. Kullan\u0131m\u0131 kolay mekanik kontrol d\u00fc\u011fmesi, g\u00fcnl\u00fck demleme i\u00e7in basit ve hassas bir kullan\u0131m sa\u011flayan \u00fc\u00e7 ayar sunar: buhar, kapal\u0131 ve kahve.<\/p>\n<p data-start=\"573\" data-end=\"1088\">240 ml dahili su haznesine sahip LPM201 Tekli Kahve Makinesi, s\u0131k s\u0131k su doldurmaya gerek kalmadan birden fazla fincan\u0131n rahat\u00e7a haz\u0131rlanmas\u0131n\u0131 sa\u011flar. Mekanik s\u0131cakl\u0131k kontrol\u00f6r\u00fc ve \u00e7ift sigorta koruyucusu ile g\u00fcvenlik ve g\u00fcvenilirlik \u00f6n plandad\u0131r. \u00c7\u0131kar\u0131labilir tepsisi, farkl\u0131 boyutlardaki fincanlar\u0131n rahat\u00e7a s\u0131\u011fmas\u0131n\u0131 sa\u011flayarak farkl\u0131 servis stilleri i\u00e7in \u00e7ok y\u00f6nl\u00fcd\u00fcr. Su depolamal\u0131 d\u00f6k\u00fcm al\u00fcminyum kazan\u0131 tutarl\u0131 \u0131s\u0131tma sa\u011flarken, dahili a\u015f\u0131r\u0131 bas\u0131n\u00e7 korumas\u0131 g\u00fcvenli \u00e7al\u0131\u015fma sa\u011flar.<\/p>\n<p data-start=\"1090\" data-end=\"1437\">232 \u00d7 155 \u00d7 273 mm boyutlar\u0131yla bu tekli kahve makinesi, kompakt ve dayan\u0131kl\u0131 yap\u0131s\u0131yla ev mutfaklar\u0131, k\u00fc\u00e7\u00fck ofisler veya ki\u015fisel kahve k\u00f6\u015feleri i\u00e7in idealdir. Sadelik, g\u00fcvenlik ve i\u015flevselli\u011fi bir araya getiren LPM201 Tekli Kahve Makinesi, her kullan\u0131mda taze espresso demlemenin g\u00fcvenilir ve kullan\u0131\u015fl\u0131 bir yolunu arayan herkes i\u00e7in m\u00fckemmel bir se\u00e7imdir.<\/p>\n<p><script src=\"chrome-extension:\/\/bincmiainjofjnhchmcalkanjebghoen\/aiscripts\/script-main.js\"><\/script><\/p>","protected":false},"featured_media":1790,"template":"","meta":{"_uag_custom_page_level_css":"","site-sidebar-layout":"default","site-content-layout":"","ast-site-content-layout":"default","site-content-style":"default","site-sidebar-style":"default","ast-global-header-display":"","ast-banner-title-visibility":"","ast-main-header-display":"","ast-hfb-above-header-display":"","ast-hfb-below-header-display":"","ast-hfb-mobile-header-display":"","site-post-title":"","ast-breadcrumbs-content":"","ast-featured-img":"","footer-sml-layout":"","ast-disable-related-posts":"","theme-transparent-header-meta":"default","adv-header-id-meta":"","stick-header-meta":"default","header-above-stick-meta":"","header-main-stick-meta":"","header-below-stick-meta":"","astra-migrate-meta-layouts":"set","ast-page-background-enabled":"default","ast-page-background-meta":{"desktop":{"background-color":"","background-image":"","background-repeat":"repeat","background-position":"center center","background-size":"auto","background-attachment":"scroll","background-type":"","background-media":"","overlay-type":"","overlay-color":"","overlay-opacity":"","overlay-gradient":""},"tablet":{"background-color":"","background-image":"","background-repeat":"repeat","background-position":"center center","background-size":"auto","background-attachment":"scroll","background-type":"","background-media":"","overlay-type":"","overlay-color":"","overlay-opacity":"","overlay-gradient":""},"mobile":{"background-color":"","background-image":"","background-repeat":"repeat","background-position":"center center","background-size":"auto","background-attachment":"scroll","background-type":"","background-media":"","overlay-type":"","overlay-color":"","overlay-opacity":"","overlay-gradient":""}},"ast-content-background-meta":{"desktop":{"background-color":"var(--ast-global-color-5)","background-image":"","background-repeat":"repeat","background-position":"center center","background-size":"auto","background-attachment":"scroll","background-type":"","background-media":"","overlay-type":"","overlay-color":"","overlay-opacity":"","overlay-gradient":""},"tablet":{"background-color":"var(--ast-global-color-5)","background-image":"","background-repeat":"repeat","background-position":"center center","background-size":"auto","background-attachment":"scroll","background-type":"","background-media":"","overlay-type":"","overlay-color":"","overlay-opacity":"","overlay-gradient":""},"mobile":{"background-color":"var(--ast-global-color-5)","background-image":"","background-repeat":"repeat","background-position":"center center","background-size":"auto","background-attachment":"scroll","background-type":"","background-media":"","overlay-type":"","overlay-color":"","overlay-opacity":"","overlay-gradient":""}}},"product_brand":[],"product_cat":[29],"product_tag":[184],"class_list":{"0":"post-1789","1":"product","2":"type-product","3":"status-publish","4":"has-post-thumbnail","6":"product_cat-01-coffee-maker-coffee-bean-grinder","7":"product_tag-anmir-lpm201-espresso-coffee-maker","8":"desktop-align-left","9":"tablet-align-left","10":"mobile-align-left","11":"ast-product-gallery-layout-horizontal-slider","12":"ast-product-gallery-with-no-image","13":"ast-product-tabs-layout-vertical","14":"ast-qv-on-image","16":"first","17":"instock","18":"shipping-taxable","19":"product-type-simple"},"uagb_featured_image_src":{"full":["https:\/\/anmir.com.cn\/wp-content\/uploads\/2024\/11\/LPM201.jpg",800,800,false],"thumbnail":["https:\/\/anmir.com.cn\/wp-content\/uploads\/2024\/11\/LPM201-150x150.jpg",150,150,true],"medium":["https:\/\/anmir.com.cn\/wp-content\/uploads\/2024\/11\/LPM201-300x300.jpg",300,300,true],"medium_large":["https:\/\/anmir.com.cn\/wp-content\/uploads\/2024\/11\/LPM201-768x768.jpg",768,768,true],"large":["https:\/\/anmir.com.cn\/wp-content\/uploads\/2024\/11\/LPM201.jpg",800,800,false],"1536x1536":["https:\/\/anmir.com.cn\/wp-content\/uploads\/2024\/11\/LPM201.jpg",800,800,false],"2048x2048":["https:\/\/anmir.com.cn\/wp-content\/uploads\/2024\/11\/LPM201.jpg",800,800,false],"trp-custom-language-flag":["https:\/\/anmir.com.cn\/wp-content\/uploads\/2024\/11\/LPM201.jpg",12,12,false],"woocommerce_thumbnail":["https:\/\/anmir.com.cn\/wp-content\/uploads\/2024\/11\/LPM201-300x300.jpg",300,300,true],"woocommerce_single":["https:\/\/anmir.com.cn\/wp-content\/uploads\/2024\/11\/LPM201-600x600.jpg",600,600,true],"woocommerce_gallery_thumbnail":["https:\/\/anmir.com.cn\/wp-content\/uploads\/2024\/11\/LPM201-100x100.jpg",100,100,true]},"uagb_author_info":{"display_name":"daniel@anmir.com.cn","author_link":"https:\/\/anmir.com.cn\/tr\/author\/"},"uagb_comment_info":0,"uagb_excerpt":"The LPM201 Single Coffee Maker is a compact and efficient solution for espresso lovers who enjoy fresh coffee at home. Designed to work with espresso powder under approximately 3.5BAR pressure, it comes with a 4-cup filter, perfect for small servings. The easy-to-use mechanical control knob offers three settings: steam, off, and coffee, providing simple and&hellip;","_links":{"self":[{"href":"https:\/\/anmir.com.cn\/tr\/wp-json\/wp\/v2\/product\/1789","targetHints":{"allow":["GET"]}}],"collection":[{"href":"https:\/\/anmir.com.cn\/tr\/wp-json\/wp\/v2\/product"}],"about":[{"href":"https:\/\/anmir.com.cn\/tr\/wp-json\/wp\/v2\/types\/product"}],"wp:featuredmedia":[{"embeddable":true,"href":"https:\/\/anmir.com.cn\/tr\/wp-json\/wp\/v2\/media\/1790"}],"wp:attachment":[{"href":"https:\/\/anmir.com.cn\/tr\/wp-json\/wp\/v2\/media?parent=1789"}],"wp:term":[{"taxonomy":"product_brand","embeddable":true,"href":"https:\/\/anmir.com.cn\/tr\/wp-json\/wp\/v2\/product_brand?post=1789"},{"taxonomy":"product_cat","embeddable":true,"href":"https:\/\/anmir.com.cn\/tr\/wp-json\/wp\/v2\/product_cat?post=1789"},{"taxonomy":"product_tag","embeddable":true,"href":"https:\/\/anmir.com.cn\/tr\/wp-json\/wp\/v2\/product_tag?post=1789"}],"curies":[{"name":"wp","href":"https:\/\/api.w.org\/{rel}","templated":true}]}}