{"id":1797,"date":"2024-11-08T16:40:24","date_gmt":"2024-11-08T16:40:24","guid":{"rendered":"https:\/\/anmir.com.cn\/?post_type=product&#038;p=1797"},"modified":"2025-08-23T17:21:10","modified_gmt":"2025-08-23T09:21:10","slug":"kc301","status":"publish","type":"product","link":"https:\/\/anmir.com.cn\/tr\/products\/01-coffee-maker-coffee-bean-grinder\/kc301\/","title":{"rendered":"KC301-k fincan kahve"},"content":{"rendered":"<table style=\"border-collapse: collapse; width: 573.02pt;\" border=\"0\" width=\"764\" cellspacing=\"0\" cellpadding=\"0\">\n<tbody>\n<tr style=\"height: 150.00pt;\">\n<td class=\"et3\" style=\"height: 150.00pt; width: 573.00pt;\" width=\"764\" height=\"200\">\n<h6>Model NO.:KC301-k fincan kahve<\/h6>\n<h6>120V~60Hz 1000W<\/h6>\n<p>\u00b7 Amerikan K-Cup kaps\u00fcl\u00fc i\u00e7in uygundur (\u00e7\u0131kar\u0131labilir kaps\u00fcl kutusu, temizlemesi kolay ve bula\u015f\u0131k makinesinde y\u0131kanabilir), kaps\u00fcl\u00fc do\u011frudan de\u011fi\u015ftirmek i\u00e7in kahve tozu kutusu ile birlikte.<br \/>\n\u00b7G\u00f6r\u00fcn\u00fcr su penceresi -MAKS.- kapasite 16oz;<br \/>\n\u00b7NTC s\u0131cakl\u0131k kontrol reaksiyon s\u00fcresi 2 saniyeden azd\u0131r, kahve s\u0131cakl\u0131\u011f\u0131 80\u2103\u00b15\u2103&#039;dir,<br \/>\n\u00b7Su s\u0131cakl\u0131\u011f\u0131 \u226518\u2103 i\u00e7in uygundur. Uygun bardak y\u00fcksekli\u011fi \u2264210mm&#039;dir.<br \/>\n\u00b7U \u015feklinde al\u00fcminyum \u0131s\u0131tma kontrol\u00fc.<br \/>\n\u00b7Kahve yap\u0131m g\u00fcr\u00fclt\u00fcs\u00fc 60dB&#039;den azd\u0131r.<br \/>\n\u00b7 Otomatik su eksikli\u011fi uyar\u0131s\u0131 ve anormal kuru yanma korumas\u0131 uyar\u0131s\u0131 alg\u0131lama \u00f6zelli\u011fine sahiptir.<br \/>\n\u00b7Tozun maksimum miktar\u0131 35 gr&#039;d\u0131r.<\/td>\n<\/tr>\n<\/tbody>\n<\/table>\n<p>&nbsp;<\/p>\n<div id=\"ag-1755940791163\"><\/div>","protected":false},"excerpt":{"rendered":"<p data-start=\"160\" data-end=\"647\">The <strong data-start=\"164\" data-end=\"192\">KC301-K Fincan Kahve Makinesi<\/strong> kahve tutkunlar\u0131 i\u00e7in tasarlanm\u0131\u015f \u00e7ok y\u00f6nl\u00fc ve kullan\u0131\u015fl\u0131 bir makinedir. <strong data-start=\"273\" data-end=\"300\">Amerikan K-Cup kaps\u00fclleri<\/strong> \u00c7ekilmi\u015f kahvenin yan\u0131 s\u0131ra. Kolay temizlenen ve bula\u015f\u0131k makinesinde y\u0131kanabilen \u00e7\u0131kar\u0131labilir bir kaps\u00fcl kutusu bulunan cihaz, ayr\u0131ca kaps\u00fcls\u00fcz do\u011frudan demleme i\u00e7in bir kahve tozu kutusu da i\u00e7erir. Maksimum 440 ml kapasiteli g\u00f6r\u00fcn\u00fcr su penceresi, zahmetsiz dolum sa\u011flarken, makine 210 mm y\u00fcksekli\u011fe kadar fincanlar\u0131 bar\u0131nd\u0131rabilir; bu da uzun kupalar i\u00e7in m\u00fckemmeldir.<\/p>\n<p data-start=\"649\" data-end=\"1159\">H\u0131zl\u0131 tepki veren bir NTC s\u0131cakl\u0131k kontrol sistemiyle donat\u0131lan KC301, 18\u00b0C&#039;nin \u00fczerindeki su s\u0131cakl\u0131klar\u0131 i\u00e7in uygun olan 80\u00b0C \u00b15\u00b0C&#039;lik ideal s\u0131cakl\u0131kta saniyeler i\u00e7inde kahve demler. U \u015feklindeki al\u00fcminyum \u0131s\u0131tma eleman\u0131 verimli ve e\u015fit \u0131s\u0131tma sa\u011flar ve makine 60 dB&#039;nin alt\u0131ndaki g\u00fcr\u00fclt\u00fc seviyeleriyle sessiz \u00e7al\u0131\u015f\u0131r. Ayr\u0131ca, otomatik su k\u0131tl\u0131\u011f\u0131 tespiti, kuru yanma korumas\u0131 ve ki\u015fiselle\u015ftirilebilir demleme i\u00e7in maksimum 35 g kahve tozu kapasitesi gibi g\u00fcvenlik ve konfor \u00f6zelliklerine de sahiptir.<\/p>\n<p data-start=\"1161\" data-end=\"1517\">Kompakt, g\u00fcvenilir ve kullan\u0131m\u0131 kolay KC301-K Cup Kahve Makinesi, verimlilik, g\u00fcvenlik ve y\u00fcksek kaliteli performans\u0131 bir araya getiriyor. \u0130ster K-Cup kaps\u00fcllerini ister taze kahve tozunu tercih edin, bu kahve makinesi her seferinde zengin ve lezzetli i\u00e7ecekler sunarak onu her damak tad\u0131na uygun bir \u00fcr\u00fcn haline getiriyor. <strong data-start=\"1438\" data-end=\"1454\">K Kupas\u0131 kahve<\/strong> Sevgili. Ev, ofis veya ki\u015fisel kahve k\u00f6\u015feleriniz i\u00e7in m\u00fckemmel.<\/p>","protected":false},"featured_media":1798,"template":"","meta":{"_uag_custom_page_level_css":"","site-sidebar-layout":"default","site-content-layout":"","ast-site-content-layout":"default","site-content-style":"default","site-sidebar-style":"default","ast-global-header-display":"","ast-banner-title-visibility":"","ast-main-header-display":"","ast-hfb-above-header-display":"","ast-hfb-below-header-display":"","ast-hfb-mobile-header-display":"","site-post-title":"","ast-breadcrumbs-content":"","ast-featured-img":"","footer-sml-layout":"","ast-disable-related-posts":"","theme-transparent-header-meta":"default","adv-header-id-meta":"","stick-header-meta":"default","header-above-stick-meta":"","header-main-stick-meta":"","header-below-stick-meta":"","astra-migrate-meta-layouts":"set","ast-page-background-enabled":"default","ast-page-background-meta":{"desktop":{"background-color":"","background-image":"","background-repeat":"repeat","background-position":"center center","background-size":"auto","background-attachment":"scroll","background-type":"","background-media":"","overlay-type":"","overlay-color":"","overlay-opacity":"","overlay-gradient":""},"tablet":{"background-color":"","background-image":"","background-repeat":"repeat","background-position":"center center","background-size":"auto","background-attachment":"scroll","background-type":"","background-media":"","overlay-type":"","overlay-color":"","overlay-opacity":"","overlay-gradient":""},"mobile":{"background-color":"","background-image":"","background-repeat":"repeat","background-position":"center center","background-size":"auto","background-attachment":"scroll","background-type":"","background-media":"","overlay-type":"","overlay-color":"","overlay-opacity":"","overlay-gradient":""}},"ast-content-background-meta":{"desktop":{"background-color":"var(--ast-global-color-5)","background-image":"","background-repeat":"repeat","background-position":"center center","background-size":"auto","background-attachment":"scroll","background-type":"","background-media":"","overlay-type":"","overlay-color":"","overlay-opacity":"","overlay-gradient":""},"tablet":{"background-color":"var(--ast-global-color-5)","background-image":"","background-repeat":"repeat","background-position":"center center","background-size":"auto","background-attachment":"scroll","background-type":"","background-media":"","overlay-type":"","overlay-color":"","overlay-opacity":"","overlay-gradient":""},"mobile":{"background-color":"var(--ast-global-color-5)","background-image":"","background-repeat":"repeat","background-position":"center center","background-size":"auto","background-attachment":"scroll","background-type":"","background-media":"","overlay-type":"","overlay-color":"","overlay-opacity":"","overlay-gradient":""}}},"product_brand":[],"product_cat":[29],"product_tag":[180],"class_list":{"0":"post-1797","1":"product","2":"type-product","3":"status-publish","4":"has-post-thumbnail","6":"product_cat-01-coffee-maker-coffee-bean-grinder","7":"product_tag-anmir-kc301-ice-coffee-maker","8":"desktop-align-left","9":"tablet-align-left","10":"mobile-align-left","11":"ast-product-gallery-layout-horizontal-slider","12":"ast-product-gallery-with-no-image","13":"ast-product-tabs-layout-vertical","14":"ast-qv-on-image","16":"first","17":"instock","18":"shipping-taxable","19":"product-type-simple"},"uagb_featured_image_src":{"full":["https:\/\/anmir.com.cn\/wp-content\/uploads\/2024\/11\/KC301.jpg",800,800,false],"thumbnail":["https:\/\/anmir.com.cn\/wp-content\/uploads\/2024\/11\/KC301-150x150.jpg",150,150,true],"medium":["https:\/\/anmir.com.cn\/wp-content\/uploads\/2024\/11\/KC301-300x300.jpg",300,300,true],"medium_large":["https:\/\/anmir.com.cn\/wp-content\/uploads\/2024\/11\/KC301-768x768.jpg",768,768,true],"large":["https:\/\/anmir.com.cn\/wp-content\/uploads\/2024\/11\/KC301.jpg",800,800,false],"1536x1536":["https:\/\/anmir.com.cn\/wp-content\/uploads\/2024\/11\/KC301.jpg",800,800,false],"2048x2048":["https:\/\/anmir.com.cn\/wp-content\/uploads\/2024\/11\/KC301.jpg",800,800,false],"trp-custom-language-flag":["https:\/\/anmir.com.cn\/wp-content\/uploads\/2024\/11\/KC301.jpg",12,12,false],"woocommerce_thumbnail":["https:\/\/anmir.com.cn\/wp-content\/uploads\/2024\/11\/KC301-300x300.jpg",300,300,true],"woocommerce_single":["https:\/\/anmir.com.cn\/wp-content\/uploads\/2024\/11\/KC301-600x600.jpg",600,600,true],"woocommerce_gallery_thumbnail":["https:\/\/anmir.com.cn\/wp-content\/uploads\/2024\/11\/KC301-100x100.jpg",100,100,true]},"uagb_author_info":{"display_name":"daniel@anmir.com.cn","author_link":"https:\/\/anmir.com.cn\/tr\/author\/"},"uagb_comment_info":0,"uagb_excerpt":"The KC301-K Cup Coffee Maker is a versatile and convenient machine designed for coffee enthusiasts who enjoy American K-Cup capsules as well as ground coffee. Featuring a removable capsule box that is easy to clean and dishwasher-safe, it also includes a coffee powder box for direct brewing without a capsule. The visible water window with&hellip;","_links":{"self":[{"href":"https:\/\/anmir.com.cn\/tr\/wp-json\/wp\/v2\/product\/1797","targetHints":{"allow":["GET"]}}],"collection":[{"href":"https:\/\/anmir.com.cn\/tr\/wp-json\/wp\/v2\/product"}],"about":[{"href":"https:\/\/anmir.com.cn\/tr\/wp-json\/wp\/v2\/types\/product"}],"wp:featuredmedia":[{"embeddable":true,"href":"https:\/\/anmir.com.cn\/tr\/wp-json\/wp\/v2\/media\/1798"}],"wp:attachment":[{"href":"https:\/\/anmir.com.cn\/tr\/wp-json\/wp\/v2\/media?parent=1797"}],"wp:term":[{"taxonomy":"product_brand","embeddable":true,"href":"https:\/\/anmir.com.cn\/tr\/wp-json\/wp\/v2\/product_brand?post=1797"},{"taxonomy":"product_cat","embeddable":true,"href":"https:\/\/anmir.com.cn\/tr\/wp-json\/wp\/v2\/product_cat?post=1797"},{"taxonomy":"product_tag","embeddable":true,"href":"https:\/\/anmir.com.cn\/tr\/wp-json\/wp\/v2\/product_tag?post=1797"}],"curies":[{"name":"wp","href":"https:\/\/api.w.org\/{rel}","templated":true}]}}