{"id":1803,"date":"2024-11-08T16:41:28","date_gmt":"2024-11-08T16:41:28","guid":{"rendered":"https:\/\/anmir.com.cn\/?post_type=product&#038;p=1803"},"modified":"2025-08-23T17:24:22","modified_gmt":"2025-08-23T09:24:22","slug":"kc101-mini","status":"publish","type":"product","link":"https:\/\/anmir.com.cn\/tr\/products\/01-coffee-maker-coffee-bean-grinder\/kc101-mini\/","title":{"rendered":"KC101-mini-k fincan kahve"},"content":{"rendered":"<table style=\"border-collapse: collapse; width: 573.02pt;\" border=\"0\" width=\"764\" cellspacing=\"0\" cellpadding=\"0\">\n<tbody>\n<tr style=\"height: 150.00pt;\">\n<td class=\"et3\" style=\"height: 150.00pt; width: 573.00pt;\" width=\"764\" height=\"200\">\n<h6>Model NO.:KC101 mini-k fincan kahve<\/h6>\n<h6>120V~60Hz 1000W<\/h6>\n<p>\u00b7 Amerikan K-Cup kaps\u00fcl\u00fc i\u00e7in uygundur (\u00e7\u0131kar\u0131labilir kaps\u00fcl kutusu, temizlemesi kolay ve bula\u015f\u0131k makinesinde y\u0131kanabilir), kaps\u00fcl\u00fc do\u011frudan de\u011fi\u015ftirmek i\u00e7in kahve tozu kutusu ile.<br \/>\n\u00b7G\u00f6r\u00fcn\u00fcr su penceresi -MAKS.- kapasite 12oz.<br \/>\n\u00b7NTC s\u0131cakl\u0131k kontrol reaksiyon s\u00fcresi 2 saniyeden azd\u0131r, kahve s\u0131cakl\u0131\u011f\u0131 80\u2103\u00b15\u2103&#039;dir.<br \/>\n\u00b7Su s\u0131cakl\u0131\u011f\u0131 \u226518\u2103 i\u00e7in uygundur. Uygun bardak y\u00fcksekli\u011fi \u2264 160mm&#039;dir.<br \/>\n\u00b7U \u015feklinde al\u00fcminyum \u0131s\u0131tma kontrol\u00fc.<br \/>\n\u00b7Kahve yap\u0131m g\u00fcr\u00fclt\u00fcs\u00fc 60dB&#039;den azd\u0131r.<br \/>\n\u00b7 Otomatik su eksikli\u011fi uyar\u0131s\u0131 ve anormal kuru yanma korumas\u0131 uyar\u0131s\u0131 ile. Maksimum toz miktar\u0131 20g&#039;d\u0131r.<\/td>\n<\/tr>\n<\/tbody>\n<\/table>\n<div id=\"ag-1755940918679\"><\/div>","protected":false},"excerpt":{"rendered":"<p data-start=\"165\" data-end=\"667\">The <strong data-start=\"169\" data-end=\"202\">KC101 Mini-K Cup Kahve Makinesi<\/strong> kahve tutkunlar\u0131 i\u00e7in tasarlanm\u0131\u015f kompakt ve \u00e7ok y\u00f6nl\u00fc bir kahve makinesidir. <strong data-start=\"280\" data-end=\"307\">Amerikan K-Cup kaps\u00fclleri<\/strong> \u00c7ekilmi\u015f kahvenin yan\u0131 s\u0131ra. Kolay temizlenen ve bula\u015f\u0131k makinesinde y\u0131kanabilen \u00e7\u0131kar\u0131labilir bir kaps\u00fcl kutusu ve kaps\u00fcls\u00fcz do\u011frudan demleme i\u00e7in bir kahve tozu kutusu bulunur. Maksimum 340 ml kapasiteli g\u00f6r\u00fcn\u00fcr su penceresi, dolumu zahmetsiz hale getirirken, makine 160 mm y\u00fcksekli\u011fe kadar fincanlar\u0131 bar\u0131nd\u0131r\u0131r; bu da k\u00fc\u00e7\u00fck ve orta boy kupalar i\u00e7in m\u00fckemmeldir.<\/p>\n<p data-start=\"669\" data-end=\"1177\">H\u0131zl\u0131 tepki veren bir NTC s\u0131cakl\u0131k kontrol sistemiyle donat\u0131lan KC101 Mini, 18\u00b0C&#039;nin \u00fczerindeki su s\u0131cakl\u0131klar\u0131 i\u00e7in uygun olan 80\u00b0C \u00b15\u00b0C&#039;lik ideal s\u0131cakl\u0131kta saniyeler i\u00e7inde kahve demler. U \u015feklindeki al\u00fcminyum \u0131s\u0131tma eleman\u0131, e\u015fit ve verimli \u0131s\u0131tma sa\u011flarken, sessiz bir demleme deneyimi i\u00e7in g\u00fcr\u00fclt\u00fc seviyelerini 60 dB&#039;nin alt\u0131nda tutar. Otomatik su eksikli\u011fi alg\u0131lama, kuru yanma korumas\u0131 ve maksimum 20 g kahve tozu kapasitesi gibi g\u00fcvenlik \u00f6zellikleri hem rahatl\u0131k hem de g\u00f6n\u00fcl rahatl\u0131\u011f\u0131 sa\u011flar.<\/p>\n<p data-start=\"1179\" data-end=\"1580\">Kompakt, verimli ve kullan\u0131c\u0131 dostu KC101 Mini-K Cup Kahve Makinesi, g\u00fcvenli\u011fi, y\u00fcksek kaliteli performans\u0131 ve kullan\u0131m kolayl\u0131\u011f\u0131n\u0131 bir araya getiriyor. \u0130ster K-Cup kaps\u00fclleri ister taze kahve tozu demleyin, her seferinde zengin ve lezzetli bir kahve sunar ve bu da onu ev, ofis veya ki\u015fisel kahve k\u00f6\u015feleri i\u00e7in ideal bir se\u00e7im haline getirir. Her t\u00fcrl\u00fc kahve i\u00e7in m\u00fckemmel. <strong data-start=\"1502\" data-end=\"1518\">K Kupas\u0131 kahve<\/strong> G\u00fcvenilir ve yerden tasarruf sa\u011flayan bir demleme \u00e7\u00f6z\u00fcm\u00fc arayanlar i\u00e7in.<\/p>","protected":false},"featured_media":1804,"template":"","meta":{"_uag_custom_page_level_css":"","site-sidebar-layout":"default","site-content-layout":"","ast-site-content-layout":"default","site-content-style":"default","site-sidebar-style":"default","ast-global-header-display":"","ast-banner-title-visibility":"","ast-main-header-display":"","ast-hfb-above-header-display":"","ast-hfb-below-header-display":"","ast-hfb-mobile-header-display":"","site-post-title":"","ast-breadcrumbs-content":"","ast-featured-img":"","footer-sml-layout":"","ast-disable-related-posts":"","theme-transparent-header-meta":"default","adv-header-id-meta":"","stick-header-meta":"default","header-above-stick-meta":"","header-main-stick-meta":"","header-below-stick-meta":"","astra-migrate-meta-layouts":"set","ast-page-background-enabled":"default","ast-page-background-meta":{"desktop":{"background-color":"","background-image":"","background-repeat":"repeat","background-position":"center center","background-size":"auto","background-attachment":"scroll","background-type":"","background-media":"","overlay-type":"","overlay-color":"","overlay-opacity":"","overlay-gradient":""},"tablet":{"background-color":"","background-image":"","background-repeat":"repeat","background-position":"center center","background-size":"auto","background-attachment":"scroll","background-type":"","background-media":"","overlay-type":"","overlay-color":"","overlay-opacity":"","overlay-gradient":""},"mobile":{"background-color":"","background-image":"","background-repeat":"repeat","background-position":"center center","background-size":"auto","background-attachment":"scroll","background-type":"","background-media":"","overlay-type":"","overlay-color":"","overlay-opacity":"","overlay-gradient":""}},"ast-content-background-meta":{"desktop":{"background-color":"var(--ast-global-color-5)","background-image":"","background-repeat":"repeat","background-position":"center center","background-size":"auto","background-attachment":"scroll","background-type":"","background-media":"","overlay-type":"","overlay-color":"","overlay-opacity":"","overlay-gradient":""},"tablet":{"background-color":"var(--ast-global-color-5)","background-image":"","background-repeat":"repeat","background-position":"center center","background-size":"auto","background-attachment":"scroll","background-type":"","background-media":"","overlay-type":"","overlay-color":"","overlay-opacity":"","overlay-gradient":""},"mobile":{"background-color":"var(--ast-global-color-5)","background-image":"","background-repeat":"repeat","background-position":"center center","background-size":"auto","background-attachment":"scroll","background-type":"","background-media":"","overlay-type":"","overlay-color":"","overlay-opacity":"","overlay-gradient":""}}},"product_brand":[],"product_cat":[29],"product_tag":[177],"class_list":{"0":"post-1803","1":"product","2":"type-product","3":"status-publish","4":"has-post-thumbnail","6":"product_cat-01-coffee-maker-coffee-bean-grinder","7":"product_tag-anmir-kc101-mini-k-cup-coffee-maker","8":"desktop-align-left","9":"tablet-align-left","10":"mobile-align-left","11":"ast-product-gallery-layout-horizontal-slider","12":"ast-product-gallery-with-no-image","13":"ast-product-tabs-layout-vertical","14":"ast-qv-on-image","16":"first","17":"instock","18":"shipping-taxable","19":"product-type-simple"},"uagb_featured_image_src":{"full":["https:\/\/anmir.com.cn\/wp-content\/uploads\/2024\/11\/KC101-mini.jpg",800,800,false],"thumbnail":["https:\/\/anmir.com.cn\/wp-content\/uploads\/2024\/11\/KC101-mini-150x150.jpg",150,150,true],"medium":["https:\/\/anmir.com.cn\/wp-content\/uploads\/2024\/11\/KC101-mini-300x300.jpg",300,300,true],"medium_large":["https:\/\/anmir.com.cn\/wp-content\/uploads\/2024\/11\/KC101-mini-768x768.jpg",768,768,true],"large":["https:\/\/anmir.com.cn\/wp-content\/uploads\/2024\/11\/KC101-mini.jpg",800,800,false],"1536x1536":["https:\/\/anmir.com.cn\/wp-content\/uploads\/2024\/11\/KC101-mini.jpg",800,800,false],"2048x2048":["https:\/\/anmir.com.cn\/wp-content\/uploads\/2024\/11\/KC101-mini.jpg",800,800,false],"trp-custom-language-flag":["https:\/\/anmir.com.cn\/wp-content\/uploads\/2024\/11\/KC101-mini.jpg",12,12,false],"woocommerce_thumbnail":["https:\/\/anmir.com.cn\/wp-content\/uploads\/2024\/11\/KC101-mini-300x300.jpg",300,300,true],"woocommerce_single":["https:\/\/anmir.com.cn\/wp-content\/uploads\/2024\/11\/KC101-mini-600x600.jpg",600,600,true],"woocommerce_gallery_thumbnail":["https:\/\/anmir.com.cn\/wp-content\/uploads\/2024\/11\/KC101-mini-100x100.jpg",100,100,true]},"uagb_author_info":{"display_name":"daniel@anmir.com.cn","author_link":"https:\/\/anmir.com.cn\/tr\/author\/"},"uagb_comment_info":0,"uagb_excerpt":"The KC101 Mini-K Cup Coffee Maker is a compact and versatile coffee machine designed for enthusiasts who enjoy American K-Cup capsules as well as ground coffee. It features a removable capsule box that is easy to clean and dishwasher-safe, along with a coffee powder box for direct brewing without a capsule. The visible water window&hellip;","_links":{"self":[{"href":"https:\/\/anmir.com.cn\/tr\/wp-json\/wp\/v2\/product\/1803","targetHints":{"allow":["GET"]}}],"collection":[{"href":"https:\/\/anmir.com.cn\/tr\/wp-json\/wp\/v2\/product"}],"about":[{"href":"https:\/\/anmir.com.cn\/tr\/wp-json\/wp\/v2\/types\/product"}],"wp:featuredmedia":[{"embeddable":true,"href":"https:\/\/anmir.com.cn\/tr\/wp-json\/wp\/v2\/media\/1804"}],"wp:attachment":[{"href":"https:\/\/anmir.com.cn\/tr\/wp-json\/wp\/v2\/media?parent=1803"}],"wp:term":[{"taxonomy":"product_brand","embeddable":true,"href":"https:\/\/anmir.com.cn\/tr\/wp-json\/wp\/v2\/product_brand?post=1803"},{"taxonomy":"product_cat","embeddable":true,"href":"https:\/\/anmir.com.cn\/tr\/wp-json\/wp\/v2\/product_cat?post=1803"},{"taxonomy":"product_tag","embeddable":true,"href":"https:\/\/anmir.com.cn\/tr\/wp-json\/wp\/v2\/product_tag?post=1803"}],"curies":[{"name":"wp","href":"https:\/\/api.w.org\/{rel}","templated":true}]}}