{"id":1807,"date":"2024-11-08T16:42:14","date_gmt":"2024-11-08T16:42:14","guid":{"rendered":"https:\/\/anmir.com.cn\/?post_type=product&#038;p=1807"},"modified":"2025-08-23T17:16:50","modified_gmt":"2025-08-23T09:16:50","slug":"kc101a","status":"publish","type":"product","link":"https:\/\/anmir.com.cn\/tr\/products\/01-coffee-maker-coffee-bean-grinder\/kc101a\/","title":{"rendered":"KC101A-kahve makinesi"},"content":{"rendered":"<table style=\"border-collapse: collapse; width: 573.02pt;\" border=\"0\" width=\"764\" cellspacing=\"0\" cellpadding=\"0\">\n<tbody>\n<tr style=\"height: 150.00pt;\">\n<td class=\"et3\" style=\"height: 150.00pt; width: 573.00pt;\" width=\"764\" height=\"200\">\n<h6>Model NO.:KC101A-kahve makinesi<\/h6>\n<h6>120V~60Hz 1500W<\/h6>\n<p>Hacim ayarlar\u0131: 200ml, 250ml, 300ml, 350ml, tek tu\u015fla manuel durdurma mevcuttur.<br \/>\n\u00b7Se\u00e7im i\u00e7in su s\u0131cakl\u0131\u011f\u0131: 95\u2103,90,\u2103,85\u2103,80\u2103,75\u2103,70\u2103,65\u2103 60\u2103,55\u2103,50\u2103,45\u2103,40\u2103,35\u2103,30\u2103.<br \/>\n\u00b7Amerikan K-Cup kaps\u00fcl, kahve tozu ve \u00e7ay i\u00e7in uygundur.<br \/>\n\u00b7IMD i\u015fletim paneli, dokunmatik kontrol. Ta\u015f\u0131nabilir \u015feffaf su tank\u0131 -MAX- kapasitesi 1,5L. NTC s\u0131cakl\u0131k kontrol\u00fc, tepki s\u00fcresi 2 saniyeden azd\u0131r.<br \/>\n\u00b7Su tepsisi hareket ettirilebilir, kahve almak i\u00e7in y\u00fcksek veya al\u00e7ak fincanlara uygundur.<br \/>\n\u00b7Mikro SUS304 \u0131s\u0131tma tipi \u0131s\u0131tma eleman\u0131n\u0131n kullan\u0131m\u0131.<br \/>\n\u00b7Kahve yap\u0131m g\u00fcr\u00fclt\u00fcs\u00fc 60dB&#039;den azd\u0131r.<br \/>\n\u00b7 Otomatik su eksikli\u011fi uyar\u0131s\u0131 ve anormal kuru yanma korumas\u0131 uyar\u0131s\u0131 ile 1 dakika otomatik kapanma fonksiyonu.<br \/>\n\u00b7Kire\u00e7 \u00e7\u00f6zme hat\u0131rlatma fonksiyonu ile.Kablo saklama fonksiyonu ile.<\/td>\n<\/tr>\n<\/tbody>\n<\/table>","protected":false},"excerpt":{"rendered":"<p data-start=\"163\" data-end=\"725\">The <strong data-start=\"167\" data-end=\"198\">KC101A Kahve Makinesi<\/strong> hassasiyet ve rahatl\u0131\u011fa \u00f6nem veren kahve tutkunlar\u0131 i\u00e7in tasarlanm\u0131\u015f \u00e7ok y\u00f6nl\u00fc ve y\u00fcksek performansl\u0131 bir demleme \u00e7\u00f6z\u00fcm\u00fcd\u00fcr. Uyumlu <strong data-start=\"337\" data-end=\"364\">Amerikan K-Cup kaps\u00fclleri<\/strong>, kahve tozu ve \u00e7ay gibi geni\u015f bir i\u00e7ecek yelpazesinin tad\u0131n\u0131 zahmetsizce \u00e7\u0131karman\u0131z\u0131 sa\u011flar. Makine, 200 ml, 250 ml, 300 ml ve 350 ml olmak \u00fczere birden fazla hacim ayar\u0131 ve fincan boyutunuz \u00fczerinde tam kontrol sa\u011flayan tek t\u0131klamayla manuel durdurma \u00f6zelli\u011fi sunar. Ayr\u0131ca, 30\u00b0C ile 95\u00b0C aras\u0131nda ayarlanabilir su s\u0131cakl\u0131\u011f\u0131, her i\u00e7ecek i\u00e7in m\u00fckemmel demlemeyi garantiler.<\/p>\n<p data-start=\"727\" data-end=\"1329\">IMD dokunmatik kontrol paneli ve 1,5 litrelik maksimum kapasiteli ta\u015f\u0131nabilir \u015feffaf su deposuyla donat\u0131lan KC101A Kahve Makinesi, hem \u015f\u0131k hem de kullan\u0131c\u0131 dostudur. NTC s\u0131cakl\u0131k kontrol sistemi, h\u0131zl\u0131 \u0131s\u0131tma i\u00e7in 2 saniyeden k\u0131sa s\u00fcrede tepki verirken, hareketli su tepsisi farkl\u0131 boylardaki fincanlar\u0131 bar\u0131nd\u0131r\u0131r. Mikro SUS304 \u0131s\u0131tma eleman\u0131, 60 dB&#039;nin alt\u0131nda sabit s\u0131cakl\u0131k ve sessiz \u00e7al\u0131\u015fma sa\u011flar. Otomatik su eksikli\u011fi alg\u0131lama, kuru yanma korumas\u0131, 1 dakikal\u0131k otomatik kapanma fonksiyonu, kire\u00e7 \u00e7\u00f6zme hat\u0131rlat\u0131c\u0131s\u0131 ve kablo saklama \u00f6zelli\u011fiyle g\u00fcvenlik ve rahatl\u0131k \u00f6n plandad\u0131r.<\/p>\n<p data-start=\"1331\" data-end=\"1635\">Kompakt ama g\u00fc\u00e7l\u00fc olan bu kahve makinesi, verimlilik, g\u00fcvenlik ve \u015f\u0131kl\u0131\u011f\u0131 bir araya getirerek ev, ofis veya ki\u015fisel kahve k\u00f6\u015feleri i\u00e7in idealdir. \u0130ster kahve, ister \u00e7ay veya \u00f6zel i\u00e7ecekler demleyin, KC101A her seferinde y\u00fcksek kaliteli i\u00e7ecekler sunarak onu olmazsa olmaz bir cihaz haline getirir. <strong data-start=\"1608\" data-end=\"1632\">kahve makinesi<\/strong>.<\/p>","protected":false},"featured_media":1808,"template":"","meta":{"_uag_custom_page_level_css":"","site-sidebar-layout":"default","site-content-layout":"","ast-site-content-layout":"default","site-content-style":"default","site-sidebar-style":"default","ast-global-header-display":"","ast-banner-title-visibility":"","ast-main-header-display":"","ast-hfb-above-header-display":"","ast-hfb-below-header-display":"","ast-hfb-mobile-header-display":"","site-post-title":"","ast-breadcrumbs-content":"","ast-featured-img":"","footer-sml-layout":"","ast-disable-related-posts":"","theme-transparent-header-meta":"default","adv-header-id-meta":"","stick-header-meta":"default","header-above-stick-meta":"","header-main-stick-meta":"","header-below-stick-meta":"","astra-migrate-meta-layouts":"set","ast-page-background-enabled":"default","ast-page-background-meta":{"desktop":{"background-color":"","background-image":"","background-repeat":"repeat","background-position":"center center","background-size":"auto","background-attachment":"scroll","background-type":"","background-media":"","overlay-type":"","overlay-color":"","overlay-opacity":"","overlay-gradient":""},"tablet":{"background-color":"","background-image":"","background-repeat":"repeat","background-position":"center center","background-size":"auto","background-attachment":"scroll","background-type":"","background-media":"","overlay-type":"","overlay-color":"","overlay-opacity":"","overlay-gradient":""},"mobile":{"background-color":"","background-image":"","background-repeat":"repeat","background-position":"center center","background-size":"auto","background-attachment":"scroll","background-type":"","background-media":"","overlay-type":"","overlay-color":"","overlay-opacity":"","overlay-gradient":""}},"ast-content-background-meta":{"desktop":{"background-color":"var(--ast-global-color-5)","background-image":"","background-repeat":"repeat","background-position":"center center","background-size":"auto","background-attachment":"scroll","background-type":"","background-media":"","overlay-type":"","overlay-color":"","overlay-opacity":"","overlay-gradient":""},"tablet":{"background-color":"var(--ast-global-color-5)","background-image":"","background-repeat":"repeat","background-position":"center center","background-size":"auto","background-attachment":"scroll","background-type":"","background-media":"","overlay-type":"","overlay-color":"","overlay-opacity":"","overlay-gradient":""},"mobile":{"background-color":"var(--ast-global-color-5)","background-image":"","background-repeat":"repeat","background-position":"center center","background-size":"auto","background-attachment":"scroll","background-type":"","background-media":"","overlay-type":"","overlay-color":"","overlay-opacity":"","overlay-gradient":""}}},"product_brand":[],"product_cat":[29],"product_tag":[175],"class_list":{"0":"post-1807","1":"product","2":"type-product","3":"status-publish","4":"has-post-thumbnail","6":"product_cat-01-coffee-maker-coffee-bean-grinder","7":"product_tag-anmir-kc101a-k-cup-coffee-maker","8":"desktop-align-left","9":"tablet-align-left","10":"mobile-align-left","11":"ast-product-gallery-layout-horizontal-slider","12":"ast-product-gallery-with-no-image","13":"ast-product-tabs-layout-vertical","14":"ast-qv-on-image","16":"first","17":"instock","18":"shipping-taxable","19":"product-type-simple"},"uagb_featured_image_src":{"full":["https:\/\/anmir.com.cn\/wp-content\/uploads\/2024\/11\/KC101A.jpg",800,800,false],"thumbnail":["https:\/\/anmir.com.cn\/wp-content\/uploads\/2024\/11\/KC101A-150x150.jpg",150,150,true],"medium":["https:\/\/anmir.com.cn\/wp-content\/uploads\/2024\/11\/KC101A-300x300.jpg",300,300,true],"medium_large":["https:\/\/anmir.com.cn\/wp-content\/uploads\/2024\/11\/KC101A-768x768.jpg",768,768,true],"large":["https:\/\/anmir.com.cn\/wp-content\/uploads\/2024\/11\/KC101A.jpg",800,800,false],"1536x1536":["https:\/\/anmir.com.cn\/wp-content\/uploads\/2024\/11\/KC101A.jpg",800,800,false],"2048x2048":["https:\/\/anmir.com.cn\/wp-content\/uploads\/2024\/11\/KC101A.jpg",800,800,false],"trp-custom-language-flag":["https:\/\/anmir.com.cn\/wp-content\/uploads\/2024\/11\/KC101A.jpg",12,12,false],"woocommerce_thumbnail":["https:\/\/anmir.com.cn\/wp-content\/uploads\/2024\/11\/KC101A-300x300.jpg",300,300,true],"woocommerce_single":["https:\/\/anmir.com.cn\/wp-content\/uploads\/2024\/11\/KC101A-600x600.jpg",600,600,true],"woocommerce_gallery_thumbnail":["https:\/\/anmir.com.cn\/wp-content\/uploads\/2024\/11\/KC101A-100x100.jpg",100,100,true]},"uagb_author_info":{"display_name":"daniel@anmir.com.cn","author_link":"https:\/\/anmir.com.cn\/tr\/author\/"},"uagb_comment_info":0,"uagb_excerpt":"The KC101A Coffee Maker Machine is a versatile and high-performance brewing solution designed for coffee enthusiasts who value precision and convenience. Compatible with American K-Cup capsules, coffee powder, and tea, it allows you to enjoy a wide variety of beverages effortlessly. The machine offers multiple volume settings \u2014 200ml, 250ml, 300ml, and 350ml \u2014 with&hellip;","_links":{"self":[{"href":"https:\/\/anmir.com.cn\/tr\/wp-json\/wp\/v2\/product\/1807","targetHints":{"allow":["GET"]}}],"collection":[{"href":"https:\/\/anmir.com.cn\/tr\/wp-json\/wp\/v2\/product"}],"about":[{"href":"https:\/\/anmir.com.cn\/tr\/wp-json\/wp\/v2\/types\/product"}],"wp:featuredmedia":[{"embeddable":true,"href":"https:\/\/anmir.com.cn\/tr\/wp-json\/wp\/v2\/media\/1808"}],"wp:attachment":[{"href":"https:\/\/anmir.com.cn\/tr\/wp-json\/wp\/v2\/media?parent=1807"}],"wp:term":[{"taxonomy":"product_brand","embeddable":true,"href":"https:\/\/anmir.com.cn\/tr\/wp-json\/wp\/v2\/product_brand?post=1807"},{"taxonomy":"product_cat","embeddable":true,"href":"https:\/\/anmir.com.cn\/tr\/wp-json\/wp\/v2\/product_cat?post=1807"},{"taxonomy":"product_tag","embeddable":true,"href":"https:\/\/anmir.com.cn\/tr\/wp-json\/wp\/v2\/product_tag?post=1807"}],"curies":[{"name":"wp","href":"https:\/\/api.w.org\/{rel}","templated":true}]}}