{"id":1809,"date":"2024-11-08T16:42:35","date_gmt":"2024-11-08T16:42:35","guid":{"rendered":"https:\/\/anmir.com.cn\/?post_type=product&#038;p=1809"},"modified":"2025-08-23T17:08:17","modified_gmt":"2025-08-23T09:08:17","slug":"kc101","status":"publish","type":"product","link":"https:\/\/anmir.com.cn\/tr\/products\/01-coffee-maker-coffee-bean-grinder\/kc101\/","title":{"rendered":"KC101-k kupas\u0131"},"content":{"rendered":"<table width=\"764\">\n<tbody>\n<tr>\n<td width=\"764\">\n<h6>Model NO.:KC101-k kupas\u0131<\/h6>\n<h6>120V~60Hz 1150W<\/h6>\n<p>\u00b7Amerikan K-Cup kaps\u00fcl, kahve tozu ve \u00e7ay i\u00e7in uygundur.<br \/>\n\u00b7IMD i\u015fletim paneli, dokunmatik kontrol, k\u00fc\u00e7\u00fck fincan, orta fincan, b\u00fcy\u00fck fincan modu. Ta\u015f\u0131nabilir \u015feffaf su deposu - MAKS\u0130MUM kapasite 1,5 L.<br \/>\n\u00b7NTC s\u0131cakl\u0131k kontrol reaksiyon s\u00fcresi 2 saniyeden azd\u0131r.<br \/>\n\u00b7Su tepsisi hareket ettirilebilir, kahve almak i\u00e7in y\u00fcksek veya al\u00e7ak fincanlara uygundur.<br \/>\n\u00b7Mikro SUS304 \u0131s\u0131tma tipi \u0131s\u0131tma eleman\u0131n\u0131n kullan\u0131m\u0131.<br \/>\n\u00b7Kahve yap\u0131m g\u00fcr\u00fclt\u00fcs\u00fc 60dB&#039;den azd\u0131r.<br \/>\n\u00b7 Otomatik su eksikli\u011fi uyar\u0131s\u0131 ve anormal kuru yanma korumas\u0131 uyar\u0131s\u0131 ile 1 dakika otomatik kapanma fonksiyonu.<br \/>\n\u00b7Kire\u00e7 \u00e7\u00f6zme hat\u0131rlatma fonksiyonu ile.Kablo saklama fonksiyonu ile.<\/td>\n<\/tr>\n<\/tbody>\n<\/table>\n<div id=\"ag-1755933604363\"><\/div>","protected":false},"excerpt":{"rendered":"<p data-start=\"146\" data-end=\"724\">The <strong data-start=\"150\" data-end=\"178\">KC101-K Fincan Kahve Makinesi<\/strong> Modern kahve severler i\u00e7in tasarlanm\u0131\u015f \u00e7ok y\u00f6nl\u00fc ve kullan\u0131\u015fl\u0131 bir demleme \u00e7\u00f6z\u00fcm\u00fcd\u00fcr. Uyumlu <strong data-start=\"277\" data-end=\"304\">Amerikan K-Cup kaps\u00fclleri<\/strong>, kahve tozu ve \u00e7ay ile zengin ve lezzetli i\u00e7ecekleri kolayl\u0131kla haz\u0131rlar. IMD dokunmatik kontrol paneli, k\u00fc\u00e7\u00fck, orta ve b\u00fcy\u00fck olmak \u00fczere \u00fc\u00e7 fincan boyutu sunarken, 1,5 L maksimum kapasiteli ta\u015f\u0131nabilir \u015feffaf su haznesi, s\u0131k s\u0131k su doldurmadan birden fazla fincan demlemenizi sa\u011flar. NTC s\u0131cakl\u0131k kontrol sistemiyle donat\u0131lan makine, m\u00fckemmel demleme s\u0131cakl\u0131\u011f\u0131n\u0131 korumak i\u00e7in 2 saniyeden k\u0131sa s\u00fcrede tepki verir.<\/p>\n<p data-start=\"726\" data-end=\"1380\">Esneklik i\u00e7in tasarlanan hareketli su tepsisi, hem uzun hem de k\u0131sa fincanlara uygundur. KC101, y\u00fcksek kaliteli bir mikro SUS304 \u0131s\u0131tma eleman\u0131 kullanarak verimli ve e\u015fit \u0131s\u0131tma sa\u011flarken kahve yapma sesini 60 dB&#039;nin alt\u0131nda tutar. Otomatik su kesintisi alg\u0131lama, kuru yanma korumas\u0131, 1 dakikal\u0131k otomatik kapanma i\u015flevi ve kire\u00e7 \u00e7\u00f6zme hat\u0131rlat\u0131c\u0131s\u0131 gibi \u00f6zelliklerle g\u00fcvenlik ve rahatl\u0131k \u00f6n planda tutulur. Ayr\u0131ca, dahili kablo saklama i\u015flevi mutfa\u011f\u0131n\u0131z\u0131 d\u00fczenli tutar. Ev veya ofis kullan\u0131m\u0131 i\u00e7in m\u00fckemmel olan KC101-K Fincan Kahve Makinesi, i\u015flevsellik, g\u00fcvenlik ve stili bir araya getirerek onu en iyi se\u00e7im haline getirir. <strong data-start=\"1349\" data-end=\"1377\">K-Cup kahve tutkunlar\u0131<\/strong>.<\/p>","protected":false},"featured_media":1810,"template":"","meta":{"_uag_custom_page_level_css":"","site-sidebar-layout":"default","site-content-layout":"","ast-site-content-layout":"default","site-content-style":"default","site-sidebar-style":"default","ast-global-header-display":"","ast-banner-title-visibility":"","ast-main-header-display":"","ast-hfb-above-header-display":"","ast-hfb-below-header-display":"","ast-hfb-mobile-header-display":"","site-post-title":"","ast-breadcrumbs-content":"","ast-featured-img":"","footer-sml-layout":"","ast-disable-related-posts":"","theme-transparent-header-meta":"default","adv-header-id-meta":"","stick-header-meta":"default","header-above-stick-meta":"","header-main-stick-meta":"","header-below-stick-meta":"","astra-migrate-meta-layouts":"set","ast-page-background-enabled":"default","ast-page-background-meta":{"desktop":{"background-color":"","background-image":"","background-repeat":"repeat","background-position":"center center","background-size":"auto","background-attachment":"scroll","background-type":"","background-media":"","overlay-type":"","overlay-color":"","overlay-opacity":"","overlay-gradient":""},"tablet":{"background-color":"","background-image":"","background-repeat":"repeat","background-position":"center center","background-size":"auto","background-attachment":"scroll","background-type":"","background-media":"","overlay-type":"","overlay-color":"","overlay-opacity":"","overlay-gradient":""},"mobile":{"background-color":"","background-image":"","background-repeat":"repeat","background-position":"center center","background-size":"auto","background-attachment":"scroll","background-type":"","background-media":"","overlay-type":"","overlay-color":"","overlay-opacity":"","overlay-gradient":""}},"ast-content-background-meta":{"desktop":{"background-color":"var(--ast-global-color-5)","background-image":"","background-repeat":"repeat","background-position":"center center","background-size":"auto","background-attachment":"scroll","background-type":"","background-media":"","overlay-type":"","overlay-color":"","overlay-opacity":"","overlay-gradient":""},"tablet":{"background-color":"var(--ast-global-color-5)","background-image":"","background-repeat":"repeat","background-position":"center center","background-size":"auto","background-attachment":"scroll","background-type":"","background-media":"","overlay-type":"","overlay-color":"","overlay-opacity":"","overlay-gradient":""},"mobile":{"background-color":"var(--ast-global-color-5)","background-image":"","background-repeat":"repeat","background-position":"center center","background-size":"auto","background-attachment":"scroll","background-type":"","background-media":"","overlay-type":"","overlay-color":"","overlay-opacity":"","overlay-gradient":""}}},"product_brand":[],"product_cat":[29],"product_tag":[174],"class_list":{"0":"post-1809","1":"product","2":"type-product","3":"status-publish","4":"has-post-thumbnail","6":"product_cat-01-coffee-maker-coffee-bean-grinder","7":"product_tag-anmir-kc101-k-cup-coffee-maker","8":"desktop-align-left","9":"tablet-align-left","10":"mobile-align-left","11":"ast-product-gallery-layout-horizontal-slider","12":"ast-product-gallery-with-no-image","13":"ast-product-tabs-layout-vertical","14":"ast-qv-on-image","16":"first","17":"instock","18":"shipping-taxable","19":"product-type-simple"},"uagb_featured_image_src":{"full":["https:\/\/anmir.com.cn\/wp-content\/uploads\/2024\/11\/KC101.jpg",800,800,false],"thumbnail":["https:\/\/anmir.com.cn\/wp-content\/uploads\/2024\/11\/KC101-150x150.jpg",150,150,true],"medium":["https:\/\/anmir.com.cn\/wp-content\/uploads\/2024\/11\/KC101-300x300.jpg",300,300,true],"medium_large":["https:\/\/anmir.com.cn\/wp-content\/uploads\/2024\/11\/KC101-768x768.jpg",768,768,true],"large":["https:\/\/anmir.com.cn\/wp-content\/uploads\/2024\/11\/KC101.jpg",800,800,false],"1536x1536":["https:\/\/anmir.com.cn\/wp-content\/uploads\/2024\/11\/KC101.jpg",800,800,false],"2048x2048":["https:\/\/anmir.com.cn\/wp-content\/uploads\/2024\/11\/KC101.jpg",800,800,false],"trp-custom-language-flag":["https:\/\/anmir.com.cn\/wp-content\/uploads\/2024\/11\/KC101.jpg",12,12,false],"woocommerce_thumbnail":["https:\/\/anmir.com.cn\/wp-content\/uploads\/2024\/11\/KC101-300x300.jpg",300,300,true],"woocommerce_single":["https:\/\/anmir.com.cn\/wp-content\/uploads\/2024\/11\/KC101-600x600.jpg",600,600,true],"woocommerce_gallery_thumbnail":["https:\/\/anmir.com.cn\/wp-content\/uploads\/2024\/11\/KC101-100x100.jpg",100,100,true]},"uagb_author_info":{"display_name":"daniel@anmir.com.cn","author_link":"https:\/\/anmir.com.cn\/tr\/author\/"},"uagb_comment_info":0,"uagb_excerpt":"The KC101-K Cup Coffee Maker is a versatile and convenient brewing solution designed for modern coffee lovers. Compatible with American K-Cup capsules, coffee powder, and tea, it delivers rich, flavorful beverages with ease. Its IMD touch control panel offers three cup sizes \u2014 small, medium, and large \u2014 while the portable transparent water tank with&hellip;","_links":{"self":[{"href":"https:\/\/anmir.com.cn\/tr\/wp-json\/wp\/v2\/product\/1809","targetHints":{"allow":["GET"]}}],"collection":[{"href":"https:\/\/anmir.com.cn\/tr\/wp-json\/wp\/v2\/product"}],"about":[{"href":"https:\/\/anmir.com.cn\/tr\/wp-json\/wp\/v2\/types\/product"}],"wp:featuredmedia":[{"embeddable":true,"href":"https:\/\/anmir.com.cn\/tr\/wp-json\/wp\/v2\/media\/1810"}],"wp:attachment":[{"href":"https:\/\/anmir.com.cn\/tr\/wp-json\/wp\/v2\/media?parent=1809"}],"wp:term":[{"taxonomy":"product_brand","embeddable":true,"href":"https:\/\/anmir.com.cn\/tr\/wp-json\/wp\/v2\/product_brand?post=1809"},{"taxonomy":"product_cat","embeddable":true,"href":"https:\/\/anmir.com.cn\/tr\/wp-json\/wp\/v2\/product_cat?post=1809"},{"taxonomy":"product_tag","embeddable":true,"href":"https:\/\/anmir.com.cn\/tr\/wp-json\/wp\/v2\/product_tag?post=1809"}],"curies":[{"name":"wp","href":"https:\/\/api.w.org\/{rel}","templated":true}]}}