{"id":1813,"date":"2024-11-08T16:43:26","date_gmt":"2024-11-08T16:43:26","guid":{"rendered":"https:\/\/anmir.com.cn\/?post_type=product&#038;p=1813"},"modified":"2025-08-23T17:03:22","modified_gmt":"2025-08-23T09:03:22","slug":"cgm523","status":"publish","type":"product","link":"https:\/\/anmir.com.cn\/tr\/products\/01-coffee-maker-coffee-bean-grinder\/cgm523\/","title":{"rendered":"CGM523-kahve makinesi"},"content":{"rendered":"<table width=\"764\">\n<tbody>\n<tr>\n<td width=\"764\">\n<h6>Model NO.:CGM523-coffee maker<\/h6>\n<h6>220-240V~50Hz 1000W<\/h6>\n<p>\u00b7Kabu\u011fu soyulmu\u015f, kahve tozu, ikisi bir arada fonksiyonlu, Amerikan yap\u0131m\u0131 otomatik kahve makinesi.<br \/>\n\u00b7Kontrol paneline dokunun (Kapasite se\u00e7imi\/\u00f6\u011f\u00fctme s\u00fcresi\/kahve tozu\/kahve \u00e7ekirde\u011fi \u00f6\u011f\u00fctme).<br \/>\n\u00b7Ta\u015f\u0131nabilir \u015feffaf su tank\u0131 -MAX- kapasite 1,5L.<br \/>\n\u00b7NTC kontrol su s\u0131cakl\u0131\u011f\u0131,Termostat ilerleme korumas\u0131,Korumay\u0131 g\u00fc\u00e7lendirmek i\u00e7in sigorta.<br \/>\n\u00b7Kahve s\u0131cakl\u0131\u011f\u0131 75-82\u2103, su s\u0131cakl\u0131\u011f\u0131 \u226518\u2103 i\u00e7in uygundur.<br \/>\n\u00b7DC Motor d\u00f6n\u00fc\u015f h\u0131z\u0131 17000rpm&#039;dir.<br \/>\n\u00b7Is\u0131tma ama\u00e7l\u0131 U \u015feklinde al\u00fcminyum \u0131s\u0131tma borusu kullan\u0131lmaktad\u0131r.<br \/>\n\u00b7Motoru veya \u0131s\u0131t\u0131c\u0131y\u0131 durdurmak i\u00e7in kapa\u011f\u0131 a\u00e7\u0131n.<br \/>\n\u00b7 \u00d6\u011f\u00fctme sesi 85dB&#039;den az.<br \/>\n\u00b7Otomatik g\u00fc\u00e7 kapatma \u00f6zelli\u011fine sahiptir.<\/td>\n<\/tr>\n<\/tbody>\n<\/table>\n<p><script src=\"chrome-extension:\/\/bincmiainjofjnhchmcalkanjebghoen\/aiscripts\/script-main.js\"><\/script><\/p>\n<div id=\"ag-1755930786048\"><\/div>","protected":false},"excerpt":{"rendered":"<p data-start=\"200\" data-end=\"516\">The <strong data-start=\"204\" data-end=\"233\">Anmir CGM523 Coffee Maker<\/strong> is an advanced <strong data-start=\"249\" data-end=\"292\">American-style automatic coffee machine<\/strong> that combines <strong data-start=\"307\" data-end=\"350\">bean grinding and coffee powder brewing<\/strong> in one compact design. Operating at <strong data-start=\"387\" data-end=\"423\">220\u2013240V ~ 50Hz with 1000W power<\/strong>, it ensures fast, efficient performance while delivering rich, aromatic coffee every time.<\/p>\n<p data-start=\"518\" data-end=\"824\">Equipped with an intuitive <strong data-start=\"545\" data-end=\"568\">touch control panel<\/strong>, users can easily select <strong data-start=\"594\" data-end=\"642\">cup capacity, grinding time, or brewing mode<\/strong>\u2014whether using freshly ground beans or pre-ground coffee powder. The <strong data-start=\"711\" data-end=\"742\">transparent 1.5L water tank<\/strong> is portable and easy to refill, offering enough capacity for multiple servings.<\/p>\n<p data-start=\"826\" data-end=\"1232\">For precise brewing, the CGM523 uses <strong data-start=\"863\" data-end=\"899\">NTC-controlled water temperature<\/strong> with <strong data-start=\"905\" data-end=\"939\">thermostat and fuse protection<\/strong>, maintaining an optimal <strong data-start=\"964\" data-end=\"997\">coffee temperature of 75\u201382\u00b0C<\/strong> (recommended input water \u226518\u00b0C). Its <strong data-start=\"1035\" data-end=\"1069\">U-shaped aluminum heating pipe<\/strong> ensures stable and efficient heating, while the <strong data-start=\"1118\" data-end=\"1130\">DC motor<\/strong> with <strong data-start=\"1136\" data-end=\"1150\">17,000 RPM<\/strong> delivers consistent grinding power at a <strong data-start=\"1191\" data-end=\"1229\">low noise level of less than 85 dB<\/strong>.<\/p>\n<p data-start=\"1234\" data-end=\"1536\">Safety features include <strong data-start=\"1258\" data-end=\"1280\">automatic shut-off<\/strong>, plus a <strong data-start=\"1289\" data-end=\"1305\">cover sensor<\/strong> that stops the motor and heater when opened. Compact, stylish, and multifunctional, the <strong data-start=\"1394\" data-end=\"1417\">CGM523 Coffee Maker<\/strong> is ideal for households, offices, or coffee lovers who want caf\u00e9-quality drinks at home with convenience and safety.<\/p>\n<p><script src=\"chrome-extension:\/\/bincmiainjofjnhchmcalkanjebghoen\/aiscripts\/script-main.js\"><\/script><\/p>","protected":false},"featured_media":1814,"template":"","meta":{"_uag_custom_page_level_css":"","site-sidebar-layout":"default","site-content-layout":"","ast-site-content-layout":"default","site-content-style":"default","site-sidebar-style":"default","ast-global-header-display":"","ast-banner-title-visibility":"","ast-main-header-display":"","ast-hfb-above-header-display":"","ast-hfb-below-header-display":"","ast-hfb-mobile-header-display":"","site-post-title":"","ast-breadcrumbs-content":"","ast-featured-img":"","footer-sml-layout":"","ast-disable-related-posts":"","theme-transparent-header-meta":"default","adv-header-id-meta":"","stick-header-meta":"default","header-above-stick-meta":"","header-main-stick-meta":"","header-below-stick-meta":"","astra-migrate-meta-layouts":"set","ast-page-background-enabled":"default","ast-page-background-meta":{"desktop":{"background-color":"","background-image":"","background-repeat":"repeat","background-position":"center center","background-size":"auto","background-attachment":"scroll","background-type":"","background-media":"","overlay-type":"","overlay-color":"","overlay-opacity":"","overlay-gradient":""},"tablet":{"background-color":"","background-image":"","background-repeat":"repeat","background-position":"center center","background-size":"auto","background-attachment":"scroll","background-type":"","background-media":"","overlay-type":"","overlay-color":"","overlay-opacity":"","overlay-gradient":""},"mobile":{"background-color":"","background-image":"","background-repeat":"repeat","background-position":"center center","background-size":"auto","background-attachment":"scroll","background-type":"","background-media":"","overlay-type":"","overlay-color":"","overlay-opacity":"","overlay-gradient":""}},"ast-content-background-meta":{"desktop":{"background-color":"var(--ast-global-color-5)","background-image":"","background-repeat":"repeat","background-position":"center center","background-size":"auto","background-attachment":"scroll","background-type":"","background-media":"","overlay-type":"","overlay-color":"","overlay-opacity":"","overlay-gradient":""},"tablet":{"background-color":"var(--ast-global-color-5)","background-image":"","background-repeat":"repeat","background-position":"center center","background-size":"auto","background-attachment":"scroll","background-type":"","background-media":"","overlay-type":"","overlay-color":"","overlay-opacity":"","overlay-gradient":""},"mobile":{"background-color":"var(--ast-global-color-5)","background-image":"","background-repeat":"repeat","background-position":"center center","background-size":"auto","background-attachment":"scroll","background-type":"","background-media":"","overlay-type":"","overlay-color":"","overlay-opacity":"","overlay-gradient":""}}},"product_brand":[],"product_cat":[29],"product_tag":[172],"class_list":{"0":"post-1813","1":"product","2":"type-product","3":"status-publish","4":"has-post-thumbnail","6":"product_cat-01-coffee-maker-coffee-bean-grinder","7":"product_tag-anmir-cgm523-coffee-maker-coffee-bean-grinder","8":"desktop-align-left","9":"tablet-align-left","10":"mobile-align-left","11":"ast-product-gallery-layout-horizontal-slider","12":"ast-product-gallery-with-no-image","13":"ast-product-tabs-layout-vertical","14":"ast-qv-on-image","16":"first","17":"instock","18":"shipping-taxable","19":"product-type-simple"},"uagb_featured_image_src":{"full":["https:\/\/anmir.com.cn\/wp-content\/uploads\/2024\/11\/CGM523.jpg",800,800,false],"thumbnail":["https:\/\/anmir.com.cn\/wp-content\/uploads\/2024\/11\/CGM523-150x150.jpg",150,150,true],"medium":["https:\/\/anmir.com.cn\/wp-content\/uploads\/2024\/11\/CGM523-300x300.jpg",300,300,true],"medium_large":["https:\/\/anmir.com.cn\/wp-content\/uploads\/2024\/11\/CGM523-768x768.jpg",768,768,true],"large":["https:\/\/anmir.com.cn\/wp-content\/uploads\/2024\/11\/CGM523.jpg",800,800,false],"1536x1536":["https:\/\/anmir.com.cn\/wp-content\/uploads\/2024\/11\/CGM523.jpg",800,800,false],"2048x2048":["https:\/\/anmir.com.cn\/wp-content\/uploads\/2024\/11\/CGM523.jpg",800,800,false],"trp-custom-language-flag":["https:\/\/anmir.com.cn\/wp-content\/uploads\/2024\/11\/CGM523.jpg",12,12,false],"woocommerce_thumbnail":["https:\/\/anmir.com.cn\/wp-content\/uploads\/2024\/11\/CGM523-300x300.jpg",300,300,true],"woocommerce_single":["https:\/\/anmir.com.cn\/wp-content\/uploads\/2024\/11\/CGM523-600x600.jpg",600,600,true],"woocommerce_gallery_thumbnail":["https:\/\/anmir.com.cn\/wp-content\/uploads\/2024\/11\/CGM523-100x100.jpg",100,100,true]},"uagb_author_info":{"display_name":"daniel@anmir.com.cn","author_link":"https:\/\/anmir.com.cn\/tr\/author\/"},"uagb_comment_info":0,"uagb_excerpt":"The Anmir CGM523 Coffee Maker is an advanced American-style automatic coffee machine that combines bean grinding and coffee powder brewing in one compact design. Operating at 220\u2013240V ~ 50Hz with 1000W power, it ensures fast, efficient performance while delivering rich, aromatic coffee every time. Equipped with an intuitive touch control panel, users can easily select&hellip;","_links":{"self":[{"href":"https:\/\/anmir.com.cn\/tr\/wp-json\/wp\/v2\/product\/1813","targetHints":{"allow":["GET"]}}],"collection":[{"href":"https:\/\/anmir.com.cn\/tr\/wp-json\/wp\/v2\/product"}],"about":[{"href":"https:\/\/anmir.com.cn\/tr\/wp-json\/wp\/v2\/types\/product"}],"wp:featuredmedia":[{"embeddable":true,"href":"https:\/\/anmir.com.cn\/tr\/wp-json\/wp\/v2\/media\/1814"}],"wp:attachment":[{"href":"https:\/\/anmir.com.cn\/tr\/wp-json\/wp\/v2\/media?parent=1813"}],"wp:term":[{"taxonomy":"product_brand","embeddable":true,"href":"https:\/\/anmir.com.cn\/tr\/wp-json\/wp\/v2\/product_brand?post=1813"},{"taxonomy":"product_cat","embeddable":true,"href":"https:\/\/anmir.com.cn\/tr\/wp-json\/wp\/v2\/product_cat?post=1813"},{"taxonomy":"product_tag","embeddable":true,"href":"https:\/\/anmir.com.cn\/tr\/wp-json\/wp\/v2\/product_tag?post=1813"}],"curies":[{"name":"wp","href":"https:\/\/api.w.org\/{rel}","templated":true}]}}