{"id":1815,"date":"2024-11-08T16:43:51","date_gmt":"2024-11-08T16:43:51","guid":{"rendered":"https:\/\/anmir.com.cn\/?post_type=product&#038;p=1815"},"modified":"2025-02-25T18:45:50","modified_gmt":"2025-02-26T01:45:50","slug":"cgm511","status":"publish","type":"product","link":"https:\/\/anmir.com.cn\/tr\/products\/01-coffee-maker-coffee-bean-grinder\/cgm511\/","title":{"rendered":"CGM511"},"content":{"rendered":"<table style=\"border-collapse: collapse; width: 573.02pt;\" border=\"0\" width=\"764\" cellspacing=\"0\" cellpadding=\"0\">\n<tbody>\n<tr style=\"height: 150.00pt;\">\n<td class=\"et3\" style=\"height: 150.00pt; width: 573.00pt;\" width=\"764\" height=\"200\">\n<h6>Model NO.:CGM511<\/h6>\n<h6>220-240V~50\/60Hz 900W<\/h6>\n<p>\u00b73&#039;\u00fc 1 arada \u00f6zelli\u011fi, Kahve \u00d6\u011f\u00fctme ve \u00d6\u011f\u00fct\u00fclm\u00fc\u015f kahve ve Kcup kaps\u00fcl kahve makinesi.<br \/>\n\u00b7 B\u00fcy\u00fck yumu\u015fak dokunmatik ekran. Hafif, orta, koyu kahve tozu ayarlama ayarlar\u0131\/zaman ayar\u0131\/Kahve hacmi ayar\u0131.<br \/>\n\u00b7Su tank\u0131 1500ml,\u00c7\u0131kar\u0131labilir su tank\u0131.<br \/>\n\u00b7 Termostatl\u0131 a\u015f\u0131r\u0131 \u0131s\u0131nma emniyeti ve \u00e7ift sigorta.<br \/>\n\u00b7\u00c7\u0131kar\u0131labilir \u00f6\u011f\u00fctme kutusu.<br \/>\n\u00b7Kahve s\u0131cakl\u0131\u011f\u0131 75 ila 85\u2103 aras\u0131ndad\u0131r<br \/>\n\u00b7Otomatik kapanma korumas\u0131.<br \/>\n\u00b7\u00dcr\u00fcn \u00f6l\u00e7\u00fcs\u00fc: 293x168x303mm.<br \/>\n\u00b7\u00dcst kapak a\u00e7\u0131ld\u0131\u011f\u0131nda mikro anahtar korumas\u0131.<br \/>\n\u00b7\u00dcst ve alt k\u0131s\u0131mda SS s\u00fcslemesi.<br \/>\n\u00b7Hemen kahve haz\u0131rl\u0131yoruz, beklemeye gerek yok.<br \/>\n\u00b7 Demleme s\u0131ras\u0131nda filtrenin d\u00f6nmesiyle daha sert bir kahve elde edilir, b\u00f6ylece su daha iyi s\u00fcz\u00fcl\u00fcr.<br \/>\nKahve tozunu iyice kar\u0131\u015ft\u0131r\u0131n.<\/td>\n<\/tr>\n<\/tbody>\n<\/table>","protected":false},"excerpt":{"rendered":"<p>Model NO.:CGM511 220-240V~50\/60Hz 900W \u00b73in1 feature,Coffee Grinding and Ground coffee and Kcup capsule coffee maker. \u00b7Big soft touch display.light , middle , strong coffee powder adjustment settings\/time adjustment\/Coffee volumm setting. \u00b7Water tank 1500ml ,Removable water tank. \u00b7Overheating safety protection with thermosta plus double fuse. \u00b7Removable grinding box. \u00b7Coffee temperature between 75 to 85\u2103 \u00b7Auto shut [&hellip;]<\/p>\n","protected":false},"featured_media":1816,"template":"","meta":{"_uag_custom_page_level_css":"","site-sidebar-layout":"default","site-content-layout":"","ast-site-content-layout":"default","site-content-style":"default","site-sidebar-style":"default","ast-global-header-display":"","ast-banner-title-visibility":"","ast-main-header-display":"","ast-hfb-above-header-display":"","ast-hfb-below-header-display":"","ast-hfb-mobile-header-display":"","site-post-title":"","ast-breadcrumbs-content":"","ast-featured-img":"","footer-sml-layout":"","ast-disable-related-posts":"","theme-transparent-header-meta":"default","adv-header-id-meta":"","stick-header-meta":"","header-above-stick-meta":"","header-main-stick-meta":"","header-below-stick-meta":"","astra-migrate-meta-layouts":"set","ast-page-background-enabled":"default","ast-page-background-meta":{"desktop":{"background-color":"","background-image":"","background-repeat":"repeat","background-position":"center center","background-size":"auto","background-attachment":"scroll","background-type":"","background-media":"","overlay-type":"","overlay-color":"","overlay-opacity":"","overlay-gradient":""},"tablet":{"background-color":"","background-image":"","background-repeat":"repeat","background-position":"center center","background-size":"auto","background-attachment":"scroll","background-type":"","background-media":"","overlay-type":"","overlay-color":"","overlay-opacity":"","overlay-gradient":""},"mobile":{"background-color":"","background-image":"","background-repeat":"repeat","background-position":"center center","background-size":"auto","background-attachment":"scroll","background-type":"","background-media":"","overlay-type":"","overlay-color":"","overlay-opacity":"","overlay-gradient":""}},"ast-content-background-meta":{"desktop":{"background-color":"var(--ast-global-color-5)","background-image":"","background-repeat":"repeat","background-position":"center center","background-size":"auto","background-attachment":"scroll","background-type":"","background-media":"","overlay-type":"","overlay-color":"","overlay-opacity":"","overlay-gradient":""},"tablet":{"background-color":"var(--ast-global-color-5)","background-image":"","background-repeat":"repeat","background-position":"center center","background-size":"auto","background-attachment":"scroll","background-type":"","background-media":"","overlay-type":"","overlay-color":"","overlay-opacity":"","overlay-gradient":""},"mobile":{"background-color":"var(--ast-global-color-5)","background-image":"","background-repeat":"repeat","background-position":"center center","background-size":"auto","background-attachment":"scroll","background-type":"","background-media":"","overlay-type":"","overlay-color":"","overlay-opacity":"","overlay-gradient":""}}},"product_brand":[],"product_cat":[29],"product_tag":[171],"class_list":{"0":"post-1815","1":"product","2":"type-product","3":"status-publish","4":"has-post-thumbnail","6":"product_cat-01-coffee-maker-coffee-bean-grinder","7":"product_tag-anmir-cgm511-coffee-maker-coffee-bean-grinder","8":"desktop-align-left","9":"tablet-align-left","10":"mobile-align-left","11":"ast-product-gallery-layout-horizontal-slider","12":"ast-product-gallery-with-no-image","13":"ast-product-tabs-layout-vertical","14":"ast-qv-on-image","16":"first","17":"instock","18":"shipping-taxable","19":"product-type-simple"},"uagb_featured_image_src":{"full":["https:\/\/anmir.com.cn\/wp-content\/uploads\/2024\/11\/CGM511.jpg",800,800,false],"thumbnail":["https:\/\/anmir.com.cn\/wp-content\/uploads\/2024\/11\/CGM511-150x150.jpg",150,150,true],"medium":["https:\/\/anmir.com.cn\/wp-content\/uploads\/2024\/11\/CGM511-300x300.jpg",300,300,true],"medium_large":["https:\/\/anmir.com.cn\/wp-content\/uploads\/2024\/11\/CGM511-768x768.jpg",768,768,true],"large":["https:\/\/anmir.com.cn\/wp-content\/uploads\/2024\/11\/CGM511.jpg",800,800,false],"1536x1536":["https:\/\/anmir.com.cn\/wp-content\/uploads\/2024\/11\/CGM511.jpg",800,800,false],"2048x2048":["https:\/\/anmir.com.cn\/wp-content\/uploads\/2024\/11\/CGM511.jpg",800,800,false],"trp-custom-language-flag":["https:\/\/anmir.com.cn\/wp-content\/uploads\/2024\/11\/CGM511.jpg",12,12,false],"woocommerce_thumbnail":["https:\/\/anmir.com.cn\/wp-content\/uploads\/2024\/11\/CGM511-300x300.jpg",300,300,true],"woocommerce_single":["https:\/\/anmir.com.cn\/wp-content\/uploads\/2024\/11\/CGM511-600x600.jpg",600,600,true],"woocommerce_gallery_thumbnail":["https:\/\/anmir.com.cn\/wp-content\/uploads\/2024\/11\/CGM511-100x100.jpg",100,100,true]},"uagb_author_info":{"display_name":"daniel@anmir.com.cn","author_link":"https:\/\/anmir.com.cn\/tr\/author\/"},"uagb_comment_info":0,"uagb_excerpt":"Model NO.:CGM511 220-240V~50\/60Hz 900W \u00b73in1 feature,Coffee Grinding and Ground coffee and Kcup capsule coffee maker. \u00b7Big soft touch display.light , middle , strong coffee powder adjustment settings\/time adjustment\/Coffee volumm setting. \u00b7Water tank 1500ml ,Removable water tank. \u00b7Overheating safety protection with thermosta plus double fuse. \u00b7Removable grinding box. \u00b7Coffee temperature between 75 to 85\u2103 \u00b7Auto shut&hellip;","_links":{"self":[{"href":"https:\/\/anmir.com.cn\/tr\/wp-json\/wp\/v2\/product\/1815","targetHints":{"allow":["GET"]}}],"collection":[{"href":"https:\/\/anmir.com.cn\/tr\/wp-json\/wp\/v2\/product"}],"about":[{"href":"https:\/\/anmir.com.cn\/tr\/wp-json\/wp\/v2\/types\/product"}],"wp:featuredmedia":[{"embeddable":true,"href":"https:\/\/anmir.com.cn\/tr\/wp-json\/wp\/v2\/media\/1816"}],"wp:attachment":[{"href":"https:\/\/anmir.com.cn\/tr\/wp-json\/wp\/v2\/media?parent=1815"}],"wp:term":[{"taxonomy":"product_brand","embeddable":true,"href":"https:\/\/anmir.com.cn\/tr\/wp-json\/wp\/v2\/product_brand?post=1815"},{"taxonomy":"product_cat","embeddable":true,"href":"https:\/\/anmir.com.cn\/tr\/wp-json\/wp\/v2\/product_cat?post=1815"},{"taxonomy":"product_tag","embeddable":true,"href":"https:\/\/anmir.com.cn\/tr\/wp-json\/wp\/v2\/product_tag?post=1815"}],"curies":[{"name":"wp","href":"https:\/\/api.w.org\/{rel}","templated":true}]}}