{"id":1817,"date":"2024-11-08T16:44:18","date_gmt":"2024-11-08T16:44:18","guid":{"rendered":"https:\/\/anmir.com.cn\/?post_type=product&#038;p=1817"},"modified":"2025-02-25T18:45:50","modified_gmt":"2025-02-26T01:45:50","slug":"cgm503","status":"publish","type":"product","link":"https:\/\/anmir.com.cn\/tr\/products\/01-coffee-maker-coffee-bean-grinder\/cgm503\/","title":{"rendered":"CGM503"},"content":{"rendered":"<table style=\"border-collapse: collapse; width: 573.02pt;\" border=\"0\" width=\"764\" cellspacing=\"0\" cellpadding=\"0\">\n<tbody>\n<tr style=\"height: 150.00pt;\">\n<td class=\"et3\" style=\"height: 150.00pt; width: 573.00pt;\" width=\"764\" height=\"200\">\n<h6>Model NO.:CGM503<\/h6>\n<h6>220-240V~50\/60Hz 900W<\/h6>\n<p>\u00b7\u00c7ekirdek ve \u00e7ekilmi\u015f kahve ile \u00e7ift fonksiyonlu damlama kahve makinesi.<br \/>\n\u00b7Kahve \u00f6\u011f\u00fctme fonksiyonu ile.<br \/>\n\u00b7IMD dokunmatik kontrol paneli ekran\u0131 \u00e7ok fonksiyonludur: fasulye tozu ayar\u0131, fincan miktar\u0131 se\u00e7imi, zaman ayar\u0131 ve s\u0131cakl\u0131k ayar\u0131.<br \/>\n\u00b7Tank kapasitesi: 800ml, kahve kavanozu kapasitesi: 750ml.<br \/>\n\u00b7\u00c7ift sigorta korumas\u0131 ile kahve s\u0131cakl\u0131\u011f\u0131 75~85\u2103.<br \/>\n\u00b7Motor devri 23000 d\/dk&#039;d\u0131r.<br \/>\n\u00b7U \u015feklinde al\u00fcminyum \u0131s\u0131tma kontrol\u00fc \u0131s\u0131tma.<br \/>\n\u00b7Otomatik kapanma fonksiyonuna sahiptir.<br \/>\n\u00b7G\u00fc\u00e7 kablosu saklama fonksiyonu ile.<\/td>\n<\/tr>\n<\/tbody>\n<\/table>","protected":false},"excerpt":{"rendered":"<p>Model NO.:CGM503 220-240V~50\/60Hz 900W \u00b7Double function drip coffee maker with ground beans and ground coffee. \u00b7With coffee grinding function. \u00b7IMD touch control panel display multi funcitons:bean powder adjustment,cup quantity selection,time setting and temperature setting. \u00b7Tank capacity:800ml,coffee jar capacity:750ml. \u00b7With double Fuse protection,coffee temperature 75~85\u2103. \u00b7Motor speed is 23000rpm. \u00b7U-shaped aluminum heating control heating. \u00b7With automatic [&hellip;]<\/p>\n","protected":false},"featured_media":1818,"template":"","meta":{"_uag_custom_page_level_css":"","site-sidebar-layout":"default","site-content-layout":"","ast-site-content-layout":"default","site-content-style":"default","site-sidebar-style":"default","ast-global-header-display":"","ast-banner-title-visibility":"","ast-main-header-display":"","ast-hfb-above-header-display":"","ast-hfb-below-header-display":"","ast-hfb-mobile-header-display":"","site-post-title":"","ast-breadcrumbs-content":"","ast-featured-img":"","footer-sml-layout":"","ast-disable-related-posts":"","theme-transparent-header-meta":"default","adv-header-id-meta":"","stick-header-meta":"","header-above-stick-meta":"","header-main-stick-meta":"","header-below-stick-meta":"","astra-migrate-meta-layouts":"set","ast-page-background-enabled":"default","ast-page-background-meta":{"desktop":{"background-color":"","background-image":"","background-repeat":"repeat","background-position":"center center","background-size":"auto","background-attachment":"scroll","background-type":"","background-media":"","overlay-type":"","overlay-color":"","overlay-opacity":"","overlay-gradient":""},"tablet":{"background-color":"","background-image":"","background-repeat":"repeat","background-position":"center center","background-size":"auto","background-attachment":"scroll","background-type":"","background-media":"","overlay-type":"","overlay-color":"","overlay-opacity":"","overlay-gradient":""},"mobile":{"background-color":"","background-image":"","background-repeat":"repeat","background-position":"center center","background-size":"auto","background-attachment":"scroll","background-type":"","background-media":"","overlay-type":"","overlay-color":"","overlay-opacity":"","overlay-gradient":""}},"ast-content-background-meta":{"desktop":{"background-color":"var(--ast-global-color-5)","background-image":"","background-repeat":"repeat","background-position":"center center","background-size":"auto","background-attachment":"scroll","background-type":"","background-media":"","overlay-type":"","overlay-color":"","overlay-opacity":"","overlay-gradient":""},"tablet":{"background-color":"var(--ast-global-color-5)","background-image":"","background-repeat":"repeat","background-position":"center center","background-size":"auto","background-attachment":"scroll","background-type":"","background-media":"","overlay-type":"","overlay-color":"","overlay-opacity":"","overlay-gradient":""},"mobile":{"background-color":"var(--ast-global-color-5)","background-image":"","background-repeat":"repeat","background-position":"center center","background-size":"auto","background-attachment":"scroll","background-type":"","background-media":"","overlay-type":"","overlay-color":"","overlay-opacity":"","overlay-gradient":""}}},"product_brand":[],"product_cat":[29],"product_tag":[170],"class_list":{"0":"post-1817","1":"product","2":"type-product","3":"status-publish","4":"has-post-thumbnail","6":"product_cat-01-coffee-maker-coffee-bean-grinder","7":"product_tag-anmir-cgm503-coffee-maker-coffee-bean-grinder","8":"desktop-align-left","9":"tablet-align-left","10":"mobile-align-left","11":"ast-product-gallery-layout-horizontal-slider","12":"ast-product-gallery-with-no-image","13":"ast-product-tabs-layout-vertical","14":"ast-qv-on-image","16":"first","17":"instock","18":"shipping-taxable","19":"product-type-simple"},"uagb_featured_image_src":{"full":["https:\/\/anmir.com.cn\/wp-content\/uploads\/2024\/11\/CGM503.jpg",800,800,false],"thumbnail":["https:\/\/anmir.com.cn\/wp-content\/uploads\/2024\/11\/CGM503-150x150.jpg",150,150,true],"medium":["https:\/\/anmir.com.cn\/wp-content\/uploads\/2024\/11\/CGM503-300x300.jpg",300,300,true],"medium_large":["https:\/\/anmir.com.cn\/wp-content\/uploads\/2024\/11\/CGM503-768x768.jpg",768,768,true],"large":["https:\/\/anmir.com.cn\/wp-content\/uploads\/2024\/11\/CGM503.jpg",800,800,false],"1536x1536":["https:\/\/anmir.com.cn\/wp-content\/uploads\/2024\/11\/CGM503.jpg",800,800,false],"2048x2048":["https:\/\/anmir.com.cn\/wp-content\/uploads\/2024\/11\/CGM503.jpg",800,800,false],"trp-custom-language-flag":["https:\/\/anmir.com.cn\/wp-content\/uploads\/2024\/11\/CGM503.jpg",12,12,false],"woocommerce_thumbnail":["https:\/\/anmir.com.cn\/wp-content\/uploads\/2024\/11\/CGM503-300x300.jpg",300,300,true],"woocommerce_single":["https:\/\/anmir.com.cn\/wp-content\/uploads\/2024\/11\/CGM503-600x600.jpg",600,600,true],"woocommerce_gallery_thumbnail":["https:\/\/anmir.com.cn\/wp-content\/uploads\/2024\/11\/CGM503-100x100.jpg",100,100,true]},"uagb_author_info":{"display_name":"daniel@anmir.com.cn","author_link":"https:\/\/anmir.com.cn\/tr\/author\/"},"uagb_comment_info":0,"uagb_excerpt":"Model NO.:CGM503 220-240V~50\/60Hz 900W \u00b7Double function drip coffee maker with ground beans and ground coffee. \u00b7With coffee grinding function. \u00b7IMD touch control panel display multi funcitons:bean powder adjustment,cup quantity selection,time setting and temperature setting. \u00b7Tank capacity:800ml,coffee jar capacity:750ml. \u00b7With double Fuse protection,coffee temperature 75~85\u2103. \u00b7Motor speed is 23000rpm. \u00b7U-shaped aluminum heating control heating. \u00b7With automatic&hellip;","_links":{"self":[{"href":"https:\/\/anmir.com.cn\/tr\/wp-json\/wp\/v2\/product\/1817","targetHints":{"allow":["GET"]}}],"collection":[{"href":"https:\/\/anmir.com.cn\/tr\/wp-json\/wp\/v2\/product"}],"about":[{"href":"https:\/\/anmir.com.cn\/tr\/wp-json\/wp\/v2\/types\/product"}],"wp:featuredmedia":[{"embeddable":true,"href":"https:\/\/anmir.com.cn\/tr\/wp-json\/wp\/v2\/media\/1818"}],"wp:attachment":[{"href":"https:\/\/anmir.com.cn\/tr\/wp-json\/wp\/v2\/media?parent=1817"}],"wp:term":[{"taxonomy":"product_brand","embeddable":true,"href":"https:\/\/anmir.com.cn\/tr\/wp-json\/wp\/v2\/product_brand?post=1817"},{"taxonomy":"product_cat","embeddable":true,"href":"https:\/\/anmir.com.cn\/tr\/wp-json\/wp\/v2\/product_cat?post=1817"},{"taxonomy":"product_tag","embeddable":true,"href":"https:\/\/anmir.com.cn\/tr\/wp-json\/wp\/v2\/product_tag?post=1817"}],"curies":[{"name":"wp","href":"https:\/\/api.w.org\/{rel}","templated":true}]}}