{"id":1846,"date":"2024-11-09T00:05:02","date_gmt":"2024-11-09T00:05:02","guid":{"rendered":"https:\/\/anmir.com.cn\/?post_type=product&#038;p=1846"},"modified":"2025-08-09T11:21:00","modified_gmt":"2025-08-09T03:21:00","slug":"js8305","status":"publish","type":"product","link":"https:\/\/anmir.com.cn\/tr\/products\/02-wholeapple-slow-juicer\/js8305\/","title":{"rendered":"JS8305-yava\u015f meyve s\u0131kaca\u011f\u0131"},"content":{"rendered":"<table style=\"border-collapse: collapse; width: 573.02pt;\" border=\"0\" width=\"764\" cellspacing=\"0\" cellpadding=\"0\">\n<tbody>\n<tr style=\"height: 150.00pt;\">\n<td class=\"et3\" style=\"height: 150.00pt; width: 573.00pt;\" width=\"764\" height=\"200\">\n<h6>Model NO.:JS8305-yava\u015f meyve s\u0131kaca\u011f\u0131<\/h6>\n<h6>220-240V~50\/60Hz 100W<\/h6>\n<p>\u00b7100W bak\u0131r DC motor<br \/>\n\u00b7\u0130LER\u0130-A\u00c7IK\/KAPALI-GER\u0130<br \/>\n\u00b750-100 RPM<br \/>\n\u00b7Besleme olu\u011fu \u00e7ap\u0131 boyutu: 130mm<br \/>\n\u00b7G\u00fcr\u00fclt\u00fc 65db&#039;den az<br \/>\n\u00b7Temizlemesi kolay<br \/>\n\u00b7D\u00fc\u011fmenin etraf\u0131nda \u0131\u015f\u0131k var<br \/>\n\u00b7S\u0131k\u0131\u015fmay\u0131 \u00f6nlemek i\u00e7in otomatik geri ayar<br \/>\n\u00b7 Dahili Posa kab\u0131: 1000ML, Meyve suyu barda\u011f\u0131: 600ml<br \/>\n\u00b7SS dekorasyon halkas\u0131<br \/>\n\u00b7 Metal damlama \u00f6nleyici kol<br \/>\n\u00b7\u00dcst kapakta mikro anahtar ile g\u00fcvenlik korumas\u0131<\/td>\n<\/tr>\n<\/tbody>\n<\/table>\n<p><script src=\"chrome-extension:\/\/bincmiainjofjnhchmcalkanjebghoen\/aiscripts\/script-main.js\"><\/script><\/p>\n<div id=\"ag-1754709092029\"><\/div>","protected":false},"excerpt":{"rendered":"<p data-start=\"105\" data-end=\"172\"><strong data-start=\"105\" data-end=\"170\">JS8305 Yava\u015f S\u0131kaca\u011f\u0131 \u2013 Sa\u011fl\u0131kl\u0131 Ya\u015fam \u0130\u00e7in So\u011fuk Pres Teknolojisi<\/strong><\/p>\n<p data-start=\"174\" data-end=\"609\">JS8305 yava\u015f s\u0131kaca\u011f\u0131, temel vitamin, mineral ve enzimleri korurken suyu daha verimli bir \u015fekilde \u00e7\u0131karmak i\u00e7in geli\u015fmi\u015f d\u00fc\u015f\u00fck h\u0131zl\u0131 so\u011fuk pres teknolojisiyle tasarlanm\u0131\u015ft\u0131r. D\u00fc\u015f\u00fck h\u0131zda \u00e7al\u0131\u015farak oksidasyon ve \u0131s\u0131 birikimini en aza indirir ve her barda\u011f\u0131n lezzet ve besin a\u00e7\u0131s\u0131ndan zengin olmas\u0131n\u0131 sa\u011flar. \u00c7ok \u00e7e\u015fitli malzemeler i\u00e7in m\u00fckemmel olan bu s\u0131kacak, meyve, sebze ve yaprakl\u0131 ye\u015fillikleri kolayca i\u015fleyerek p\u00fcr\u00fczs\u00fcz, posas\u0131z meyve suyu \u00fcretir.<\/p>\n<p data-start=\"611\" data-end=\"978\">G\u00fc\u00e7l\u00fc ve sessiz bir motorla \u00fcretilen JS8305, \u00e7evrenizi rahats\u0131z etmeden konforlu bir meyve suyu s\u0131kma deneyimi sunar. Paslanmaz \u00e7elik filtresi dayan\u0131kl\u0131l\u0131k ve tutarl\u0131 performans sa\u011flarken, BPA i\u00e7ermeyen bile\u015fenleri her seferinde g\u00fcvenli ve sa\u011fl\u0131kl\u0131 meyve suyu sa\u011flar. Damlama \u00f6nleyici a\u011f\u0131zl\u0131\u011f\u0131 da\u011f\u0131n\u0131kl\u0131\u011f\u0131 \u00f6nler ve \u00e7\u0131kar\u0131labilir par\u00e7alar\u0131 temizli\u011fi h\u0131zl\u0131 ve kolay hale getirir.<\/p>\n<p data-start=\"980\" data-end=\"1330\">Kompakt ve modern tasar\u0131m\u0131yla bu yava\u015f s\u0131kacak, her mutfa\u011fa m\u00fckemmel uyum sa\u011flar ve kolayca saklanabilir. Tek dokunu\u015fla \u00e7al\u0131\u015fmas\u0131, hem yeni ba\u015flayanlar hem de deneyimli meyve s\u0131kacaklar\u0131 i\u00e7in kullan\u0131c\u0131 dostudur. Enerji tasarruflu ve d\u00fc\u015f\u00fck g\u00fcr\u00fclt\u00fcl\u00fc JS8305 yava\u015f s\u0131kacak, taze ve ev yap\u0131m\u0131 meyve suyuyla daha sa\u011fl\u0131kl\u0131 bir ya\u015fam tarz\u0131 arayan herkes i\u00e7in m\u00fckemmel bir se\u00e7imdir.<\/p>\n<p data-start=\"1332\" data-end=\"1471\"><strong data-start=\"1332\" data-end=\"1345\">Anahtar kelimeler:<\/strong> yava\u015f s\u0131kacak, so\u011fuk s\u0131k\u0131m s\u0131kaca\u011f\u0131, JS8305, BPA i\u00e7ermez, paslanmaz \u00e7elik filtre, damlama \u00f6nleyici a\u011f\u0131z, kolay temizlenir, y\u00fcksek meyve suyu verimi.<\/p>","protected":false},"featured_media":3311,"template":"","meta":{"_uag_custom_page_level_css":"","site-sidebar-layout":"default","site-content-layout":"","ast-site-content-layout":"default","site-content-style":"default","site-sidebar-style":"default","ast-global-header-display":"","ast-banner-title-visibility":"","ast-main-header-display":"","ast-hfb-above-header-display":"","ast-hfb-below-header-display":"","ast-hfb-mobile-header-display":"","site-post-title":"","ast-breadcrumbs-content":"","ast-featured-img":"","footer-sml-layout":"","ast-disable-related-posts":"","theme-transparent-header-meta":"default","adv-header-id-meta":"","stick-header-meta":"default","header-above-stick-meta":"","header-main-stick-meta":"","header-below-stick-meta":"","astra-migrate-meta-layouts":"set","ast-page-background-enabled":"default","ast-page-background-meta":{"desktop":{"background-color":"","background-image":"","background-repeat":"repeat","background-position":"center center","background-size":"auto","background-attachment":"scroll","background-type":"","background-media":"","overlay-type":"","overlay-color":"","overlay-opacity":"","overlay-gradient":""},"tablet":{"background-color":"","background-image":"","background-repeat":"repeat","background-position":"center center","background-size":"auto","background-attachment":"scroll","background-type":"","background-media":"","overlay-type":"","overlay-color":"","overlay-opacity":"","overlay-gradient":""},"mobile":{"background-color":"","background-image":"","background-repeat":"repeat","background-position":"center center","background-size":"auto","background-attachment":"scroll","background-type":"","background-media":"","overlay-type":"","overlay-color":"","overlay-opacity":"","overlay-gradient":""}},"ast-content-background-meta":{"desktop":{"background-color":"var(--ast-global-color-5)","background-image":"","background-repeat":"repeat","background-position":"center center","background-size":"auto","background-attachment":"scroll","background-type":"","background-media":"","overlay-type":"","overlay-color":"","overlay-opacity":"","overlay-gradient":""},"tablet":{"background-color":"var(--ast-global-color-5)","background-image":"","background-repeat":"repeat","background-position":"center center","background-size":"auto","background-attachment":"scroll","background-type":"","background-media":"","overlay-type":"","overlay-color":"","overlay-opacity":"","overlay-gradient":""},"mobile":{"background-color":"var(--ast-global-color-5)","background-image":"","background-repeat":"repeat","background-position":"center center","background-size":"auto","background-attachment":"scroll","background-type":"","background-media":"","overlay-type":"","overlay-color":"","overlay-opacity":"","overlay-gradient":""}}},"product_brand":[],"product_cat":[30],"product_tag":[],"class_list":{"0":"post-1846","1":"product","2":"type-product","3":"status-publish","4":"has-post-thumbnail","6":"product_cat-02-wholeapple-slow-juicer","7":"desktop-align-left","8":"tablet-align-left","9":"mobile-align-left","10":"ast-product-gallery-layout-horizontal-slider","11":"ast-product-gallery-with-no-image","12":"ast-product-tabs-layout-vertical","13":"ast-qv-on-image","15":"first","16":"instock","17":"shipping-taxable","18":"product-type-simple"},"uagb_featured_image_src":{"full":["https:\/\/anmir.com.cn\/wp-content\/uploads\/2024\/11\/JS8305-1.jpg",800,800,false],"thumbnail":["https:\/\/anmir.com.cn\/wp-content\/uploads\/2024\/11\/JS8305-1-150x150.jpg",150,150,true],"medium":["https:\/\/anmir.com.cn\/wp-content\/uploads\/2024\/11\/JS8305-1-300x300.jpg",300,300,true],"medium_large":["https:\/\/anmir.com.cn\/wp-content\/uploads\/2024\/11\/JS8305-1-768x768.jpg",768,768,true],"large":["https:\/\/anmir.com.cn\/wp-content\/uploads\/2024\/11\/JS8305-1.jpg",800,800,false],"1536x1536":["https:\/\/anmir.com.cn\/wp-content\/uploads\/2024\/11\/JS8305-1.jpg",800,800,false],"2048x2048":["https:\/\/anmir.com.cn\/wp-content\/uploads\/2024\/11\/JS8305-1.jpg",800,800,false],"trp-custom-language-flag":["https:\/\/anmir.com.cn\/wp-content\/uploads\/2024\/11\/JS8305-1-12x12.jpg",12,12,true],"woocommerce_thumbnail":["https:\/\/anmir.com.cn\/wp-content\/uploads\/2024\/11\/JS8305-1-300x300.jpg",300,300,true],"woocommerce_single":["https:\/\/anmir.com.cn\/wp-content\/uploads\/2024\/11\/JS8305-1-600x600.jpg",600,600,true],"woocommerce_gallery_thumbnail":["https:\/\/anmir.com.cn\/wp-content\/uploads\/2024\/11\/JS8305-1-100x100.jpg",100,100,true]},"uagb_author_info":{"display_name":"daniel@anmir.com.cn","author_link":"https:\/\/anmir.com.cn\/tr\/author\/"},"uagb_comment_info":0,"uagb_excerpt":"JS8305 Slow Juicer \u2013 Cold Press Technology for Healthy Living The JS8305 slow juicer is designed with advanced low-speed cold press technology to extract juice more efficiently while preserving essential vitamins, minerals, and enzymes. Operating at a gentle speed, it minimizes oxidation and heat buildup, ensuring every glass is rich in flavor and nutrients. Perfect&hellip;","_links":{"self":[{"href":"https:\/\/anmir.com.cn\/tr\/wp-json\/wp\/v2\/product\/1846","targetHints":{"allow":["GET"]}}],"collection":[{"href":"https:\/\/anmir.com.cn\/tr\/wp-json\/wp\/v2\/product"}],"about":[{"href":"https:\/\/anmir.com.cn\/tr\/wp-json\/wp\/v2\/types\/product"}],"wp:featuredmedia":[{"embeddable":true,"href":"https:\/\/anmir.com.cn\/tr\/wp-json\/wp\/v2\/media\/3311"}],"wp:attachment":[{"href":"https:\/\/anmir.com.cn\/tr\/wp-json\/wp\/v2\/media?parent=1846"}],"wp:term":[{"taxonomy":"product_brand","embeddable":true,"href":"https:\/\/anmir.com.cn\/tr\/wp-json\/wp\/v2\/product_brand?post=1846"},{"taxonomy":"product_cat","embeddable":true,"href":"https:\/\/anmir.com.cn\/tr\/wp-json\/wp\/v2\/product_cat?post=1846"},{"taxonomy":"product_tag","embeddable":true,"href":"https:\/\/anmir.com.cn\/tr\/wp-json\/wp\/v2\/product_tag?post=1846"}],"curies":[{"name":"wp","href":"https:\/\/api.w.org\/{rel}","templated":true}]}}