{"id":1850,"date":"2024-11-09T00:08:27","date_gmt":"2024-11-09T00:08:27","guid":{"rendered":"https:\/\/anmir.com.cn\/?post_type=product&#038;p=1850"},"modified":"2025-08-12T08:21:06","modified_gmt":"2025-08-12T00:21:06","slug":"amr8801","status":"publish","type":"product","link":"https:\/\/anmir.com.cn\/tr\/products\/03-normal-slow-juicer\/amr8801\/","title":{"rendered":"AMR8801-S\u0131k\u0131\u015ft\u0131r\u0131c\u0131 Meyve S\u0131kaca\u011f\u0131"},"content":{"rendered":"<table width=\"764\">\n<tbody>\n<tr>\n<td width=\"764\">\n<h6>Model NO.:AMR8801-\u00c7i\u011fneme S\u0131kaca\u011f\u0131<\/h6>\n<h6>220-240V~50\/60Hz 120W<\/h6>\n<p>\u00b7 Meyve suyunun besin de\u011ferini korumak i\u00e7in yava\u015f h\u0131zl\u0131 vidal\u0131 tip<br \/>\n\u00b7M\u00fckemmel test ve tazelikle oksidasyonu azalt\u0131n<br \/>\n\u00b7Uzun s\u00fcreli s\u00fcrekli \u00e7al\u0131\u015fma s\u00fcresine (10dk) sahip DC motor<br \/>\n\u00b7S\u0131k\u0131\u015fmay\u0131 \u00f6nlemek i\u00e7in ters fonksiyon<br \/>\n\u00b7Y\u00fcksek meyve suyu \u00e7\u0131karma oran\u0131<br \/>\n\u00b7 65db&#039;den d\u00fc\u015f\u00fck d\u00fc\u015f\u00fck g\u00fcr\u00fclt\u00fc seviyesi, daha d\u00fc\u015f\u00fck titre\u015fim<br \/>\n\u00b7Her t\u00fcrl\u00fc meyve ve sebze i\u00e7in k\u00fc\u00e7\u00fck delikli paslanmaz \u00e7elik s\u00fczge\u00e7.\u0130ki kap i\u00e7eren b\u00fcy\u00fck besleme borusu.<br \/>\n\u00b7G\u00fcvenlik korumas\u0131<br \/>\n\u00b7Par\u00e7alar\u0131 temizlemek i\u00e7in kolayca \u00e7\u0131kar\u0131n<br \/>\nY\u00dcK M\u0130KTARI:20DC:700 adet 40DC:1400 adet 40HQ:1700 adet<\/td>\n<\/tr>\n<\/tbody>\n<\/table>\n<div id=\"ag-1754957981590\"><\/div>","protected":false},"excerpt":{"rendered":"<p data-start=\"200\" data-end=\"290\"><strong data-start=\"200\" data-end=\"243\">Model NO.: AMR8801 \u2013 \u00c7i\u011fneme S\u0131kaca\u011f\u0131<\/strong><br data-start=\"243\" data-end=\"246\" \/><strong data-start=\"246\" data-end=\"264\">\u00d6zellikler:<\/strong> 220\u2013240V~ 50\/60Hz, 120W<\/p>\n<p data-start=\"292\" data-end=\"646\">AMR8801 S\u0131k\u0131\u015ft\u0131r\u0131c\u0131 Meyve S\u0131kaca\u011f\u0131, maksimum besin de\u011feriyle en saf meyve suyunun tad\u0131n\u0131 \u00e7\u0131karmak isteyen, sa\u011fl\u0131k bilincine sahip kullan\u0131c\u0131lar i\u00e7in tasarlanm\u0131\u015ft\u0131r. <strong data-start=\"429\" data-end=\"459\">yava\u015f h\u0131zl\u0131 vida mekanizmas\u0131<\/strong>, vitaminleri, mineralleri ve do\u011fal lezzeti korumak i\u00e7in meyve ve sebzeleri nazik\u00e7e s\u0131kar. D\u00fc\u015f\u00fck h\u0131zl\u0131 s\u0131kma \u00f6zelli\u011fi <strong data-start=\"579\" data-end=\"600\">oksidasyonu azalt\u0131r<\/strong>Her fincanda taze ve zengin bir tat sa\u011flar.<\/p>\n<p data-start=\"648\" data-end=\"956\">Dayan\u0131kl\u0131 bir g\u00fc\u00e7le \u00e7al\u0131\u015f\u0131r <strong data-start=\"669\" data-end=\"681\">DC motor<\/strong>Bu meyve s\u0131kaca\u011f\u0131 \u015funlar\u0131 sunar: <strong data-start=\"702\" data-end=\"746\">10 dakikaya kadar s\u00fcrekli \u00e7al\u0131\u015fma s\u00fcresi<\/strong> ve bir <strong data-start=\"762\" data-end=\"782\">ters fonksiyon<\/strong> t\u0131kanmay\u0131 \u00f6nlemek i\u00e7in. <strong data-start=\"808\" data-end=\"828\">y\u00fcksek meyve suyu verimi<\/strong> \u00fcr\u00fcnlerinizden en iyi \u015fekilde yararlanman\u0131z\u0131 sa\u011flarken, <strong data-start=\"885\" data-end=\"915\">65 dB&#039;nin alt\u0131nda d\u00fc\u015f\u00fck g\u00fcr\u00fclt\u00fc seviyesi<\/strong> \u00c7al\u0131\u015fmay\u0131 sessiz ve konforlu tutar.<\/p>\n<p data-start=\"958\" data-end=\"1357\">Bir ile donat\u0131lm\u0131\u015f <strong data-start=\"974\" data-end=\"1002\">paslanmaz \u00e7elik s\u00fczge\u00e7<\/strong> \u0130nce delikli AMR8801, her t\u00fcrl\u00fc meyve ve sebze i\u00e7in uygundur. <strong data-start=\"1088\" data-end=\"1110\">b\u00fcy\u00fck beslenme t\u00fcp\u00fc<\/strong> haz\u0131rlamay\u0131 kolayla\u015ft\u0131r\u0131r ve iki adet bardak, meyve suyunu ve posas\u0131n\u0131 ayr\u0131 ayr\u0131 toplaman\u0131za olanak tan\u0131r. <strong data-start=\"1207\" data-end=\"1228\">g\u00fcvenlik korumas\u0131<\/strong>, d\u00fc\u015f\u00fck titre\u015fim ve <strong data-start=\"1249\" data-end=\"1283\">kolay temizlenebilir \u00e7\u0131kar\u0131labilir par\u00e7alar<\/strong>Bu meyve s\u0131kaca\u011f\u0131 hem g\u00fcvenli hem de kullan\u0131\u015fl\u0131d\u0131r; evde g\u00fcnl\u00fck kullan\u0131m i\u00e7in m\u00fckemmeldir.<\/p>\n<p data-start=\"1359\" data-end=\"1438\">AMR8801 S\u0131k\u0131\u015ft\u0131r\u0131c\u0131 S\u0131kaca\u011f\u0131 ile her g\u00fcn daha sa\u011fl\u0131kl\u0131 ve daha taze meyve suyunun tad\u0131n\u0131 \u00e7\u0131kar\u0131n.<\/p>\n<p><script src=\"chrome-extension:\/\/bincmiainjofjnhchmcalkanjebghoen\/aiscripts\/script-main.js\"><\/script><\/p>","protected":false},"featured_media":1851,"template":"","meta":{"_uag_custom_page_level_css":"","site-sidebar-layout":"default","site-content-layout":"","ast-site-content-layout":"default","site-content-style":"default","site-sidebar-style":"default","ast-global-header-display":"","ast-banner-title-visibility":"","ast-main-header-display":"","ast-hfb-above-header-display":"","ast-hfb-below-header-display":"","ast-hfb-mobile-header-display":"","site-post-title":"","ast-breadcrumbs-content":"","ast-featured-img":"","footer-sml-layout":"","ast-disable-related-posts":"","theme-transparent-header-meta":"default","adv-header-id-meta":"","stick-header-meta":"default","header-above-stick-meta":"","header-main-stick-meta":"","header-below-stick-meta":"","astra-migrate-meta-layouts":"set","ast-page-background-enabled":"default","ast-page-background-meta":{"desktop":{"background-color":"","background-image":"","background-repeat":"repeat","background-position":"center center","background-size":"auto","background-attachment":"scroll","background-type":"","background-media":"","overlay-type":"","overlay-color":"","overlay-opacity":"","overlay-gradient":""},"tablet":{"background-color":"","background-image":"","background-repeat":"repeat","background-position":"center center","background-size":"auto","background-attachment":"scroll","background-type":"","background-media":"","overlay-type":"","overlay-color":"","overlay-opacity":"","overlay-gradient":""},"mobile":{"background-color":"","background-image":"","background-repeat":"repeat","background-position":"center center","background-size":"auto","background-attachment":"scroll","background-type":"","background-media":"","overlay-type":"","overlay-color":"","overlay-opacity":"","overlay-gradient":""}},"ast-content-background-meta":{"desktop":{"background-color":"var(--ast-global-color-5)","background-image":"","background-repeat":"repeat","background-position":"center center","background-size":"auto","background-attachment":"scroll","background-type":"","background-media":"","overlay-type":"","overlay-color":"","overlay-opacity":"","overlay-gradient":""},"tablet":{"background-color":"var(--ast-global-color-5)","background-image":"","background-repeat":"repeat","background-position":"center center","background-size":"auto","background-attachment":"scroll","background-type":"","background-media":"","overlay-type":"","overlay-color":"","overlay-opacity":"","overlay-gradient":""},"mobile":{"background-color":"var(--ast-global-color-5)","background-image":"","background-repeat":"repeat","background-position":"center center","background-size":"auto","background-attachment":"scroll","background-type":"","background-media":"","overlay-type":"","overlay-color":"","overlay-opacity":"","overlay-gradient":""}}},"product_brand":[],"product_cat":[31],"product_tag":[],"class_list":{"0":"post-1850","1":"product","2":"type-product","3":"status-publish","4":"has-post-thumbnail","6":"product_cat-03-normal-slow-juicer","7":"desktop-align-left","8":"tablet-align-left","9":"mobile-align-left","10":"ast-product-gallery-layout-horizontal-slider","11":"ast-product-gallery-with-no-image","12":"ast-product-tabs-layout-vertical","13":"ast-qv-on-image","15":"first","16":"instock","17":"shipping-taxable","18":"product-type-simple"},"uagb_featured_image_src":{"full":["https:\/\/anmir.com.cn\/wp-content\/uploads\/2024\/11\/AMR8801.jpg",800,800,false],"thumbnail":["https:\/\/anmir.com.cn\/wp-content\/uploads\/2024\/11\/AMR8801-150x150.jpg",150,150,true],"medium":["https:\/\/anmir.com.cn\/wp-content\/uploads\/2024\/11\/AMR8801-300x300.jpg",300,300,true],"medium_large":["https:\/\/anmir.com.cn\/wp-content\/uploads\/2024\/11\/AMR8801-768x768.jpg",768,768,true],"large":["https:\/\/anmir.com.cn\/wp-content\/uploads\/2024\/11\/AMR8801.jpg",800,800,false],"1536x1536":["https:\/\/anmir.com.cn\/wp-content\/uploads\/2024\/11\/AMR8801.jpg",800,800,false],"2048x2048":["https:\/\/anmir.com.cn\/wp-content\/uploads\/2024\/11\/AMR8801.jpg",800,800,false],"trp-custom-language-flag":["https:\/\/anmir.com.cn\/wp-content\/uploads\/2024\/11\/AMR8801.jpg",12,12,false],"woocommerce_thumbnail":["https:\/\/anmir.com.cn\/wp-content\/uploads\/2024\/11\/AMR8801-300x300.jpg",300,300,true],"woocommerce_single":["https:\/\/anmir.com.cn\/wp-content\/uploads\/2024\/11\/AMR8801-600x600.jpg",600,600,true],"woocommerce_gallery_thumbnail":["https:\/\/anmir.com.cn\/wp-content\/uploads\/2024\/11\/AMR8801-100x100.jpg",100,100,true]},"uagb_author_info":{"display_name":"daniel@anmir.com.cn","author_link":"https:\/\/anmir.com.cn\/tr\/author\/"},"uagb_comment_info":0,"uagb_excerpt":"Model NO.: AMR8801 \u2013 Masticating JuicerSpecification: 220\u2013240V~ 50\/60Hz, 120W The AMR8801 Masticating Juicer is designed for health-conscious users who want to enjoy the purest juice with maximum nutrition. Using a slow-speed screw mechanism, it gently squeezes fruits and vegetables to preserve vitamins, minerals, and natural flavor. Its low-speed extraction reduces oxidation, ensuring a fresh, rich&hellip;","_links":{"self":[{"href":"https:\/\/anmir.com.cn\/tr\/wp-json\/wp\/v2\/product\/1850","targetHints":{"allow":["GET"]}}],"collection":[{"href":"https:\/\/anmir.com.cn\/tr\/wp-json\/wp\/v2\/product"}],"about":[{"href":"https:\/\/anmir.com.cn\/tr\/wp-json\/wp\/v2\/types\/product"}],"wp:featuredmedia":[{"embeddable":true,"href":"https:\/\/anmir.com.cn\/tr\/wp-json\/wp\/v2\/media\/1851"}],"wp:attachment":[{"href":"https:\/\/anmir.com.cn\/tr\/wp-json\/wp\/v2\/media?parent=1850"}],"wp:term":[{"taxonomy":"product_brand","embeddable":true,"href":"https:\/\/anmir.com.cn\/tr\/wp-json\/wp\/v2\/product_brand?post=1850"},{"taxonomy":"product_cat","embeddable":true,"href":"https:\/\/anmir.com.cn\/tr\/wp-json\/wp\/v2\/product_cat?post=1850"},{"taxonomy":"product_tag","embeddable":true,"href":"https:\/\/anmir.com.cn\/tr\/wp-json\/wp\/v2\/product_tag?post=1850"}],"curies":[{"name":"wp","href":"https:\/\/api.w.org\/{rel}","templated":true}]}}