{"id":1900,"date":"2024-11-09T00:40:04","date_gmt":"2024-11-09T00:40:04","guid":{"rendered":"https:\/\/anmir.com.cn\/?post_type=product&#038;p=1900"},"modified":"2025-08-12T08:26:36","modified_gmt":"2025-08-12T00:26:36","slug":"js3311","status":"publish","type":"product","link":"https:\/\/anmir.com.cn\/tr\/products\/05-mini-horizontal-slow-juicer\/js3311\/","title":{"rendered":"Anmir JS3311-So\u011fuk Pres"},"content":{"rendered":"<table style=\"border-collapse: collapse; width: 573.02pt;\" border=\"0\" width=\"764\" cellspacing=\"0\" cellpadding=\"0\">\n<tbody>\n<tr style=\"height: 150.00pt;\">\n<td class=\"et3\" style=\"height: 150.00pt; width: 573.00pt;\" width=\"764\" height=\"200\">\n<h6>Model NO.:JS3311-So\u011fuk Pres<\/h6>\n<h6>220-240V~50\/60Hz 100W<\/h6>\n<p>\u00b7\u015e\u0131k ve kompakt tasar\u0131m.<br \/>\n\u00b7 Kolay temizlik i\u00e7in \u00e7\u0131kar\u0131labilir aksesuarlar.<br \/>\n\u00b7Daha iyi tat ve tazelik hissi ile yava\u015f meyve suyu \u00e7\u0131karma.<br \/>\n\u00b7\u00c7al\u0131\u015fma h\u0131z\u0131 80-115\/RPM(KB:10dk).<br \/>\n\u00b7DC tip motorun d\u00fc\u015f\u00fck g\u00fcr\u00fclt\u00fc tasar\u0131m\u0131, 65db&#039;den az.<br \/>\n\u00b7Yiyeceklerin s\u0131k\u0131\u015fmas\u0131n\u0131 \u00f6nlemek i\u00e7in ters fonksiyonlu basmal\u0131 taban tasar\u0131m\u0131.<br \/>\n\u00b7Yeni patentli geni\u015f besleme a\u011fz\u0131 tasar\u0131m\u0131, t\u00fcm elma i\u00e7in 50 mm.<br \/>\n\u00b7Y\u00fcksek meyve suyu \u00e7\u0131karma oran\u0131.<\/td>\n<\/tr>\n<\/tbody>\n<\/table>\n<div id=\"ag-1754958255766\"><\/div>","protected":false},"excerpt":{"rendered":"<p data-start=\"204\" data-end=\"637\">The <strong data-start=\"208\" data-end=\"242\">Anmir JS3311 So\u011fuk Pres Meyve S\u0131kaca\u011f\u0131<\/strong> Evde taze ve besin a\u00e7\u0131s\u0131ndan zengin meyve suyunun tad\u0131n\u0131 kolayl\u0131kla \u00e7\u0131karmak isteyen, sa\u011fl\u0131k bilincine sahip kullan\u0131c\u0131lar i\u00e7in tasarlanm\u0131\u015ft\u0131r. <strong data-start=\"359\" data-end=\"381\">220\u2013240V ~ 50\/60Hz<\/strong> ve bir g\u00fc\u00e7 taraf\u0131ndan desteklenmektedir <strong data-start=\"399\" data-end=\"426\">100W d\u00fc\u015f\u00fck g\u00fcr\u00fclt\u00fcl\u00fc DC motor<\/strong> (65 dB&#039;den az) bu meyve s\u0131kaca\u011f\u0131, sessiz ve konforlu bir meyve suyu s\u0131kma deneyimi sa\u011flar. <strong data-start=\"514\" data-end=\"541\">zarif, kompakt tasar\u0131m<\/strong> tezgah alan\u0131ndan tasarruf sa\u011flarken, <strong data-start=\"573\" data-end=\"599\">\u00e7\u0131kar\u0131labilir aksesuarlar<\/strong> temizli\u011fi h\u0131zl\u0131 ve zahmetsiz hale getirir.<\/p>\n<p data-start=\"639\" data-end=\"957\">Bir ile <strong data-start=\"646\" data-end=\"685\">80\u2013115 RPM&#039;lik yava\u015f \u00e7\u0131karma h\u0131z\u0131<\/strong> (s\u00fcrekli \u00e7al\u0131\u015fma s\u00fcresi: 10 dakika) JS3311, vitaminleri, enzimleri ve do\u011fal aromalar\u0131 koruyarak her yudumda daha iyi bir tat ve ferahl\u0131k hissi verir. <strong data-start=\"850\" data-end=\"873\">basmal\u0131 d\u00fc\u011fme kontrol\u00fc<\/strong> ile birlikte gelir <strong data-start=\"887\" data-end=\"907\">ters fonksiyon<\/strong> t\u0131kan\u0131kl\u0131\u011f\u0131 \u00f6nleyerek sorunsuz \u00e7al\u0131\u015fmas\u0131n\u0131 sa\u011flar.<\/p>\n<p data-start=\"959\" data-end=\"1209\">Anmir&#039;in \u00f6ne \u00e7\u0131kanlar\u0131 <strong data-start=\"977\" data-end=\"1017\">patentli b\u00fcy\u00fck besleme a\u011fz\u0131 (50 mm)<\/strong>, elma gibi b\u00fct\u00fcn meyveleri \u00f6nceden kesmeden s\u0131kabilir, zamandan ve emekten tasarruf edebilirsiniz. <strong data-start=\"1107\" data-end=\"1137\">y\u00fcksek meyve suyu \u00e7\u0131karma oran\u0131<\/strong> verimi en \u00fcst d\u00fczeye \u00e7\u0131kar\u0131r, b\u00f6ylece her meyve veya sebzeden daha fazla meyve suyu elde edersiniz.<\/p>\n<p data-start=\"1211\" data-end=\"1456\">\u0130ster sabah ye\u015fil suyu, ister taze narenciye i\u00e7ece\u011fi, ister besin dolu smoothie baz\u0131 haz\u0131rlay\u0131n, JS3311 So\u011fuk Pres S\u0131kaca\u011f\u0131 verimlili\u011fi, stili ve dayan\u0131kl\u0131l\u0131\u011f\u0131 bir araya getirerek hem g\u00fcnl\u00fck ev kullan\u0131m\u0131 hem de hediye verme i\u00e7in m\u00fckemmel bir se\u00e7imdir.<\/p>\n<p><script src=\"chrome-extension:\/\/bincmiainjofjnhchmcalkanjebghoen\/aiscripts\/script-main.js\"><\/script><\/p>","protected":false},"featured_media":1901,"template":"","meta":{"_uag_custom_page_level_css":"","site-sidebar-layout":"default","site-content-layout":"","ast-site-content-layout":"default","site-content-style":"default","site-sidebar-style":"default","ast-global-header-display":"","ast-banner-title-visibility":"","ast-main-header-display":"","ast-hfb-above-header-display":"","ast-hfb-below-header-display":"","ast-hfb-mobile-header-display":"","site-post-title":"","ast-breadcrumbs-content":"","ast-featured-img":"","footer-sml-layout":"","ast-disable-related-posts":"","theme-transparent-header-meta":"default","adv-header-id-meta":"","stick-header-meta":"default","header-above-stick-meta":"","header-main-stick-meta":"","header-below-stick-meta":"","astra-migrate-meta-layouts":"set","ast-page-background-enabled":"default","ast-page-background-meta":{"desktop":{"background-color":"","background-image":"","background-repeat":"repeat","background-position":"center center","background-size":"auto","background-attachment":"scroll","background-type":"","background-media":"","overlay-type":"","overlay-color":"","overlay-opacity":"","overlay-gradient":""},"tablet":{"background-color":"","background-image":"","background-repeat":"repeat","background-position":"center center","background-size":"auto","background-attachment":"scroll","background-type":"","background-media":"","overlay-type":"","overlay-color":"","overlay-opacity":"","overlay-gradient":""},"mobile":{"background-color":"","background-image":"","background-repeat":"repeat","background-position":"center center","background-size":"auto","background-attachment":"scroll","background-type":"","background-media":"","overlay-type":"","overlay-color":"","overlay-opacity":"","overlay-gradient":""}},"ast-content-background-meta":{"desktop":{"background-color":"var(--ast-global-color-5)","background-image":"","background-repeat":"repeat","background-position":"center center","background-size":"auto","background-attachment":"scroll","background-type":"","background-media":"","overlay-type":"","overlay-color":"","overlay-opacity":"","overlay-gradient":""},"tablet":{"background-color":"var(--ast-global-color-5)","background-image":"","background-repeat":"repeat","background-position":"center center","background-size":"auto","background-attachment":"scroll","background-type":"","background-media":"","overlay-type":"","overlay-color":"","overlay-opacity":"","overlay-gradient":""},"mobile":{"background-color":"var(--ast-global-color-5)","background-image":"","background-repeat":"repeat","background-position":"center center","background-size":"auto","background-attachment":"scroll","background-type":"","background-media":"","overlay-type":"","overlay-color":"","overlay-opacity":"","overlay-gradient":""}}},"product_brand":[],"product_cat":[33],"product_tag":[],"class_list":{"0":"post-1900","1":"product","2":"type-product","3":"status-publish","4":"has-post-thumbnail","6":"product_cat-05-mini-horizontal-slow-juicer","7":"desktop-align-left","8":"tablet-align-left","9":"mobile-align-left","10":"ast-product-gallery-layout-horizontal-slider","11":"ast-product-gallery-with-no-image","12":"ast-product-tabs-layout-vertical","13":"ast-qv-on-image","15":"first","16":"instock","17":"shipping-taxable","18":"product-type-simple"},"uagb_featured_image_src":{"full":["https:\/\/anmir.com.cn\/wp-content\/uploads\/2024\/11\/JS3311.jpg",800,800,false],"thumbnail":["https:\/\/anmir.com.cn\/wp-content\/uploads\/2024\/11\/JS3311-150x150.jpg",150,150,true],"medium":["https:\/\/anmir.com.cn\/wp-content\/uploads\/2024\/11\/JS3311-300x300.jpg",300,300,true],"medium_large":["https:\/\/anmir.com.cn\/wp-content\/uploads\/2024\/11\/JS3311-768x768.jpg",768,768,true],"large":["https:\/\/anmir.com.cn\/wp-content\/uploads\/2024\/11\/JS3311.jpg",800,800,false],"1536x1536":["https:\/\/anmir.com.cn\/wp-content\/uploads\/2024\/11\/JS3311.jpg",800,800,false],"2048x2048":["https:\/\/anmir.com.cn\/wp-content\/uploads\/2024\/11\/JS3311.jpg",800,800,false],"trp-custom-language-flag":["https:\/\/anmir.com.cn\/wp-content\/uploads\/2024\/11\/JS3311.jpg",12,12,false],"woocommerce_thumbnail":["https:\/\/anmir.com.cn\/wp-content\/uploads\/2024\/11\/JS3311-300x300.jpg",300,300,true],"woocommerce_single":["https:\/\/anmir.com.cn\/wp-content\/uploads\/2024\/11\/JS3311-600x600.jpg",600,600,true],"woocommerce_gallery_thumbnail":["https:\/\/anmir.com.cn\/wp-content\/uploads\/2024\/11\/JS3311-100x100.jpg",100,100,true]},"uagb_author_info":{"display_name":"daniel@anmir.com.cn","author_link":"https:\/\/anmir.com.cn\/tr\/author\/"},"uagb_comment_info":0,"uagb_excerpt":"The Anmir JS3311 Cold Press Juicer is designed for health-conscious users who want to enjoy fresh, nutrient-rich juice at home with ease. Operating on 220\u2013240V ~ 50\/60Hz and powered by a 100W low-noise DC motor (less than 65 dB), this juicer ensures a quiet and comfortable juicing experience. Its elegant, compact design saves counter space,&hellip;","_links":{"self":[{"href":"https:\/\/anmir.com.cn\/tr\/wp-json\/wp\/v2\/product\/1900","targetHints":{"allow":["GET"]}}],"collection":[{"href":"https:\/\/anmir.com.cn\/tr\/wp-json\/wp\/v2\/product"}],"about":[{"href":"https:\/\/anmir.com.cn\/tr\/wp-json\/wp\/v2\/types\/product"}],"wp:featuredmedia":[{"embeddable":true,"href":"https:\/\/anmir.com.cn\/tr\/wp-json\/wp\/v2\/media\/1901"}],"wp:attachment":[{"href":"https:\/\/anmir.com.cn\/tr\/wp-json\/wp\/v2\/media?parent=1900"}],"wp:term":[{"taxonomy":"product_brand","embeddable":true,"href":"https:\/\/anmir.com.cn\/tr\/wp-json\/wp\/v2\/product_brand?post=1900"},{"taxonomy":"product_cat","embeddable":true,"href":"https:\/\/anmir.com.cn\/tr\/wp-json\/wp\/v2\/product_cat?post=1900"},{"taxonomy":"product_tag","embeddable":true,"href":"https:\/\/anmir.com.cn\/tr\/wp-json\/wp\/v2\/product_tag?post=1900"}],"curies":[{"name":"wp","href":"https:\/\/api.w.org\/{rel}","templated":true}]}}