{"id":1914,"date":"2024-11-09T00:46:55","date_gmt":"2024-11-09T00:46:55","guid":{"rendered":"https:\/\/anmir.com.cn\/?post_type=product&#038;p=1914"},"modified":"2025-03-13T13:20:08","modified_gmt":"2025-03-13T05:20:08","slug":"amr521c","status":"publish","type":"product","link":"https:\/\/anmir.com.cn\/tr\/products\/06-horizontal-slow-juicer\/amr521c\/","title":{"rendered":"Anmir AMR521C Yatay Yava\u015f S\u0131kaca\u011f\u0131 \u2013 G\u00fc\u00e7l\u00fc, Verimli ve Birinci S\u0131n\u0131f Kalitede S\u0131kma Deneyimi"},"content":{"rendered":"<table style=\"border-collapse: collapse; width: 573.02pt;\" border=\"0\" width=\"764\" cellspacing=\"0\" cellpadding=\"0\">\n<tbody>\n<tr style=\"height: 150.00pt;\">\n<td class=\"et3\" style=\"height: 150.00pt; width: 573.00pt;\" width=\"764\" height=\"200\">\n<h6>Anmir AMR521C Yatay Yava\u015f S\u0131kaca\u011f\u0131<\/h6>\n<h6>Model NO.: AMR521C<\/h6>\n<h6>220-240V~50\/60Hz 150W<\/h6>\n<p>\u00b7150W&#039;l\u0131k g\u00fc\u00e7l\u00fc DC motor<br \/>\n\u00b7RPM:90-110\/Dak<br \/>\n\u00b7Quicky dondurulmu\u015f meyvelerinizi sa\u011fl\u0131kl\u0131 ve lezzetli yumu\u015fak dondurmaya d\u00f6n\u00fc\u015ft\u00fcr\u00fcr<br \/>\n\u00b7Meyveleri, muzlar\u0131, dilimlenmi\u015f mangolar\u0131 ve yo\u011furdu dondurun ve hazneye koyun, birka\u00e7 dakika sonra lezzetli yumu\u015fak meyveli dondurman\u0131z haz\u0131r.<br \/>\n\u00b7Bir d\u00fc\u011fmeye dokunarak yumu\u015fak dondurma gibi hissettiren ve tad\u0131 ayn\u0131 olan kremal\u0131 dondurulmu\u015f meyve ve yo\u011furt tatl\u0131lar\u0131 yarat\u0131n<br \/>\n\u00b7 65db&#039;den d\u00fc\u015f\u00fck d\u00fc\u015f\u00fck g\u00fcr\u00fclt\u00fc seviyesi, daha d\u00fc\u015f\u00fck titre\u015fim<br \/>\n\u00b7Par\u00e7alar\u0131 temizlemek i\u00e7in \u00e7\u0131karmak kolayd\u0131r<br \/>\n\u00b7A\u015f\u0131r\u0131 \u0131s\u0131nmaya kar\u015f\u0131 g\u00fcvenlik korumas\u0131<\/p>\n<p>Y\u00dcK M\u0130KTARI:<br \/>\n\u00b720DC:948 adet<br \/>\n\u00b740DC:1998 adet<br \/>\n\u00b740HQ:2304 adet<\/p>\n<p>&nbsp;<\/p>\n<p>Anmir, \u00c7in&#039;de y\u00fcksek kaliteli mutfak aletlerinin \u00f6nde gelen \u00fcreticilerinden biridir.<\/p>\n<p>yava\u015f s\u0131kacak, so\u011fuk s\u0131k\u0131m s\u0131kacak, blender, kahve makinesi ve di\u011fer g\u0131da i\u015fleme ekipmanlar\u0131 konusunda uzmanla\u015fm\u0131\u015ft\u0131r.<\/p>\n<p>20 y\u0131l\u0131 a\u015fk\u0131n deneyimimizle, d\u00fcnya \u00e7ap\u0131nda t\u00fcketici ihtiya\u00e7lar\u0131n\u0131 kar\u015f\u0131lamak i\u00e7in yenilik\u00e7ili\u011fe, verimlili\u011fe ve birinci s\u0131n\u0131f \u00fcr\u00fcnler sunmaya kararl\u0131y\u0131z.<\/td>\n<\/tr>\n<\/tbody>\n<\/table>","protected":false},"excerpt":{"rendered":"<p>Anmir AMR521C Horizontal Slow Juicer Model NO.:AMR521C 220-240V~50\/60Hz 150W \u00b7Powerful DC motor with 150W \u00b7RPM:90-110\/Min \u00b7Quicky turns your frozen fruit into healthy and delicious soft-serve ice cream \u00b7Simply freeze berries,bananas,sliced mangos,yogurt and place into the chute,moments later you have delicious soft-serve fruit ice cream \u00b7Create creamy frozen fruit and yogurt desserts that feel and taste [&hellip;]<\/p>\n","protected":false},"featured_media":1915,"template":"","meta":{"_uag_custom_page_level_css":"","site-sidebar-layout":"default","site-content-layout":"","ast-site-content-layout":"default","site-content-style":"default","site-sidebar-style":"default","ast-global-header-display":"","ast-banner-title-visibility":"","ast-main-header-display":"","ast-hfb-above-header-display":"","ast-hfb-below-header-display":"","ast-hfb-mobile-header-display":"","site-post-title":"","ast-breadcrumbs-content":"","ast-featured-img":"","footer-sml-layout":"","ast-disable-related-posts":"","theme-transparent-header-meta":"default","adv-header-id-meta":"","stick-header-meta":"","header-above-stick-meta":"","header-main-stick-meta":"","header-below-stick-meta":"","astra-migrate-meta-layouts":"set","ast-page-background-enabled":"default","ast-page-background-meta":{"desktop":{"background-color":"","background-image":"","background-repeat":"repeat","background-position":"center center","background-size":"auto","background-attachment":"scroll","background-type":"","background-media":"","overlay-type":"","overlay-color":"","overlay-opacity":"","overlay-gradient":""},"tablet":{"background-color":"","background-image":"","background-repeat":"repeat","background-position":"center center","background-size":"auto","background-attachment":"scroll","background-type":"","background-media":"","overlay-type":"","overlay-color":"","overlay-opacity":"","overlay-gradient":""},"mobile":{"background-color":"","background-image":"","background-repeat":"repeat","background-position":"center center","background-size":"auto","background-attachment":"scroll","background-type":"","background-media":"","overlay-type":"","overlay-color":"","overlay-opacity":"","overlay-gradient":""}},"ast-content-background-meta":{"desktop":{"background-color":"var(--ast-global-color-5)","background-image":"","background-repeat":"repeat","background-position":"center center","background-size":"auto","background-attachment":"scroll","background-type":"","background-media":"","overlay-type":"","overlay-color":"","overlay-opacity":"","overlay-gradient":""},"tablet":{"background-color":"var(--ast-global-color-5)","background-image":"","background-repeat":"repeat","background-position":"center center","background-size":"auto","background-attachment":"scroll","background-type":"","background-media":"","overlay-type":"","overlay-color":"","overlay-opacity":"","overlay-gradient":""},"mobile":{"background-color":"var(--ast-global-color-5)","background-image":"","background-repeat":"repeat","background-position":"center center","background-size":"auto","background-attachment":"scroll","background-type":"","background-media":"","overlay-type":"","overlay-color":"","overlay-opacity":"","overlay-gradient":""}}},"product_brand":[],"product_cat":[34],"product_tag":[],"class_list":{"0":"post-1914","1":"product","2":"type-product","3":"status-publish","4":"has-post-thumbnail","6":"product_cat-06-horizontal-slow-juicer","7":"desktop-align-left","8":"tablet-align-left","9":"mobile-align-left","10":"ast-product-gallery-layout-horizontal-slider","11":"ast-product-gallery-with-no-image","12":"ast-product-tabs-layout-vertical","13":"ast-qv-on-image","15":"first","16":"instock","17":"shipping-taxable","18":"product-type-simple"},"uagb_featured_image_src":{"full":["https:\/\/anmir.com.cn\/wp-content\/uploads\/2024\/11\/AMR521C.jpg",800,800,false],"thumbnail":["https:\/\/anmir.com.cn\/wp-content\/uploads\/2024\/11\/AMR521C-150x150.jpg",150,150,true],"medium":["https:\/\/anmir.com.cn\/wp-content\/uploads\/2024\/11\/AMR521C-300x300.jpg",300,300,true],"medium_large":["https:\/\/anmir.com.cn\/wp-content\/uploads\/2024\/11\/AMR521C-768x768.jpg",768,768,true],"large":["https:\/\/anmir.com.cn\/wp-content\/uploads\/2024\/11\/AMR521C.jpg",800,800,false],"1536x1536":["https:\/\/anmir.com.cn\/wp-content\/uploads\/2024\/11\/AMR521C.jpg",800,800,false],"2048x2048":["https:\/\/anmir.com.cn\/wp-content\/uploads\/2024\/11\/AMR521C.jpg",800,800,false],"trp-custom-language-flag":["https:\/\/anmir.com.cn\/wp-content\/uploads\/2024\/11\/AMR521C.jpg",12,12,false],"woocommerce_thumbnail":["https:\/\/anmir.com.cn\/wp-content\/uploads\/2024\/11\/AMR521C-300x300.jpg",300,300,true],"woocommerce_single":["https:\/\/anmir.com.cn\/wp-content\/uploads\/2024\/11\/AMR521C-600x600.jpg",600,600,true],"woocommerce_gallery_thumbnail":["https:\/\/anmir.com.cn\/wp-content\/uploads\/2024\/11\/AMR521C-100x100.jpg",100,100,true]},"uagb_author_info":{"display_name":"daniel@anmir.com.cn","author_link":"https:\/\/anmir.com.cn\/tr\/author\/"},"uagb_comment_info":0,"uagb_excerpt":"Anmir AMR521C Horizontal Slow Juicer Model NO.:AMR521C 220-240V~50\/60Hz 150W \u00b7Powerful DC motor with 150W \u00b7RPM:90-110\/Min \u00b7Quicky turns your frozen fruit into healthy and delicious soft-serve ice cream \u00b7Simply freeze berries,bananas,sliced mangos,yogurt and place into the chute,moments later you have delicious soft-serve fruit ice cream \u00b7Create creamy frozen fruit and yogurt desserts that feel and taste&hellip;","_links":{"self":[{"href":"https:\/\/anmir.com.cn\/tr\/wp-json\/wp\/v2\/product\/1914","targetHints":{"allow":["GET"]}}],"collection":[{"href":"https:\/\/anmir.com.cn\/tr\/wp-json\/wp\/v2\/product"}],"about":[{"href":"https:\/\/anmir.com.cn\/tr\/wp-json\/wp\/v2\/types\/product"}],"wp:featuredmedia":[{"embeddable":true,"href":"https:\/\/anmir.com.cn\/tr\/wp-json\/wp\/v2\/media\/1915"}],"wp:attachment":[{"href":"https:\/\/anmir.com.cn\/tr\/wp-json\/wp\/v2\/media?parent=1914"}],"wp:term":[{"taxonomy":"product_brand","embeddable":true,"href":"https:\/\/anmir.com.cn\/tr\/wp-json\/wp\/v2\/product_brand?post=1914"},{"taxonomy":"product_cat","embeddable":true,"href":"https:\/\/anmir.com.cn\/tr\/wp-json\/wp\/v2\/product_cat?post=1914"},{"taxonomy":"product_tag","embeddable":true,"href":"https:\/\/anmir.com.cn\/tr\/wp-json\/wp\/v2\/product_tag?post=1914"}],"curies":[{"name":"wp","href":"https:\/\/api.w.org\/{rel}","templated":true}]}}