{"id":1920,"date":"2024-11-09T00:48:04","date_gmt":"2024-11-09T00:48:04","guid":{"rendered":"https:\/\/anmir.com.cn\/?post_type=product&#038;p=1920"},"modified":"2025-03-13T13:16:40","modified_gmt":"2025-03-13T05:16:40","slug":"amr599","status":"publish","type":"product","link":"https:\/\/anmir.com.cn\/tr\/products\/06-horizontal-slow-juicer\/amr599\/","title":{"rendered":"Anmir AMR599 Yatay Yava\u015f S\u0131kaca\u011f\u0131 \u2013 G\u00fc\u00e7l\u00fc, Verimli ve Birinci S\u0131n\u0131f Kalitede S\u0131kma Deneyimi"},"content":{"rendered":"<table style=\"border-collapse: collapse; width: 573.02pt;\" border=\"0\" width=\"764\" cellspacing=\"0\" cellpadding=\"0\">\n<tbody>\n<tr style=\"height: 150.00pt;\">\n<td class=\"et3\" style=\"height: 150.00pt; width: 573.00pt;\" width=\"764\" height=\"200\">\n<h6>Anmir AMR599 Yatay Yava\u015f S\u0131kaca\u011f\u0131<\/h6>\n<h6>Model NO.: AMR599<\/h6>\n<h6>220-240V 50\/60Hz<\/h6>\n<p>150W(Meyve S\u0131kaca\u011f\u0131)+30W(Narenciye S\u0131kaca\u011f\u0131)<\/p>\n<p>\u00b7 Yava\u015f s\u0131kaca\u011f\u0131, Narenciye s\u0131kaca\u011f\u0131 gibi g\u00fc\u00e7l\u00fc fonksiyona sahiptir.<br \/>\n\u00b7150W DC motor.D\u00fc\u015f\u00fck devirli vidal\u0131 tip.<br \/>\n\u00b7RPM:90-110\/Dk.<br \/>\n\u00b7Suyun besin de\u011ferini korur, oksidasyonu azalt\u0131r.<br \/>\n\u00b7 65db&#039;den d\u00fc\u015f\u00fck g\u00fcr\u00fclt\u00fc seviyesi, Sessiz ve g\u00fcvenli.<br \/>\n\u00b7S\u0131k\u0131\u015fmay\u0131 \u00f6nlemek i\u00e7in ters fonksiyon.<br \/>\n\u00b7Opsiyonel h\u0131zlar:Geri-0-1-2.<br \/>\n\u00b7Y\u00fcksek meyve suyu \u00e7\u0131karma oran\u0131.<br \/>\n\u00b7Meyve ve sebzeler i\u00e7in k\u00fc\u00e7\u00fck delikli paslanmaz \u00e7elik s\u00fczge\u00e7.<br \/>\n\u00b7B\u00fcy\u00fck beslenme t\u00fcp\u00fc.<br \/>\n\u00b7Kolay temizlenir.<br \/>\n\u00b7G\u00fcvenlik korumas\u0131.<\/p>\n<p>Y\u00dcK M\u0130KTARI:<br \/>\n\u00b720DC:720 adet<br \/>\n\u00b740DC:1480 adet<br \/>\n\u00b740HQ:1640 adet<\/p>\n<p>&nbsp;<\/p>\n<p>Anmir, \u00c7in&#039;de y\u00fcksek kaliteli mutfak aletlerinin \u00f6nde gelen \u00fcreticilerinden biridir.<\/p>\n<p>yava\u015f s\u0131kacak, so\u011fuk s\u0131k\u0131m s\u0131kacak, blender, kahve makinesi ve di\u011fer g\u0131da i\u015fleme ekipmanlar\u0131 konusunda uzmanla\u015fm\u0131\u015ft\u0131r.<\/p>\n<p>20 y\u0131l\u0131 a\u015fk\u0131n deneyimimizle, d\u00fcnya \u00e7ap\u0131nda t\u00fcketici ihtiya\u00e7lar\u0131n\u0131 kar\u015f\u0131lamak i\u00e7in yenilik\u00e7ili\u011fe, verimlili\u011fe ve birinci s\u0131n\u0131f \u00fcr\u00fcnler sunmaya kararl\u0131y\u0131z.<\/td>\n<\/tr>\n<\/tbody>\n<\/table>","protected":false},"excerpt":{"rendered":"<p>Anmir AMR599 Horizontal Slow Juicer Model NO.:AMR599 220-240V 50\/60Hz 150W(Juicer)+30W(Citrus juicer) \u00b7Powerful function of slow juicer,Citrus juicer. \u00b7150W DC motor.Slow speed screw type. \u00b7RPM:90-110\/Min. \u00b7Keep the nutrition of the juice,reduce the oxidation. \u00b7Low noise level less than 65db,Quiet and safety. \u00b7Reverse function to avoid stuck. \u00b7Optional speeds:Reverse-0-1-2. \u00b7High juice extracting rate. \u00b7S\/S strainer with small [&hellip;]<\/p>\n","protected":false},"featured_media":1921,"template":"","meta":{"_uag_custom_page_level_css":"","site-sidebar-layout":"default","site-content-layout":"","ast-site-content-layout":"default","site-content-style":"default","site-sidebar-style":"default","ast-global-header-display":"","ast-banner-title-visibility":"","ast-main-header-display":"","ast-hfb-above-header-display":"","ast-hfb-below-header-display":"","ast-hfb-mobile-header-display":"","site-post-title":"","ast-breadcrumbs-content":"","ast-featured-img":"","footer-sml-layout":"","ast-disable-related-posts":"","theme-transparent-header-meta":"default","adv-header-id-meta":"","stick-header-meta":"","header-above-stick-meta":"","header-main-stick-meta":"","header-below-stick-meta":"","astra-migrate-meta-layouts":"set","ast-page-background-enabled":"default","ast-page-background-meta":{"desktop":{"background-color":"","background-image":"","background-repeat":"repeat","background-position":"center center","background-size":"auto","background-attachment":"scroll","background-type":"","background-media":"","overlay-type":"","overlay-color":"","overlay-opacity":"","overlay-gradient":""},"tablet":{"background-color":"","background-image":"","background-repeat":"repeat","background-position":"center center","background-size":"auto","background-attachment":"scroll","background-type":"","background-media":"","overlay-type":"","overlay-color":"","overlay-opacity":"","overlay-gradient":""},"mobile":{"background-color":"","background-image":"","background-repeat":"repeat","background-position":"center center","background-size":"auto","background-attachment":"scroll","background-type":"","background-media":"","overlay-type":"","overlay-color":"","overlay-opacity":"","overlay-gradient":""}},"ast-content-background-meta":{"desktop":{"background-color":"var(--ast-global-color-5)","background-image":"","background-repeat":"repeat","background-position":"center center","background-size":"auto","background-attachment":"scroll","background-type":"","background-media":"","overlay-type":"","overlay-color":"","overlay-opacity":"","overlay-gradient":""},"tablet":{"background-color":"var(--ast-global-color-5)","background-image":"","background-repeat":"repeat","background-position":"center center","background-size":"auto","background-attachment":"scroll","background-type":"","background-media":"","overlay-type":"","overlay-color":"","overlay-opacity":"","overlay-gradient":""},"mobile":{"background-color":"var(--ast-global-color-5)","background-image":"","background-repeat":"repeat","background-position":"center center","background-size":"auto","background-attachment":"scroll","background-type":"","background-media":"","overlay-type":"","overlay-color":"","overlay-opacity":"","overlay-gradient":""}}},"product_brand":[],"product_cat":[34],"product_tag":[],"class_list":{"0":"post-1920","1":"product","2":"type-product","3":"status-publish","4":"has-post-thumbnail","6":"product_cat-06-horizontal-slow-juicer","7":"desktop-align-left","8":"tablet-align-left","9":"mobile-align-left","10":"ast-product-gallery-layout-horizontal-slider","11":"ast-product-gallery-with-no-image","12":"ast-product-tabs-layout-vertical","13":"ast-qv-on-image","15":"first","16":"instock","17":"shipping-taxable","18":"product-type-simple"},"uagb_featured_image_src":{"full":["https:\/\/anmir.com.cn\/wp-content\/uploads\/2024\/11\/AMR599.jpg",800,800,false],"thumbnail":["https:\/\/anmir.com.cn\/wp-content\/uploads\/2024\/11\/AMR599-150x150.jpg",150,150,true],"medium":["https:\/\/anmir.com.cn\/wp-content\/uploads\/2024\/11\/AMR599-300x300.jpg",300,300,true],"medium_large":["https:\/\/anmir.com.cn\/wp-content\/uploads\/2024\/11\/AMR599-768x768.jpg",768,768,true],"large":["https:\/\/anmir.com.cn\/wp-content\/uploads\/2024\/11\/AMR599.jpg",800,800,false],"1536x1536":["https:\/\/anmir.com.cn\/wp-content\/uploads\/2024\/11\/AMR599.jpg",800,800,false],"2048x2048":["https:\/\/anmir.com.cn\/wp-content\/uploads\/2024\/11\/AMR599.jpg",800,800,false],"trp-custom-language-flag":["https:\/\/anmir.com.cn\/wp-content\/uploads\/2024\/11\/AMR599.jpg",12,12,false],"woocommerce_thumbnail":["https:\/\/anmir.com.cn\/wp-content\/uploads\/2024\/11\/AMR599-300x300.jpg",300,300,true],"woocommerce_single":["https:\/\/anmir.com.cn\/wp-content\/uploads\/2024\/11\/AMR599-600x600.jpg",600,600,true],"woocommerce_gallery_thumbnail":["https:\/\/anmir.com.cn\/wp-content\/uploads\/2024\/11\/AMR599-100x100.jpg",100,100,true]},"uagb_author_info":{"display_name":"daniel@anmir.com.cn","author_link":"https:\/\/anmir.com.cn\/tr\/author\/"},"uagb_comment_info":0,"uagb_excerpt":"Anmir AMR599 Horizontal Slow Juicer Model NO.:AMR599 220-240V 50\/60Hz 150W(Juicer)+30W(Citrus juicer) \u00b7Powerful function of slow juicer,Citrus juicer. \u00b7150W DC motor.Slow speed screw type. \u00b7RPM:90-110\/Min. \u00b7Keep the nutrition of the juice,reduce the oxidation. \u00b7Low noise level less than 65db,Quiet and safety. \u00b7Reverse function to avoid stuck. \u00b7Optional speeds:Reverse-0-1-2. \u00b7High juice extracting rate. \u00b7S\/S strainer with small&hellip;","_links":{"self":[{"href":"https:\/\/anmir.com.cn\/tr\/wp-json\/wp\/v2\/product\/1920","targetHints":{"allow":["GET"]}}],"collection":[{"href":"https:\/\/anmir.com.cn\/tr\/wp-json\/wp\/v2\/product"}],"about":[{"href":"https:\/\/anmir.com.cn\/tr\/wp-json\/wp\/v2\/types\/product"}],"wp:featuredmedia":[{"embeddable":true,"href":"https:\/\/anmir.com.cn\/tr\/wp-json\/wp\/v2\/media\/1921"}],"wp:attachment":[{"href":"https:\/\/anmir.com.cn\/tr\/wp-json\/wp\/v2\/media?parent=1920"}],"wp:term":[{"taxonomy":"product_brand","embeddable":true,"href":"https:\/\/anmir.com.cn\/tr\/wp-json\/wp\/v2\/product_brand?post=1920"},{"taxonomy":"product_cat","embeddable":true,"href":"https:\/\/anmir.com.cn\/tr\/wp-json\/wp\/v2\/product_cat?post=1920"},{"taxonomy":"product_tag","embeddable":true,"href":"https:\/\/anmir.com.cn\/tr\/wp-json\/wp\/v2\/product_tag?post=1920"}],"curies":[{"name":"wp","href":"https:\/\/api.w.org\/{rel}","templated":true}]}}