{"id":1942,"date":"2024-11-09T01:10:50","date_gmt":"2024-11-09T01:10:50","guid":{"rendered":"https:\/\/anmir.com.cn\/?post_type=product&#038;p=1942"},"modified":"2025-08-12T08:15:55","modified_gmt":"2025-08-12T00:15:55","slug":"js3401","status":"publish","type":"product","link":"https:\/\/anmir.com.cn\/tr\/products\/07-citrus-juicer\/js3401\/","title":{"rendered":"JS3401-Portakal S\u0131kaca\u011f\u0131"},"content":{"rendered":"<table style=\"border-collapse: collapse; width: 573.02pt;\" border=\"0\" width=\"764\" cellspacing=\"0\" cellpadding=\"0\">\n<tbody>\n<tr style=\"height: 150.00pt;\">\n<td class=\"et3\" style=\"height: 150.00pt; width: 573.00pt;\" width=\"764\" height=\"200\">\n<h6>Model NO.:JS3401-Orange Juicer<\/h6>\n<h6>220-240V~50\/60Hz 150W<\/h6>\n<p>\u00b7Narenciye S\u0131kaca\u011f\u0131.<br \/>\n\u00b7Klasik ve Retro tasar\u0131m stili.<br \/>\n\u00b7Kolay presleme Yumu\u015fak kavramal\u0131 kal\u0131p sap\u0131 presi - durdurma ve el \u00fczerindeki bask\u0131y\u0131 azaltma.<br \/>\n\u00b7Kolay - \u00c7al\u0131\u015ft\u0131rmak ve b\u0131rakmak i\u00e7in kolu a\u015fa\u011f\u0131ya do\u011fru bast\u0131rman\u0131z yeterlidir.<br \/>\n\u00b7 Y\u0131ll\u0131k A\u00e7ma\/Kapama kontrol\u00fc ile kolay kullan\u0131m.<br \/>\n\u00b7Y\u00fcksek s\u0131kma oran\u0131.<br \/>\n\u00b7A\u011fz\u0131 yukar\u0131 a\u015fa\u011f\u0131 kald\u0131rmak i\u00e7in manuel kontrole sahip Anti-Damlama fonksiyonu.<br \/>\n\u00b7\u0130ki Boyutlu Konilere Sahip Aksesuarlar - Limon ve Portakal s\u0131kmak i\u00e7in tasarlanm\u0131\u015ft\u0131r.<br \/>\n\u00b7Paslanmaz \u00c7elik Filtre.<br \/>\n\u00b7Kaymaz kau\u00e7uk ayak tasar\u0131m\u0131, \u00e7al\u0131\u015fma s\u0131ras\u0131nda dengeyi sa\u011flar.<\/td>\n<\/tr>\n<\/tbody>\n<\/table>\n<div id=\"ag-1754957502420\"><\/div>","protected":false},"excerpt":{"rendered":"<p>The JS3401 Orange Juicer is a premium citrus juicing solution designed for those who value both performance and style.<\/p>\n<p>Operating at 220-240V~50\/60Hz with 150W of power, this juicer combines a classic retro design with modern functionality to deliver fresh, delicious juice in seconds.<\/p>\n<p>Featuring an easy-press die-cast handle with a comfortable soft grip, it reduces pressure on the hand while ensuring effortless operation\u2014simply press the handle down to start and release to stop. The manual On\/Off control offers intuitive usage, while its high juicing rate maximizes every drop of juice from your fruit.<\/p>\n<p>The anti-drip spout with manual lift control keeps your countertop clean, and the two interchangeable cone sizes are perfect for squeezing both lemons and oranges.<\/p>\n<p>Crafted with a durable stainless steel filter, it ensures smooth, pulp-free juice, while the non-slip rubber feet keep the machine stable during use.<\/p>\n<p>Whether you\u2019re preparing a quick morning orange juice or crafting citrus-based cocktails, the JS3401 delivers reliable results with ease.<\/p>\n<p>Its blend of retro aesthetics and advanced features makes it an excellent addition to any kitchen and a perfect choice for home users or small caf\u00e9s looking for style and performance in one compact appliance.<\/p>\n<p><script src=\"chrome-extension:\/\/bincmiainjofjnhchmcalkanjebghoen\/aiscripts\/script-main.js\"><\/script><\/p>\n<div id=\"ag-1754957534426\"><\/div>","protected":false},"featured_media":1943,"template":"","meta":{"_uag_custom_page_level_css":"","site-sidebar-layout":"default","site-content-layout":"","ast-site-content-layout":"default","site-content-style":"default","site-sidebar-style":"default","ast-global-header-display":"","ast-banner-title-visibility":"","ast-main-header-display":"","ast-hfb-above-header-display":"","ast-hfb-below-header-display":"","ast-hfb-mobile-header-display":"","site-post-title":"","ast-breadcrumbs-content":"","ast-featured-img":"","footer-sml-layout":"","ast-disable-related-posts":"","theme-transparent-header-meta":"default","adv-header-id-meta":"","stick-header-meta":"default","header-above-stick-meta":"","header-main-stick-meta":"","header-below-stick-meta":"","astra-migrate-meta-layouts":"set","ast-page-background-enabled":"default","ast-page-background-meta":{"desktop":{"background-color":"","background-image":"","background-repeat":"repeat","background-position":"center center","background-size":"auto","background-attachment":"scroll","background-type":"","background-media":"","overlay-type":"","overlay-color":"","overlay-opacity":"","overlay-gradient":""},"tablet":{"background-color":"","background-image":"","background-repeat":"repeat","background-position":"center center","background-size":"auto","background-attachment":"scroll","background-type":"","background-media":"","overlay-type":"","overlay-color":"","overlay-opacity":"","overlay-gradient":""},"mobile":{"background-color":"","background-image":"","background-repeat":"repeat","background-position":"center center","background-size":"auto","background-attachment":"scroll","background-type":"","background-media":"","overlay-type":"","overlay-color":"","overlay-opacity":"","overlay-gradient":""}},"ast-content-background-meta":{"desktop":{"background-color":"var(--ast-global-color-5)","background-image":"","background-repeat":"repeat","background-position":"center center","background-size":"auto","background-attachment":"scroll","background-type":"","background-media":"","overlay-type":"","overlay-color":"","overlay-opacity":"","overlay-gradient":""},"tablet":{"background-color":"var(--ast-global-color-5)","background-image":"","background-repeat":"repeat","background-position":"center center","background-size":"auto","background-attachment":"scroll","background-type":"","background-media":"","overlay-type":"","overlay-color":"","overlay-opacity":"","overlay-gradient":""},"mobile":{"background-color":"var(--ast-global-color-5)","background-image":"","background-repeat":"repeat","background-position":"center center","background-size":"auto","background-attachment":"scroll","background-type":"","background-media":"","overlay-type":"","overlay-color":"","overlay-opacity":"","overlay-gradient":""}}},"product_brand":[],"product_cat":[35],"product_tag":[],"class_list":{"0":"post-1942","1":"product","2":"type-product","3":"status-publish","4":"has-post-thumbnail","6":"product_cat-07-citrus-juicer","7":"desktop-align-left","8":"tablet-align-left","9":"mobile-align-left","10":"ast-product-gallery-layout-horizontal-slider","11":"ast-product-gallery-with-no-image","12":"ast-product-tabs-layout-vertical","13":"ast-qv-on-image","15":"first","16":"instock","17":"shipping-taxable","18":"product-type-simple"},"uagb_featured_image_src":{"full":["https:\/\/anmir.com.cn\/wp-content\/uploads\/2024\/11\/JS3401.jpg",800,800,false],"thumbnail":["https:\/\/anmir.com.cn\/wp-content\/uploads\/2024\/11\/JS3401-150x150.jpg",150,150,true],"medium":["https:\/\/anmir.com.cn\/wp-content\/uploads\/2024\/11\/JS3401-300x300.jpg",300,300,true],"medium_large":["https:\/\/anmir.com.cn\/wp-content\/uploads\/2024\/11\/JS3401-768x768.jpg",768,768,true],"large":["https:\/\/anmir.com.cn\/wp-content\/uploads\/2024\/11\/JS3401.jpg",800,800,false],"1536x1536":["https:\/\/anmir.com.cn\/wp-content\/uploads\/2024\/11\/JS3401.jpg",800,800,false],"2048x2048":["https:\/\/anmir.com.cn\/wp-content\/uploads\/2024\/11\/JS3401.jpg",800,800,false],"trp-custom-language-flag":["https:\/\/anmir.com.cn\/wp-content\/uploads\/2024\/11\/JS3401.jpg",12,12,false],"woocommerce_thumbnail":["https:\/\/anmir.com.cn\/wp-content\/uploads\/2024\/11\/JS3401-300x300.jpg",300,300,true],"woocommerce_single":["https:\/\/anmir.com.cn\/wp-content\/uploads\/2024\/11\/JS3401-600x600.jpg",600,600,true],"woocommerce_gallery_thumbnail":["https:\/\/anmir.com.cn\/wp-content\/uploads\/2024\/11\/JS3401-100x100.jpg",100,100,true]},"uagb_author_info":{"display_name":"daniel@anmir.com.cn","author_link":"https:\/\/anmir.com.cn\/tr\/author\/"},"uagb_comment_info":0,"uagb_excerpt":"The JS3401 Orange Juicer is a premium citrus juicing solution designed for those who value both performance and style. Operating at 220-240V~50\/60Hz with 150W of power, this juicer combines a classic retro design with modern functionality to deliver fresh, delicious juice in seconds. Featuring an easy-press die-cast handle with a comfortable soft grip, it reduces&hellip;","_links":{"self":[{"href":"https:\/\/anmir.com.cn\/tr\/wp-json\/wp\/v2\/product\/1942","targetHints":{"allow":["GET"]}}],"collection":[{"href":"https:\/\/anmir.com.cn\/tr\/wp-json\/wp\/v2\/product"}],"about":[{"href":"https:\/\/anmir.com.cn\/tr\/wp-json\/wp\/v2\/types\/product"}],"wp:featuredmedia":[{"embeddable":true,"href":"https:\/\/anmir.com.cn\/tr\/wp-json\/wp\/v2\/media\/1943"}],"wp:attachment":[{"href":"https:\/\/anmir.com.cn\/tr\/wp-json\/wp\/v2\/media?parent=1942"}],"wp:term":[{"taxonomy":"product_brand","embeddable":true,"href":"https:\/\/anmir.com.cn\/tr\/wp-json\/wp\/v2\/product_brand?post=1942"},{"taxonomy":"product_cat","embeddable":true,"href":"https:\/\/anmir.com.cn\/tr\/wp-json\/wp\/v2\/product_cat?post=1942"},{"taxonomy":"product_tag","embeddable":true,"href":"https:\/\/anmir.com.cn\/tr\/wp-json\/wp\/v2\/product_tag?post=1942"}],"curies":[{"name":"wp","href":"https:\/\/api.w.org\/{rel}","templated":true}]}}