{"id":2062,"date":"2024-11-09T02:02:14","date_gmt":"2024-11-09T02:02:14","guid":{"rendered":"https:\/\/anmir.com.cn\/?post_type=product&#038;p=2062"},"modified":"2025-08-11T16:44:53","modified_gmt":"2025-08-11T08:44:53","slug":"amr526","status":"publish","type":"product","link":"https:\/\/anmir.com.cn\/tr\/products\/08-juice-extractor\/amr526\/","title":{"rendered":"AMR526 - En \u0130yi Meyve S\u0131kaca\u011f\u0131"},"content":{"rendered":"<table style=\"border-collapse: collapse; width: 573.02pt;\" border=\"0\" width=\"764\" cellspacing=\"0\" cellpadding=\"0\">\n<tbody>\n<tr style=\"height: 150.00pt;\">\n<td class=\"et3\" style=\"height: 150.00pt; width: 573.00pt;\" width=\"764\" height=\"200\">\n<h6>Model NO.: AMR526-En \u0130yi Meyve S\u0131kaca\u011f\u0131<\/h6>\n<h6>220-240V~50\/60Hz 400W<\/h6>\n<p>\u00b7Bak\u0131r motor<br \/>\n\u00b7D\u00fc\u015f\u00fck g\u00fcr\u00fclt\u00fc 85db&#039;den az<br \/>\n\u00b7\u0130ki h\u0131z ve nab\u0131z<br \/>\n\u00b7B\u00fcy\u00fck besleme borusuS\/S s\u00fczge\u00e7<br \/>\n\u00b7B\u00fcy\u00fck posa barda\u011f\u0131: 800ml<br \/>\n\u00b7Par\u00e7alar\u0131 temizlemek i\u00e7in kolayca \u00e7\u0131kar\u0131n<br \/>\n\u00b7S\/S dekorasyonu<\/p>\n<p>Y\u00dcK M\u0130KTARI:<br \/>\n\u00b720DC:1100 adet<br \/>\n\u00b740DC:2304 adet<br \/>\n\u00b740HQ:2700 adet<\/td>\n<\/tr>\n<\/tbody>\n<\/table>\n<div id=\"ag-1754901573262\"><\/div>","protected":false},"excerpt":{"rendered":"<p data-start=\"105\" data-end=\"168\"><strong data-start=\"105\" data-end=\"166\">AMR526 En \u0130yi Meyve S\u0131kaca\u011f\u0131 \u2013 G\u00fc\u00e7l\u00fc, Verimli ve Kullan\u0131m\u0131 Kolay<\/strong><\/p>\n<p data-start=\"170\" data-end=\"573\">AMR526 En \u0130yi Meyve S\u0131kaca\u011f\u0131, evde minimum \u00e7abayla taze ve lezzetli meyve suyu isteyenler i\u00e7in tasarlanm\u0131\u015ft\u0131r. Dayan\u0131kl\u0131 bak\u0131r motoru ve 400 W performans\u0131yla, \u00e7ok \u00e7e\u015fitli meyve ve sebzeler i\u00e7in h\u0131zl\u0131 ve verimli meyve suyu s\u0131k\u0131m\u0131 sa\u011flar. \u0130ki h\u0131z kontrol\u00fc ve darbe fonksiyonu, yumu\u015fak veya sert malzemeler i\u00e7in g\u00fcc\u00fc ayarlaman\u0131za olanak tan\u0131yarak her seferinde maksimum meyve suyu elde etmenizi sa\u011flar.<\/p>\n<p data-start=\"575\" data-end=\"852\">Geni\u015f besleme borusu sayesinde AMR526, daha b\u00fcy\u00fck meyve ve sebze par\u00e7alar\u0131n\u0131 kolayca s\u0131kman\u0131z\u0131 sa\u011flayarak haz\u0131rlama s\u00fcresinden tasarruf sa\u011flar. Paslanmaz \u00e7elik s\u00fczge\u00e7, p\u00fcr\u00fczs\u00fcz ve posas\u0131z meyve suyu sa\u011flarken, geni\u015f 800 ml posa haznesi, s\u0131kma s\u0131ras\u0131nda daha az kesinti anlam\u0131na gelir.<\/p>\n<p data-start=\"854\" data-end=\"1109\">85 dB&#039;den daha d\u00fc\u015f\u00fck bir g\u00fcr\u00fclt\u00fc seviyesinde \u00e7al\u0131\u015fan bu meyve s\u0131kaca\u011f\u0131, g\u00fc\u00e7ten \u00f6d\u00fcn vermeden daha sessiz bir deneyim sunar. \u015e\u0131k paslanmaz \u00e7elik dekorasyonu her mutfa\u011fa modern bir dokunu\u015f katarken, kolayca \u00e7\u0131kar\u0131labilen par\u00e7alar\u0131 temizli\u011fi h\u0131zl\u0131 ve kolay hale getirir.<\/p>\n<p data-start=\"1111\" data-end=\"1285\">Rahatl\u0131k, dayan\u0131kl\u0131l\u0131k ve \u015f\u0131kl\u0131k i\u00e7in tasarlanan AMR526 En \u0130yi Meyve S\u0131kaca\u011f\u0131, hem performans hem de lezzet sunan g\u00fcvenilir bir meyve s\u0131kaca\u011f\u0131 arayan herkes i\u00e7in m\u00fckemmel bir se\u00e7imdir.<\/p>\n<p data-start=\"1287\" data-end=\"1448\"><strong data-start=\"1287\" data-end=\"1300\">Anahtar kelimeler:<\/strong> AMR526 meyve s\u0131kaca\u011f\u0131, en iyi meyve s\u0131kaca\u011f\u0131, bak\u0131r motor, paslanmaz \u00e7elik s\u00fczge\u00e7, b\u00fcy\u00fck besleme borusu, 2 h\u0131zl\u0131 meyve s\u0131kaca\u011f\u0131, posa kab\u0131, d\u00fc\u015f\u00fck ses, kolay temizlenir.<\/p>","protected":false},"featured_media":2006,"template":"","meta":{"_uag_custom_page_level_css":"","site-sidebar-layout":"default","site-content-layout":"","ast-site-content-layout":"default","site-content-style":"default","site-sidebar-style":"default","ast-global-header-display":"","ast-banner-title-visibility":"","ast-main-header-display":"","ast-hfb-above-header-display":"","ast-hfb-below-header-display":"","ast-hfb-mobile-header-display":"","site-post-title":"","ast-breadcrumbs-content":"","ast-featured-img":"","footer-sml-layout":"","ast-disable-related-posts":"","theme-transparent-header-meta":"default","adv-header-id-meta":"","stick-header-meta":"default","header-above-stick-meta":"","header-main-stick-meta":"","header-below-stick-meta":"","astra-migrate-meta-layouts":"set","ast-page-background-enabled":"default","ast-page-background-meta":{"desktop":{"background-color":"","background-image":"","background-repeat":"repeat","background-position":"center center","background-size":"auto","background-attachment":"scroll","background-type":"","background-media":"","overlay-type":"","overlay-color":"","overlay-opacity":"","overlay-gradient":""},"tablet":{"background-color":"","background-image":"","background-repeat":"repeat","background-position":"center center","background-size":"auto","background-attachment":"scroll","background-type":"","background-media":"","overlay-type":"","overlay-color":"","overlay-opacity":"","overlay-gradient":""},"mobile":{"background-color":"","background-image":"","background-repeat":"repeat","background-position":"center center","background-size":"auto","background-attachment":"scroll","background-type":"","background-media":"","overlay-type":"","overlay-color":"","overlay-opacity":"","overlay-gradient":""}},"ast-content-background-meta":{"desktop":{"background-color":"var(--ast-global-color-5)","background-image":"","background-repeat":"repeat","background-position":"center center","background-size":"auto","background-attachment":"scroll","background-type":"","background-media":"","overlay-type":"","overlay-color":"","overlay-opacity":"","overlay-gradient":""},"tablet":{"background-color":"var(--ast-global-color-5)","background-image":"","background-repeat":"repeat","background-position":"center center","background-size":"auto","background-attachment":"scroll","background-type":"","background-media":"","overlay-type":"","overlay-color":"","overlay-opacity":"","overlay-gradient":""},"mobile":{"background-color":"var(--ast-global-color-5)","background-image":"","background-repeat":"repeat","background-position":"center center","background-size":"auto","background-attachment":"scroll","background-type":"","background-media":"","overlay-type":"","overlay-color":"","overlay-opacity":"","overlay-gradient":""}}},"product_brand":[],"product_cat":[36],"product_tag":[],"class_list":{"0":"post-2062","1":"product","2":"type-product","3":"status-publish","4":"has-post-thumbnail","6":"product_cat-08-juice-extractor","7":"desktop-align-left","8":"tablet-align-left","9":"mobile-align-left","10":"ast-product-gallery-layout-horizontal-slider","11":"ast-product-gallery-with-no-image","12":"ast-product-tabs-layout-vertical","13":"ast-qv-on-image","15":"first","16":"instock","17":"shipping-taxable","18":"product-type-simple"},"uagb_featured_image_src":{"full":["https:\/\/anmir.com.cn\/wp-content\/uploads\/2024\/11\/AMR526.jpg",800,800,false],"thumbnail":["https:\/\/anmir.com.cn\/wp-content\/uploads\/2024\/11\/AMR526-150x150.jpg",150,150,true],"medium":["https:\/\/anmir.com.cn\/wp-content\/uploads\/2024\/11\/AMR526-300x300.jpg",300,300,true],"medium_large":["https:\/\/anmir.com.cn\/wp-content\/uploads\/2024\/11\/AMR526-768x768.jpg",768,768,true],"large":["https:\/\/anmir.com.cn\/wp-content\/uploads\/2024\/11\/AMR526.jpg",800,800,false],"1536x1536":["https:\/\/anmir.com.cn\/wp-content\/uploads\/2024\/11\/AMR526.jpg",800,800,false],"2048x2048":["https:\/\/anmir.com.cn\/wp-content\/uploads\/2024\/11\/AMR526.jpg",800,800,false],"trp-custom-language-flag":["https:\/\/anmir.com.cn\/wp-content\/uploads\/2024\/11\/AMR526.jpg",12,12,false],"woocommerce_thumbnail":["https:\/\/anmir.com.cn\/wp-content\/uploads\/2024\/11\/AMR526-300x300.jpg",300,300,true],"woocommerce_single":["https:\/\/anmir.com.cn\/wp-content\/uploads\/2024\/11\/AMR526-600x600.jpg",600,600,true],"woocommerce_gallery_thumbnail":["https:\/\/anmir.com.cn\/wp-content\/uploads\/2024\/11\/AMR526-100x100.jpg",100,100,true]},"uagb_author_info":{"display_name":"daniel@anmir.com.cn","author_link":"https:\/\/anmir.com.cn\/tr\/author\/"},"uagb_comment_info":0,"uagb_excerpt":"AMR526 Best Juicer \u2013 Powerful, Efficient, and Easy to Use The AMR526 Best Juicer is built for those who want fresh, delicious juice at home with minimal effort. Powered by a durable copper motor and delivering 400W of performance, it offers fast and efficient juicing for a wide variety of fruits and vegetables. The two-speed&hellip;","_links":{"self":[{"href":"https:\/\/anmir.com.cn\/tr\/wp-json\/wp\/v2\/product\/2062","targetHints":{"allow":["GET"]}}],"collection":[{"href":"https:\/\/anmir.com.cn\/tr\/wp-json\/wp\/v2\/product"}],"about":[{"href":"https:\/\/anmir.com.cn\/tr\/wp-json\/wp\/v2\/types\/product"}],"wp:featuredmedia":[{"embeddable":true,"href":"https:\/\/anmir.com.cn\/tr\/wp-json\/wp\/v2\/media\/2006"}],"wp:attachment":[{"href":"https:\/\/anmir.com.cn\/tr\/wp-json\/wp\/v2\/media?parent=2062"}],"wp:term":[{"taxonomy":"product_brand","embeddable":true,"href":"https:\/\/anmir.com.cn\/tr\/wp-json\/wp\/v2\/product_brand?post=2062"},{"taxonomy":"product_cat","embeddable":true,"href":"https:\/\/anmir.com.cn\/tr\/wp-json\/wp\/v2\/product_cat?post=2062"},{"taxonomy":"product_tag","embeddable":true,"href":"https:\/\/anmir.com.cn\/tr\/wp-json\/wp\/v2\/product_tag?post=2062"}],"curies":[{"name":"wp","href":"https:\/\/api.w.org\/{rel}","templated":true}]}}